{"id":9488,"date":"2019-09-02T16:45:53","date_gmt":"2019-09-02T14:45:53","guid":{"rendered":"http:\/\/sc-weisse-dame.de\/v3\/?page_id=9488"},"modified":"2023-05-14T19:40:36","modified_gmt":"2023-05-14T17:40:36","slug":"3-kurzes-jugendturnier-2019","status":"publish","type":"page","link":"http:\/\/sc-weisse-dame.de\/v3\/jugend\/3-kurzes-jugendturnier-2019\/","title":{"rendered":"3. Kurzes Jugendturnier 2019"},"content":{"rendered":"\n<p>Unser 3. kurzes Jugendturnier fand mit 31 Teilnehmern am Sonntag, den 8.9.2019 statt.<\/p>\n\n\n\n<h4 class=\"wp-block-heading\">Ergebnisse:<\/h4>\n\n\n\n<h4 class=\"wp-block-heading\">A-Gruppe<\/h4>\n\n\n<div class=\"wp-block-image\">\n<figure class=\"aligncenter\"><img loading=\"lazy\" decoding=\"async\" width=\"1001\" height=\"768\" src=\"http:\/\/sc-weisse-dame.de\/v3\/wp-content\/uploads\/2019\/09\/3.-KJT-2019-A-Gruppe.jpg\" alt=\"\" class=\"wp-image-12824\" srcset=\"http:\/\/sc-weisse-dame.de\/v3\/wp-content\/uploads\/2019\/09\/3.-KJT-2019-A-Gruppe.jpg 1001w, http:\/\/sc-weisse-dame.de\/v3\/wp-content\/uploads\/2019\/09\/3.-KJT-2019-A-Gruppe-600x460.jpg 600w\" sizes=\"auto, (max-width: 1001px) 100vw, 1001px\" \/><\/figure>\n<\/div>\n\n\n<table style=\"width: 100%;\">\n<thead>\n<tr>\n<th style=\"width: 7.28477%;\"><strong>Platz<\/strong><\/th>\n<th style=\"width: 22.8477%;\"><strong>Name<\/strong><\/th>\n<th style=\"width: 27.4834%;\"><strong>Verein<\/strong><\/th>\n<th style=\"width: 6.95364%;\"><strong>DWZ<\/strong><\/th>\n<th style=\"width: 5.13245%;\"><strong>1<\/strong><\/th>\n<th style=\"width: 5.13245%;\"><strong>2<\/strong><\/th>\n<th style=\"width: 5.13245%;\"><strong>3<\/strong><\/th>\n<th style=\"width: 5.13245%;\"><strong>4<\/strong><\/th>\n<th style=\"width: 5.13245%;\"><strong>Pkt<\/strong><\/th>\n<th style=\"width: 9.76821%;\">SoBerg<strong><br><\/strong><\/th>\n<\/tr>\n<\/thead>\n<tbody>\n<tr>\n<td style=\"width: 7.28477%;\">1<\/td>\n<td style=\"width: 22.8477%;\">Em\u00edlia De\u00e1k-Sala<\/td>\n<td style=\"width: 27.4834%;\">SC Borussia Lichtenberg<\/td>\n<td style=\"width: 6.95364%;\">1395<\/td>\n<td style=\"width: 5.13245%;\">***<\/td>\n<td style=\"width: 5.13245%;\">1<\/td>\n<td style=\"width: 5.13245%;\">0<\/td>\n<td style=\"width: 5.13245%;\">1<\/td>\n<td style=\"width: 5.13245%;\">2,0<\/td>\n<td style=\"width: 9.76821%;\">2,5<\/td>\n<\/tr>\n<tr>\n<td style=\"width: 7.28477%;\">2<\/td>\n<td style=\"width: 22.8477%;\">Bagrat Torosyan<\/td>\n<td style=\"width: 27.4834%;\">SC Borussia Lichtenberg<\/td>\n<td style=\"width: 6.95364%;\">1585<\/td>\n<td style=\"width: 5.13245%;\">0<\/td>\n<td style=\"width: 5.13245%;\">***<\/td>\n<td style=\"width: 5.13245%;\">1<\/td>\n<td style=\"width: 5.13245%;\">1<\/td>\n<td style=\"width: 5.13245%;\">2,0<\/td>\n<td style=\"width: 9.76821%;\">2,0<\/td>\n<\/tr>\n<tr>\n<td style=\"width: 7.28477%;\">3<\/td>\n<td style=\"width: 22.8477%;\">Phuc Nhat Nguyen<\/td>\n<td style=\"width: 27.4834%;\">SC Zugzwang 95<\/td>\n<td style=\"width: 6.95364%;\">1607<\/td>\n<td style=\"width: 5.13245%;\">1<\/td>\n<td style=\"width: 5.13245%;\">0<\/td>\n<td style=\"width: 5.13245%;\">***<\/td>\n<td style=\"width: 5.13245%;\">\u00bd<\/td>\n<td style=\"width: 5.13245%;\">1,5<\/td>\n<td style=\"width: 9.76821%;\">&nbsp;<\/td>\n<\/tr>\n<tr>\n<td style=\"width: 7.28477%;\">4<\/td>\n<td style=\"width: 22.8477%;\">Andranik Movsisyan<\/td>\n<td style=\"width: 27.4834%;\">SC Weisse Dame<\/td>\n<td style=\"width: 6.95364%;\">1553<\/td>\n<td style=\"width: 5.13245%;\">0<\/td>\n<td style=\"width: 5.13245%;\">0<\/td>\n<td style=\"width: 5.13245%;\">\u00bd<\/td>\n<td style=\"width: 5.13245%;\">***<\/td>\n<td style=\"width: 5.13245%;\">0,5<\/td>\n<td style=\"width: 9.76821%;\">&nbsp;<\/td>\n<\/tr>\n<\/tbody>\n<\/table>\n\n\n\n<h4 class=\"wp-block-heading\">B-Gruppe<\/h4>\n\n\n<div class=\"wp-block-image\">\n<figure class=\"aligncenter\"><img loading=\"lazy\" decoding=\"async\" width=\"903\" height=\"768\" src=\"http:\/\/sc-weisse-dame.de\/v3\/wp-content\/uploads\/2019\/09\/3.-KJT-2019-B-Gruppe.jpg\" alt=\"\" class=\"wp-image-12827\" srcset=\"http:\/\/sc-weisse-dame.de\/v3\/wp-content\/uploads\/2019\/09\/3.-KJT-2019-B-Gruppe.jpg 903w, http:\/\/sc-weisse-dame.de\/v3\/wp-content\/uploads\/2019\/09\/3.-KJT-2019-B-Gruppe-600x510.jpg 600w\" sizes=\"auto, (max-width: 903px) 100vw, 903px\" \/><\/figure>\n<\/div>\n\n\n<table>\n<thead>\n<tr>\n<th><strong>Platz<\/strong><\/th>\n<th><strong>Name<\/strong><\/th>\n<th><strong>Verein<\/strong><\/th>\n<th><strong>DWZ<\/strong><\/th>\n<th><strong>1<\/strong><\/th>\n<th><strong>2<\/strong><\/th>\n<th><strong>3<\/strong><\/th>\n<th><strong>4<\/strong><\/th>\n<th><strong>Pkt<\/strong><\/th>\n<\/tr>\n<\/thead>\n<tbody>\n<tr>\n<td>1<\/td>\n<td>Daria Pikki<\/td>\n<td>SC Weisse Dame<\/td>\n<td>1210<\/td>\n<td>***<\/td>\n<td>1<\/td>\n<td>\u00bd<\/td>\n<td>1<\/td>\n<td>2,5<\/td>\n<\/tr>\n<tr>\n<td>2<\/td>\n<td>Lior Beynish<\/td>\n<td>Schachpinguine Berlin<\/td>\n<td>1155<\/td>\n<td>0<\/td>\n<td>***<\/td>\n<td>1<\/td>\n<td>1<\/td>\n<td>2,0<\/td>\n<\/tr>\n<tr>\n<td>3<\/td>\n<td>Christ Xu<\/td>\n<td>SC Weisse Dame<\/td>\n<td>1095<\/td>\n<td>\u00bd<\/td>\n<td>0<\/td>\n<td>***<\/td>\n<td>1<\/td>\n<td>1,5<\/td>\n<\/tr>\n<tr>\n<td>4<\/td>\n<td>Fedir Fedorov<\/td>\n<td>SC Weisse Dame<\/td>\n<td>1107<\/td>\n<td>0<\/td>\n<td>0<\/td>\n<td>0<\/td>\n<td>***<\/td>\n<td>0,0<\/td>\n<\/tr>\n<\/tbody>\n<\/table>\n\n\n\n<h4 class=\"wp-block-heading\">C-Gruppe<\/h4>\n\n\n<div class=\"wp-block-image\">\n<figure class=\"aligncenter\"><img loading=\"lazy\" decoding=\"async\" width=\"776\" height=\"768\" src=\"http:\/\/sc-weisse-dame.de\/v3\/wp-content\/uploads\/2019\/09\/3.-KJT-2019-C-Gruppe.jpg\" alt=\"\" class=\"wp-image-12833\" srcset=\"http:\/\/sc-weisse-dame.de\/v3\/wp-content\/uploads\/2019\/09\/3.-KJT-2019-C-Gruppe.jpg 776w, http:\/\/sc-weisse-dame.de\/v3\/wp-content\/uploads\/2019\/09\/3.-KJT-2019-C-Gruppe-600x594.jpg 600w\" sizes=\"auto, (max-width: 776px) 100vw, 776px\" \/><\/figure>\n<\/div>\n\n\n<table>\n<thead>\n<tr>\n<th><strong>Platz<\/strong><\/th>\n<th><strong>Name<\/strong><\/th>\n<th><strong>Verein<\/strong><\/th>\n<th><strong>DWZ<\/strong><\/th>\n<th><strong>1<\/strong><\/th>\n<th><strong>2<\/strong><\/th>\n<th><strong>3<\/strong><\/th>\n<th><strong>4<\/strong><\/th>\n<th><strong>Pkt<\/strong><\/th>\n<\/tr>\n<\/thead>\n<tbody>\n<tr>\n<td>1<\/td>\n<td>D\u00e1niel De\u00e1k-Sala<\/td>\n<td>SC Borussia Lichtenberg<\/td>\n<td>994<\/td>\n<td>***<\/td>\n<td>1<\/td>\n<td>1<\/td>\n<td>1<\/td>\n<td>3,0<\/td>\n<\/tr>\n<tr>\n<td>2<\/td>\n<td>Karan Sharma<\/td>\n<td>SC Weisse Dame<\/td>\n<td>919<\/td>\n<td>0<\/td>\n<td>***<\/td>\n<td>1<\/td>\n<td>1<\/td>\n<td>2,0<\/td>\n<\/tr>\n<tr>\n<td>3<\/td>\n<td>Elisabeth Belkina<\/td>\n<td>SC Weisse Dame<\/td>\n<td>1046<\/td>\n<td>0<\/td>\n<td>0<\/td>\n<td>***<\/td>\n<td>1<\/td>\n<td>1,0<\/td>\n<\/tr>\n<tr>\n<td>4<\/td>\n<td>Floris Th\u00fcmler<\/td>\n<td>Schachpinguine Berlin<\/td>\n<td>955<\/td>\n<td>0<\/td>\n<td>0<\/td>\n<td>0<\/td>\n<td>***<\/td>\n<td>0,0<\/td>\n<\/tr>\n<\/tbody>\n<\/table>\n\n\n\n<h4 class=\"wp-block-heading\">D-Gruppe<\/h4>\n\n\n<div class=\"wp-block-image\">\n<figure class=\"aligncenter\"><img loading=\"lazy\" decoding=\"async\" width=\"795\" height=\"768\" src=\"http:\/\/sc-weisse-dame.de\/v3\/wp-content\/uploads\/2019\/09\/3.-KJT-2019-D-Gruppe.jpg\" alt=\"\" class=\"wp-image-12835\" srcset=\"http:\/\/sc-weisse-dame.de\/v3\/wp-content\/uploads\/2019\/09\/3.-KJT-2019-D-Gruppe.jpg 795w, http:\/\/sc-weisse-dame.de\/v3\/wp-content\/uploads\/2019\/09\/3.-KJT-2019-D-Gruppe-600x580.jpg 600w\" sizes=\"auto, (max-width: 795px) 100vw, 795px\" \/><\/figure>\n<\/div>\n\n\n<table>\n<thead>\n<tr>\n<th><strong>Platz<\/strong><\/th>\n<th><strong>Name<\/strong><\/th>\n<th><strong>Verein<\/strong><\/th>\n<th><strong>DWZ<\/strong><\/th>\n<th><strong>1<\/strong><\/th>\n<th><strong>2<\/strong><\/th>\n<th><strong>3<\/strong><\/th>\n<th><strong>4<\/strong><\/th>\n<th><strong>Pkt<\/strong><\/th>\n<\/tr>\n<\/thead>\n<tbody>\n<tr>\n<td>1<\/td>\n<td>Sophia Bauer<\/td>\n<td>SC Weisse Dame<\/td>\n<td>980<\/td>\n<td>***<\/td>\n<td>1<\/td>\n<td>1<\/td>\n<td>1<\/td>\n<td>3,0<\/td>\n<\/tr>\n<tr>\n<td>2<\/td>\n<td>Parag Sharma<\/td>\n<td>SC Weisse Dame<\/td>\n<td>910<\/td>\n<td>0<\/td>\n<td>***<\/td>\n<td>1<\/td>\n<td>1<\/td>\n<td>2,0<\/td>\n<\/tr>\n<tr>\n<td>3<\/td>\n<td>Linnea John<\/td>\n<td>SC Weisse Dame<\/td>\n<td>874<\/td>\n<td>0<\/td>\n<td>0<\/td>\n<td>***<\/td>\n<td>1<\/td>\n<td>1,0<\/td>\n<\/tr>\n<tr>\n<td>4<\/td>\n<td>Louis Hermes<\/td>\n<td>SC Weisse Dame<\/td>\n<td>941<\/td>\n<td>0<\/td>\n<td>0<\/td>\n<td>0<\/td>\n<td>***<\/td>\n<td>0,0<\/td>\n<\/tr>\n<\/tbody>\n<\/table>\n\n\n\n<h4 class=\"wp-block-heading\">E-Gruppe<\/h4>\n\n\n<div class=\"wp-block-image\">\n<figure class=\"aligncenter\"><img loading=\"lazy\" decoding=\"async\" width=\"973\" height=\"768\" src=\"http:\/\/sc-weisse-dame.de\/v3\/wp-content\/uploads\/2019\/09\/3.-KJT-2019-E-Gruppe.jpg\" alt=\"\" class=\"wp-image-12837\" srcset=\"http:\/\/sc-weisse-dame.de\/v3\/wp-content\/uploads\/2019\/09\/3.-KJT-2019-E-Gruppe.jpg 973w, http:\/\/sc-weisse-dame.de\/v3\/wp-content\/uploads\/2019\/09\/3.-KJT-2019-E-Gruppe-600x474.jpg 600w\" sizes=\"auto, (max-width: 973px) 100vw, 973px\" \/><\/figure>\n<\/div>\n\n\n<table>\n<thead>\n<tr>\n<th><strong>Platz<\/strong><\/th>\n<th><strong>Name<\/strong><\/th>\n<th><strong>Verein<\/strong><\/th>\n<th><strong>DWZ<\/strong><\/th>\n<th><strong>1<\/strong><\/th>\n<th><strong>2<\/strong><\/th>\n<th><strong>3<\/strong><\/th>\n<th><strong>4<\/strong><\/th>\n<th><strong>Pkt<\/strong><\/th>\n<\/tr>\n<\/thead>\n<tbody>\n<tr>\n<td>1<\/td>\n<td>Thomas Pham<\/td>\n<td>&#8211; ohne Verein &#8211;<\/td>\n<td>&#8212;<\/td>\n<td>***<\/td>\n<td>\u00bd<\/td>\n<td>1<\/td>\n<td>1<\/td>\n<td>2,5<\/td>\n<\/tr>\n<tr>\n<td>1<\/td>\n<td>Michael Steiz<\/td>\n<td>SC Weisse Dame<\/td>\n<td>916<\/td>\n<td>\u00bd<\/td>\n<td>***<\/td>\n<td>1<\/td>\n<td>1<\/td>\n<td>2,5<\/td>\n<\/tr>\n<tr>\n<td>3<\/td>\n<td>Artur Sibgatulin<\/td>\n<td>Schachpinguine Berlin<\/td>\n<td>890<\/td>\n<td>0<\/td>\n<td>0<\/td>\n<td>***<\/td>\n<td>1<\/td>\n<td>1,0<\/td>\n<\/tr>\n<tr>\n<td>4<\/td>\n<td>Barin Kahlaee Semnani<\/td>\n<td>SC Weisse Dame<\/td>\n<td>780<\/td>\n<td>0<\/td>\n<td>0<\/td>\n<td>0<\/td>\n<td>***<\/td>\n<td>0,0<\/td>\n<\/tr>\n<\/tbody>\n<\/table>\n\n\n\n<h4 class=\"wp-block-heading\">F-Gruppe<\/h4>\n\n\n<div class=\"wp-block-image\">\n<figure class=\"aligncenter\"><img loading=\"lazy\" decoding=\"async\" width=\"858\" height=\"768\" src=\"http:\/\/sc-weisse-dame.de\/v3\/wp-content\/uploads\/2019\/09\/3.-KJT-2019-F-Gruppe.jpg\" alt=\"\" class=\"wp-image-12840\" srcset=\"http:\/\/sc-weisse-dame.de\/v3\/wp-content\/uploads\/2019\/09\/3.-KJT-2019-F-Gruppe.jpg 858w, http:\/\/sc-weisse-dame.de\/v3\/wp-content\/uploads\/2019\/09\/3.-KJT-2019-F-Gruppe-600x537.jpg 600w\" sizes=\"auto, (max-width: 858px) 100vw, 858px\" \/><\/figure>\n<\/div>\n\n\n<table>\n<thead>\n<tr>\n<th><strong>Platz<\/strong><\/th>\n<th><strong>Name<\/strong><\/th>\n<th><strong>Verein<\/strong><\/th>\n<th><strong>DWZ<\/strong><\/th>\n<th><strong>1<\/strong><\/th>\n<th><strong>2<\/strong><\/th>\n<th><strong>3<\/strong><\/th>\n<th><strong>4<\/strong><\/th>\n<th><strong>Pkt<\/strong><\/th>\n<\/tr>\n<\/thead>\n<tbody>\n<tr>\n<td>1<\/td>\n<td>Leyi Charlotte Zhou<\/td>\n<td>SC Weisse Dame<\/td>\n<td>834<\/td>\n<td>***<\/td>\n<td>1<\/td>\n<td>1<\/td>\n<td>1<\/td>\n<td>3,0<\/td>\n<\/tr>\n<tr>\n<td>2<\/td>\n<td>David Chobanyan<\/td>\n<td>SC Weisse Dame<\/td>\n<td>&#8212;<\/td>\n<td>0<\/td>\n<td>***<\/td>\n<td>1<\/td>\n<td>1<\/td>\n<td>2,0<\/td>\n<\/tr>\n<tr>\n<td>3<\/td>\n<td>Hannes Oltersdorf<\/td>\n<td>SV K\u00f6nigsj\u00e4ger S\u00fcd-West<\/td>\n<td>&#8212;<\/td>\n<td>0<\/td>\n<td>0<\/td>\n<td>***<\/td>\n<td>1<\/td>\n<td>1,0<\/td>\n<\/tr>\n<tr>\n<td>4<\/td>\n<td>Florian Bertram<\/td>\n<td>SC Weisse Dame<\/td>\n<td>&#8212;<\/td>\n<td>0<\/td>\n<td>0<\/td>\n<td>0<\/td>\n<td>***<\/td>\n<td>0,0<\/td>\n<\/tr>\n<\/tbody>\n<\/table>\n\n\n\n<h4 class=\"wp-block-heading\">G-Gruppe<\/h4>\n\n\n<div class=\"wp-block-image\">\n<figure class=\"aligncenter\"><img loading=\"lazy\" decoding=\"async\" width=\"1228\" height=\"768\" src=\"http:\/\/sc-weisse-dame.de\/v3\/wp-content\/uploads\/2019\/09\/3.-KJT-2019-G-Gruppe.jpg\" alt=\"\" class=\"wp-image-12841\" srcset=\"http:\/\/sc-weisse-dame.de\/v3\/wp-content\/uploads\/2019\/09\/3.-KJT-2019-G-Gruppe.jpg 1228w, http:\/\/sc-weisse-dame.de\/v3\/wp-content\/uploads\/2019\/09\/3.-KJT-2019-G-Gruppe-600x375.jpg 600w\" sizes=\"auto, (max-width: 1228px) 100vw, 1228px\" \/><\/figure>\n<\/div>\n\n\n<table>\n<thead>\n<tr>\n<th><strong>Platz<\/strong><\/th>\n<th><strong>Name<\/strong><\/th>\n<th><strong>Verein<\/strong><\/th>\n<th><strong>DWZ<\/strong><\/th>\n<th><strong>1<\/strong><\/th>\n<th><strong>2<\/strong><\/th>\n<th><strong>3<\/strong><\/th>\n<th>Pkt<\/th>\n<th><strong>Buch<br \/><\/strong><\/th>\n<\/tr>\n<\/thead>\n<tbody>\n<tr>\n<td>1<\/td>\n<td>Sophie Gxxxxxxx<\/td>\n<td>SC Weisse Dame<\/td>\n<td>761<\/td>\n<td>3w1<\/td>\n<td>5s1<\/td>\n<td>2w1<\/td>\n<td>3,0<\/td>\n<td>\u00a0<\/td>\n<\/tr>\n<tr>\n<td>2<\/td>\n<td>Frida Sachsenr\u00f6der<\/td>\n<td>SC Weisse Dame<\/td>\n<td>&#8212;<\/td>\n<td>6w1<\/td>\n<td>4s1<\/td>\n<td>1s0<\/td>\n<td>2,0<\/td>\n<td>5,5<\/td>\n<\/tr>\n<tr>\n<td>3<\/td>\n<td>Yuhan Lotte Jiang<\/td>\n<td>SC Weisse Dame<\/td>\n<td>&#8212;<\/td>\n<td>1s0<\/td>\n<td>7w1<\/td>\n<td>5w1<\/td>\n<td>2,0<\/td>\n<td>4,0<\/td>\n<\/tr>\n<tr>\n<td>4<\/td>\n<td>Lo\u00efc Assisi<\/td>\n<td>SC Weisse Dame<\/td>\n<td>&#8212;<\/td>\n<td>7s1<\/td>\n<td>2w0<\/td>\n<td>6s1<\/td>\n<td>2,0<\/td>\n<td>3,0<\/td>\n<\/tr>\n<tr>\n<td>5<\/td>\n<td>Yuchen Yan<\/td>\n<td>SC Weisse Dame<\/td>\n<td>&#8212;<\/td>\n<td>+<\/td>\n<td>1w0<\/td>\n<td>3s0<\/td>\n<td>1,0<\/td>\n<td>\u00a0<\/td>\n<\/tr>\n<tr>\n<td>5<\/td>\n<td>Leon Asghari<\/td>\n<td>SC Weisse Dame<\/td>\n<td>&#8212;<\/td>\n<td>2s0<\/td>\n<td>+<\/td>\n<td>4w0<\/td>\n<td>1,0<\/td>\n<td>\u00a0<\/td>\n<\/tr>\n<tr>\n<td>5<\/td>\n<td>Mariia Fedorova<\/td>\n<td>SC Weisse Dame<\/td>\n<td>&#8212;<\/td>\n<td>4w0<\/td>\n<td>3s0<\/td>\n<td>+<\/td>\n<td>1,0<\/td>\n<td>\u00a0<\/td>\n<\/tr>\n<\/tbody>\n<\/table>\n\n\n\n<hr class=\"wp-block-separator has-css-opacity\"\/>\n\n\n\n<h4 class=\"wp-block-heading\">Informationen zum Turnier:<\/h4>\n\n\n\n<p>\u00dcbungsturnier f\u00fcr Kinder- und Jugendliche:<\/p>\n\n\n\n<ul class=\"wp-block-list\">\n<li>Sonntag, 08.09.2019<\/li>\n\n\n\n<li>Dauer nur ein Tag \u2013&gt; wenig Aufwand bei der Anreise<\/li>\n\n\n\n<li>4er-Gruppen statt Schweizer System \u2013&gt; wenig Wartezeiten<\/li>\n\n\n\n<li>Turnierschach \u2013&gt; kein Spa\u00dfschnellschachturnier<\/li>\n\n\n\n<li>wenig Startgeld (3 \u20ac), keine Preise<\/li>\n\n\n\n<li>DWZ-Auswertung<\/li>\n<\/ul>\n\n\n\n<p>Eingeladen sind neben unseren Jugendlichen nat\u00fcrlich auch Teilnehmer aus anderen Vereinen. Wir freuen uns auf zahlreiche Anmeldungen!<\/p>\n\n\n\n<p>\u2013&gt; Anmeldungen per Mail beim <a href=\"mailto:jugendwart@sc-weisse-dame.de\">Jugendwart Hendrik M\u00f6ller<\/a><\/p>\n\n\n\n<h4 class=\"wp-block-heading\">Ausschreibung:<\/h4>\n\n\n\n<p><a href=\"http:\/\/sc-weisse-dame.de\/v3\/wp-content\/uploads\/2019\/09\/3.-KJT-2019-Ausschreibung.pdf\">Ausschreibung als PDF<\/a><\/p>\n","protected":false},"excerpt":{"rendered":"<p>Unser 3. kurzes Jugendturnier fand mit 31 Teilnehmern am Sonntag, den 8.9.2019 statt. Ergebnisse: A-Gruppe Platz Name Verein DWZ 1 2 3 4 Pkt SoBerg 1 Em\u00edlia De\u00e1k-Sala SC Borussia &hellip; <a href=\"http:\/\/sc-weisse-dame.de\/v3\/jugend\/3-kurzes-jugendturnier-2019\/\" class=\"more-link\"><span class=\"screen-reader-text\">3. Kurzes Jugendturnier 2019<\/span> weiterlesen <span class=\"meta-nav\">&rarr;<\/span><\/a><\/p>\n","protected":false},"author":10,"featured_media":0,"parent":242,"menu_order":0,"comment_status":"closed","ping_status":"closed","template":"","meta":{"_price":"","_stock":"","_tribe_ticket_header":"","_tribe_default_ticket_provider":"","_tribe_ticket_capacity":"0","_ticket_start_date":"","_ticket_end_date":"","_tribe_ticket_show_description":"","_tribe_ticket_show_not_going":false,"_tribe_ticket_use_global_stock":"","_tribe_ticket_global_stock_level":"","_global_stock_mode":"","_global_stock_cap":"","_tribe_rsvp_for_event":"","_tribe_ticket_going_count":"","_tribe_ticket_not_going_count":"","_tribe_tickets_list":"[]","_tribe_ticket_has_attendee_info_fields":false,"footnotes":"","_tec_slr_enabled":"","_tec_slr_layout":""},"coauthors":[52],"class_list":["post-9488","page","type-page","status-publish","hentry"],"yoast_head":"<!-- This site is optimized with the Yoast SEO plugin v27.3 - https:\/\/yoast.com\/product\/yoast-seo-wordpress\/ -->\n<title>3. Kurzes Jugendturnier 2019 - SC Weisse Dame e. V.<\/title>\n<meta name=\"robots\" content=\"index, follow, max-snippet:-1, max-image-preview:large, max-video-preview:-1\" \/>\n<link rel=\"canonical\" href=\"http:\/\/sc-weisse-dame.de\/v3\/jugend\/3-kurzes-jugendturnier-2019\/\" \/>\n<meta property=\"og:locale\" content=\"de_DE\" \/>\n<meta property=\"og:type\" content=\"article\" \/>\n<meta property=\"og:title\" content=\"3. Kurzes Jugendturnier 2019 - SC Weisse Dame e. V.\" \/>\n<meta property=\"og:description\" content=\"Unser 3. kurzes Jugendturnier fand mit 31 Teilnehmern am Sonntag, den 8.9.2019 statt. Ergebnisse: A-Gruppe Platz Name Verein DWZ 1 2 3 4 Pkt SoBerg 1 Em\u00edlia De\u00e1k-Sala SC Borussia &hellip; 3. Kurzes Jugendturnier 2019 weiterlesen &rarr;\" \/>\n<meta property=\"og:url\" content=\"http:\/\/sc-weisse-dame.de\/v3\/jugend\/3-kurzes-jugendturnier-2019\/\" \/>\n<meta property=\"og:site_name\" content=\"SC Weisse Dame e. V.\" \/>\n<meta property=\"article:modified_time\" content=\"2023-05-14T17:40:36+00:00\" \/>\n<meta property=\"og:image\" content=\"http:\/\/sc-weisse-dame.de\/v3\/wp-content\/uploads\/2019\/09\/3.-KJT-2019-A-Gruppe.jpg\" \/>\n<meta name=\"twitter:card\" content=\"summary_large_image\" \/>\n<meta name=\"twitter:label1\" content=\"Gesch\u00e4tzte Lesezeit\" \/>\n\t<meta name=\"twitter:data1\" content=\"5\u00a0Minuten\" \/>\n\t<meta name=\"twitter:label2\" content=\"Written by\" \/>\n\t<meta name=\"twitter:data2\" content=\"Claudia M\u00fcnstermann\" \/>\n<script type=\"application\/ld+json\" class=\"yoast-schema-graph\">{\"@context\":\"https:\\\/\\\/schema.org\",\"@graph\":[{\"@type\":\"WebPage\",\"@id\":\"http:\\\/\\\/sc-weisse-dame.de\\\/v3\\\/jugend\\\/3-kurzes-jugendturnier-2019\\\/\",\"url\":\"http:\\\/\\\/sc-weisse-dame.de\\\/v3\\\/jugend\\\/3-kurzes-jugendturnier-2019\\\/\",\"name\":\"3. Kurzes Jugendturnier 2019 - SC Weisse Dame e. V.\",\"isPartOf\":{\"@id\":\"http:\\\/\\\/sc-weisse-dame.de\\\/v3\\\/#website\"},\"primaryImageOfPage\":{\"@id\":\"http:\\\/\\\/sc-weisse-dame.de\\\/v3\\\/jugend\\\/3-kurzes-jugendturnier-2019\\\/#primaryimage\"},\"image\":{\"@id\":\"http:\\\/\\\/sc-weisse-dame.de\\\/v3\\\/jugend\\\/3-kurzes-jugendturnier-2019\\\/#primaryimage\"},\"thumbnailUrl\":\"http:\\\/\\\/sc-weisse-dame.de\\\/v3\\\/wp-content\\\/uploads\\\/2019\\\/09\\\/3.-KJT-2019-A-Gruppe.jpg\",\"datePublished\":\"2019-09-02T14:45:53+00:00\",\"dateModified\":\"2023-05-14T17:40:36+00:00\",\"breadcrumb\":{\"@id\":\"http:\\\/\\\/sc-weisse-dame.de\\\/v3\\\/jugend\\\/3-kurzes-jugendturnier-2019\\\/#breadcrumb\"},\"inLanguage\":\"de\",\"potentialAction\":[{\"@type\":\"ReadAction\",\"target\":[\"http:\\\/\\\/sc-weisse-dame.de\\\/v3\\\/jugend\\\/3-kurzes-jugendturnier-2019\\\/\"]}]},{\"@type\":\"ImageObject\",\"inLanguage\":\"de\",\"@id\":\"http:\\\/\\\/sc-weisse-dame.de\\\/v3\\\/jugend\\\/3-kurzes-jugendturnier-2019\\\/#primaryimage\",\"url\":\"http:\\\/\\\/sc-weisse-dame.de\\\/v3\\\/wp-content\\\/uploads\\\/2019\\\/09\\\/3.-KJT-2019-A-Gruppe.jpg\",\"contentUrl\":\"http:\\\/\\\/sc-weisse-dame.de\\\/v3\\\/wp-content\\\/uploads\\\/2019\\\/09\\\/3.-KJT-2019-A-Gruppe.jpg\",\"width\":1001,\"height\":768},{\"@type\":\"BreadcrumbList\",\"@id\":\"http:\\\/\\\/sc-weisse-dame.de\\\/v3\\\/jugend\\\/3-kurzes-jugendturnier-2019\\\/#breadcrumb\",\"itemListElement\":[{\"@type\":\"ListItem\",\"position\":1,\"name\":\"Startseite\",\"item\":\"http:\\\/\\\/sc-weisse-dame.de\\\/v3\\\/\"},{\"@type\":\"ListItem\",\"position\":2,\"name\":\"Jugend\",\"item\":\"http:\\\/\\\/sc-weisse-dame.de\\\/v3\\\/jugend\\\/\"},{\"@type\":\"ListItem\",\"position\":3,\"name\":\"3. Kurzes Jugendturnier 2019\"}]},{\"@type\":\"WebSite\",\"@id\":\"http:\\\/\\\/sc-weisse-dame.de\\\/v3\\\/#website\",\"url\":\"http:\\\/\\\/sc-weisse-dame.de\\\/v3\\\/\",\"name\":\"SC Weisse Dame e. V.\",\"description\":\"Herzlich Willkommen!\",\"potentialAction\":[{\"@type\":\"SearchAction\",\"target\":{\"@type\":\"EntryPoint\",\"urlTemplate\":\"http:\\\/\\\/sc-weisse-dame.de\\\/v3\\\/?s={search_term_string}\"},\"query-input\":{\"@type\":\"PropertyValueSpecification\",\"valueRequired\":true,\"valueName\":\"search_term_string\"}}],\"inLanguage\":\"de\"}]}<\/script>\n<!-- \/ Yoast SEO plugin. -->","yoast_head_json":{"title":"3. Kurzes Jugendturnier 2019 - SC Weisse Dame e. V.","robots":{"index":"index","follow":"follow","max-snippet":"max-snippet:-1","max-image-preview":"max-image-preview:large","max-video-preview":"max-video-preview:-1"},"canonical":"http:\/\/sc-weisse-dame.de\/v3\/jugend\/3-kurzes-jugendturnier-2019\/","og_locale":"de_DE","og_type":"article","og_title":"3. Kurzes Jugendturnier 2019 - SC Weisse Dame e. V.","og_description":"Unser 3. kurzes Jugendturnier fand mit 31 Teilnehmern am Sonntag, den 8.9.2019 statt. Ergebnisse: A-Gruppe Platz Name Verein DWZ 1 2 3 4 Pkt SoBerg 1 Em\u00edlia De\u00e1k-Sala SC Borussia &hellip; 3. Kurzes Jugendturnier 2019 weiterlesen &rarr;","og_url":"http:\/\/sc-weisse-dame.de\/v3\/jugend\/3-kurzes-jugendturnier-2019\/","og_site_name":"SC Weisse Dame e. V.","article_modified_time":"2023-05-14T17:40:36+00:00","og_image":[{"url":"http:\/\/sc-weisse-dame.de\/v3\/wp-content\/uploads\/2019\/09\/3.-KJT-2019-A-Gruppe.jpg","type":"","width":"","height":""}],"twitter_card":"summary_large_image","twitter_misc":{"Gesch\u00e4tzte Lesezeit":"5\u00a0Minuten","Written by":"Claudia M\u00fcnstermann"},"schema":{"@context":"https:\/\/schema.org","@graph":[{"@type":"WebPage","@id":"http:\/\/sc-weisse-dame.de\/v3\/jugend\/3-kurzes-jugendturnier-2019\/","url":"http:\/\/sc-weisse-dame.de\/v3\/jugend\/3-kurzes-jugendturnier-2019\/","name":"3. Kurzes Jugendturnier 2019 - SC Weisse Dame e. V.","isPartOf":{"@id":"http:\/\/sc-weisse-dame.de\/v3\/#website"},"primaryImageOfPage":{"@id":"http:\/\/sc-weisse-dame.de\/v3\/jugend\/3-kurzes-jugendturnier-2019\/#primaryimage"},"image":{"@id":"http:\/\/sc-weisse-dame.de\/v3\/jugend\/3-kurzes-jugendturnier-2019\/#primaryimage"},"thumbnailUrl":"http:\/\/sc-weisse-dame.de\/v3\/wp-content\/uploads\/2019\/09\/3.-KJT-2019-A-Gruppe.jpg","datePublished":"2019-09-02T14:45:53+00:00","dateModified":"2023-05-14T17:40:36+00:00","breadcrumb":{"@id":"http:\/\/sc-weisse-dame.de\/v3\/jugend\/3-kurzes-jugendturnier-2019\/#breadcrumb"},"inLanguage":"de","potentialAction":[{"@type":"ReadAction","target":["http:\/\/sc-weisse-dame.de\/v3\/jugend\/3-kurzes-jugendturnier-2019\/"]}]},{"@type":"ImageObject","inLanguage":"de","@id":"http:\/\/sc-weisse-dame.de\/v3\/jugend\/3-kurzes-jugendturnier-2019\/#primaryimage","url":"http:\/\/sc-weisse-dame.de\/v3\/wp-content\/uploads\/2019\/09\/3.-KJT-2019-A-Gruppe.jpg","contentUrl":"http:\/\/sc-weisse-dame.de\/v3\/wp-content\/uploads\/2019\/09\/3.-KJT-2019-A-Gruppe.jpg","width":1001,"height":768},{"@type":"BreadcrumbList","@id":"http:\/\/sc-weisse-dame.de\/v3\/jugend\/3-kurzes-jugendturnier-2019\/#breadcrumb","itemListElement":[{"@type":"ListItem","position":1,"name":"Startseite","item":"http:\/\/sc-weisse-dame.de\/v3\/"},{"@type":"ListItem","position":2,"name":"Jugend","item":"http:\/\/sc-weisse-dame.de\/v3\/jugend\/"},{"@type":"ListItem","position":3,"name":"3. Kurzes Jugendturnier 2019"}]},{"@type":"WebSite","@id":"http:\/\/sc-weisse-dame.de\/v3\/#website","url":"http:\/\/sc-weisse-dame.de\/v3\/","name":"SC Weisse Dame e. V.","description":"Herzlich Willkommen!","potentialAction":[{"@type":"SearchAction","target":{"@type":"EntryPoint","urlTemplate":"http:\/\/sc-weisse-dame.de\/v3\/?s={search_term_string}"},"query-input":{"@type":"PropertyValueSpecification","valueRequired":true,"valueName":"search_term_string"}}],"inLanguage":"de"}]}},"ticketed":false,"_links":{"self":[{"href":"http:\/\/sc-weisse-dame.de\/v3\/wp-json\/wp\/v2\/pages\/9488","targetHints":{"allow":["GET"]}}],"collection":[{"href":"http:\/\/sc-weisse-dame.de\/v3\/wp-json\/wp\/v2\/pages"}],"about":[{"href":"http:\/\/sc-weisse-dame.de\/v3\/wp-json\/wp\/v2\/types\/page"}],"author":[{"embeddable":true,"href":"http:\/\/sc-weisse-dame.de\/v3\/wp-json\/wp\/v2\/users\/10"}],"replies":[{"embeddable":true,"href":"http:\/\/sc-weisse-dame.de\/v3\/wp-json\/wp\/v2\/comments?post=9488"}],"version-history":[{"count":9,"href":"http:\/\/sc-weisse-dame.de\/v3\/wp-json\/wp\/v2\/pages\/9488\/revisions"}],"predecessor-version":[{"id":27133,"href":"http:\/\/sc-weisse-dame.de\/v3\/wp-json\/wp\/v2\/pages\/9488\/revisions\/27133"}],"up":[{"embeddable":true,"href":"http:\/\/sc-weisse-dame.de\/v3\/wp-json\/wp\/v2\/pages\/242"}],"wp:attachment":[{"href":"http:\/\/sc-weisse-dame.de\/v3\/wp-json\/wp\/v2\/media?parent=9488"}],"wp:term":[{"taxonomy":"author","embeddable":true,"href":"http:\/\/sc-weisse-dame.de\/v3\/wp-json\/wp\/v2\/coauthors?post=9488"}],"curies":[{"name":"wp","href":"https:\/\/api.w.org\/{rel}","templated":true}]}}