{"id":66,"date":"2016-06-06T23:41:06","date_gmt":"2016-06-06T21:41:06","guid":{"rendered":"http:\/\/sc-weisse-dame.de\/v3\/?page_id=66"},"modified":"2023-07-01T23:01:42","modified_gmt":"2023-07-01T21:01:42","slug":"chronik","status":"publish","type":"page","link":"http:\/\/sc-weisse-dame.de\/v3\/unser-verein\/chronik\/","title":{"rendered":"Chronik"},"content":{"rendered":"<h6><strong>Vereinsgr\u00fcndung<\/strong><\/h6>\n<p style=\"text-align: justify;\">Die WEISSE DAME wurde am <strong>13. November 1951<\/strong> als <span style=\"color: #0000ff;\"><strong>\u201eSchach-Club WEISSE DAME mit Sitz in Berlin-Sch\u00f6neberg\u201c<\/strong><\/span> gegr\u00fcndet. Tats\u00e4chlich ist der Verein sogar schon etwas \u00e4lter, denn die \u201eSchachgruppe Tiergarten-S\u00fcd\u201c, aus der die WEISSE DAME hervorging, wurde bereits 1945 gegr\u00fcndet. Sie trat zun\u00e4chst als Abteilung dem Allgemeinen Turnverein (ATV) bei, bevor man sich schlie\u00dflich selbst\u00e4ndig machte. <strong>1992<\/strong> wurde die WEISSE DAME dann zu einem eingetragenen Verein. Der Vereinsname wurde dabei, da schon lange nicht mehr im Bezirk Sch\u00f6neberg ans\u00e4ssig, in <strong><span style=\"color: #0000ff;\">\u201eSchachclub WEISSE DAME e.V.\u201c<\/span><\/strong> verk\u00fcrzt. Mit der Satzungs\u00e4nderung im Juni 2020 \u00e4nderte sich die Schreibweise in <span style=\"color: #0000ff;\"><strong>\u201eSchachclub Weisse Dame e. V.\u201c<\/strong><span style=\"color: #000000;\">.<\/span><\/span><\/p>\n<h6><strong>Spielorte<\/strong><\/h6>\n<p style=\"text-align: justify;\">Die fr\u00fchen Jahre des Vereins kennzeichneten h\u00e4ufige Spiellokalwechsel. Mehr als einmal stand der Verein unverhofft auf der Stra\u00dfe, weil die Gastst\u00e4tte in Konkurs ging oder dem Wirt der Umsatz nicht gen\u00fcgte. Seit <strong>M\u00e4rz 1997<\/strong> nutzen wir &#8211; mit einer renovierungsbedingten Unterbrechung &#8211; als Spielst\u00e4tte die gro\u00dfz\u00fcgigen R\u00e4umlichkeiten im Charlottenburger <span style=\"color: #0000ff;\"><strong>Haus am Lietzensee<\/strong><\/span> (fr\u00fcher &#8222;Nachbarschaftshaus&#8220;). Hier finden Freitags die Spielabende der Erwachsenen sowie ein Teil des Jugendtrainings statt.\u00a0 Auch die BMM- und Oberliga-Heimspiele Sonntags werden dort ausgetragen.<\/p>\n<p style=\"text-align: justify;\">Seit dem <strong>Fr\u00fchjahr 2023<\/strong> nutzen wir f\u00fcr das Jugendtraining Samstags R\u00e4umlichkeiten in der <span style=\"color: #0000ff;\"><strong>Eichendorff-Grundschule<\/strong><\/span>. Die fr\u00fcher von uns genutzte Peter-Ustinov-Schule steht leider nicht mehr zur Verf\u00fcgung.<\/p>\n<h6><strong>Ehrenmitglieder<\/strong><\/h6>\n<p style=\"text-align: justify;\">Im Gegensatz zu den h\u00e4ufigen Ortswechseln fr\u00fcherer Jahre gab es damals eine gro\u00dfe Kontinuit\u00e4t: Als erster Vorsitzender &#8211; und sp\u00e4terer Ehrenvorsitzender &#8211;\u00a0 lenkte <span style=\"color: #0000ff;\"><strong>Otto Christ<\/strong> <\/span>30 Jahre lang, von <strong><span style=\"color: #000000;\">1951 bis 1981<\/span><\/strong>, die Geschicke des Vereins. Weitere besonders verdiente Mitglieder werden in unserer <a href=\"http:\/\/sc-weisse-dame.de\/v3\/unser-verein\/ruhmeshalle\/\"><strong><span style=\"color: #0000ff;\">Ruhmeshalle<\/span><\/strong><\/a> erw\u00e4hnt und geehrt.<\/p>\n<h6><strong>Vereinsmitglieder<\/strong><\/h6>\n<p style=\"text-align: justify;\">Sowohl von der Anzahl als auch von der Spielst\u00e4rke der Mitglieder nahm der Verein ab <strong>Ende der 70er Jahre<\/strong> einen stetigen Aufschwung. Als ein wichtiger Grund ist der Beginn der systematischen Jugendarbeit im Verein durch unser Ehrenmitglied Wolfgang Busse zu nennen, obwohl es bereits vorher einzelne spielstarke Jugendliche gab. <strong>Ende der 80er Jahre<\/strong> \u00fcberschritt der Verein erstmals die Schallmauer von 100 Mitgliedern. Seit dieser Zeit ist die WEISSE DAME einer der gr\u00f6\u00dften Berliner Schachvereine und hat relativ konstant zwischen 150 und 200 Mitgliedern. Wie viele es aktuell genau sind, l\u00e4sst sich der <a href=\"https:\/\/www.schachbund.de\/verein\/30021.html\"><strong><span style=\"color: #0000ff;\">DWZ-Liste beim Deutschen Schachbund<\/span><\/strong><\/a> entnehmen.<\/p>\n<h6><strong>Vereinsjugend<\/strong><\/h6>\n<p style=\"text-align: justify;\">Unser Jugendbereich ist seit Anfang der 2000er Jahre erneut stark gewachsen. Daraus resultierten einige Einzel- und Mannschaftserfolge, wodurch die Weisse Dame zu einem <span style=\"color: #0000ff;\"><strong>Leistungsst\u00fctzpunkt Jugend<\/strong><\/span> ernannt wurde. Unsere Jugendmannschaften konnten sich schon mehrfach f\u00fcr Deutsche Meisterschaften qualifizieren. Im Jahr <strong>2022<\/strong> gelang es, mit Silber (U12w) und Bronze (U16w) zwei Medaillenr\u00e4nge zu belegen. Mit <a href=\"http:\/\/sc-weisse-dame.de\/v3\/2018\/05\/djem-2018-in-willingen-live\/\"><span style=\"color: #008000;\">Nam Tham<\/span><\/a> und Coco Lepo Zhou konnten zwei unserer Jugendlichen sogar die <span style=\"color: #0000ff;\"><strong>Deutsche Meisterschaft<\/strong><\/span> in den Altersklassen U12 bzw. U12w gewinnen. Unsere Jugendmannschaft U20 spielte zeitweise \u00fcberregional in der <span style=\"color: #0000ff;\"><strong>Jugendbundesliga Nord<\/strong><\/span>. Neben lizenzierten Trainern unterst\u00fctzen starke Vereinsspieler und engagierte Eltern und Jugendbetreuer die Entwicklung der Kinder und Jugendlichen.<\/p>\n<h6 style=\"text-align: justify;\"><strong>Mannschaftserfolge<\/strong><\/h6>\n<p style=\"text-align: justify;\">Im Jahr <strong>1991<\/strong> wurde die ERSTE (1. Mannschaft) nach einem 4,5:3,5-Stichkampferfolg gegen Friesen Lichtenberg <strong><span style=\"color: #0000ff;\">erster Gesamtberliner Mannschaftsmeister<\/span><\/strong> und stieg in die neu gebildete <span style=\"color: #0000ff;\"><strong>Oberliga Nord<\/strong><\/span> auf. Nach dem Abstieg im Jahr 1998 gelang im Jahr 2003 die R\u00fcckkehr in die dritth\u00f6chste deutsche Spielklasse; es folgten weitere Ab- und Aufstiege.<\/p>\n<p style=\"text-align: justify;\">Bemerkenswert ist die Saison <strong>2008\/09.<\/strong> Damals gelang der ERSTEN erneut der Aufstieg in die Oberliga Nord Ost; au\u00dferdem feierte die WEISSE DAME die <strong><span style=\"color: #0000ff;\">Berliner Doppelmeisterschaft<\/span><\/strong>, da die ZWEITE &#8211; ziemlich unerwartet &#8211; den zweiten Tabellenplatz in der Landesliga belegte. Dass es sich um einen besonderen Jahrgang handelte, ist noch an den gleichzeitigen Aufstiegen der DRITTEN und SECHSTEN abzulesen.<\/p>\n<p style=\"text-align: justify;\">In der Saison <strong>2023\/24<\/strong> nimmt die WEISSE DAME mit sechs Mannschaften am Spielbetrieb teil. Dabei spielt die ERSTE erneut in der Oberliga. In der <span style=\"color: #0000ff;\"><strong>Berliner Mannschaftsmeisterschaft<\/strong><\/span> (BMM) treten wir mit der ZWEITEN in der Landesliga und mit weiteren Mannschaften in unteren Klassen an.<\/p>\n<h6 style=\"text-align: justify;\"><strong>Weisse-Dame-Open<\/strong><\/h6>\n<p style=\"text-align: justify;\">Erstmals wurde das <span style=\"color: #0000ff;\"><strong>WEISSE-DAME-Open<\/strong><\/span> als offenes Einzelturnier im Jahr <strong>1977<\/strong> ausgetragen. Bis einschlie\u00dflich <strong>2017<\/strong> wurde es regelm\u00e4\u00dfig im Zeitraum zwischen den Sommerferien und dem Beginn der Mannschaftsk\u00e4mpfe im Sp\u00e4therbst ausgetragen. Seit 2018 wird das Turnier aus verschiedenen Gr\u00fcnden leider nicht mehr ausgetragen.<\/p>\n<h6 style=\"text-align: justify;\"><strong>Clubzeitschrift<\/strong><\/h6>\n<p style=\"text-align: justify;\">Im Jahr <strong>1985<\/strong> erschien ein vierbl\u00e4ttriges \u201ePatzerliga-Magazin\u201c, erstellt vom damaligen Mannschaftsf\u00fchrer der ERSTEN Frank Heibel. Als \u201ePatzerliga\u201c wurde scherzhaft die Stadtklasse bezeichnet, in der die ERSTE damals spielte. Aus diesem Vorl\u00e4ufer entwickelte sich im Laufe der Zeit die <span style=\"color: #0000ff;\"><strong>Clubzeitschrift \u201eGARDEZ!\u201c.<\/strong><\/span> Ein schneller \u00dcberblick der ersten 50 WEISSE-DAME-Jahre findet sich u.a. in der Jubil\u00e4umsausgabe <strong>2001<\/strong>. Allerdings hat die Berichterstattung auf der Homepage im Laufe der Jahre immer mehr an Bedeutung gewonnen &#8211; seit <strong>2017<\/strong> erscheint die Zeitschrift daher nur noch unregelm\u00e4\u00dfig, z.B. bei besonderen Anl\u00e4ssen.<\/p>\n<h6 style=\"text-align: justify;\"><strong>Selbstverst\u00e4ndnis<\/strong><\/h6>\n<p style=\"text-align: justify;\">Ein wichtiger Aspekt des Schachclubs Weisse Dame e. V. ist das Selbstverst\u00e4ndnis, ein <span style=\"color: #0000ff;\"><strong>Amateurverein<\/strong><\/span> zu sein. Dies bedeutet, dass unsere Mitglieder nicht Schach spielen, weil sie daf\u00fcr bezahlt werden, sondern weil sie Freude am Schach haben. Es ist zum Beispiel selbstverst\u00e4ndlich, dass Spieler aller Spielst\u00e4rken an Clubturnieren teilnehmen und auch regelm\u00e4\u00dfig an den Spielabenden anwesend sind.<\/p>\n","protected":false},"excerpt":{"rendered":"<p>Vereinsgr\u00fcndung Die WEISSE DAME wurde am 13. November 1951 als \u201eSchach-Club WEISSE DAME mit Sitz in Berlin-Sch\u00f6neberg\u201c gegr\u00fcndet. Tats\u00e4chlich ist der Verein sogar schon etwas \u00e4lter, denn die \u201eSchachgruppe Tiergarten-S\u00fcd\u201c, &hellip; <a href=\"http:\/\/sc-weisse-dame.de\/v3\/unser-verein\/chronik\/\" class=\"more-link\"><span class=\"screen-reader-text\">Chronik<\/span> weiterlesen <span class=\"meta-nav\">&rarr;<\/span><\/a><\/p>\n","protected":false},"author":3,"featured_media":0,"parent":38,"menu_order":0,"comment_status":"closed","ping_status":"closed","template":"","meta":{"_price":"","_stock":"","_tribe_ticket_header":"","_tribe_default_ticket_provider":"","_tribe_ticket_capacity":"0","_ticket_start_date":"","_ticket_end_date":"","_tribe_ticket_show_description":"","_tribe_ticket_show_not_going":false,"_tribe_ticket_use_global_stock":"","_tribe_ticket_global_stock_level":"","_global_stock_mode":"","_global_stock_cap":"","_tribe_rsvp_for_event":"","_tribe_ticket_going_count":"","_tribe_ticket_not_going_count":"","_tribe_tickets_list":"[]","_tribe_ticket_has_attendee_info_fields":false,"footnotes":"","_tec_slr_enabled":"","_tec_slr_layout":""},"coauthors":[24],"class_list":["post-66","page","type-page","status-publish","hentry"],"yoast_head":"<!-- This site is optimized with the Yoast SEO plugin v27.3 - https:\/\/yoast.com\/product\/yoast-seo-wordpress\/ -->\n<title>Chronik - SC Weisse Dame e. V.<\/title>\n<meta name=\"robots\" content=\"index, follow, max-snippet:-1, max-image-preview:large, max-video-preview:-1\" \/>\n<link rel=\"canonical\" href=\"http:\/\/sc-weisse-dame.de\/v3\/unser-verein\/chronik\/\" \/>\n<meta property=\"og:locale\" content=\"de_DE\" \/>\n<meta property=\"og:type\" content=\"article\" \/>\n<meta property=\"og:title\" content=\"Chronik - SC Weisse Dame e. V.\" \/>\n<meta property=\"og:description\" content=\"Vereinsgr\u00fcndung Die WEISSE DAME wurde am 13. November 1951 als \u201eSchach-Club WEISSE DAME mit Sitz in Berlin-Sch\u00f6neberg\u201c gegr\u00fcndet. Tats\u00e4chlich ist der Verein sogar schon etwas \u00e4lter, denn die \u201eSchachgruppe Tiergarten-S\u00fcd\u201c, &hellip; Chronik weiterlesen &rarr;\" \/>\n<meta property=\"og:url\" content=\"http:\/\/sc-weisse-dame.de\/v3\/unser-verein\/chronik\/\" \/>\n<meta property=\"og:site_name\" content=\"SC Weisse Dame e. V.\" \/>\n<meta property=\"article:modified_time\" content=\"2023-07-01T21:01:42+00:00\" \/>\n<meta name=\"twitter:card\" content=\"summary_large_image\" \/>\n<meta name=\"twitter:label1\" content=\"Gesch\u00e4tzte Lesezeit\" \/>\n\t<meta name=\"twitter:data1\" content=\"5\u00a0Minuten\" \/>\n<script type=\"application\/ld+json\" class=\"yoast-schema-graph\">{\"@context\":\"https:\\\/\\\/schema.org\",\"@graph\":[{\"@type\":\"WebPage\",\"@id\":\"http:\\\/\\\/sc-weisse-dame.de\\\/v3\\\/unser-verein\\\/chronik\\\/\",\"url\":\"http:\\\/\\\/sc-weisse-dame.de\\\/v3\\\/unser-verein\\\/chronik\\\/\",\"name\":\"Chronik - SC Weisse Dame e. V.\",\"isPartOf\":{\"@id\":\"http:\\\/\\\/sc-weisse-dame.de\\\/v3\\\/#website\"},\"datePublished\":\"2016-06-06T21:41:06+00:00\",\"dateModified\":\"2023-07-01T21:01:42+00:00\",\"breadcrumb\":{\"@id\":\"http:\\\/\\\/sc-weisse-dame.de\\\/v3\\\/unser-verein\\\/chronik\\\/#breadcrumb\"},\"inLanguage\":\"de\",\"potentialAction\":[{\"@type\":\"ReadAction\",\"target\":[\"http:\\\/\\\/sc-weisse-dame.de\\\/v3\\\/unser-verein\\\/chronik\\\/\"]}]},{\"@type\":\"BreadcrumbList\",\"@id\":\"http:\\\/\\\/sc-weisse-dame.de\\\/v3\\\/unser-verein\\\/chronik\\\/#breadcrumb\",\"itemListElement\":[{\"@type\":\"ListItem\",\"position\":1,\"name\":\"Startseite\",\"item\":\"http:\\\/\\\/sc-weisse-dame.de\\\/v3\\\/\"},{\"@type\":\"ListItem\",\"position\":2,\"name\":\"Unser Verein\",\"item\":\"http:\\\/\\\/sc-weisse-dame.de\\\/v3\\\/unser-verein\\\/\"},{\"@type\":\"ListItem\",\"position\":3,\"name\":\"Chronik\"}]},{\"@type\":\"WebSite\",\"@id\":\"http:\\\/\\\/sc-weisse-dame.de\\\/v3\\\/#website\",\"url\":\"http:\\\/\\\/sc-weisse-dame.de\\\/v3\\\/\",\"name\":\"SC Weisse Dame e. V.\",\"description\":\"Herzlich Willkommen!\",\"potentialAction\":[{\"@type\":\"SearchAction\",\"target\":{\"@type\":\"EntryPoint\",\"urlTemplate\":\"http:\\\/\\\/sc-weisse-dame.de\\\/v3\\\/?s={search_term_string}\"},\"query-input\":{\"@type\":\"PropertyValueSpecification\",\"valueRequired\":true,\"valueName\":\"search_term_string\"}}],\"inLanguage\":\"de\"}]}<\/script>\n<!-- \/ Yoast SEO plugin. -->","yoast_head_json":{"title":"Chronik - SC Weisse Dame e. V.","robots":{"index":"index","follow":"follow","max-snippet":"max-snippet:-1","max-image-preview":"max-image-preview:large","max-video-preview":"max-video-preview:-1"},"canonical":"http:\/\/sc-weisse-dame.de\/v3\/unser-verein\/chronik\/","og_locale":"de_DE","og_type":"article","og_title":"Chronik - SC Weisse Dame e. V.","og_description":"Vereinsgr\u00fcndung Die WEISSE DAME wurde am 13. November 1951 als \u201eSchach-Club WEISSE DAME mit Sitz in Berlin-Sch\u00f6neberg\u201c gegr\u00fcndet. Tats\u00e4chlich ist der Verein sogar schon etwas \u00e4lter, denn die \u201eSchachgruppe Tiergarten-S\u00fcd\u201c, &hellip; Chronik weiterlesen &rarr;","og_url":"http:\/\/sc-weisse-dame.de\/v3\/unser-verein\/chronik\/","og_site_name":"SC Weisse Dame e. V.","article_modified_time":"2023-07-01T21:01:42+00:00","twitter_card":"summary_large_image","twitter_misc":{"Gesch\u00e4tzte Lesezeit":"5\u00a0Minuten"},"schema":{"@context":"https:\/\/schema.org","@graph":[{"@type":"WebPage","@id":"http:\/\/sc-weisse-dame.de\/v3\/unser-verein\/chronik\/","url":"http:\/\/sc-weisse-dame.de\/v3\/unser-verein\/chronik\/","name":"Chronik - SC Weisse Dame e. V.","isPartOf":{"@id":"http:\/\/sc-weisse-dame.de\/v3\/#website"},"datePublished":"2016-06-06T21:41:06+00:00","dateModified":"2023-07-01T21:01:42+00:00","breadcrumb":{"@id":"http:\/\/sc-weisse-dame.de\/v3\/unser-verein\/chronik\/#breadcrumb"},"inLanguage":"de","potentialAction":[{"@type":"ReadAction","target":["http:\/\/sc-weisse-dame.de\/v3\/unser-verein\/chronik\/"]}]},{"@type":"BreadcrumbList","@id":"http:\/\/sc-weisse-dame.de\/v3\/unser-verein\/chronik\/#breadcrumb","itemListElement":[{"@type":"ListItem","position":1,"name":"Startseite","item":"http:\/\/sc-weisse-dame.de\/v3\/"},{"@type":"ListItem","position":2,"name":"Unser Verein","item":"http:\/\/sc-weisse-dame.de\/v3\/unser-verein\/"},{"@type":"ListItem","position":3,"name":"Chronik"}]},{"@type":"WebSite","@id":"http:\/\/sc-weisse-dame.de\/v3\/#website","url":"http:\/\/sc-weisse-dame.de\/v3\/","name":"SC Weisse Dame e. V.","description":"Herzlich Willkommen!","potentialAction":[{"@type":"SearchAction","target":{"@type":"EntryPoint","urlTemplate":"http:\/\/sc-weisse-dame.de\/v3\/?s={search_term_string}"},"query-input":{"@type":"PropertyValueSpecification","valueRequired":true,"valueName":"search_term_string"}}],"inLanguage":"de"}]}},"ticketed":false,"_links":{"self":[{"href":"http:\/\/sc-weisse-dame.de\/v3\/wp-json\/wp\/v2\/pages\/66","targetHints":{"allow":["GET"]}}],"collection":[{"href":"http:\/\/sc-weisse-dame.de\/v3\/wp-json\/wp\/v2\/pages"}],"about":[{"href":"http:\/\/sc-weisse-dame.de\/v3\/wp-json\/wp\/v2\/types\/page"}],"author":[{"embeddable":true,"href":"http:\/\/sc-weisse-dame.de\/v3\/wp-json\/wp\/v2\/users\/3"}],"replies":[{"embeddable":true,"href":"http:\/\/sc-weisse-dame.de\/v3\/wp-json\/wp\/v2\/comments?post=66"}],"version-history":[{"count":12,"href":"http:\/\/sc-weisse-dame.de\/v3\/wp-json\/wp\/v2\/pages\/66\/revisions"}],"predecessor-version":[{"id":27374,"href":"http:\/\/sc-weisse-dame.de\/v3\/wp-json\/wp\/v2\/pages\/66\/revisions\/27374"}],"up":[{"embeddable":true,"href":"http:\/\/sc-weisse-dame.de\/v3\/wp-json\/wp\/v2\/pages\/38"}],"wp:attachment":[{"href":"http:\/\/sc-weisse-dame.de\/v3\/wp-json\/wp\/v2\/media?parent=66"}],"wp:term":[{"taxonomy":"author","embeddable":true,"href":"http:\/\/sc-weisse-dame.de\/v3\/wp-json\/wp\/v2\/coauthors?post=66"}],"curies":[{"name":"wp","href":"https:\/\/api.w.org\/{rel}","templated":true}]}}