{"id":6050,"date":"2017-10-11T13:54:55","date_gmt":"2017-10-11T11:54:55","guid":{"rendered":"http:\/\/sc-weisse-dame.de\/v3\/?page_id=6050"},"modified":"2026-04-10T00:38:21","modified_gmt":"2026-04-09T22:38:21","slug":"erwachsenentraining","status":"publish","type":"page","link":"http:\/\/sc-weisse-dame.de\/v3\/training\/erwachsenentraining\/","title":{"rendered":"Erwachsenentraining"},"content":{"rendered":"<p style=\"text-align: justify;\">Als Erg\u00e4nzung zum Spielabend am Freitag bieten wir folgende regelm\u00e4\u00dfigen Trainingsgruppen f\u00fcr Erwachsene aller Altersstufen und \u00e4ltere Jugendliche an:<\/p>\n<hr \/>\n<p><span style=\"color: #0000ff;\"><strong><span style=\"color: #000000;\">1.) Trainingsgruppe I<\/span> (Dienstag 19:45 bis 21:45 Uhr)<\/strong> <\/span><\/p>\n<p>Diese Gruppe richtet sich an <strong><span style=\"color: #0000ff;\">Einsteiger und Fortgeschrittene<\/span> <\/strong>bis zu einem Niveau von etwa 1500 DWZ \/ Elo. Behandelt werden verschiedene Themen, nach Wunsch und Bedarf der Teilnehmer. Nat\u00fcrlich werden auch lehrreiche Schachpartien und Schachaufgaben vorgef\u00fchrt. Die richtige Behandlung von Endspielen wird ebenfalls demonstriert und ge\u00fcbt.\u00a0<\/p>\n<p><strong>Verantwortlicher:<\/strong> <a href=\"mailto:basiswissen@sc-weisse-dame.de\"><strong>Ingo Abraham<\/strong><\/a><\/p>\n<p>Dieses Training findet in der Regel alle 2 Wochen in der <strong>Schachschule Berlin, Bayerische Str. 32, 10707 Berlin-Wilmersdorf<\/strong> statt:<\/p>\n<table style=\"width: 100.166%; height: 196px;\">\n<tbody>\n<tr style=\"height: 28px;\">\n<th style=\"width: 21.3223%; height: 28px;\">MONAT<\/th>\n<th style=\"width: 21.6529%; height: 28px;\"><strong>DATUM<\/strong><\/th>\n<th style=\"width: 56.6942%; height: 28px;\"><strong>Geplantes Thema \/ BEMERKUNG<\/strong><\/th>\n<\/tr>\n<tr style=\"height: 28px;\">\n<td style=\"width: 21.3223%; height: 28px;\"><strong>M\u00e4rz<\/strong><\/td>\n<td style=\"width: 21.6529%; height: 28px;\">03.03.2026<\/td>\n<td style=\"width: 56.6942%; height: 28px;\">\u00a0<\/td>\n<\/tr>\n<tr style=\"height: 28px;\">\n<td style=\"width: 21.3223%; height: 28px;\">\u00a0<\/td>\n<td style=\"width: 21.6529%; height: 28px;\">17.03.2026<\/td>\n<td style=\"width: 56.6942%; height: 28px;\">\u00a0<\/td>\n<\/tr>\n<tr>\n<td style=\"width: 21.3223%;\"><strong>April<\/strong><\/td>\n<td style=\"width: 21.6529%;\">14.04.2026<\/td>\n<td style=\"width: 56.6942%;\">\u00a0<\/td>\n<\/tr>\n<\/tbody>\n<\/table>\n<hr \/>\n<p><span style=\"color: #0000ff;\"><strong><span style=\"color: #000000;\">2.) Trainingsgruppe II<\/span> (Dienstag 19 bis 21 Uhr)<\/strong> <\/span><\/p>\n<p>Diese Gruppe richtet sich an <strong><span style=\"color: #0000ff;\">erfahrene Spieler:innen<\/span> <\/strong>mit einem Niveau zwischen 1500 und 2000 DWZ \/ Elo. Es werden schwerpunktm\u00e4\u00dfig eigene Partien aus der Berliner Mannschaftsmeisterschaft oder anderen Turnieren vorgestellt und analysiert, oder auch aktuelle Partien aus Gro\u00dfmeisterturnieren angeschaut. Einen weiteren Schwerpunkt bildet das gemeinsame L\u00f6sen von Taktikaufgaben.<\/p>\n<p>Gelegentlich werden auch gemeinsam Er\u00f6ffnungsvarianten oder Endspiele angeschaut.<\/p>\n<p>Das Training findet in der Regel w\u00f6chentlich (auch in den Schulferien) <strong>online<\/strong> auf der Plattform <strong>MS Teams<\/strong> statt. Bei Interesse bitte mit dem nachstehend genannten Verantwortlichen Kontakt aufnehmen.<\/p>\n<p><strong>Verantwortlicher: <a href=\"mailto:di-training@sc-weisse-dame.de\">Manfred Lenhardt<\/a><\/strong><\/p>\n<hr \/>\n<p style=\"text-align: justify;\">Beide Gruppen sind offen f\u00fcr alle Vereinsmitglieder, aber auch G\u00e4ste sind herzlich willkommen und d\u00fcrfen gerne einmal vorbeischauen. Bei Fragen bitte direkt die Verantwortlichen per E-Mail kontaktieren (auf den Namen klicken).<\/p>\n<hr \/>\n<p>&nbsp;<\/p>\n<hr \/>\n","protected":false},"excerpt":{"rendered":"<p>Als Erg\u00e4nzung zum Spielabend am Freitag bieten wir folgende regelm\u00e4\u00dfigen Trainingsgruppen f\u00fcr Erwachsene aller Altersstufen und \u00e4ltere Jugendliche an: 1.) Trainingsgruppe I (Dienstag 19:45 bis 21:45 Uhr) Diese Gruppe richtet &hellip; <a href=\"http:\/\/sc-weisse-dame.de\/v3\/training\/erwachsenentraining\/\" class=\"more-link\"><span class=\"screen-reader-text\">Erwachsenentraining<\/span> weiterlesen <span class=\"meta-nav\">&rarr;<\/span><\/a><\/p>\n","protected":false},"author":10,"featured_media":0,"parent":6279,"menu_order":0,"comment_status":"closed","ping_status":"closed","template":"","meta":{"_price":"","_stock":"","_tribe_ticket_header":"","_tribe_default_ticket_provider":"","_tribe_ticket_capacity":"0","_ticket_start_date":"","_ticket_end_date":"","_tribe_ticket_show_description":"","_tribe_ticket_show_not_going":false,"_tribe_ticket_use_global_stock":"","_tribe_ticket_global_stock_level":"","_global_stock_mode":"","_global_stock_cap":"","_tribe_rsvp_for_event":"","_tribe_ticket_going_count":"","_tribe_ticket_not_going_count":"","_tribe_tickets_list":"[]","_tribe_ticket_has_attendee_info_fields":false,"footnotes":"","_tec_slr_enabled":"","_tec_slr_layout":""},"coauthors":[52],"class_list":["post-6050","page","type-page","status-publish","hentry"],"yoast_head":"<!-- This site is optimized with the Yoast SEO plugin v27.4 - https:\/\/yoast.com\/product\/yoast-seo-wordpress\/ -->\n<title>Erwachsenentraining - SC Weisse Dame e. V.<\/title>\n<meta name=\"robots\" content=\"index, follow, max-snippet:-1, max-image-preview:large, max-video-preview:-1\" \/>\n<link rel=\"canonical\" href=\"http:\/\/sc-weisse-dame.de\/v3\/training\/erwachsenentraining\/\" \/>\n<meta property=\"og:locale\" content=\"de_DE\" \/>\n<meta property=\"og:type\" content=\"article\" \/>\n<meta property=\"og:title\" content=\"Erwachsenentraining - SC Weisse Dame e. V.\" \/>\n<meta property=\"og:description\" content=\"Als Erg\u00e4nzung zum Spielabend am Freitag bieten wir folgende regelm\u00e4\u00dfigen Trainingsgruppen f\u00fcr Erwachsene aller Altersstufen und \u00e4ltere Jugendliche an: 1.) Trainingsgruppe I (Dienstag 19:45 bis 21:45 Uhr) Diese Gruppe richtet &hellip; Erwachsenentraining weiterlesen &rarr;\" \/>\n<meta property=\"og:url\" content=\"http:\/\/sc-weisse-dame.de\/v3\/training\/erwachsenentraining\/\" \/>\n<meta property=\"og:site_name\" content=\"SC Weisse Dame e. V.\" \/>\n<meta property=\"article:modified_time\" content=\"2026-04-09T22:38:21+00:00\" \/>\n<meta name=\"twitter:card\" content=\"summary_large_image\" \/>\n<meta name=\"twitter:label1\" content=\"Gesch\u00e4tzte Lesezeit\" \/>\n\t<meta name=\"twitter:data1\" content=\"2\u00a0Minuten\" \/>\n\t<meta name=\"twitter:label2\" content=\"Written by\" \/>\n\t<meta name=\"twitter:data2\" content=\"Claudia M\u00fcnstermann\" \/>\n<script type=\"application\/ld+json\" class=\"yoast-schema-graph\">{\"@context\":\"https:\\\/\\\/schema.org\",\"@graph\":[{\"@type\":\"WebPage\",\"@id\":\"http:\\\/\\\/sc-weisse-dame.de\\\/v3\\\/training\\\/erwachsenentraining\\\/\",\"url\":\"http:\\\/\\\/sc-weisse-dame.de\\\/v3\\\/training\\\/erwachsenentraining\\\/\",\"name\":\"Erwachsenentraining - SC Weisse Dame e. V.\",\"isPartOf\":{\"@id\":\"http:\\\/\\\/sc-weisse-dame.de\\\/v3\\\/#website\"},\"datePublished\":\"2017-10-11T11:54:55+00:00\",\"dateModified\":\"2026-04-09T22:38:21+00:00\",\"breadcrumb\":{\"@id\":\"http:\\\/\\\/sc-weisse-dame.de\\\/v3\\\/training\\\/erwachsenentraining\\\/#breadcrumb\"},\"inLanguage\":\"de\",\"potentialAction\":[{\"@type\":\"ReadAction\",\"target\":[\"http:\\\/\\\/sc-weisse-dame.de\\\/v3\\\/training\\\/erwachsenentraining\\\/\"]}]},{\"@type\":\"BreadcrumbList\",\"@id\":\"http:\\\/\\\/sc-weisse-dame.de\\\/v3\\\/training\\\/erwachsenentraining\\\/#breadcrumb\",\"itemListElement\":[{\"@type\":\"ListItem\",\"position\":1,\"name\":\"Startseite\",\"item\":\"http:\\\/\\\/sc-weisse-dame.de\\\/v3\\\/\"},{\"@type\":\"ListItem\",\"position\":2,\"name\":\"Training\",\"item\":\"http:\\\/\\\/sc-weisse-dame.de\\\/v3\\\/training\\\/\"},{\"@type\":\"ListItem\",\"position\":3,\"name\":\"Erwachsenentraining\"}]},{\"@type\":\"WebSite\",\"@id\":\"http:\\\/\\\/sc-weisse-dame.de\\\/v3\\\/#website\",\"url\":\"http:\\\/\\\/sc-weisse-dame.de\\\/v3\\\/\",\"name\":\"SC Weisse Dame e. V.\",\"description\":\"Herzlich Willkommen!\",\"potentialAction\":[{\"@type\":\"SearchAction\",\"target\":{\"@type\":\"EntryPoint\",\"urlTemplate\":\"http:\\\/\\\/sc-weisse-dame.de\\\/v3\\\/?s={search_term_string}\"},\"query-input\":{\"@type\":\"PropertyValueSpecification\",\"valueRequired\":true,\"valueName\":\"search_term_string\"}}],\"inLanguage\":\"de\"}]}<\/script>\n<!-- \/ Yoast SEO plugin. -->","yoast_head_json":{"title":"Erwachsenentraining - SC Weisse Dame e. V.","robots":{"index":"index","follow":"follow","max-snippet":"max-snippet:-1","max-image-preview":"max-image-preview:large","max-video-preview":"max-video-preview:-1"},"canonical":"http:\/\/sc-weisse-dame.de\/v3\/training\/erwachsenentraining\/","og_locale":"de_DE","og_type":"article","og_title":"Erwachsenentraining - SC Weisse Dame e. V.","og_description":"Als Erg\u00e4nzung zum Spielabend am Freitag bieten wir folgende regelm\u00e4\u00dfigen Trainingsgruppen f\u00fcr Erwachsene aller Altersstufen und \u00e4ltere Jugendliche an: 1.) Trainingsgruppe I (Dienstag 19:45 bis 21:45 Uhr) Diese Gruppe richtet &hellip; Erwachsenentraining weiterlesen &rarr;","og_url":"http:\/\/sc-weisse-dame.de\/v3\/training\/erwachsenentraining\/","og_site_name":"SC Weisse Dame e. V.","article_modified_time":"2026-04-09T22:38:21+00:00","twitter_card":"summary_large_image","twitter_misc":{"Gesch\u00e4tzte Lesezeit":"2\u00a0Minuten","Written by":"Claudia M\u00fcnstermann"},"schema":{"@context":"https:\/\/schema.org","@graph":[{"@type":"WebPage","@id":"http:\/\/sc-weisse-dame.de\/v3\/training\/erwachsenentraining\/","url":"http:\/\/sc-weisse-dame.de\/v3\/training\/erwachsenentraining\/","name":"Erwachsenentraining - SC Weisse Dame e. V.","isPartOf":{"@id":"http:\/\/sc-weisse-dame.de\/v3\/#website"},"datePublished":"2017-10-11T11:54:55+00:00","dateModified":"2026-04-09T22:38:21+00:00","breadcrumb":{"@id":"http:\/\/sc-weisse-dame.de\/v3\/training\/erwachsenentraining\/#breadcrumb"},"inLanguage":"de","potentialAction":[{"@type":"ReadAction","target":["http:\/\/sc-weisse-dame.de\/v3\/training\/erwachsenentraining\/"]}]},{"@type":"BreadcrumbList","@id":"http:\/\/sc-weisse-dame.de\/v3\/training\/erwachsenentraining\/#breadcrumb","itemListElement":[{"@type":"ListItem","position":1,"name":"Startseite","item":"http:\/\/sc-weisse-dame.de\/v3\/"},{"@type":"ListItem","position":2,"name":"Training","item":"http:\/\/sc-weisse-dame.de\/v3\/training\/"},{"@type":"ListItem","position":3,"name":"Erwachsenentraining"}]},{"@type":"WebSite","@id":"http:\/\/sc-weisse-dame.de\/v3\/#website","url":"http:\/\/sc-weisse-dame.de\/v3\/","name":"SC Weisse Dame e. V.","description":"Herzlich Willkommen!","potentialAction":[{"@type":"SearchAction","target":{"@type":"EntryPoint","urlTemplate":"http:\/\/sc-weisse-dame.de\/v3\/?s={search_term_string}"},"query-input":{"@type":"PropertyValueSpecification","valueRequired":true,"valueName":"search_term_string"}}],"inLanguage":"de"}]}},"ticketed":false,"_links":{"self":[{"href":"http:\/\/sc-weisse-dame.de\/v3\/wp-json\/wp\/v2\/pages\/6050","targetHints":{"allow":["GET"]}}],"collection":[{"href":"http:\/\/sc-weisse-dame.de\/v3\/wp-json\/wp\/v2\/pages"}],"about":[{"href":"http:\/\/sc-weisse-dame.de\/v3\/wp-json\/wp\/v2\/types\/page"}],"author":[{"embeddable":true,"href":"http:\/\/sc-weisse-dame.de\/v3\/wp-json\/wp\/v2\/users\/10"}],"replies":[{"embeddable":true,"href":"http:\/\/sc-weisse-dame.de\/v3\/wp-json\/wp\/v2\/comments?post=6050"}],"version-history":[{"count":10,"href":"http:\/\/sc-weisse-dame.de\/v3\/wp-json\/wp\/v2\/pages\/6050\/revisions"}],"predecessor-version":[{"id":34688,"href":"http:\/\/sc-weisse-dame.de\/v3\/wp-json\/wp\/v2\/pages\/6050\/revisions\/34688"}],"up":[{"embeddable":true,"href":"http:\/\/sc-weisse-dame.de\/v3\/wp-json\/wp\/v2\/pages\/6279"}],"wp:attachment":[{"href":"http:\/\/sc-weisse-dame.de\/v3\/wp-json\/wp\/v2\/media?parent=6050"}],"wp:term":[{"taxonomy":"author","embeddable":true,"href":"http:\/\/sc-weisse-dame.de\/v3\/wp-json\/wp\/v2\/coauthors?post=6050"}],"curies":[{"name":"wp","href":"https:\/\/api.w.org\/{rel}","templated":true}]}}