{"id":5399,"date":"2017-06-13T16:09:47","date_gmt":"2017-06-13T14:09:47","guid":{"rendered":"http:\/\/sc-weisse-dame.de\/v3\/?page_id=5399"},"modified":"2022-09-16T08:12:02","modified_gmt":"2022-09-16T06:12:02","slug":"clubpokal-2017","status":"publish","type":"page","link":"http:\/\/sc-weisse-dame.de\/v3\/spielbetrieb\/clubpokal\/clubpokal-2017\/","title":{"rendered":"Otto-Christ-Pokal 2017"},"content":{"rendered":"<hr \/>\n<h2 style=\"text-align: center;\">Otto-Christ-Pokal 2017<\/h2>\n<h3 style=\"text-align: center;\"><span style=\"color: #333399;\">Hendrik M\u00f6ller<\/span> ist Otto-Christ-Pokalsieger 2017<\/h3>\n<p style=\"text-align: center;\"><strong>Herzlichen Gl\u00fcckwunsch!<\/strong><\/p>\n<p style=\"text-align: center;\">&#8211; <a href=\"http:\/\/sc-weisse-dame.de\/v3\/2017\/04\/ausschreibung-otto-christ-pokal-2017\/\">Ausschreibung<\/a> &#8211;<\/p>\n<p style=\"text-align: center;\">Turnierleitung: Konrad Wozniak<\/p>\n<hr \/>\n<table>\n<thead>\n<tr>\n<td style=\"text-align: center;\"><strong>Finale am 01.12.2017<br \/>\n<\/strong><\/td>\n<\/tr>\n<\/thead>\n<\/table>\n<table>\n<tbody>\n<tr>\n<td>Cord Wischh\u00f6fer<\/td>\n<td>2018<\/td>\n<td style=\"text-align: center;\">&#8211;<\/td>\n<td><strong>Hendrik M\u00f6ller<\/strong><\/td>\n<td>2173<\/td>\n<td><strong>0:1<\/strong><\/td>\n<td>&nbsp;<\/td>\n<\/tr>\n<\/tbody>\n<\/table>\n<table>\n<thead>\n<tr>\n<td style=\"text-align: center;\"><strong>Halbfinale am 07.07.2017<br \/>\n<\/strong><\/td>\n<\/tr>\n<\/thead>\n<\/table>\n<table>\n<tbody>\n<tr>\n<td>Kai-Gerrit Venske<\/td>\n<td>2115<\/td>\n<td style=\"text-align: center;\">&#8211;<\/td>\n<td><strong>Cord Wischh\u00f6fer<\/strong><\/td>\n<td>2018<\/td>\n<td><strong>\u00bd:\u00bd<\/strong><\/td>\n<td><strong>(0:1)<\/strong><\/td>\n<\/tr>\n<tr>\n<td>Ingo Abraham<\/td>\n<td>2117<\/td>\n<td style=\"text-align: center;\">&#8211;<\/td>\n<td><strong>Hendrik M\u00f6ller<\/strong><\/td>\n<td>2173<\/td>\n<td><strong>\u00bd:\u00bd<\/strong><\/td>\n<td><strong>(0:1)<\/strong><\/td>\n<\/tr>\n<\/tbody>\n<\/table>\n<table>\n<thead>\n<tr>\n<td style=\"text-align: center;\"><strong>Viertelfinale am 23. und 30.06.2017<br \/>\n<\/strong><\/td>\n<\/tr>\n<\/thead>\n<\/table>\n<table>\n<tbody>\n<tr>\n<td>Ulrich Oginski<\/td>\n<td>1849<\/td>\n<td style=\"text-align: center;\">&#8211;<\/td>\n<td><strong>Ingo Abraham<\/strong><\/td>\n<td>2117<\/td>\n<td><strong>\u00bd:\u00bd<\/strong><\/td>\n<td><strong>(\u00bd:\u00bd, 0:2)<\/strong><\/td>\n<\/tr>\n<tr>\n<td>Josef Gelman<\/td>\n<td>1949<\/td>\n<td style=\"text-align: center;\">&#8211;<\/td>\n<td><strong>Kai-Gerrit Venske<\/strong><\/td>\n<td>2115<\/td>\n<td><strong>0:1<\/strong><\/td>\n<td>&nbsp;<\/td>\n<\/tr>\n<tr>\n<td>Thomas Heerde<\/td>\n<td>2013<\/td>\n<td style=\"text-align: center;\">&#8211;<\/td>\n<td><strong>Hendrik M\u00f6ller<\/strong><\/td>\n<td>2173<\/td>\n<td><strong>0:1<\/strong><\/td>\n<td>&nbsp;<\/td>\n<\/tr>\n<tr>\n<td><strong>Cord Wischh\u00f6fer<\/strong><\/td>\n<td>2018<\/td>\n<td style=\"text-align: center;\">&#8211;<\/td>\n<td>Thorsten Gro\u00df<\/td>\n<td>2031<\/td>\n<td><strong>1:0<\/strong><\/td>\n<td>&nbsp;<\/td>\n<\/tr>\n<\/tbody>\n<\/table>\n<table>\n<thead>\n<tr>\n<td style=\"text-align: center;\"><strong>2. Runde (Ausgleichsrunde) am 02. und 09.06.2017<br \/>\n<\/strong><\/td>\n<\/tr>\n<\/thead>\n<\/table>\n<table>\n<tbody>\n<tr>\n<td>Hans-Joachim Kaufhold<\/td>\n<td>1049<\/td>\n<td style=\"text-align: center;\">&#8211;<\/td>\n<td><strong>Ulrich Oginski<\/strong><\/td>\n<td>1849<\/td>\n<td><strong>0:1<\/strong><\/td>\n<td>&nbsp;<\/td>\n<\/tr>\n<tr>\n<td>Martin Sechting<\/td>\n<td>1963<\/td>\n<td style=\"text-align: center;\">&#8211;<\/td>\n<td><strong>Thorsten Gro\u00df<\/strong><\/td>\n<td>2031<\/td>\n<td><strong>0:1<\/strong><\/td>\n<td>&nbsp;<\/td>\n<\/tr>\n<tr>\n<td><strong>Josef Gelman<\/strong><\/td>\n<td>1949<\/td>\n<td style=\"text-align: center;\">&#8211;<\/td>\n<td>Johannes St\u00f6ckel<\/td>\n<td>1745<\/td>\n<td><strong>\u00bd:\u00bd<\/strong><\/td>\n<td><strong>(1:0)<\/strong><\/td>\n<\/tr>\n<tr>\n<td>J\u00f6rg Francke<\/td>\n<td>1728<\/td>\n<td style=\"text-align: center;\">&#8211;<\/td>\n<td><strong>Cord Wischh\u00f6fer<\/strong><\/td>\n<td>2018<\/td>\n<td><strong>0:1<\/strong><\/td>\n<td>&nbsp;<\/td>\n<\/tr>\n<tr>\n<td><strong>Hendrik M\u00f6ller<\/strong><\/td>\n<td>2173<\/td>\n<td style=\"text-align: center;\">&#8211;<\/td>\n<td>Freilos<\/td>\n<td>&nbsp;<\/td>\n<td>&nbsp;<\/td>\n<td>&nbsp;<\/td>\n<\/tr>\n<tr>\n<td><strong>Thomas Heerde<\/strong><\/td>\n<td>2013<\/td>\n<td style=\"text-align: center;\">&#8211;<\/td>\n<td>Freilos<\/td>\n<td>&nbsp;<\/td>\n<td>&nbsp;<\/td>\n<td>&nbsp;<\/td>\n<\/tr>\n<tr>\n<td><strong>Kai-Gerrit Venske<\/strong><\/td>\n<td>2115<\/td>\n<td style=\"text-align: center;\">&#8211;<\/td>\n<td>Freilos<\/td>\n<td>&nbsp;<\/td>\n<td>&nbsp;<\/td>\n<td>&nbsp;<\/td>\n<\/tr>\n<tr>\n<td><strong>Ingo Abraham<\/strong><\/td>\n<td>2117<\/td>\n<td style=\"text-align: center;\">&#8211;<\/td>\n<td>Freilos<\/td>\n<td>&nbsp;<\/td>\n<td>&nbsp;<\/td>\n<td>&nbsp;<\/td>\n<\/tr>\n<\/tbody>\n<\/table>\n<table>\n<thead>\n<tr>\n<td style=\"text-align: center;\"><strong>1. Runde am 05. und 26.05.2017<br \/>\n<\/strong><\/td>\n<\/tr>\n<\/thead>\n<\/table>\n<table>\n<tbody>\n<tr>\n<td>Ralf Mohrmann<\/td>\n<td>2048<\/td>\n<td style=\"text-align: center;\">&#8211;<\/td>\n<td><strong>Ingo Abraham<\/strong><\/td>\n<td>2117<\/td>\n<td><strong>\u00bd:\u00bd<\/strong><\/td>\n<td><strong>(0:1)<\/strong><\/td>\n<\/tr>\n<tr>\n<td><strong>Kai-Gerrit Venske<\/strong><\/td>\n<td>2115<\/td>\n<td style=\"text-align: center;\">&#8211;<\/td>\n<td>Heinz Wirth<\/td>\n<td>2024<\/td>\n<td><strong>1:0<\/strong><\/td>\n<td>&nbsp;<\/td>\n<\/tr>\n<tr>\n<td><strong>Ulrich Oginski<\/strong><\/td>\n<td>1849<\/td>\n<td style=\"text-align: center;\">&#8211;<\/td>\n<td>Christoph Barsch<\/td>\n<td>2013<\/td>\n<td><strong>1:0<\/strong><\/td>\n<td>&nbsp;<\/td>\n<\/tr>\n<tr>\n<td>Mirza Hasic<\/td>\n<td>1944<\/td>\n<td style=\"text-align: center;\">&#8211;<\/td>\n<td><strong>Martin Sechting<\/strong><\/td>\n<td>1963<\/td>\n<td><strong>0:1<\/strong><\/td>\n<td>&nbsp;<\/td>\n<\/tr>\n<tr>\n<td><strong>Josef Gelman<\/strong><\/td>\n<td>1949<\/td>\n<td style=\"text-align: center;\">&#8211;<\/td>\n<td>Philipp St\u00e4hrfeldt<\/td>\n<td>1823<\/td>\n<td><strong>1:0<\/strong><\/td>\n<td>&nbsp;<\/td>\n<\/tr>\n<tr>\n<td><strong>Thorsten Gro\u00df<\/strong><\/td>\n<td>2031<\/td>\n<td style=\"text-align: center;\">&#8211;<\/td>\n<td>Alexander John<\/td>\n<td>1793<\/td>\n<td><strong>1:0<\/strong><\/td>\n<td>&nbsp;<\/td>\n<\/tr>\n<tr>\n<td><strong>Thomas Heerde<\/strong><\/td>\n<td>2013<\/td>\n<td style=\"text-align: center;\">&#8211;<\/td>\n<td>Konrad Wozniak<\/td>\n<td>1667<\/td>\n<td><strong>1:0<\/strong><\/td>\n<td>&nbsp;<\/td>\n<\/tr>\n<tr>\n<td>Wolfram Steiner<\/td>\n<td>1938<\/td>\n<td style=\"text-align: center;\">&#8211;<\/td>\n<td><strong>Johannes St\u00f6ckel<\/strong><\/td>\n<td>1745<\/td>\n<td><strong>\u00bd:\u00bd<\/strong><\/td>\n<td><strong>(0:1)<\/strong><\/td>\n<\/tr>\n<tr>\n<td><strong>Hans-Joachim Kaufhold<\/strong><\/td>\n<td>1049<\/td>\n<td style=\"text-align: center;\">&#8211;<\/td>\n<td>Klaus Uebelh\u00f6de<\/td>\n<td>1099<\/td>\n<td><strong>1:0<\/strong><\/td>\n<td>&nbsp;<\/td>\n<\/tr>\n<tr>\n<td><strong>J\u00f6rg Francke<\/strong><\/td>\n<td>1728<\/td>\n<td style=\"text-align: center;\">&#8211;<\/td>\n<td>Marcus Bertz<\/td>\n<td>1832<\/td>\n<td><strong>1:0<\/strong><\/td>\n<td>&nbsp;<\/td>\n<\/tr>\n<tr>\n<td>Thomas K\u00f6gler<\/td>\n<td>1782<\/td>\n<td style=\"text-align: center;\">&#8211;<\/td>\n<td><strong>Hendrik M\u00f6ller<\/strong><\/td>\n<td>2173<\/td>\n<td><strong>\u00bd:\u00bd<\/strong><\/td>\n<td><strong>(0:1)<\/strong><\/td>\n<\/tr>\n<tr>\n<td><strong>Cord Wischh\u00f6fer<\/strong><\/td>\n<td>2018<\/td>\n<td style=\"text-align: center;\">&#8211;<\/td>\n<td>Freilos<\/td>\n<td>&nbsp;<\/td>\n<td>&nbsp;<\/td>\n<td>&nbsp;<\/td>\n<\/tr>\n<\/tbody>\n<\/table>\n<p>Archiv des <a href=\"http:\/\/sc-weisse-dame.de\/v3\/spielbetrieb\/otto-christ-pokal\/archiv-otto-christ-pokal\/\">Otto-Christ-Pokals<\/a><\/p>\n","protected":false},"excerpt":{"rendered":"<p>Otto-Christ-Pokal 2017 Hendrik M\u00f6ller ist Otto-Christ-Pokalsieger 2017 Herzlichen Gl\u00fcckwunsch! &#8211; Ausschreibung &#8211; Turnierleitung: Konrad Wozniak Finale am 01.12.2017 Cord Wischh\u00f6fer 2018 &#8211; Hendrik M\u00f6ller 2173 0:1 &nbsp; Halbfinale am 07.07.2017 &hellip; <a href=\"http:\/\/sc-weisse-dame.de\/v3\/spielbetrieb\/clubpokal\/clubpokal-2017\/\" class=\"more-link\"><span class=\"screen-reader-text\">Otto-Christ-Pokal 2017<\/span> weiterlesen <span class=\"meta-nav\">&rarr;<\/span><\/a><\/p>\n","protected":false},"author":10,"featured_media":0,"parent":1087,"menu_order":0,"comment_status":"closed","ping_status":"closed","template":"","meta":{"_price":"","_stock":"","_tribe_ticket_header":"","_tribe_default_ticket_provider":"","_tribe_ticket_capacity":"0","_ticket_start_date":"","_ticket_end_date":"","_tribe_ticket_show_description":"","_tribe_ticket_show_not_going":false,"_tribe_ticket_use_global_stock":"","_tribe_ticket_global_stock_level":"","_global_stock_mode":"","_global_stock_cap":"","_tribe_rsvp_for_event":"","_tribe_ticket_going_count":"","_tribe_ticket_not_going_count":"","_tribe_tickets_list":"[]","_tribe_ticket_has_attendee_info_fields":false,"footnotes":"","_tec_slr_enabled":"","_tec_slr_layout":""},"coauthors":[23],"class_list":["post-5399","page","type-page","status-publish","hentry"],"yoast_head":"<!-- This site is optimized with the Yoast SEO plugin v27.3 - https:\/\/yoast.com\/product\/yoast-seo-wordpress\/ -->\n<title>Otto-Christ-Pokal 2017 - SC Weisse Dame e. V.<\/title>\n<meta name=\"robots\" content=\"index, follow, max-snippet:-1, max-image-preview:large, max-video-preview:-1\" \/>\n<link rel=\"canonical\" href=\"http:\/\/sc-weisse-dame.de\/v3\/spielbetrieb\/clubpokal\/clubpokal-2017\/\" \/>\n<meta property=\"og:locale\" content=\"de_DE\" \/>\n<meta property=\"og:type\" content=\"article\" \/>\n<meta property=\"og:title\" content=\"Otto-Christ-Pokal 2017 - SC Weisse Dame e. V.\" \/>\n<meta property=\"og:description\" content=\"Otto-Christ-Pokal 2017 Hendrik M\u00f6ller ist Otto-Christ-Pokalsieger 2017 Herzlichen Gl\u00fcckwunsch! &#8211; Ausschreibung &#8211; Turnierleitung: Konrad Wozniak Finale am 01.12.2017 Cord Wischh\u00f6fer 2018 &#8211; Hendrik M\u00f6ller 2173 0:1 &nbsp; Halbfinale am 07.07.2017 &hellip; Otto-Christ-Pokal 2017 weiterlesen &rarr;\" \/>\n<meta property=\"og:url\" content=\"http:\/\/sc-weisse-dame.de\/v3\/spielbetrieb\/clubpokal\/clubpokal-2017\/\" \/>\n<meta property=\"og:site_name\" content=\"SC Weisse Dame e. V.\" \/>\n<meta property=\"article:modified_time\" content=\"2022-09-16T06:12:02+00:00\" \/>\n<meta name=\"twitter:card\" content=\"summary_large_image\" \/>\n<meta name=\"twitter:label1\" content=\"Gesch\u00e4tzte Lesezeit\" \/>\n\t<meta name=\"twitter:data1\" content=\"2\u00a0Minuten\" \/>\n<script type=\"application\/ld+json\" class=\"yoast-schema-graph\">{\"@context\":\"https:\\\/\\\/schema.org\",\"@graph\":[{\"@type\":\"WebPage\",\"@id\":\"http:\\\/\\\/sc-weisse-dame.de\\\/v3\\\/spielbetrieb\\\/clubpokal\\\/clubpokal-2017\\\/\",\"url\":\"http:\\\/\\\/sc-weisse-dame.de\\\/v3\\\/spielbetrieb\\\/clubpokal\\\/clubpokal-2017\\\/\",\"name\":\"Otto-Christ-Pokal 2017 - SC Weisse Dame e. V.\",\"isPartOf\":{\"@id\":\"http:\\\/\\\/sc-weisse-dame.de\\\/v3\\\/#website\"},\"datePublished\":\"2017-06-13T14:09:47+00:00\",\"dateModified\":\"2022-09-16T06:12:02+00:00\",\"breadcrumb\":{\"@id\":\"http:\\\/\\\/sc-weisse-dame.de\\\/v3\\\/spielbetrieb\\\/clubpokal\\\/clubpokal-2017\\\/#breadcrumb\"},\"inLanguage\":\"de\",\"potentialAction\":[{\"@type\":\"ReadAction\",\"target\":[\"http:\\\/\\\/sc-weisse-dame.de\\\/v3\\\/spielbetrieb\\\/clubpokal\\\/clubpokal-2017\\\/\"]}]},{\"@type\":\"BreadcrumbList\",\"@id\":\"http:\\\/\\\/sc-weisse-dame.de\\\/v3\\\/spielbetrieb\\\/clubpokal\\\/clubpokal-2017\\\/#breadcrumb\",\"itemListElement\":[{\"@type\":\"ListItem\",\"position\":1,\"name\":\"Startseite\",\"item\":\"http:\\\/\\\/sc-weisse-dame.de\\\/v3\\\/\"},{\"@type\":\"ListItem\",\"position\":2,\"name\":\"Spielbetrieb\",\"item\":\"http:\\\/\\\/sc-weisse-dame.de\\\/v3\\\/spielbetrieb\\\/\"},{\"@type\":\"ListItem\",\"position\":3,\"name\":\"&#8222;Otto-Christ-Pokal&#8220; (OCP)\",\"item\":\"http:\\\/\\\/sc-weisse-dame.de\\\/v3\\\/spielbetrieb\\\/clubpokal\\\/\"},{\"@type\":\"ListItem\",\"position\":4,\"name\":\"Otto-Christ-Pokal 2017\"}]},{\"@type\":\"WebSite\",\"@id\":\"http:\\\/\\\/sc-weisse-dame.de\\\/v3\\\/#website\",\"url\":\"http:\\\/\\\/sc-weisse-dame.de\\\/v3\\\/\",\"name\":\"SC Weisse Dame e. V.\",\"description\":\"Herzlich Willkommen!\",\"potentialAction\":[{\"@type\":\"SearchAction\",\"target\":{\"@type\":\"EntryPoint\",\"urlTemplate\":\"http:\\\/\\\/sc-weisse-dame.de\\\/v3\\\/?s={search_term_string}\"},\"query-input\":{\"@type\":\"PropertyValueSpecification\",\"valueRequired\":true,\"valueName\":\"search_term_string\"}}],\"inLanguage\":\"de\"}]}<\/script>\n<!-- \/ Yoast SEO plugin. -->","yoast_head_json":{"title":"Otto-Christ-Pokal 2017 - SC Weisse Dame e. V.","robots":{"index":"index","follow":"follow","max-snippet":"max-snippet:-1","max-image-preview":"max-image-preview:large","max-video-preview":"max-video-preview:-1"},"canonical":"http:\/\/sc-weisse-dame.de\/v3\/spielbetrieb\/clubpokal\/clubpokal-2017\/","og_locale":"de_DE","og_type":"article","og_title":"Otto-Christ-Pokal 2017 - SC Weisse Dame e. V.","og_description":"Otto-Christ-Pokal 2017 Hendrik M\u00f6ller ist Otto-Christ-Pokalsieger 2017 Herzlichen Gl\u00fcckwunsch! &#8211; Ausschreibung &#8211; Turnierleitung: Konrad Wozniak Finale am 01.12.2017 Cord Wischh\u00f6fer 2018 &#8211; Hendrik M\u00f6ller 2173 0:1 &nbsp; Halbfinale am 07.07.2017 &hellip; Otto-Christ-Pokal 2017 weiterlesen &rarr;","og_url":"http:\/\/sc-weisse-dame.de\/v3\/spielbetrieb\/clubpokal\/clubpokal-2017\/","og_site_name":"SC Weisse Dame e. V.","article_modified_time":"2022-09-16T06:12:02+00:00","twitter_card":"summary_large_image","twitter_misc":{"Gesch\u00e4tzte Lesezeit":"2\u00a0Minuten"},"schema":{"@context":"https:\/\/schema.org","@graph":[{"@type":"WebPage","@id":"http:\/\/sc-weisse-dame.de\/v3\/spielbetrieb\/clubpokal\/clubpokal-2017\/","url":"http:\/\/sc-weisse-dame.de\/v3\/spielbetrieb\/clubpokal\/clubpokal-2017\/","name":"Otto-Christ-Pokal 2017 - SC Weisse Dame e. V.","isPartOf":{"@id":"http:\/\/sc-weisse-dame.de\/v3\/#website"},"datePublished":"2017-06-13T14:09:47+00:00","dateModified":"2022-09-16T06:12:02+00:00","breadcrumb":{"@id":"http:\/\/sc-weisse-dame.de\/v3\/spielbetrieb\/clubpokal\/clubpokal-2017\/#breadcrumb"},"inLanguage":"de","potentialAction":[{"@type":"ReadAction","target":["http:\/\/sc-weisse-dame.de\/v3\/spielbetrieb\/clubpokal\/clubpokal-2017\/"]}]},{"@type":"BreadcrumbList","@id":"http:\/\/sc-weisse-dame.de\/v3\/spielbetrieb\/clubpokal\/clubpokal-2017\/#breadcrumb","itemListElement":[{"@type":"ListItem","position":1,"name":"Startseite","item":"http:\/\/sc-weisse-dame.de\/v3\/"},{"@type":"ListItem","position":2,"name":"Spielbetrieb","item":"http:\/\/sc-weisse-dame.de\/v3\/spielbetrieb\/"},{"@type":"ListItem","position":3,"name":"&#8222;Otto-Christ-Pokal&#8220; (OCP)","item":"http:\/\/sc-weisse-dame.de\/v3\/spielbetrieb\/clubpokal\/"},{"@type":"ListItem","position":4,"name":"Otto-Christ-Pokal 2017"}]},{"@type":"WebSite","@id":"http:\/\/sc-weisse-dame.de\/v3\/#website","url":"http:\/\/sc-weisse-dame.de\/v3\/","name":"SC Weisse Dame e. V.","description":"Herzlich Willkommen!","potentialAction":[{"@type":"SearchAction","target":{"@type":"EntryPoint","urlTemplate":"http:\/\/sc-weisse-dame.de\/v3\/?s={search_term_string}"},"query-input":{"@type":"PropertyValueSpecification","valueRequired":true,"valueName":"search_term_string"}}],"inLanguage":"de"}]}},"ticketed":false,"_links":{"self":[{"href":"http:\/\/sc-weisse-dame.de\/v3\/wp-json\/wp\/v2\/pages\/5399","targetHints":{"allow":["GET"]}}],"collection":[{"href":"http:\/\/sc-weisse-dame.de\/v3\/wp-json\/wp\/v2\/pages"}],"about":[{"href":"http:\/\/sc-weisse-dame.de\/v3\/wp-json\/wp\/v2\/types\/page"}],"author":[{"embeddable":true,"href":"http:\/\/sc-weisse-dame.de\/v3\/wp-json\/wp\/v2\/users\/10"}],"replies":[{"embeddable":true,"href":"http:\/\/sc-weisse-dame.de\/v3\/wp-json\/wp\/v2\/comments?post=5399"}],"version-history":[{"count":11,"href":"http:\/\/sc-weisse-dame.de\/v3\/wp-json\/wp\/v2\/pages\/5399\/revisions"}],"predecessor-version":[{"id":24954,"href":"http:\/\/sc-weisse-dame.de\/v3\/wp-json\/wp\/v2\/pages\/5399\/revisions\/24954"}],"up":[{"embeddable":true,"href":"http:\/\/sc-weisse-dame.de\/v3\/wp-json\/wp\/v2\/pages\/1087"}],"wp:attachment":[{"href":"http:\/\/sc-weisse-dame.de\/v3\/wp-json\/wp\/v2\/media?parent=5399"}],"wp:term":[{"taxonomy":"author","embeddable":true,"href":"http:\/\/sc-weisse-dame.de\/v3\/wp-json\/wp\/v2\/coauthors?post=5399"}],"curies":[{"name":"wp","href":"https:\/\/api.w.org\/{rel}","templated":true}]}}