{"id":38,"date":"2016-06-06T21:40:16","date_gmt":"2016-06-06T19:40:16","guid":{"rendered":"http:\/\/sc-weisse-dame.de\/v3\/?page_id=38"},"modified":"2023-07-09T21:27:31","modified_gmt":"2023-07-09T19:27:31","slug":"unser-verein","status":"publish","type":"page","link":"http:\/\/sc-weisse-dame.de\/v3\/unser-verein\/","title":{"rendered":"Unser Verein"},"content":{"rendered":"<p style=\"text-align: justify;\">Lust auf eine Partie Schach? Dann schaue doch einmal bei uns in <strong>Berlin-Charlottenburg<\/strong> herein. Wir sind einer der gr\u00f6\u00dften und aktivsten Schachvereine in Berlin mit einer ausgewogenen Mischung aus Jung und Alt, vom Anf\u00e4nger bis zum Meisterspieler. Unsere <a href=\"http:\/\/sc-weisse-dame.de\/v3\/unser-verein\/spielort\/\"><strong>Clubspielst\u00e4tte<\/strong><\/a> befindet sich im <strong>Haus am Lietzensee<\/strong> in der <strong>Herbartstra\u00dfe 25, 14057 Berlin-Charlottenburg<\/strong>. Unser abwechslungsreich gestalteter <strong><a href=\"http:\/\/sc-weisse-dame.de\/v3\/spielbetrieb\/\">Spielbetrieb<\/a><\/strong> findet <strong>Freitags ab 19:00 Uhr<\/strong> statt.<\/p>\n<p>Einen gesonderten <a href=\"http:\/\/sc-weisse-dame.de\/v3\/unser-verein\/spielort\/\"><strong>Jugendspielort<\/strong><\/a> haben wir in der <strong>Eichendorff-Grundschule, Goethestr. 19-24, 10625 Berlin-Charlottenburg<\/strong>. Weitere Informationen sind auf der <a href=\"http:\/\/sc-weisse-dame.de\/v3\/jugend\/\"><strong>Jugend-Seite<\/strong><\/a> zu finden.<\/p>\n<p>Ein kurzer Blick auf unsere Vereinsgeschichte findet sich in der <a href=\"http:\/\/sc-weisse-dame.de\/v3\/unser-verein\/chronik\/\"><strong>Chronik<\/strong><\/a> oder in unserer <strong><a href=\"http:\/\/sc-weisse-dame.de\/v3\/unser-verein\/vereinszeitung-gardez\/\">Vereinszeitschrift &#8222;GARDEZ!&#8220;<\/a><\/strong>.\u00a0 Alle Sieger unserer Clubturniere und unsere Eherenmitglieder sind in der <a href=\"http:\/\/sc-weisse-dame.de\/v3\/unser-verein\/ruhmeshalle\/\"><strong>Ruhmeshalle<\/strong><\/a> zu finden.<\/p>\n<p style=\"text-align: justify;\">Alle wichtigen Dokumente, um Mitglied bei uns zu werden, sind unter dem Punkt <a href=\"http:\/\/sc-weisse-dame.de\/v3\/unser-verein\/downloads\/\"><strong>Downloads<\/strong><\/a> zu finden.<\/p>\n<p>Noch irgendwelche Fragen? Dann bitte das <strong><a href=\"http:\/\/sc-weisse-dame.de\/v3\/unser-verein\/kontakt-2\/\">Kontaktformular<\/a><\/strong> nutzen!<\/p>\n","protected":false},"excerpt":{"rendered":"<p>Lust auf eine Partie Schach? Dann schaue doch einmal bei uns in Berlin-Charlottenburg herein. Wir sind einer der gr\u00f6\u00dften und aktivsten Schachvereine in Berlin mit einer ausgewogenen Mischung aus Jung &hellip; <a href=\"http:\/\/sc-weisse-dame.de\/v3\/unser-verein\/\" class=\"more-link\"><span class=\"screen-reader-text\">Unser Verein<\/span> weiterlesen <span class=\"meta-nav\">&rarr;<\/span><\/a><\/p>\n","protected":false},"author":2,"featured_media":0,"parent":0,"menu_order":0,"comment_status":"closed","ping_status":"closed","template":"","meta":{"_price":"","_stock":"","_tribe_ticket_header":"","_tribe_default_ticket_provider":"","_tribe_ticket_capacity":"0","_ticket_start_date":"","_ticket_end_date":"","_tribe_ticket_show_description":"","_tribe_ticket_show_not_going":false,"_tribe_ticket_use_global_stock":"","_tribe_ticket_global_stock_level":"","_global_stock_mode":"","_global_stock_cap":"","_tribe_rsvp_for_event":"","_tribe_ticket_going_count":"","_tribe_ticket_not_going_count":"","_tribe_tickets_list":"[]","_tribe_ticket_has_attendee_info_fields":false,"footnotes":"","_tec_slr_enabled":"","_tec_slr_layout":""},"coauthors":[23],"class_list":["post-38","page","type-page","status-publish","hentry"],"yoast_head":"<!-- This site is optimized with the Yoast SEO plugin v27.3 - https:\/\/yoast.com\/product\/yoast-seo-wordpress\/ -->\n<title>Unser Verein - SC Weisse Dame e. V.<\/title>\n<meta name=\"robots\" content=\"index, follow, max-snippet:-1, max-image-preview:large, max-video-preview:-1\" \/>\n<link rel=\"canonical\" href=\"http:\/\/sc-weisse-dame.de\/v3\/unser-verein\/\" \/>\n<meta property=\"og:locale\" content=\"de_DE\" \/>\n<meta property=\"og:type\" content=\"article\" \/>\n<meta property=\"og:title\" content=\"Unser Verein - SC Weisse Dame e. V.\" \/>\n<meta property=\"og:description\" content=\"Lust auf eine Partie Schach? Dann schaue doch einmal bei uns in Berlin-Charlottenburg herein. Wir sind einer der gr\u00f6\u00dften und aktivsten Schachvereine in Berlin mit einer ausgewogenen Mischung aus Jung &hellip; Unser Verein weiterlesen &rarr;\" \/>\n<meta property=\"og:url\" content=\"http:\/\/sc-weisse-dame.de\/v3\/unser-verein\/\" \/>\n<meta property=\"og:site_name\" content=\"SC Weisse Dame e. V.\" \/>\n<meta property=\"article:modified_time\" content=\"2023-07-09T19:27:31+00:00\" \/>\n<meta name=\"twitter:card\" content=\"summary_large_image\" \/>\n<meta name=\"twitter:label1\" content=\"Gesch\u00e4tzte Lesezeit\" \/>\n\t<meta name=\"twitter:data1\" content=\"1\u00a0Minute\" \/>\n<script type=\"application\/ld+json\" class=\"yoast-schema-graph\">{\"@context\":\"https:\\\/\\\/schema.org\",\"@graph\":[{\"@type\":\"WebPage\",\"@id\":\"http:\\\/\\\/sc-weisse-dame.de\\\/v3\\\/unser-verein\\\/\",\"url\":\"http:\\\/\\\/sc-weisse-dame.de\\\/v3\\\/unser-verein\\\/\",\"name\":\"Unser Verein - SC Weisse Dame e. V.\",\"isPartOf\":{\"@id\":\"http:\\\/\\\/sc-weisse-dame.de\\\/v3\\\/#website\"},\"datePublished\":\"2016-06-06T19:40:16+00:00\",\"dateModified\":\"2023-07-09T19:27:31+00:00\",\"breadcrumb\":{\"@id\":\"http:\\\/\\\/sc-weisse-dame.de\\\/v3\\\/unser-verein\\\/#breadcrumb\"},\"inLanguage\":\"de\",\"potentialAction\":[{\"@type\":\"ReadAction\",\"target\":[\"http:\\\/\\\/sc-weisse-dame.de\\\/v3\\\/unser-verein\\\/\"]}]},{\"@type\":\"BreadcrumbList\",\"@id\":\"http:\\\/\\\/sc-weisse-dame.de\\\/v3\\\/unser-verein\\\/#breadcrumb\",\"itemListElement\":[{\"@type\":\"ListItem\",\"position\":1,\"name\":\"Startseite\",\"item\":\"http:\\\/\\\/sc-weisse-dame.de\\\/v3\\\/\"},{\"@type\":\"ListItem\",\"position\":2,\"name\":\"Unser Verein\"}]},{\"@type\":\"WebSite\",\"@id\":\"http:\\\/\\\/sc-weisse-dame.de\\\/v3\\\/#website\",\"url\":\"http:\\\/\\\/sc-weisse-dame.de\\\/v3\\\/\",\"name\":\"SC Weisse Dame e. V.\",\"description\":\"Herzlich Willkommen!\",\"potentialAction\":[{\"@type\":\"SearchAction\",\"target\":{\"@type\":\"EntryPoint\",\"urlTemplate\":\"http:\\\/\\\/sc-weisse-dame.de\\\/v3\\\/?s={search_term_string}\"},\"query-input\":{\"@type\":\"PropertyValueSpecification\",\"valueRequired\":true,\"valueName\":\"search_term_string\"}}],\"inLanguage\":\"de\"}]}<\/script>\n<!-- \/ Yoast SEO plugin. -->","yoast_head_json":{"title":"Unser Verein - SC Weisse Dame e. V.","robots":{"index":"index","follow":"follow","max-snippet":"max-snippet:-1","max-image-preview":"max-image-preview:large","max-video-preview":"max-video-preview:-1"},"canonical":"http:\/\/sc-weisse-dame.de\/v3\/unser-verein\/","og_locale":"de_DE","og_type":"article","og_title":"Unser Verein - SC Weisse Dame e. V.","og_description":"Lust auf eine Partie Schach? Dann schaue doch einmal bei uns in Berlin-Charlottenburg herein. Wir sind einer der gr\u00f6\u00dften und aktivsten Schachvereine in Berlin mit einer ausgewogenen Mischung aus Jung &hellip; Unser Verein weiterlesen &rarr;","og_url":"http:\/\/sc-weisse-dame.de\/v3\/unser-verein\/","og_site_name":"SC Weisse Dame e. V.","article_modified_time":"2023-07-09T19:27:31+00:00","twitter_card":"summary_large_image","twitter_misc":{"Gesch\u00e4tzte Lesezeit":"1\u00a0Minute"},"schema":{"@context":"https:\/\/schema.org","@graph":[{"@type":"WebPage","@id":"http:\/\/sc-weisse-dame.de\/v3\/unser-verein\/","url":"http:\/\/sc-weisse-dame.de\/v3\/unser-verein\/","name":"Unser Verein - SC Weisse Dame e. V.","isPartOf":{"@id":"http:\/\/sc-weisse-dame.de\/v3\/#website"},"datePublished":"2016-06-06T19:40:16+00:00","dateModified":"2023-07-09T19:27:31+00:00","breadcrumb":{"@id":"http:\/\/sc-weisse-dame.de\/v3\/unser-verein\/#breadcrumb"},"inLanguage":"de","potentialAction":[{"@type":"ReadAction","target":["http:\/\/sc-weisse-dame.de\/v3\/unser-verein\/"]}]},{"@type":"BreadcrumbList","@id":"http:\/\/sc-weisse-dame.de\/v3\/unser-verein\/#breadcrumb","itemListElement":[{"@type":"ListItem","position":1,"name":"Startseite","item":"http:\/\/sc-weisse-dame.de\/v3\/"},{"@type":"ListItem","position":2,"name":"Unser Verein"}]},{"@type":"WebSite","@id":"http:\/\/sc-weisse-dame.de\/v3\/#website","url":"http:\/\/sc-weisse-dame.de\/v3\/","name":"SC Weisse Dame e. V.","description":"Herzlich Willkommen!","potentialAction":[{"@type":"SearchAction","target":{"@type":"EntryPoint","urlTemplate":"http:\/\/sc-weisse-dame.de\/v3\/?s={search_term_string}"},"query-input":{"@type":"PropertyValueSpecification","valueRequired":true,"valueName":"search_term_string"}}],"inLanguage":"de"}]}},"ticketed":false,"_links":{"self":[{"href":"http:\/\/sc-weisse-dame.de\/v3\/wp-json\/wp\/v2\/pages\/38","targetHints":{"allow":["GET"]}}],"collection":[{"href":"http:\/\/sc-weisse-dame.de\/v3\/wp-json\/wp\/v2\/pages"}],"about":[{"href":"http:\/\/sc-weisse-dame.de\/v3\/wp-json\/wp\/v2\/types\/page"}],"author":[{"embeddable":true,"href":"http:\/\/sc-weisse-dame.de\/v3\/wp-json\/wp\/v2\/users\/2"}],"replies":[{"embeddable":true,"href":"http:\/\/sc-weisse-dame.de\/v3\/wp-json\/wp\/v2\/comments?post=38"}],"version-history":[{"count":10,"href":"http:\/\/sc-weisse-dame.de\/v3\/wp-json\/wp\/v2\/pages\/38\/revisions"}],"predecessor-version":[{"id":27456,"href":"http:\/\/sc-weisse-dame.de\/v3\/wp-json\/wp\/v2\/pages\/38\/revisions\/27456"}],"wp:attachment":[{"href":"http:\/\/sc-weisse-dame.de\/v3\/wp-json\/wp\/v2\/media?parent=38"}],"wp:term":[{"taxonomy":"author","embeddable":true,"href":"http:\/\/sc-weisse-dame.de\/v3\/wp-json\/wp\/v2\/coauthors?post=38"}],"curies":[{"name":"wp","href":"https:\/\/api.w.org\/{rel}","templated":true}]}}