{"id":34318,"date":"2026-01-31T23:05:14","date_gmt":"2026-01-31T22:05:14","guid":{"rendered":"http:\/\/sc-weisse-dame.de\/v3\/?page_id=34318"},"modified":"2026-03-14T00:32:35","modified_gmt":"2026-03-13T23:32:35","slug":"clubschnellschachmeisterschaft-2026","status":"publish","type":"page","link":"http:\/\/sc-weisse-dame.de\/v3\/spielbetrieb\/clubschnellschachmeisterschaft\/clubschnellschachmeisterschaft-2026\/","title":{"rendered":"Clubschnellschachmeisterschaft 2026"},"content":{"rendered":"<p>Zur Club-Schnellschachmeisterschaft 2026 werden wieder f\u00fcnf \u00fcber das Jahr verteilte Wertungsturniere ausgetragen. Diese werden als Schweizer Turniere \u00fcber sieben Runden im Zeitmodus 10 Minuten + 3 Sekunden pro Zug gespielt. Dabei erh\u00e4lt bei jedem Turnier der bestplatzierte Spieler 25 Punkte und jeder weitere Platz zwei weniger als der vorherige, aber mindestens einen. G\u00e4ste spielen dabei au\u00dfer Konkurrenz, werden bei der Punktevergabe also \u00fcbergangen. F\u00fcr Teilnehmer, die bei mehr als drei Turnieren mitspielen, werden nur die drei besten Turniere ber\u00fccksichtigt. Dabei werden die Turniere &#8222;Freitag der 13.&#8220; am 13.02 und 13.03. als jeweils eines dieser Wertungsturniere gelten.<\/p>\n<h5>Punktestand<\/h5>\n<div style=\"width: 100%; overflow: auto; white-space: nowrap;\">\n<table>\n<tr>\n<th>Rang<\/th>\n<th>Name<\/th>\n<th><a href=\"http:\/\/sc-weisse-dame.de\/v3\/2026\/02\/gm-igor-glek-gewinnt-am-freitag-den-13-februar\/\">1. WT<\/a><br \/>13. 2.<\/th>\n<th><a href=\"http:\/\/sc-weisse-dame.de\/v3\/2026\/03\/schnellschachturnier-am-freitag-den-13-maerz\/\">2. WT<\/a><br \/>13. 3.<\/th>\n<th>3. WT<\/th>\n<th>4. WT<\/th>\n<th>5. WT<\/th>\n<th>Gesamt<\/th>\n<\/tr>\n<tr>\n<td>1<\/td>\n<td>Anton Bashtavy<\/td>\n<td>25<\/td>\n<td>25<\/td>\n<td><\/td>\n<td><\/td>\n<td><\/td>\n<td>50<\/td>\n<\/tr>\n<tr>\n<td>2<\/td>\n<td>Martin Sechting<\/td>\n<td>21<\/td>\n<td>21<\/td>\n<td><\/td>\n<td><\/td>\n<td><\/td>\n<td>42<\/td>\n<\/tr>\n<tr>\n<td>3<\/td>\n<td>Josef Gelman<\/td>\n<td>19<\/td>\n<td>19<\/td>\n<td><\/td>\n<td><\/td>\n<td><\/td>\n<td>38<\/td>\n<\/tr>\n<tr>\n<td>4<\/td>\n<td>Hendrik M\u00f6ller<\/td>\n<td>23<\/td>\n<td>13<\/td>\n<td><\/td>\n<td><\/td>\n<td><\/td>\n<td>36<\/td>\n<\/tr>\n<tr>\n<td>5<\/td>\n<td>Dawid Lewicki<\/td>\n<td>13<\/td>\n<td>11<\/td>\n<td><\/td>\n<td><\/td>\n<td><\/td>\n<td>24<\/td>\n<\/tr>\n<tr>\n<td>6<\/td>\n<td>Kai-Gerrit Venske<\/td>\n<td><\/td>\n<td>23<\/td>\n<td><\/td>\n<td><\/td>\n<td><\/td>\n<td>23<\/td>\n<\/tr>\n<tr>\n<td>7<\/td>\n<td>Heinz Uhl<\/td>\n<td>11<\/td>\n<td>9<\/td>\n<td><\/td>\n<td><\/td>\n<td><\/td>\n<td>20<\/td>\n<\/tr>\n<tr>\n<td>8<\/td>\n<td>Diyap B\u00fcy\u00fckasik<\/td>\n<td>17<\/td>\n<td><\/td>\n<td><\/td>\n<td><\/td>\n<td><\/td>\n<td>17<\/td>\n<\/tr>\n<tr>\n<td>8<\/td>\n<td>Ingo Abraham<\/td>\n<td><\/td>\n<td>17<\/td>\n<td><\/td>\n<td><\/td>\n<td><\/td>\n<td>17<\/td>\n<\/tr>\n<tr>\n<td>10<\/td>\n<td>Kathrin Lasko<\/td>\n<td>15<\/td>\n<td><\/td>\n<td><\/td>\n<td><\/td>\n<td><\/td>\n<td>15<\/td>\n<\/tr>\n<tr>\n<td>10<\/td>\n<td>Yannick Kather<\/td>\n<td><\/td>\n<td>15<\/td>\n<td><\/td>\n<td><\/td>\n<td><\/td>\n<td>15<\/td>\n<\/tr>\n<tr>\n<td>12<\/td>\n<td>Jakob Grimm<\/td>\n<td>7<\/td>\n<td>5<\/td>\n<td><\/td>\n<td><\/td>\n<td><\/td>\n<td>12<\/td>\n<\/tr>\n<tr>\n<td>13<\/td>\n<td>Mario Tepe<\/td>\n<td>9<\/td>\n<td><\/td>\n<td><\/td>\n<td><\/td>\n<td><\/td>\n<td>9<\/td>\n<\/tr>\n<tr>\n<td>14<\/td>\n<td>Ben Schumacher<\/td>\n<td>1<\/td>\n<td>7<\/td>\n<td><\/td>\n<td><\/td>\n<td><\/td>\n<td>8<\/td>\n<\/tr>\n<tr>\n<td>15<\/td>\n<td>Cedric P\u00f6hlmann<\/td>\n<td>5<\/td>\n<td>1<\/td>\n<td><\/td>\n<td><\/td>\n<td><\/td>\n<td>6<\/td>\n<\/tr>\n<tr>\n<td>16<\/td>\n<td>Richard Mertens<\/td>\n<td>3<\/td>\n<td><\/td>\n<td><\/td>\n<td><\/td>\n<td><\/td>\n<td>3<\/td>\n<\/tr>\n<tr>\n<td>16<\/td>\n<td>Christian Greiser<\/td>\n<td><\/td>\n<td>3<\/td>\n<td><\/td>\n<td><\/td>\n<td><\/td>\n<td>3<\/td>\n<\/tr>\n<tr>\n<td>18<\/td>\n<td>Emil Tokarski<\/td>\n<td>1<\/td>\n<td>1<\/td>\n<td><\/td>\n<td><\/td>\n<td><\/td>\n<td>2<\/td>\n<\/tr>\n<tr>\n<td>18<\/td>\n<td>Mahin Patel<\/td>\n<td>1<\/td>\n<td>1<\/td>\n<td><\/td>\n<td><\/td>\n<td><\/td>\n<td>2<\/td>\n<\/tr>\n<tr>\n<td>18<\/td>\n<td>Bhavadeep Nettem<\/td>\n<td>1<\/td>\n<td>1<\/td>\n<td><\/td>\n<td><\/td>\n<td><\/td>\n<td>2<\/td>\n<\/tr>\n<tr>\n<td>18<\/td>\n<td>Konstantin Hovhannisyan<\/td>\n<td>1<\/td>\n<td>1<\/td>\n<td><\/td>\n<td><\/td>\n<td><\/td>\n<td>2<\/td>\n<\/tr>\n<tr>\n<td>18<\/td>\n<td>Xiutian Cheng<\/td>\n<td>1<\/td>\n<td>1<\/td>\n<td><\/td>\n<td><\/td>\n<td><\/td>\n<td>2<\/td>\n<\/tr>\n<tr>\n<td>18<\/td>\n<td>Beeri Nisan<\/td>\n<td>1<\/td>\n<td>1<\/td>\n<td><\/td>\n<td><\/td>\n<td><\/td>\n<td>2<\/td>\n<\/tr>\n<tr>\n<td>24<\/td>\n<td>Philip St\u00e4hrfeldt<\/td>\n<td>1<\/td>\n<td><\/td>\n<td><\/td>\n<td><\/td>\n<td><\/td>\n<td>1<\/td>\n<\/tr>\n<tr>\n<td>24<\/td>\n<td>Harald Gr\u00fcnwald<\/td>\n<td>1<\/td>\n<td><\/td>\n<td><\/td>\n<td><\/td>\n<td><\/td>\n<td>1<\/td>\n<\/tr>\n<tr>\n<td>24<\/td>\n<td>Diganth Manjunatha<\/td>\n<td>1<\/td>\n<td><\/td>\n<td><\/td>\n<td><\/td>\n<td><\/td>\n<td>1<\/td>\n<\/tr>\n<tr>\n<td>24<\/td>\n<td>Pierre Raffel<\/td>\n<td><\/td>\n<td>1<\/td>\n<td><\/td>\n<td><\/td>\n<td><\/td>\n<td>1<\/td>\n<\/tr>\n<tr>\n<td>24<\/td>\n<td>Ali Sharifitabra<\/td>\n<td><\/td>\n<td>1<\/td>\n<td><\/td>\n<td><\/td>\n<td><\/td>\n<td>1<\/td>\n<\/tr>\n<tr>\n<td>24<\/td>\n<td>Carsten Miemietz<\/td>\n<td><\/td>\n<td>1<\/td>\n<td><\/td>\n<td><\/td>\n<td><\/td>\n<td>1<\/td>\n<\/tr>\n<tr>\n<td>24<\/td>\n<td>Lev Bashtavy<\/td>\n<td><\/td>\n<td>1<\/td>\n<td><\/td>\n<td><\/td>\n<td><\/td>\n<td>1<\/td>\n<\/tr>\n<\/table>\n<\/div>\n<p>* Punkte, die den Spielern r\u00fcckwirkend zugesprochen wurden, da sie damals noch als G\u00e4ste teilnahmen, inzwischen aber Mitglieder sind<\/p>\n","protected":false},"excerpt":{"rendered":"<p>Zur Club-Schnellschachmeisterschaft 2026 werden wieder f\u00fcnf \u00fcber das Jahr verteilte Wertungsturniere ausgetragen. Diese werden als Schweizer Turniere \u00fcber sieben Runden im Zeitmodus 10 Minuten + 3 Sekunden pro Zug gespielt. &hellip; <a href=\"http:\/\/sc-weisse-dame.de\/v3\/spielbetrieb\/clubschnellschachmeisterschaft\/clubschnellschachmeisterschaft-2026\/\" class=\"more-link\"><span class=\"screen-reader-text\">Clubschnellschachmeisterschaft 2026<\/span> weiterlesen <span class=\"meta-nav\">&rarr;<\/span><\/a><\/p>\n","protected":false},"author":42,"featured_media":0,"parent":1113,"menu_order":0,"comment_status":"closed","ping_status":"closed","template":"","meta":{"_price":"","_stock":"","_tribe_ticket_header":"","_tribe_default_ticket_provider":"","_tribe_ticket_capacity":"0","_ticket_start_date":"","_ticket_end_date":"","_tribe_ticket_show_description":"","_tribe_ticket_show_not_going":false,"_tribe_ticket_use_global_stock":"","_tribe_ticket_global_stock_level":"","_global_stock_mode":"","_global_stock_cap":"","_tribe_rsvp_for_event":"","_tribe_ticket_going_count":"","_tribe_ticket_not_going_count":"","_tribe_tickets_list":"[]","_tribe_ticket_has_attendee_info_fields":false,"footnotes":"","_tec_slr_enabled":"","_tec_slr_layout":""},"coauthors":[194],"class_list":["post-34318","page","type-page","status-publish","hentry"],"yoast_head":"<!-- This site is optimized with the Yoast SEO plugin v27.3 - https:\/\/yoast.com\/product\/yoast-seo-wordpress\/ -->\n<title>Clubschnellschachmeisterschaft 2026 - SC Weisse Dame e. V.<\/title>\n<meta name=\"robots\" content=\"index, follow, max-snippet:-1, max-image-preview:large, max-video-preview:-1\" \/>\n<link rel=\"canonical\" href=\"http:\/\/sc-weisse-dame.de\/v3\/spielbetrieb\/clubschnellschachmeisterschaft\/clubschnellschachmeisterschaft-2026\/\" \/>\n<meta property=\"og:locale\" content=\"de_DE\" \/>\n<meta property=\"og:type\" content=\"article\" \/>\n<meta property=\"og:title\" content=\"Clubschnellschachmeisterschaft 2026 - SC Weisse Dame e. V.\" \/>\n<meta property=\"og:description\" content=\"Zur Club-Schnellschachmeisterschaft 2026 werden wieder f\u00fcnf \u00fcber das Jahr verteilte Wertungsturniere ausgetragen. Diese werden als Schweizer Turniere \u00fcber sieben Runden im Zeitmodus 10 Minuten + 3 Sekunden pro Zug gespielt. &hellip; Clubschnellschachmeisterschaft 2026 weiterlesen &rarr;\" \/>\n<meta property=\"og:url\" content=\"http:\/\/sc-weisse-dame.de\/v3\/spielbetrieb\/clubschnellschachmeisterschaft\/clubschnellschachmeisterschaft-2026\/\" \/>\n<meta property=\"og:site_name\" content=\"SC Weisse Dame e. V.\" \/>\n<meta property=\"article:modified_time\" content=\"2026-03-13T23:32:35+00:00\" \/>\n<meta name=\"twitter:card\" content=\"summary_large_image\" \/>\n<meta name=\"twitter:label1\" content=\"Gesch\u00e4tzte Lesezeit\" \/>\n\t<meta name=\"twitter:data1\" content=\"1\u00a0Minute\" \/>\n\t<meta name=\"twitter:label2\" content=\"Written by\" \/>\n\t<meta name=\"twitter:data2\" content=\"Dennis Bertuch\" \/>\n<script type=\"application\/ld+json\" class=\"yoast-schema-graph\">{\"@context\":\"https:\\\/\\\/schema.org\",\"@graph\":[{\"@type\":\"WebPage\",\"@id\":\"http:\\\/\\\/sc-weisse-dame.de\\\/v3\\\/spielbetrieb\\\/clubschnellschachmeisterschaft\\\/clubschnellschachmeisterschaft-2026\\\/\",\"url\":\"http:\\\/\\\/sc-weisse-dame.de\\\/v3\\\/spielbetrieb\\\/clubschnellschachmeisterschaft\\\/clubschnellschachmeisterschaft-2026\\\/\",\"name\":\"Clubschnellschachmeisterschaft 2026 - SC Weisse Dame e. V.\",\"isPartOf\":{\"@id\":\"http:\\\/\\\/sc-weisse-dame.de\\\/v3\\\/#website\"},\"datePublished\":\"2026-01-31T22:05:14+00:00\",\"dateModified\":\"2026-03-13T23:32:35+00:00\",\"breadcrumb\":{\"@id\":\"http:\\\/\\\/sc-weisse-dame.de\\\/v3\\\/spielbetrieb\\\/clubschnellschachmeisterschaft\\\/clubschnellschachmeisterschaft-2026\\\/#breadcrumb\"},\"inLanguage\":\"de\",\"potentialAction\":[{\"@type\":\"ReadAction\",\"target\":[\"http:\\\/\\\/sc-weisse-dame.de\\\/v3\\\/spielbetrieb\\\/clubschnellschachmeisterschaft\\\/clubschnellschachmeisterschaft-2026\\\/\"]}]},{\"@type\":\"BreadcrumbList\",\"@id\":\"http:\\\/\\\/sc-weisse-dame.de\\\/v3\\\/spielbetrieb\\\/clubschnellschachmeisterschaft\\\/clubschnellschachmeisterschaft-2026\\\/#breadcrumb\",\"itemListElement\":[{\"@type\":\"ListItem\",\"position\":1,\"name\":\"Startseite\",\"item\":\"http:\\\/\\\/sc-weisse-dame.de\\\/v3\\\/\"},{\"@type\":\"ListItem\",\"position\":2,\"name\":\"Spielbetrieb\",\"item\":\"http:\\\/\\\/sc-weisse-dame.de\\\/v3\\\/spielbetrieb\\\/\"},{\"@type\":\"ListItem\",\"position\":3,\"name\":\"Clubschnellschachmeisterschaft (CSM)\",\"item\":\"http:\\\/\\\/sc-weisse-dame.de\\\/v3\\\/spielbetrieb\\\/clubschnellschachmeisterschaft\\\/\"},{\"@type\":\"ListItem\",\"position\":4,\"name\":\"Clubschnellschachmeisterschaft 2026\"}]},{\"@type\":\"WebSite\",\"@id\":\"http:\\\/\\\/sc-weisse-dame.de\\\/v3\\\/#website\",\"url\":\"http:\\\/\\\/sc-weisse-dame.de\\\/v3\\\/\",\"name\":\"SC Weisse Dame e. V.\",\"description\":\"Herzlich Willkommen!\",\"potentialAction\":[{\"@type\":\"SearchAction\",\"target\":{\"@type\":\"EntryPoint\",\"urlTemplate\":\"http:\\\/\\\/sc-weisse-dame.de\\\/v3\\\/?s={search_term_string}\"},\"query-input\":{\"@type\":\"PropertyValueSpecification\",\"valueRequired\":true,\"valueName\":\"search_term_string\"}}],\"inLanguage\":\"de\"}]}<\/script>\n<!-- \/ Yoast SEO plugin. -->","yoast_head_json":{"title":"Clubschnellschachmeisterschaft 2026 - SC Weisse Dame e. V.","robots":{"index":"index","follow":"follow","max-snippet":"max-snippet:-1","max-image-preview":"max-image-preview:large","max-video-preview":"max-video-preview:-1"},"canonical":"http:\/\/sc-weisse-dame.de\/v3\/spielbetrieb\/clubschnellschachmeisterschaft\/clubschnellschachmeisterschaft-2026\/","og_locale":"de_DE","og_type":"article","og_title":"Clubschnellschachmeisterschaft 2026 - SC Weisse Dame e. V.","og_description":"Zur Club-Schnellschachmeisterschaft 2026 werden wieder f\u00fcnf \u00fcber das Jahr verteilte Wertungsturniere ausgetragen. Diese werden als Schweizer Turniere \u00fcber sieben Runden im Zeitmodus 10 Minuten + 3 Sekunden pro Zug gespielt. &hellip; Clubschnellschachmeisterschaft 2026 weiterlesen &rarr;","og_url":"http:\/\/sc-weisse-dame.de\/v3\/spielbetrieb\/clubschnellschachmeisterschaft\/clubschnellschachmeisterschaft-2026\/","og_site_name":"SC Weisse Dame e. V.","article_modified_time":"2026-03-13T23:32:35+00:00","twitter_card":"summary_large_image","twitter_misc":{"Gesch\u00e4tzte Lesezeit":"1\u00a0Minute","Written by":"Dennis Bertuch"},"schema":{"@context":"https:\/\/schema.org","@graph":[{"@type":"WebPage","@id":"http:\/\/sc-weisse-dame.de\/v3\/spielbetrieb\/clubschnellschachmeisterschaft\/clubschnellschachmeisterschaft-2026\/","url":"http:\/\/sc-weisse-dame.de\/v3\/spielbetrieb\/clubschnellschachmeisterschaft\/clubschnellschachmeisterschaft-2026\/","name":"Clubschnellschachmeisterschaft 2026 - SC Weisse Dame e. V.","isPartOf":{"@id":"http:\/\/sc-weisse-dame.de\/v3\/#website"},"datePublished":"2026-01-31T22:05:14+00:00","dateModified":"2026-03-13T23:32:35+00:00","breadcrumb":{"@id":"http:\/\/sc-weisse-dame.de\/v3\/spielbetrieb\/clubschnellschachmeisterschaft\/clubschnellschachmeisterschaft-2026\/#breadcrumb"},"inLanguage":"de","potentialAction":[{"@type":"ReadAction","target":["http:\/\/sc-weisse-dame.de\/v3\/spielbetrieb\/clubschnellschachmeisterschaft\/clubschnellschachmeisterschaft-2026\/"]}]},{"@type":"BreadcrumbList","@id":"http:\/\/sc-weisse-dame.de\/v3\/spielbetrieb\/clubschnellschachmeisterschaft\/clubschnellschachmeisterschaft-2026\/#breadcrumb","itemListElement":[{"@type":"ListItem","position":1,"name":"Startseite","item":"http:\/\/sc-weisse-dame.de\/v3\/"},{"@type":"ListItem","position":2,"name":"Spielbetrieb","item":"http:\/\/sc-weisse-dame.de\/v3\/spielbetrieb\/"},{"@type":"ListItem","position":3,"name":"Clubschnellschachmeisterschaft (CSM)","item":"http:\/\/sc-weisse-dame.de\/v3\/spielbetrieb\/clubschnellschachmeisterschaft\/"},{"@type":"ListItem","position":4,"name":"Clubschnellschachmeisterschaft 2026"}]},{"@type":"WebSite","@id":"http:\/\/sc-weisse-dame.de\/v3\/#website","url":"http:\/\/sc-weisse-dame.de\/v3\/","name":"SC Weisse Dame e. V.","description":"Herzlich Willkommen!","potentialAction":[{"@type":"SearchAction","target":{"@type":"EntryPoint","urlTemplate":"http:\/\/sc-weisse-dame.de\/v3\/?s={search_term_string}"},"query-input":{"@type":"PropertyValueSpecification","valueRequired":true,"valueName":"search_term_string"}}],"inLanguage":"de"}]}},"ticketed":false,"_links":{"self":[{"href":"http:\/\/sc-weisse-dame.de\/v3\/wp-json\/wp\/v2\/pages\/34318","targetHints":{"allow":["GET"]}}],"collection":[{"href":"http:\/\/sc-weisse-dame.de\/v3\/wp-json\/wp\/v2\/pages"}],"about":[{"href":"http:\/\/sc-weisse-dame.de\/v3\/wp-json\/wp\/v2\/types\/page"}],"author":[{"embeddable":true,"href":"http:\/\/sc-weisse-dame.de\/v3\/wp-json\/wp\/v2\/users\/42"}],"replies":[{"embeddable":true,"href":"http:\/\/sc-weisse-dame.de\/v3\/wp-json\/wp\/v2\/comments?post=34318"}],"version-history":[{"count":3,"href":"http:\/\/sc-weisse-dame.de\/v3\/wp-json\/wp\/v2\/pages\/34318\/revisions"}],"predecessor-version":[{"id":34570,"href":"http:\/\/sc-weisse-dame.de\/v3\/wp-json\/wp\/v2\/pages\/34318\/revisions\/34570"}],"up":[{"embeddable":true,"href":"http:\/\/sc-weisse-dame.de\/v3\/wp-json\/wp\/v2\/pages\/1113"}],"wp:attachment":[{"href":"http:\/\/sc-weisse-dame.de\/v3\/wp-json\/wp\/v2\/media?parent=34318"}],"wp:term":[{"taxonomy":"author","embeddable":true,"href":"http:\/\/sc-weisse-dame.de\/v3\/wp-json\/wp\/v2\/coauthors?post=34318"}],"curies":[{"name":"wp","href":"https:\/\/api.w.org\/{rel}","templated":true}]}}