{"id":31869,"date":"2025-04-08T17:33:19","date_gmt":"2025-04-08T15:33:19","guid":{"rendered":"http:\/\/sc-weisse-dame.de\/v3\/?page_id=31869"},"modified":"2025-12-02T15:17:30","modified_gmt":"2025-12-02T14:17:30","slug":"clubschnellschachmeisterschaft-2025","status":"publish","type":"page","link":"http:\/\/sc-weisse-dame.de\/v3\/spielbetrieb\/clubschnellschachmeisterschaft\/clubschnellschachmeisterschaft-2025\/","title":{"rendered":"Clubschnellschachmeisterschaft 2025"},"content":{"rendered":"<p>Zur Club-Schnellschachmeisterschaft 2025 werden wieder f\u00fcnf \u00fcber das Jahr verteilte Wertungsturniere ausgetragen. Diese werden als Schweizer Turniere \u00fcber sieben Runden im Zeitmodus 10 Minuten + 3 Sekunden pro Zug gespielt. Dabei erh\u00e4lt bei jedem Turnier der bestplatzierte Spieler 25 Punkte und jeder weitere Platz zwei weniger als der vorherige, aber mindestens einen. G\u00e4ste spielen dabei au\u00dfer Konkurrenz, werden bei der Punktevergabe also \u00fcbergangen. F\u00fcr Teilnehmer, die bei mehr als drei Turnieren mitspielen, werden nur die drei besten Turniere ber\u00fccksichtigt. Dabei wird das Turnier &#8222;Freitag der 13.&#8220; am 13.06. als eines dieser Wertungsturniere gelten.<\/p>\n<h5>Punktestand<\/h5>\n<div style=\"width: 100%; overflow: auto; white-space: nowrap;\">\n<table>\n<tbody>\n<tr>\n<th width=\"41\">\u00a0<\/th>\n<th width=\"129\">\u00a0<\/th>\n<th width=\"81\"><a href=\"http:\/\/sc-weisse-dame.de\/v3\/2025\/02\/schnellschach-r1\/\">14.02.2025<\/a><\/th>\n<th width=\"80\"><a href=\"http:\/\/sc-weisse-dame.de\/v3\/2025\/04\/schnellschach-r2\/\">11.04.2025<\/a><\/th>\n<th width=\"80\"><a href=\"http:\/\/sc-weisse-dame.de\/v3\/2025\/06\/schnellturnier-freitag-der-13-am-fr-den-13-06\/\">13.06.2025<\/a><\/th>\n<th width=\"80\"><a href=\"http:\/\/sc-weisse-dame.de\/v3\/2025\/08\/schnellschach-r4\/\">08.08.2025<\/a><\/th>\n<th width=\"80\"><a href=\"http:\/\/sc-weisse-dame.de\/v3\/2025\/11\/33597\/\">14.11.2025<\/a><\/th>\n<th width=\"80\">\u00a0<\/th>\n<\/tr>\n<tr>\n<th width=\"41\">Rang<\/th>\n<th width=\"129\">Teilnehmer<\/th>\n<th width=\"81\">1. WT<\/th>\n<th width=\"80\">2. WT<\/th>\n<th width=\"80\">3. WT<\/th>\n<th width=\"80\">4. WT<\/th>\n<th width=\"80\">5. WT<\/th>\n<th width=\"80\">Gesamt<\/th>\n<\/tr>\n<tr>\n<td>1<\/td>\n<td>Deubler, Bastian<\/td>\n<td>25<\/td>\n<td><\/td>\n<td>25<\/td>\n<td>23<\/td>\n<td><del>21<\/del><\/td>\n<td>73<\/td>\n<\/tr>\n<tr>\n<td>2<\/td>\n<td>Abraham, Ingo, Dr.<\/td>\n<td>23<\/td>\n<td><\/td>\n<td><\/td>\n<td>25<\/td>\n<td>19<\/td>\n<td>67<\/td>\n<\/tr>\n<tr>\n<td>3<\/td>\n<td>Gro\u00df, Thorsten<\/td>\n<td>19<\/td>\n<td>21<\/td>\n<td><\/td>\n<td>21<\/td>\n<td><del>13<\/del><\/td>\n<td>61<\/td>\n<\/tr>\n<tr>\n<td>4<\/td>\n<td>M\u00f6ller, Hendrik<\/td>\n<td><\/td>\n<td>25<\/td>\n<td><\/td>\n<td><\/td>\n<td>25<\/td>\n<td>50<\/td>\n<\/tr>\n<tr>\n<td>5<\/td>\n<td>Sechting, Martin<\/td>\n<td>17<\/td>\n<td>23<\/td>\n<td>5<\/td>\n<td><\/td>\n<td><\/td>\n<td>45<\/td>\n<\/tr>\n<tr>\n<td>\n6<\/td>\n<td>Gelman, Josef<\/td>\n<td><\/td>\n<td><\/td>\n<td>21<\/td>\n<td><\/td>\n<td>23<\/td>\n<td>44<\/td>\n<\/tr>\n<tr>\n<td>\n7<\/td>\n<td>Greiser, Christian<\/td>\n<td><\/td>\n<td><\/td>\n<td><\/td>\n<td>17<\/td>\n<td>17<\/td>\n<td>34<\/td>\n<\/tr>\n<tr>\n<td>\n8-9<\/td>\n<td>Uhl, Heinz<\/td>\n<td>15<\/td>\n<td>15<\/td>\n<td><\/td>\n<td><\/td>\n<td><\/td>\n<td>30<\/td>\n<\/tr>\n<tr>\n<td>\n8-9<\/td>\n<td>Gr\u00fcnwald, Harald<\/td>\n<td><\/td>\n<td><\/td>\n<td>11<\/td>\n<td>19<\/td>\n<td><\/td>\n<td>30<\/td>\n<\/tr>\n<tr>\n<td>\n10<\/td>\n<td>St\u00e4hrfeldt, Philip<\/td>\n<td>13<\/td>\n<td><\/td>\n<td><\/td>\n<td><\/td>\n<td>15<\/td>\n<td>28<\/td>\n<\/tr>\n<tr>\n<td>\n11<\/td>\n<td>Mohrmann, Ralf<\/td>\n<td>21<\/td>\n<td>1<\/td>\n<td><\/td>\n<td><\/td>\n<td>5<\/td>\n<td>27<\/td>\n<\/tr>\n<tr>\n<td>\n12-14<\/td>\n<td>Tepe, Mario<\/td>\n<td><\/td>\n<td>19<\/td>\n<td><\/td>\n<td><\/td>\n<td>7<\/td>\n<td>26<\/td>\n<\/tr>\n<tr>\n<td>\n12-14<\/td>\n<td>Miemietz, Carsten<\/td>\n<td><\/td>\n<td>17<\/td>\n<td><\/td>\n<td><\/td>\n<td>9<\/td>\n<td>26<\/td>\n<\/tr>\n<tr>\n<td>\n12-14<\/td>\n<td>Otterson, Oliver<\/td>\n<td><\/td>\n<td>13<\/td>\n<td>13<\/td>\n<td><\/td>\n<td><\/td>\n<td>26<\/td>\n<\/tr>\n<tr>\n<td>\n15<\/td>\n<td>Tschendel, Roland<\/td>\n<td><\/td>\n<td>9<\/td>\n<td>15<\/td>\n<td><\/td>\n<td><\/td>\n<td>24<\/td>\n<\/tr>\n<tr>\n<td>\n16-17<\/td>\n<td>Bureik, Nicolas<\/td>\n<td><\/td>\n<td><\/td>\n<td><\/td>\n<td>23*<\/td>\n<td><\/td>\n<td>23<\/td>\n<\/tr>\n<tr>\n<td>\n16-17<\/td>\n<td>H\u00f6lscher, Oliver<\/td>\n<td><\/td>\n<td><\/td>\n<td>23<\/td>\n<td><\/td>\n<td><\/td>\n<td>23<\/td>\n<\/tr>\n<tr>\n<td>\n18<\/td>\n<td>Tjusila, Gennesaret<\/td>\n<td><\/td>\n<td>1*<\/td>\n<td>9<\/td>\n<td>11<\/td>\n<td><\/td>\n<td>21<\/td>\n<\/tr>\n<tr>\n<td>\n19<\/td>\n<td>H\u00f6rmann, David<\/td>\n<td><\/td>\n<td>3<\/td>\n<td>17<\/td>\n<td><\/td>\n<td><\/td>\n<td>20<\/td>\n<\/tr>\n<tr>\n<td>\n20<\/td>\n<td>Bashtavy, Anton<\/td>\n<td><\/td>\n<td><\/td>\n<td>19<\/td>\n<td><\/td>\n<td><\/td>\n<td>19<\/td>\n<\/tr>\n<tr>\n<td>\n21-22<\/td>\n<td>Shraifitabar, Ali<\/td>\n<td>5<\/td>\n<td><\/td>\n<td>7<\/td>\n<td><\/td>\n<td>3<\/td>\n<td>15<\/td>\n<\/tr>\n<tr>\n<td>\n21-22<\/td>\n<td>Bender, Sebastian<\/td>\n<td><\/td>\n<td><\/td>\n<td><\/td>\n<td>15<\/td>\n<td><\/td>\n<td>15<\/td>\n<\/tr>\n<tr>\n<td>\n23<\/td>\n<td>Schumacher, Ben<\/td>\n<td><\/td>\n<td><\/td>\n<td><\/td>\n<td>13<\/td>\n<td><\/td>\n<td>13<\/td>\n<\/tr>\n<tr>\n<td>24-26<\/td>\n<td>Grimm, Jakob<\/td>\n<td><\/td>\n<td><\/td>\n<td><\/td>\n<td><\/td>\n<td>11<\/td>\n<td>11<\/td>\n<\/tr>\n<tr>\n<td>\n24-26<\/td>\n<td>Bonke, Hans-J\u00fcrgen<\/td>\n<td>11<\/td>\n<td><\/td>\n<td><\/td>\n<td><\/td>\n<td><\/td>\n<td>11<\/td>\n<\/tr>\n<tr>\n<td>\n24-26<\/td>\n<td>Bertuch, Dennis<\/td>\n<td><\/td>\n<td>11<\/td>\n<td><\/td>\n<td><\/td>\n<td><\/td>\n<td>11<\/td>\n<\/tr>\n<tr>\n<td>\n27<\/td>\n<td>Gemen, Simon<\/td>\n<td>9*<\/td>\n<td>1<\/td>\n<td><\/td>\n<td><\/td>\n<td><\/td>\n<td>10<\/td>\n<\/tr>\n<tr>\n<td>\n28<\/td>\n<td>Patel, Mahin<\/td>\n<td><\/td>\n<td><\/td>\n<td><\/td>\n<td>9<\/td>\n<td><\/td>\n<td>9<\/td>\n<\/tr>\n<tr>\n<td>\n29<\/td>\n<td>Elkhedr, Mohamed<\/td>\n<td><\/td>\n<td>5<\/td>\n<td>3<\/td>\n<td><\/td>\n<td><\/td>\n<td>8<\/td>\n<\/tr>\n<tr>\n<td>\n30-31<\/td>\n<td>Kremling,\u00a0Alamea<\/td>\n<td>7<\/td>\n<td><\/td>\n<td><\/td>\n<td><\/td>\n<td><\/td>\n<td>7<\/td>\n<\/tr>\n<tr>\n<td>\n30-31<\/td>\n<td>Venske, Kai-Gerrit<\/td>\n<td><\/td>\n<td>7<\/td>\n<td><\/td>\n<td><\/td>\n<td><\/td>\n<td>7<\/td>\n<\/tr>\n<tr>\n<td>\n32<\/td>\n<td>Nettem, Bhavadeep<\/td>\n<td><\/td>\n<td><\/td>\n<td>1<\/td>\n<td><\/td>\n<td>1<\/td>\n<td>2<\/td>\n<\/tr>\n<tr>\n<td>33<\/td>\n<td>Rouillon, Bertille<\/td>\n<td><\/td>\n<td><\/td>\n<td><\/td>\n<td><\/td>\n<td>1<\/td>\n<td>1<\/td>\n<\/tr>\n<\/tbody>\n<\/table>\n<\/div>\n<p>* Punkte, die den Spielern r\u00fcckwirkend zugesprochen wurden, da sie damals noch als G\u00e4ste teilnahmen, inzwischen aber Mitglieder sind<\/p>\n","protected":false},"excerpt":{"rendered":"<p>Zur Club-Schnellschachmeisterschaft 2025 werden wieder f\u00fcnf \u00fcber das Jahr verteilte Wertungsturniere ausgetragen. Diese werden als Schweizer Turniere \u00fcber sieben Runden im Zeitmodus 10 Minuten + 3 Sekunden pro Zug gespielt. &hellip; <a href=\"http:\/\/sc-weisse-dame.de\/v3\/spielbetrieb\/clubschnellschachmeisterschaft\/clubschnellschachmeisterschaft-2025\/\" class=\"more-link\"><span class=\"screen-reader-text\">Clubschnellschachmeisterschaft 2025<\/span> weiterlesen <span class=\"meta-nav\">&rarr;<\/span><\/a><\/p>\n","protected":false},"author":42,"featured_media":0,"parent":1113,"menu_order":0,"comment_status":"closed","ping_status":"closed","template":"","meta":{"_price":"","_stock":"","_tribe_ticket_header":"","_tribe_default_ticket_provider":"","_tribe_ticket_capacity":"0","_ticket_start_date":"","_ticket_end_date":"","_tribe_ticket_show_description":"","_tribe_ticket_show_not_going":false,"_tribe_ticket_use_global_stock":"","_tribe_ticket_global_stock_level":"","_global_stock_mode":"","_global_stock_cap":"","_tribe_rsvp_for_event":"","_tribe_ticket_going_count":"","_tribe_ticket_not_going_count":"","_tribe_tickets_list":"[]","_tribe_ticket_has_attendee_info_fields":false,"footnotes":"","_tec_slr_enabled":"","_tec_slr_layout":""},"coauthors":[194],"class_list":["post-31869","page","type-page","status-publish","hentry"],"yoast_head":"<!-- This site is optimized with the Yoast SEO plugin v27.3 - https:\/\/yoast.com\/product\/yoast-seo-wordpress\/ -->\n<title>Clubschnellschachmeisterschaft 2025 - SC Weisse Dame e. V.<\/title>\n<meta name=\"robots\" content=\"index, follow, max-snippet:-1, max-image-preview:large, max-video-preview:-1\" \/>\n<link rel=\"canonical\" href=\"http:\/\/sc-weisse-dame.de\/v3\/spielbetrieb\/clubschnellschachmeisterschaft\/clubschnellschachmeisterschaft-2025\/\" \/>\n<meta property=\"og:locale\" content=\"de_DE\" \/>\n<meta property=\"og:type\" content=\"article\" \/>\n<meta property=\"og:title\" content=\"Clubschnellschachmeisterschaft 2025 - SC Weisse Dame e. V.\" \/>\n<meta property=\"og:description\" content=\"Zur Club-Schnellschachmeisterschaft 2025 werden wieder f\u00fcnf \u00fcber das Jahr verteilte Wertungsturniere ausgetragen. Diese werden als Schweizer Turniere \u00fcber sieben Runden im Zeitmodus 10 Minuten + 3 Sekunden pro Zug gespielt. &hellip; Clubschnellschachmeisterschaft 2025 weiterlesen &rarr;\" \/>\n<meta property=\"og:url\" content=\"http:\/\/sc-weisse-dame.de\/v3\/spielbetrieb\/clubschnellschachmeisterschaft\/clubschnellschachmeisterschaft-2025\/\" \/>\n<meta property=\"og:site_name\" content=\"SC Weisse Dame e. V.\" \/>\n<meta property=\"article:modified_time\" content=\"2025-12-02T14:17:30+00:00\" \/>\n<meta name=\"twitter:card\" content=\"summary_large_image\" \/>\n<meta name=\"twitter:label1\" content=\"Gesch\u00e4tzte Lesezeit\" \/>\n\t<meta name=\"twitter:data1\" content=\"2\u00a0Minuten\" \/>\n\t<meta name=\"twitter:label2\" content=\"Written by\" \/>\n\t<meta name=\"twitter:data2\" content=\"Dennis Bertuch\" \/>\n<script type=\"application\/ld+json\" class=\"yoast-schema-graph\">{\"@context\":\"https:\\\/\\\/schema.org\",\"@graph\":[{\"@type\":\"WebPage\",\"@id\":\"http:\\\/\\\/sc-weisse-dame.de\\\/v3\\\/spielbetrieb\\\/clubschnellschachmeisterschaft\\\/clubschnellschachmeisterschaft-2025\\\/\",\"url\":\"http:\\\/\\\/sc-weisse-dame.de\\\/v3\\\/spielbetrieb\\\/clubschnellschachmeisterschaft\\\/clubschnellschachmeisterschaft-2025\\\/\",\"name\":\"Clubschnellschachmeisterschaft 2025 - SC Weisse Dame e. V.\",\"isPartOf\":{\"@id\":\"http:\\\/\\\/sc-weisse-dame.de\\\/v3\\\/#website\"},\"datePublished\":\"2025-04-08T15:33:19+00:00\",\"dateModified\":\"2025-12-02T14:17:30+00:00\",\"breadcrumb\":{\"@id\":\"http:\\\/\\\/sc-weisse-dame.de\\\/v3\\\/spielbetrieb\\\/clubschnellschachmeisterschaft\\\/clubschnellschachmeisterschaft-2025\\\/#breadcrumb\"},\"inLanguage\":\"de\",\"potentialAction\":[{\"@type\":\"ReadAction\",\"target\":[\"http:\\\/\\\/sc-weisse-dame.de\\\/v3\\\/spielbetrieb\\\/clubschnellschachmeisterschaft\\\/clubschnellschachmeisterschaft-2025\\\/\"]}]},{\"@type\":\"BreadcrumbList\",\"@id\":\"http:\\\/\\\/sc-weisse-dame.de\\\/v3\\\/spielbetrieb\\\/clubschnellschachmeisterschaft\\\/clubschnellschachmeisterschaft-2025\\\/#breadcrumb\",\"itemListElement\":[{\"@type\":\"ListItem\",\"position\":1,\"name\":\"Startseite\",\"item\":\"http:\\\/\\\/sc-weisse-dame.de\\\/v3\\\/\"},{\"@type\":\"ListItem\",\"position\":2,\"name\":\"Spielbetrieb\",\"item\":\"http:\\\/\\\/sc-weisse-dame.de\\\/v3\\\/spielbetrieb\\\/\"},{\"@type\":\"ListItem\",\"position\":3,\"name\":\"Clubschnellschachmeisterschaft (CSM)\",\"item\":\"http:\\\/\\\/sc-weisse-dame.de\\\/v3\\\/spielbetrieb\\\/clubschnellschachmeisterschaft\\\/\"},{\"@type\":\"ListItem\",\"position\":4,\"name\":\"Clubschnellschachmeisterschaft 2025\"}]},{\"@type\":\"WebSite\",\"@id\":\"http:\\\/\\\/sc-weisse-dame.de\\\/v3\\\/#website\",\"url\":\"http:\\\/\\\/sc-weisse-dame.de\\\/v3\\\/\",\"name\":\"SC Weisse Dame e. V.\",\"description\":\"Herzlich Willkommen!\",\"potentialAction\":[{\"@type\":\"SearchAction\",\"target\":{\"@type\":\"EntryPoint\",\"urlTemplate\":\"http:\\\/\\\/sc-weisse-dame.de\\\/v3\\\/?s={search_term_string}\"},\"query-input\":{\"@type\":\"PropertyValueSpecification\",\"valueRequired\":true,\"valueName\":\"search_term_string\"}}],\"inLanguage\":\"de\"}]}<\/script>\n<!-- \/ Yoast SEO plugin. -->","yoast_head_json":{"title":"Clubschnellschachmeisterschaft 2025 - SC Weisse Dame e. V.","robots":{"index":"index","follow":"follow","max-snippet":"max-snippet:-1","max-image-preview":"max-image-preview:large","max-video-preview":"max-video-preview:-1"},"canonical":"http:\/\/sc-weisse-dame.de\/v3\/spielbetrieb\/clubschnellschachmeisterschaft\/clubschnellschachmeisterschaft-2025\/","og_locale":"de_DE","og_type":"article","og_title":"Clubschnellschachmeisterschaft 2025 - SC Weisse Dame e. V.","og_description":"Zur Club-Schnellschachmeisterschaft 2025 werden wieder f\u00fcnf \u00fcber das Jahr verteilte Wertungsturniere ausgetragen. Diese werden als Schweizer Turniere \u00fcber sieben Runden im Zeitmodus 10 Minuten + 3 Sekunden pro Zug gespielt. &hellip; Clubschnellschachmeisterschaft 2025 weiterlesen &rarr;","og_url":"http:\/\/sc-weisse-dame.de\/v3\/spielbetrieb\/clubschnellschachmeisterschaft\/clubschnellschachmeisterschaft-2025\/","og_site_name":"SC Weisse Dame e. V.","article_modified_time":"2025-12-02T14:17:30+00:00","twitter_card":"summary_large_image","twitter_misc":{"Gesch\u00e4tzte Lesezeit":"2\u00a0Minuten","Written by":"Dennis Bertuch"},"schema":{"@context":"https:\/\/schema.org","@graph":[{"@type":"WebPage","@id":"http:\/\/sc-weisse-dame.de\/v3\/spielbetrieb\/clubschnellschachmeisterschaft\/clubschnellschachmeisterschaft-2025\/","url":"http:\/\/sc-weisse-dame.de\/v3\/spielbetrieb\/clubschnellschachmeisterschaft\/clubschnellschachmeisterschaft-2025\/","name":"Clubschnellschachmeisterschaft 2025 - SC Weisse Dame e. V.","isPartOf":{"@id":"http:\/\/sc-weisse-dame.de\/v3\/#website"},"datePublished":"2025-04-08T15:33:19+00:00","dateModified":"2025-12-02T14:17:30+00:00","breadcrumb":{"@id":"http:\/\/sc-weisse-dame.de\/v3\/spielbetrieb\/clubschnellschachmeisterschaft\/clubschnellschachmeisterschaft-2025\/#breadcrumb"},"inLanguage":"de","potentialAction":[{"@type":"ReadAction","target":["http:\/\/sc-weisse-dame.de\/v3\/spielbetrieb\/clubschnellschachmeisterschaft\/clubschnellschachmeisterschaft-2025\/"]}]},{"@type":"BreadcrumbList","@id":"http:\/\/sc-weisse-dame.de\/v3\/spielbetrieb\/clubschnellschachmeisterschaft\/clubschnellschachmeisterschaft-2025\/#breadcrumb","itemListElement":[{"@type":"ListItem","position":1,"name":"Startseite","item":"http:\/\/sc-weisse-dame.de\/v3\/"},{"@type":"ListItem","position":2,"name":"Spielbetrieb","item":"http:\/\/sc-weisse-dame.de\/v3\/spielbetrieb\/"},{"@type":"ListItem","position":3,"name":"Clubschnellschachmeisterschaft (CSM)","item":"http:\/\/sc-weisse-dame.de\/v3\/spielbetrieb\/clubschnellschachmeisterschaft\/"},{"@type":"ListItem","position":4,"name":"Clubschnellschachmeisterschaft 2025"}]},{"@type":"WebSite","@id":"http:\/\/sc-weisse-dame.de\/v3\/#website","url":"http:\/\/sc-weisse-dame.de\/v3\/","name":"SC Weisse Dame e. V.","description":"Herzlich Willkommen!","potentialAction":[{"@type":"SearchAction","target":{"@type":"EntryPoint","urlTemplate":"http:\/\/sc-weisse-dame.de\/v3\/?s={search_term_string}"},"query-input":{"@type":"PropertyValueSpecification","valueRequired":true,"valueName":"search_term_string"}}],"inLanguage":"de"}]}},"ticketed":false,"_links":{"self":[{"href":"http:\/\/sc-weisse-dame.de\/v3\/wp-json\/wp\/v2\/pages\/31869","targetHints":{"allow":["GET"]}}],"collection":[{"href":"http:\/\/sc-weisse-dame.de\/v3\/wp-json\/wp\/v2\/pages"}],"about":[{"href":"http:\/\/sc-weisse-dame.de\/v3\/wp-json\/wp\/v2\/types\/page"}],"author":[{"embeddable":true,"href":"http:\/\/sc-weisse-dame.de\/v3\/wp-json\/wp\/v2\/users\/42"}],"replies":[{"embeddable":true,"href":"http:\/\/sc-weisse-dame.de\/v3\/wp-json\/wp\/v2\/comments?post=31869"}],"version-history":[{"count":10,"href":"http:\/\/sc-weisse-dame.de\/v3\/wp-json\/wp\/v2\/pages\/31869\/revisions"}],"predecessor-version":[{"id":33743,"href":"http:\/\/sc-weisse-dame.de\/v3\/wp-json\/wp\/v2\/pages\/31869\/revisions\/33743"}],"up":[{"embeddable":true,"href":"http:\/\/sc-weisse-dame.de\/v3\/wp-json\/wp\/v2\/pages\/1113"}],"wp:attachment":[{"href":"http:\/\/sc-weisse-dame.de\/v3\/wp-json\/wp\/v2\/media?parent=31869"}],"wp:term":[{"taxonomy":"author","embeddable":true,"href":"http:\/\/sc-weisse-dame.de\/v3\/wp-json\/wp\/v2\/coauthors?post=31869"}],"curies":[{"name":"wp","href":"https:\/\/api.w.org\/{rel}","templated":true}]}}