{"id":31591,"date":"2025-02-23T21:00:12","date_gmt":"2025-02-23T20:00:12","guid":{"rendered":"http:\/\/sc-weisse-dame.de\/v3\/?page_id=31591"},"modified":"2026-01-04T21:34:36","modified_gmt":"2026-01-04T20:34:36","slug":"clubblitzschachmeisterschaft-2025","status":"publish","type":"page","link":"http:\/\/sc-weisse-dame.de\/v3\/spielbetrieb\/clubblitzschachmeisterschaft-2025\/","title":{"rendered":"Clubblitzschachmeisterschaft 2025"},"content":{"rendered":"<p>Zur Club-Blitzmeisterschaft 2025 wurden wieder f\u00fcnf \u00fcber das Jahr verteilte Wertungsturniere ausgetragen. Diese wurden als Rundenturniere im Zeitmodus 3 Minuten + 2 Sekunden pro Zug gespielt. Dabei erhielt bei jedem Turnier der bestplatzierte Spieler 25 Punkte und jeder weitere Platz zwei weniger als der vorherige, aber mindestens einen. G\u00e4ste spielen dabei au\u00dfer Konkurrenz, werden bei der Punktevergabe also \u00fcbergangen. F\u00fcr Teilnehmer, die bei mehr als drei Turnieren mitspielen, werden nur die drei besten Turniere ber\u00fccksichtigt.<\/p>\n<p>Gewonnen wurde das Turnier von Heinz Uhl, da er zweimal den ersten und einmal den zweiten Platz belegen konnte.<\/p>\n<h5>Punktestand<\/h5>\n<div style=\"width: 100%; overflow: auto; white-space: nowrap;\">\n<table style=\"border-collapse: collapse;\" border=\"1\" cellspacing=\"2\" cellpadding=\"2\">\n<tbody>\n<tr>\n<th>Nr.<\/th>\n<th>Name<\/th>\n<th><a href=\"http:\/\/sc-weisse-dame.de\/v3\/2025\/01\/b2025-1wt\/\">WT1<\/a><\/th>\n<th><a href=\"http:\/\/sc-weisse-dame.de\/v3\/2025\/03\/clubblitzschachmeisterschaft-2-wertungsturnier\/\">WT2<\/a><\/th>\n<th><a href=\"http:\/\/sc-weisse-dame.de\/v3\/2025\/05\/clubblitzschachmeisterschaft-drittes-wertungsturnier\/\">WT3<\/a><\/th>\n<th><a href=\"http:\/\/sc-weisse-dame.de\/v3\/2025\/07\/clubblitzschachmeisterschaft-viertes-wertungsturnier\/\">WT4<\/a><\/th>\n<th><a href=\"http:\/\/sc-weisse-dame.de\/v3\/2025\/10\/clubblitzschachmeisterschaft-5-wertungsturnier-2\/\">WT5<\/a><\/th>\n<th>Gesamt<\/th>\n<\/tr>\n<tr>\n<td>1<\/td>\n<td>Uhl, Heinz<\/td>\n<td><del>15<\/del><\/td>\n<td><del>21<\/del><\/td>\n<td>25<\/td>\n<td>23<\/td>\n<td>25<\/td>\n<td>73<\/td>\n<\/tr>\n<tr>\n<td>2<\/td>\n<td>H\u00f6rmann, David<\/td>\n<td>25<\/td>\n<td>19<\/td>\n<td>&nbsp;<\/td>\n<td>&nbsp;<\/td>\n<td>23<\/td>\n<td>67<\/td>\n<\/tr>\n<tr>\n<td>3<\/td>\n<td>Deubler, Bastian<\/td>\n<td>&nbsp;<\/td>\n<td>&nbsp;<\/td>\n<td>21<\/td>\n<td>25<\/td>\n<td>17<\/td>\n<td>63<\/td>\n<\/tr>\n<tr>\n<td>4<\/td>\n<td>Gro\u00df, Thorsten<\/td>\n<td><del>17<\/del><\/td>\n<td><del>13<\/del><\/td>\n<td>19<\/td>\n<td>21<\/td>\n<td>21<\/td>\n<td>61<\/td>\n<\/tr>\n<tr>\n<td>5<\/td>\n<td>Abraham, Ingo<\/td>\n<td>&nbsp;<\/td>\n<td>17<\/td>\n<td>11<\/td>\n<td>17<\/td>\n<td>&nbsp;<\/td>\n<td>45<\/td>\n<\/tr>\n<tr>\n<td>6<\/td>\n<td>M\u00f6ller, Hendrik<\/td>\n<td>&nbsp;<\/td>\n<td>25<\/td>\n<td>&nbsp;<\/td>\n<td>19<\/td>\n<td>&nbsp;<\/td>\n<td>44<\/td>\n<\/tr>\n<tr>\n<td>7<\/td>\n<td>Bashtavy, Anton<\/td>\n<td>19<\/td>\n<td>23<\/td>\n<td>&nbsp;<\/td>\n<td>&nbsp;<\/td>\n<td>&nbsp;<\/td>\n<td>42<\/td>\n<\/tr>\n<tr>\n<td>8<\/td>\n<td>H\u00f6lscher, Oliver<\/td>\n<td>&nbsp;<\/td>\n<td>&nbsp;<\/td>\n<td>23<\/td>\n<td>15<\/td>\n<td>&nbsp;<\/td>\n<td>38<\/td>\n<\/tr>\n<tr>\n<td>8<\/td>\n<td>Wischh\u00f6fer, Cord<\/td>\n<td>23<\/td>\n<td>15<\/td>\n<td>&nbsp;<\/td>\n<td>&nbsp;<\/td>\n<td>&nbsp;<\/td>\n<td>38<\/td>\n<\/tr>\n<tr>\n<td>10<\/td>\n<td>Miemietz, Carsten<\/td>\n<td>&nbsp;<\/td>\n<td>7<\/td>\n<td>15<\/td>\n<td>&nbsp;<\/td>\n<td>15<\/td>\n<td>37<\/td>\n<\/tr>\n<tr>\n<td>11<\/td>\n<td>Bertuch, Dennis<\/td>\n<td><del>5<\/del><\/td>\n<td><del>1<\/del><\/td>\n<td>7<\/td>\n<td>11<\/td>\n<td>9<\/td>\n<td>27<\/td>\n<\/tr>\n<tr>\n<td>12<\/td>\n<td>Tschendel, Roland<\/td>\n<td>11<\/td>\n<td>&nbsp;<\/td>\n<td>13<\/td>\n<td>&nbsp;<\/td>\n<td>&nbsp;<\/td>\n<td>24<\/td>\n<\/tr>\n<tr>\n<td>13<\/td>\n<td>Sechting, Martin<\/td>\n<td>13<\/td>\n<td>9<\/td>\n<td>&nbsp;<\/td>\n<td>&nbsp;<\/td>\n<td>&nbsp;<\/td>\n<td>22<\/td>\n<\/tr>\n<tr>\n<td>14<\/td>\n<td>Tepe, Mario<\/td>\n<td>21<\/td>\n<td>&nbsp;<\/td>\n<td>&nbsp;<\/td>\n<td>&nbsp;<\/td>\n<td>&nbsp;<\/td>\n<td>21<\/td>\n<\/tr>\n<tr>\n<td>15<\/td>\n<td>Grimm, Jakob<\/td>\n<td>&nbsp;<\/td>\n<td>&nbsp;<\/td>\n<td>&nbsp;<\/td>\n<td>&nbsp;<\/td>\n<td>19<\/td>\n<td>19<\/td>\n<\/tr>\n<tr>\n<td>16<\/td>\n<td>Gemen, Simon<\/td>\n<td>&nbsp;<\/td>\n<td><del>1*<\/del><\/td>\n<td>5<\/td>\n<td>7<\/td>\n<td>5<\/td>\n<td>17<\/td>\n<\/tr>\n<tr>\n<td>16<\/td>\n<td>Venske, Kai-Gerrit<\/td>\n<td>&nbsp;<\/td>\n<td>&nbsp;<\/td>\n<td>17<\/td>\n<td>&nbsp;<\/td>\n<td>&nbsp;<\/td>\n<td>17<\/td>\n<\/tr>\n<tr>\n<td>18<\/td>\n<td>Lewicki, Dawid<\/td>\n<td>&nbsp;<\/td>\n<td>&nbsp;<\/td>\n<td>&nbsp;<\/td>\n<td>&nbsp;<\/td>\n<td>13<\/td>\n<td>13<\/td>\n<\/tr>\n<tr>\n<td>18<\/td>\n<td>Kercek, Orhun<\/td>\n<td>&nbsp;<\/td>\n<td>&nbsp;<\/td>\n<td>13*<\/td>\n<td>&nbsp;<\/td>\n<td>&nbsp;<\/td>\n<td>13<\/td>\n<\/tr>\n<tr>\n<td>18<\/td>\n<td>Elkhedr, Mohamed<\/td>\n<td>&nbsp;<\/td>\n<td>&nbsp;<\/td>\n<td>&nbsp;<\/td>\n<td>13<\/td>\n<td>&nbsp;<\/td>\n<td>13<\/td>\n<\/tr>\n<tr>\n<td>21<\/td>\n<td>Nisan, Beeri<\/td>\n<td>&nbsp;<\/td>\n<td>&nbsp;<\/td>\n<td>&nbsp;<\/td>\n<td>&nbsp;<\/td>\n<td>11<\/td>\n<td>11<\/td>\n<\/tr>\n<tr>\n<td>21<\/td>\n<td>Bureik, Nicolas<\/td>\n<td>&nbsp;<\/td>\n<td>&nbsp;<\/td>\n<td>&nbsp;<\/td>\n<td>11*<\/td>\n<td>&nbsp;<\/td>\n<td>11<\/td>\n<\/tr>\n<tr>\n<td>21<\/td>\n<td>Kaiser, Martin<\/td>\n<td>&nbsp;<\/td>\n<td>11<\/td>\n<td>&nbsp;<\/td>\n<td>&nbsp;<\/td>\n<td>&nbsp;<\/td>\n<td>11<\/td>\n<\/tr>\n<tr>\n<td>24<\/td>\n<td>Sharifitabar, Ali<\/td>\n<td>7<\/td>\n<td>3<\/td>\n<td>&nbsp;<\/td>\n<td>&nbsp;<\/td>\n<td>&nbsp;<\/td>\n<td>10<\/td>\n<\/tr>\n<tr>\n<td>25<\/td>\n<td>Bauer, Gregor<\/td>\n<td>9<\/td>\n<td>&nbsp;<\/td>\n<td>&nbsp;<\/td>\n<td>&nbsp;<\/td>\n<td>&nbsp;<\/td>\n<td>9<\/td>\n<\/tr>\n<tr>\n<td>25<\/td>\n<td>Nettem, Bhavadeep<\/td>\n<td>&nbsp;<\/td>\n<td>&nbsp;<\/td>\n<td>&nbsp;<\/td>\n<td>9<\/td>\n<td>&nbsp;<\/td>\n<td>9<\/td>\n<\/tr>\n<tr>\n<td>25<\/td>\n<td>Mertens, Richard<\/td>\n<td>&nbsp;<\/td>\n<td>&nbsp;<\/td>\n<td>9<\/td>\n<td>&nbsp;<\/td>\n<td>&nbsp;<\/td>\n<td>9<\/td>\n<\/tr>\n<tr>\n<td>28<\/td>\n<td>Miemietz, Wesley<\/td>\n<td>&nbsp;<\/td>\n<td>&nbsp;<\/td>\n<td>&nbsp;<\/td>\n<td>&nbsp;<\/td>\n<td>7<\/td>\n<td>7<\/td>\n<\/tr>\n<tr>\n<td>29<\/td>\n<td>Tjusila, Gennesarat<\/td>\n<td>&nbsp;<\/td>\n<td>3*<\/td>\n<td>3*<\/td>\n<td>&nbsp;<\/td>\n<td>&nbsp;<\/td>\n<td>6<\/td>\n<\/tr>\n<tr>\n<td>30<\/td>\n<td>St\u00e4hrfeldt, Philipp<\/td>\n<td>&nbsp;<\/td>\n<td>5<\/td>\n<td>&nbsp;<\/td>\n<td>&nbsp;<\/td>\n<td>&nbsp;<\/td>\n<td>5<\/td>\n<\/tr>\n<tr>\n<td>31<\/td>\n<td>Wolgast, Benjamin<\/td>\n<td>&nbsp;<\/td>\n<td>&nbsp;<\/td>\n<td>3<\/td>\n<td>&nbsp;<\/td>\n<td>&nbsp;<\/td>\n<td>3<\/td>\n<\/tr>\n<\/tbody>\n<\/table>\n<\/div>\n<p>* Punkte, die den Spielern r\u00fcckwirkend zugesprochen wurden, da sie damals noch als G\u00e4ste teilnahmen, inzwischen aber Mitglieder sind<\/p>\n","protected":false},"excerpt":{"rendered":"<p>Zur Club-Blitzmeisterschaft 2025 wurden wieder f\u00fcnf \u00fcber das Jahr verteilte Wertungsturniere ausgetragen. Diese wurden als Rundenturniere im Zeitmodus 3 Minuten + 2 Sekunden pro Zug gespielt. Dabei erhielt bei jedem &hellip; <a href=\"http:\/\/sc-weisse-dame.de\/v3\/spielbetrieb\/clubblitzschachmeisterschaft-2025\/\" class=\"more-link\"><span class=\"screen-reader-text\">Clubblitzschachmeisterschaft 2025<\/span> weiterlesen <span class=\"meta-nav\">&rarr;<\/span><\/a><\/p>\n","protected":false},"author":42,"featured_media":0,"parent":40,"menu_order":0,"comment_status":"closed","ping_status":"closed","template":"","meta":{"_price":"","_stock":"","_tribe_ticket_header":"","_tribe_default_ticket_provider":"","_tribe_ticket_capacity":"0","_ticket_start_date":"","_ticket_end_date":"","_tribe_ticket_show_description":"","_tribe_ticket_show_not_going":false,"_tribe_ticket_use_global_stock":"","_tribe_ticket_global_stock_level":"","_global_stock_mode":"","_global_stock_cap":"","_tribe_rsvp_for_event":"","_tribe_ticket_going_count":"","_tribe_ticket_not_going_count":"","_tribe_tickets_list":"[]","_tribe_ticket_has_attendee_info_fields":false,"footnotes":"","_tec_slr_enabled":"","_tec_slr_layout":""},"coauthors":[194],"class_list":["post-31591","page","type-page","status-publish","hentry"],"yoast_head":"<!-- This site is optimized with the Yoast SEO plugin v27.3 - https:\/\/yoast.com\/product\/yoast-seo-wordpress\/ -->\n<title>Clubblitzschachmeisterschaft 2025 - SC Weisse Dame e. V.<\/title>\n<meta name=\"robots\" content=\"index, follow, max-snippet:-1, max-image-preview:large, max-video-preview:-1\" \/>\n<link rel=\"canonical\" href=\"http:\/\/sc-weisse-dame.de\/v3\/spielbetrieb\/clubblitzschachmeisterschaft-2025\/\" \/>\n<meta property=\"og:locale\" content=\"de_DE\" \/>\n<meta property=\"og:type\" content=\"article\" \/>\n<meta property=\"og:title\" content=\"Clubblitzschachmeisterschaft 2025 - SC Weisse Dame e. V.\" \/>\n<meta property=\"og:description\" content=\"Zur Club-Blitzmeisterschaft 2025 wurden wieder f\u00fcnf \u00fcber das Jahr verteilte Wertungsturniere ausgetragen. Diese wurden als Rundenturniere im Zeitmodus 3 Minuten + 2 Sekunden pro Zug gespielt. Dabei erhielt bei jedem &hellip; Clubblitzschachmeisterschaft 2025 weiterlesen &rarr;\" \/>\n<meta property=\"og:url\" content=\"http:\/\/sc-weisse-dame.de\/v3\/spielbetrieb\/clubblitzschachmeisterschaft-2025\/\" \/>\n<meta property=\"og:site_name\" content=\"SC Weisse Dame e. V.\" \/>\n<meta property=\"article:modified_time\" content=\"2026-01-04T20:34:36+00:00\" \/>\n<meta name=\"twitter:card\" content=\"summary_large_image\" \/>\n<meta name=\"twitter:label1\" content=\"Gesch\u00e4tzte Lesezeit\" \/>\n\t<meta name=\"twitter:data1\" content=\"2\u00a0Minuten\" \/>\n\t<meta name=\"twitter:label2\" content=\"Written by\" \/>\n\t<meta name=\"twitter:data2\" content=\"Dennis Bertuch\" \/>\n<script type=\"application\/ld+json\" class=\"yoast-schema-graph\">{\"@context\":\"https:\\\/\\\/schema.org\",\"@graph\":[{\"@type\":\"WebPage\",\"@id\":\"http:\\\/\\\/sc-weisse-dame.de\\\/v3\\\/spielbetrieb\\\/clubblitzschachmeisterschaft-2025\\\/\",\"url\":\"http:\\\/\\\/sc-weisse-dame.de\\\/v3\\\/spielbetrieb\\\/clubblitzschachmeisterschaft-2025\\\/\",\"name\":\"Clubblitzschachmeisterschaft 2025 - SC Weisse Dame e. V.\",\"isPartOf\":{\"@id\":\"http:\\\/\\\/sc-weisse-dame.de\\\/v3\\\/#website\"},\"datePublished\":\"2025-02-23T20:00:12+00:00\",\"dateModified\":\"2026-01-04T20:34:36+00:00\",\"breadcrumb\":{\"@id\":\"http:\\\/\\\/sc-weisse-dame.de\\\/v3\\\/spielbetrieb\\\/clubblitzschachmeisterschaft-2025\\\/#breadcrumb\"},\"inLanguage\":\"de\",\"potentialAction\":[{\"@type\":\"ReadAction\",\"target\":[\"http:\\\/\\\/sc-weisse-dame.de\\\/v3\\\/spielbetrieb\\\/clubblitzschachmeisterschaft-2025\\\/\"]}]},{\"@type\":\"BreadcrumbList\",\"@id\":\"http:\\\/\\\/sc-weisse-dame.de\\\/v3\\\/spielbetrieb\\\/clubblitzschachmeisterschaft-2025\\\/#breadcrumb\",\"itemListElement\":[{\"@type\":\"ListItem\",\"position\":1,\"name\":\"Startseite\",\"item\":\"http:\\\/\\\/sc-weisse-dame.de\\\/v3\\\/\"},{\"@type\":\"ListItem\",\"position\":2,\"name\":\"Spielbetrieb\",\"item\":\"http:\\\/\\\/sc-weisse-dame.de\\\/v3\\\/spielbetrieb\\\/\"},{\"@type\":\"ListItem\",\"position\":3,\"name\":\"Clubblitzschachmeisterschaft 2025\"}]},{\"@type\":\"WebSite\",\"@id\":\"http:\\\/\\\/sc-weisse-dame.de\\\/v3\\\/#website\",\"url\":\"http:\\\/\\\/sc-weisse-dame.de\\\/v3\\\/\",\"name\":\"SC Weisse Dame e. V.\",\"description\":\"Herzlich Willkommen!\",\"potentialAction\":[{\"@type\":\"SearchAction\",\"target\":{\"@type\":\"EntryPoint\",\"urlTemplate\":\"http:\\\/\\\/sc-weisse-dame.de\\\/v3\\\/?s={search_term_string}\"},\"query-input\":{\"@type\":\"PropertyValueSpecification\",\"valueRequired\":true,\"valueName\":\"search_term_string\"}}],\"inLanguage\":\"de\"}]}<\/script>\n<!-- \/ Yoast SEO plugin. -->","yoast_head_json":{"title":"Clubblitzschachmeisterschaft 2025 - SC Weisse Dame e. V.","robots":{"index":"index","follow":"follow","max-snippet":"max-snippet:-1","max-image-preview":"max-image-preview:large","max-video-preview":"max-video-preview:-1"},"canonical":"http:\/\/sc-weisse-dame.de\/v3\/spielbetrieb\/clubblitzschachmeisterschaft-2025\/","og_locale":"de_DE","og_type":"article","og_title":"Clubblitzschachmeisterschaft 2025 - SC Weisse Dame e. V.","og_description":"Zur Club-Blitzmeisterschaft 2025 wurden wieder f\u00fcnf \u00fcber das Jahr verteilte Wertungsturniere ausgetragen. Diese wurden als Rundenturniere im Zeitmodus 3 Minuten + 2 Sekunden pro Zug gespielt. Dabei erhielt bei jedem &hellip; Clubblitzschachmeisterschaft 2025 weiterlesen &rarr;","og_url":"http:\/\/sc-weisse-dame.de\/v3\/spielbetrieb\/clubblitzschachmeisterschaft-2025\/","og_site_name":"SC Weisse Dame e. V.","article_modified_time":"2026-01-04T20:34:36+00:00","twitter_card":"summary_large_image","twitter_misc":{"Gesch\u00e4tzte Lesezeit":"2\u00a0Minuten","Written by":"Dennis Bertuch"},"schema":{"@context":"https:\/\/schema.org","@graph":[{"@type":"WebPage","@id":"http:\/\/sc-weisse-dame.de\/v3\/spielbetrieb\/clubblitzschachmeisterschaft-2025\/","url":"http:\/\/sc-weisse-dame.de\/v3\/spielbetrieb\/clubblitzschachmeisterschaft-2025\/","name":"Clubblitzschachmeisterschaft 2025 - SC Weisse Dame e. V.","isPartOf":{"@id":"http:\/\/sc-weisse-dame.de\/v3\/#website"},"datePublished":"2025-02-23T20:00:12+00:00","dateModified":"2026-01-04T20:34:36+00:00","breadcrumb":{"@id":"http:\/\/sc-weisse-dame.de\/v3\/spielbetrieb\/clubblitzschachmeisterschaft-2025\/#breadcrumb"},"inLanguage":"de","potentialAction":[{"@type":"ReadAction","target":["http:\/\/sc-weisse-dame.de\/v3\/spielbetrieb\/clubblitzschachmeisterschaft-2025\/"]}]},{"@type":"BreadcrumbList","@id":"http:\/\/sc-weisse-dame.de\/v3\/spielbetrieb\/clubblitzschachmeisterschaft-2025\/#breadcrumb","itemListElement":[{"@type":"ListItem","position":1,"name":"Startseite","item":"http:\/\/sc-weisse-dame.de\/v3\/"},{"@type":"ListItem","position":2,"name":"Spielbetrieb","item":"http:\/\/sc-weisse-dame.de\/v3\/spielbetrieb\/"},{"@type":"ListItem","position":3,"name":"Clubblitzschachmeisterschaft 2025"}]},{"@type":"WebSite","@id":"http:\/\/sc-weisse-dame.de\/v3\/#website","url":"http:\/\/sc-weisse-dame.de\/v3\/","name":"SC Weisse Dame e. V.","description":"Herzlich Willkommen!","potentialAction":[{"@type":"SearchAction","target":{"@type":"EntryPoint","urlTemplate":"http:\/\/sc-weisse-dame.de\/v3\/?s={search_term_string}"},"query-input":{"@type":"PropertyValueSpecification","valueRequired":true,"valueName":"search_term_string"}}],"inLanguage":"de"}]}},"ticketed":false,"_links":{"self":[{"href":"http:\/\/sc-weisse-dame.de\/v3\/wp-json\/wp\/v2\/pages\/31591","targetHints":{"allow":["GET"]}}],"collection":[{"href":"http:\/\/sc-weisse-dame.de\/v3\/wp-json\/wp\/v2\/pages"}],"about":[{"href":"http:\/\/sc-weisse-dame.de\/v3\/wp-json\/wp\/v2\/types\/page"}],"author":[{"embeddable":true,"href":"http:\/\/sc-weisse-dame.de\/v3\/wp-json\/wp\/v2\/users\/42"}],"replies":[{"embeddable":true,"href":"http:\/\/sc-weisse-dame.de\/v3\/wp-json\/wp\/v2\/comments?post=31591"}],"version-history":[{"count":10,"href":"http:\/\/sc-weisse-dame.de\/v3\/wp-json\/wp\/v2\/pages\/31591\/revisions"}],"predecessor-version":[{"id":34097,"href":"http:\/\/sc-weisse-dame.de\/v3\/wp-json\/wp\/v2\/pages\/31591\/revisions\/34097"}],"up":[{"embeddable":true,"href":"http:\/\/sc-weisse-dame.de\/v3\/wp-json\/wp\/v2\/pages\/40"}],"wp:attachment":[{"href":"http:\/\/sc-weisse-dame.de\/v3\/wp-json\/wp\/v2\/media?parent=31591"}],"wp:term":[{"taxonomy":"author","embeddable":true,"href":"http:\/\/sc-weisse-dame.de\/v3\/wp-json\/wp\/v2\/coauthors?post=31591"}],"curies":[{"name":"wp","href":"https:\/\/api.w.org\/{rel}","templated":true}]}}