{"id":29714,"date":"2024-08-10T15:28:31","date_gmt":"2024-08-10T13:28:31","guid":{"rendered":"http:\/\/sc-weisse-dame.de\/v3\/?page_id=29714"},"modified":"2025-02-23T21:50:07","modified_gmt":"2025-02-23T20:50:07","slug":"clubblitzschachmeisterschaft-2024","status":"publish","type":"page","link":"http:\/\/sc-weisse-dame.de\/v3\/spielbetrieb\/clubblitzschachmeisterschaft-2024\/","title":{"rendered":"Clubblitzschachmeisterschaft 2024"},"content":{"rendered":"<p>Zur Club-Blitzmeisterschaft 2024 wurde wieder f\u00fcnf \u00fcber das Jahr verteilte Wertungsturniere ausgetragen. Diese wurden als Rundenturniere im Zeitmodus 3 Minuten + 2 Sekunden pro Zug gespielt. Dabei erhielt bei jedem Turnier der bestplatzierte Spieler 25 Punkte und jeder weitere Platz zwei weniger als der vorherige, aber mindestens einen. G\u00e4ste spielten dabei au\u00dfer Konkurrenz, wurden bei der Punktevergabe also \u00fcbergangen. F\u00fcr Teilnehmer, die bei mehr als drei Turnieren mitspielen, wurden nur die drei besten Turniere ber\u00fccksichtigt.<\/p>\n<p>Sieger der Clubblitzschachmeisterschaft 2024 wurde <strong>Anton Bashtavy<\/strong>.<\/p>\n<h5>CBM 2024: Gesamtwertung<\/h5>\n<div style=\"width: 100%; overflow-x: auto; white-space: nowrap;\">\n<table>\n<tbody>\n<tr>\n<th><b>Rang<\/b><\/th>\n<th><b>Name<\/b><\/th>\n<th><a href=\"http:\/\/sc-weisse-dame.de\/v3\/2024\/02\/fr-09-02-club-blitzmeisterschaft-r1\/\"><b>1. Runde<\/b><\/a><\/th>\n<th><a href=\"http:\/\/sc-weisse-dame.de\/v3\/2024\/04\/clubblitzmeisterschaft-r2-2024\/\"><b>2. Runde<\/b><\/a><\/th>\n<th><a href=\"http:\/\/sc-weisse-dame.de\/v3\/2024\/07\/fr-12-07-club-blitzmeisterschaft-3-wertungsturnier\/\"><b>3. Runde<\/b><\/a><\/th>\n<th><a href=\"http:\/\/sc-weisse-dame.de\/v3\/2024\/08\/clubblitzschachmeisterschaft-4-wertungsturnier\/\"><b>4. Runde<\/b><\/a><\/th>\n<th><a href=\"http:\/\/sc-weisse-dame.de\/v3\/2024\/10\/clubblitzschachmeisterschaft-5-wertungsturnier\/\"><b>5. Runde<\/b><\/a><\/th>\n<th><b>Punkte<\/b><\/th>\n<\/tr>\n<tr>\n<td>1<\/td>\n<td>Bashtavy, Anton<\/td>\n<td><del>21<\/del><\/td>\n<td>21<\/td>\n<td>25<\/td>\n<td>25<\/td>\n<td>&nbsp;<\/td>\n<td>71<\/td>\n<\/tr>\n<tr>\n<td>2<\/td>\n<td>Uhl, Heinz<\/td>\n<td>25<\/td>\n<td><del>19<\/del><\/td>\n<td>19<\/td>\n<td><del>11<\/del><\/td>\n<td>25<\/td>\n<td>69<\/td>\n<\/tr>\n<tr>\n<td>2<\/td>\n<td>Abraham, Ingo<\/td>\n<td>23<\/td>\n<td><del>9<\/del><\/td>\n<td>23<\/td>\n<td>&nbsp;<\/td>\n<td>23<\/td>\n<td>69<\/td>\n<\/tr>\n<tr>\n<td>4<\/td>\n<td>Kaiser, Martin<\/td>\n<td>&nbsp;<\/td>\n<td>13<\/td>\n<td>21<\/td>\n<td>21<\/td>\n<td>&nbsp;<\/td>\n<td>55<\/td>\n<\/tr>\n<tr>\n<td>5<\/td>\n<td>Gro\u00df, Thorsten<\/td>\n<td>17<\/td>\n<td><del>11<\/del><\/td>\n<td>13<\/td>\n<td>&nbsp;<\/td>\n<td>19<\/td>\n<td>49<\/td>\n<\/tr>\n<tr>\n<td>6<\/td>\n<td>Deubler, Bastian<\/td>\n<td>13<\/td>\n<td><del>3<\/del><\/td>\n<td>17<\/td>\n<td>15<\/td>\n<td>&nbsp;<\/td>\n<td>45<\/td>\n<\/tr>\n<tr>\n<td>7<\/td>\n<td>M\u00f6ller, Hendrik<\/td>\n<td>19<\/td>\n<td>25<\/td>\n<td>&nbsp;<\/td>\n<td>&nbsp;<\/td>\n<td>&nbsp;<\/td>\n<td>44<\/td>\n<\/tr>\n<tr>\n<td>8<\/td>\n<td>Mohrmann, Ralf<\/td>\n<td>15<\/td>\n<td><del>1<\/del><\/td>\n<td><del>7<\/del><\/td>\n<td>9<\/td>\n<td>15<\/td>\n<td>39<\/td>\n<\/tr>\n<tr>\n<td>9<\/td>\n<td>Wischh\u00f6fer, Cord<\/td>\n<td>&nbsp;<\/td>\n<td>15<\/td>\n<td>&nbsp;<\/td>\n<td>&nbsp;<\/td>\n<td>21<\/td>\n<td>36<\/td>\n<\/tr>\n<tr>\n<td>9<\/td>\n<td>Tschendel, Roland<\/td>\n<td>9<\/td>\n<td>&nbsp;<\/td>\n<td>9<\/td>\n<td>&nbsp;<\/td>\n<td>17<\/td>\n<td>35<\/td>\n<\/tr>\n<tr>\n<td>10<\/td>\n<td>Gelman, Josef<\/td>\n<td>&nbsp;<\/td>\n<td>&nbsp;<\/td>\n<td>15<\/td>\n<td>17<\/td>\n<td>&nbsp;<\/td>\n<td>32<\/td>\n<\/tr>\n<tr>\n<td>11<\/td>\n<td>Miemietz, Carsten<\/td>\n<td>11<\/td>\n<td>5<\/td>\n<td><del>3<\/del><\/td>\n<td>&nbsp;<\/td>\n<td>13<\/td>\n<td>29<\/td>\n<\/tr>\n<tr>\n<td>12<\/td>\n<td>Kather, Yannick<\/td>\n<td>&nbsp;<\/td>\n<td>23<\/td>\n<td>&nbsp;<\/td>\n<td>&nbsp;<\/td>\n<td>&nbsp;<\/td>\n<td>23<\/td>\n<\/tr>\n<tr>\n<td>12<\/td>\n<td>Sechting, Martin<\/td>\n<td>&nbsp;<\/td>\n<td>&nbsp;<\/td>\n<td>&nbsp;<\/td>\n<td>23<\/td>\n<td>&nbsp;<\/td>\n<td>23<\/td>\n<\/tr>\n<tr>\n<td>14<\/td>\n<td>Tepe, Mario<\/td>\n<td>&nbsp;<\/td>\n<td>1<\/td>\n<td>&nbsp;<\/td>\n<td>19<\/td>\n<td>&nbsp;<\/td>\n<td>20<\/td>\n<\/tr>\n<tr>\n<td>15<\/td>\n<td>Bertuch, Dennis<\/td>\n<td>3<\/td>\n<td>&nbsp;<\/td>\n<td><del>1<\/del><\/td>\n<td>5<\/td>\n<td>11<\/td>\n<td>19<\/td>\n<\/tr>\n<tr>\n<td>16<\/td>\n<td>Krause, Maximilian<\/td>\n<td>&nbsp;<\/td>\n<td>17<\/td>\n<td>&nbsp;<\/td>\n<td>&nbsp;<\/td>\n<td>&nbsp;<\/td>\n<td>17<\/td>\n<\/tr>\n<tr>\n<td>17<\/td>\n<td>H\u00f6lscher, Oliver<\/td>\n<td>&nbsp;<\/td>\n<td>&nbsp;<\/td>\n<td>&nbsp;<\/td>\n<td>13<\/td>\n<td>&nbsp;<\/td>\n<td>13<\/td>\n<\/tr>\n<tr>\n<td>18<\/td>\n<td>Mertens, Richard<\/td>\n<td>7<\/td>\n<td>&nbsp;<\/td>\n<td>5<\/td>\n<td>&nbsp;<\/td>\n<td>&nbsp;<\/td>\n<td>12<\/td>\n<\/tr>\n<tr>\n<td>19<\/td>\n<td>H\u00f6rmann, David<\/td>\n<td>&nbsp;<\/td>\n<td>&nbsp;<\/td>\n<td>11<\/td>\n<td>&nbsp;<\/td>\n<td>&nbsp;<\/td>\n<td>11<\/td>\n<\/tr>\n<tr>\n<td>19<\/td>\n<td>Sharifitabar, Ali<\/td>\n<td>&nbsp;<\/td>\n<td>&nbsp;<\/td>\n<td>1<\/td>\n<td>1<\/td>\n<td>\u00a09<\/td>\n<td>11<\/td>\n<\/tr>\n<tr>\n<td>21<\/td>\n<td>Venske, Kai-Gerrit<\/td>\n<td>&nbsp;<\/td>\n<td>9<\/td>\n<td>&nbsp;<\/td>\n<td>&nbsp;<\/td>\n<td>&nbsp;<\/td>\n<td>9<\/td>\n<\/tr>\n<tr>\n<td>22<\/td>\n<td>St\u00e4hrfeldt, Philipp<\/td>\n<td>5<\/td>\n<td>&nbsp;<\/td>\n<td>&nbsp;<\/td>\n<td>3<\/td>\n<td>&nbsp;<\/td>\n<td>8<\/td>\n<\/tr>\n<tr>\n<td>22<\/td>\n<td>Elkhedr, Mohamed<\/td>\n<td>&nbsp;<\/td>\n<td>&nbsp;<\/td>\n<td>1<\/td>\n<td>7<\/td>\n<td>&nbsp;<\/td>\n<td>8<\/td>\n<\/tr>\n<tr>\n<td>24<\/td>\n<td>Lutz, Sebastian<\/td>\n<td>&nbsp;<\/td>\n<td>1<\/td>\n<td>&nbsp;<\/td>\n<td>&nbsp;<\/td>\n<td>&nbsp;<\/td>\n<td>1<\/td>\n<\/tr>\n<tr>\n<td>24<\/td>\n<td>Grotian, J\u00f6rn<\/td>\n<td>&nbsp;<\/td>\n<td>1<\/td>\n<td>&nbsp;<\/td>\n<td>&nbsp;<\/td>\n<td>&nbsp;<\/td>\n<td>1<\/td>\n<\/tr>\n<tr>\n<td>24<\/td>\n<td>Rosenow, Frank<\/td>\n<td>&nbsp;<\/td>\n<td>&nbsp;<\/td>\n<td>1<\/td>\n<td>&nbsp;<\/td>\n<td>&nbsp;<\/td>\n<td>1<\/td>\n<\/tr>\n<tr>\n<td>24<\/td>\n<td>Notzke, Jesper<\/td>\n<td>&nbsp;<\/td>\n<td>&nbsp;<\/td>\n<td>&nbsp;<\/td>\n<td>1<\/td>\n<td>&nbsp;<\/td>\n<td>1<\/td>\n<\/tr>\n<\/tbody>\n<\/table>\n<\/div>\n","protected":false},"excerpt":{"rendered":"<p>Zur Club-Blitzmeisterschaft 2024 wurde wieder f\u00fcnf \u00fcber das Jahr verteilte Wertungsturniere ausgetragen. Diese wurden als Rundenturniere im Zeitmodus 3 Minuten + 2 Sekunden pro Zug gespielt. Dabei erhielt bei jedem &hellip; <a href=\"http:\/\/sc-weisse-dame.de\/v3\/spielbetrieb\/clubblitzschachmeisterschaft-2024\/\" class=\"more-link\"><span class=\"screen-reader-text\">Clubblitzschachmeisterschaft 2024<\/span> weiterlesen <span class=\"meta-nav\">&rarr;<\/span><\/a><\/p>\n","protected":false},"author":5,"featured_media":0,"parent":40,"menu_order":0,"comment_status":"closed","ping_status":"closed","template":"","meta":{"_price":"","_stock":"","_tribe_ticket_header":"","_tribe_default_ticket_provider":"","_tribe_ticket_capacity":"0","_ticket_start_date":"","_ticket_end_date":"","_tribe_ticket_show_description":"","_tribe_ticket_show_not_going":false,"_tribe_ticket_use_global_stock":"","_tribe_ticket_global_stock_level":"","_global_stock_mode":"","_global_stock_cap":"","_tribe_rsvp_for_event":"","_tribe_ticket_going_count":"","_tribe_ticket_not_going_count":"","_tribe_tickets_list":"[]","_tribe_ticket_has_attendee_info_fields":false,"footnotes":"","_tec_slr_enabled":"","_tec_slr_layout":""},"coauthors":[50],"class_list":["post-29714","page","type-page","status-publish","hentry"],"yoast_head":"<!-- This site is optimized with the Yoast SEO plugin v27.3 - https:\/\/yoast.com\/product\/yoast-seo-wordpress\/ -->\n<title>Clubblitzschachmeisterschaft 2024 - SC Weisse Dame e. V.<\/title>\n<meta name=\"robots\" content=\"index, follow, max-snippet:-1, max-image-preview:large, max-video-preview:-1\" \/>\n<link rel=\"canonical\" href=\"http:\/\/sc-weisse-dame.de\/v3\/spielbetrieb\/clubblitzschachmeisterschaft-2024\/\" \/>\n<meta property=\"og:locale\" content=\"de_DE\" \/>\n<meta property=\"og:type\" content=\"article\" \/>\n<meta property=\"og:title\" content=\"Clubblitzschachmeisterschaft 2024 - SC Weisse Dame e. V.\" \/>\n<meta property=\"og:description\" content=\"Zur Club-Blitzmeisterschaft 2024 wurde wieder f\u00fcnf \u00fcber das Jahr verteilte Wertungsturniere ausgetragen. Diese wurden als Rundenturniere im Zeitmodus 3 Minuten + 2 Sekunden pro Zug gespielt. Dabei erhielt bei jedem &hellip; Clubblitzschachmeisterschaft 2024 weiterlesen &rarr;\" \/>\n<meta property=\"og:url\" content=\"http:\/\/sc-weisse-dame.de\/v3\/spielbetrieb\/clubblitzschachmeisterschaft-2024\/\" \/>\n<meta property=\"og:site_name\" content=\"SC Weisse Dame e. V.\" \/>\n<meta property=\"article:modified_time\" content=\"2025-02-23T20:50:07+00:00\" \/>\n<meta name=\"twitter:card\" content=\"summary_large_image\" \/>\n<meta name=\"twitter:label1\" content=\"Gesch\u00e4tzte Lesezeit\" \/>\n\t<meta name=\"twitter:data1\" content=\"2\u00a0Minuten\" \/>\n\t<meta name=\"twitter:label2\" content=\"Written by\" \/>\n\t<meta name=\"twitter:data2\" content=\"Christian Greiser\" \/>\n<script type=\"application\/ld+json\" class=\"yoast-schema-graph\">{\"@context\":\"https:\\\/\\\/schema.org\",\"@graph\":[{\"@type\":\"WebPage\",\"@id\":\"http:\\\/\\\/sc-weisse-dame.de\\\/v3\\\/spielbetrieb\\\/clubblitzschachmeisterschaft-2024\\\/\",\"url\":\"http:\\\/\\\/sc-weisse-dame.de\\\/v3\\\/spielbetrieb\\\/clubblitzschachmeisterschaft-2024\\\/\",\"name\":\"Clubblitzschachmeisterschaft 2024 - SC Weisse Dame e. V.\",\"isPartOf\":{\"@id\":\"http:\\\/\\\/sc-weisse-dame.de\\\/v3\\\/#website\"},\"datePublished\":\"2024-08-10T13:28:31+00:00\",\"dateModified\":\"2025-02-23T20:50:07+00:00\",\"breadcrumb\":{\"@id\":\"http:\\\/\\\/sc-weisse-dame.de\\\/v3\\\/spielbetrieb\\\/clubblitzschachmeisterschaft-2024\\\/#breadcrumb\"},\"inLanguage\":\"de\",\"potentialAction\":[{\"@type\":\"ReadAction\",\"target\":[\"http:\\\/\\\/sc-weisse-dame.de\\\/v3\\\/spielbetrieb\\\/clubblitzschachmeisterschaft-2024\\\/\"]}]},{\"@type\":\"BreadcrumbList\",\"@id\":\"http:\\\/\\\/sc-weisse-dame.de\\\/v3\\\/spielbetrieb\\\/clubblitzschachmeisterschaft-2024\\\/#breadcrumb\",\"itemListElement\":[{\"@type\":\"ListItem\",\"position\":1,\"name\":\"Startseite\",\"item\":\"http:\\\/\\\/sc-weisse-dame.de\\\/v3\\\/\"},{\"@type\":\"ListItem\",\"position\":2,\"name\":\"Spielbetrieb\",\"item\":\"http:\\\/\\\/sc-weisse-dame.de\\\/v3\\\/spielbetrieb\\\/\"},{\"@type\":\"ListItem\",\"position\":3,\"name\":\"Clubblitzschachmeisterschaft 2024\"}]},{\"@type\":\"WebSite\",\"@id\":\"http:\\\/\\\/sc-weisse-dame.de\\\/v3\\\/#website\",\"url\":\"http:\\\/\\\/sc-weisse-dame.de\\\/v3\\\/\",\"name\":\"SC Weisse Dame e. V.\",\"description\":\"Herzlich Willkommen!\",\"potentialAction\":[{\"@type\":\"SearchAction\",\"target\":{\"@type\":\"EntryPoint\",\"urlTemplate\":\"http:\\\/\\\/sc-weisse-dame.de\\\/v3\\\/?s={search_term_string}\"},\"query-input\":{\"@type\":\"PropertyValueSpecification\",\"valueRequired\":true,\"valueName\":\"search_term_string\"}}],\"inLanguage\":\"de\"}]}<\/script>\n<!-- \/ Yoast SEO plugin. -->","yoast_head_json":{"title":"Clubblitzschachmeisterschaft 2024 - SC Weisse Dame e. V.","robots":{"index":"index","follow":"follow","max-snippet":"max-snippet:-1","max-image-preview":"max-image-preview:large","max-video-preview":"max-video-preview:-1"},"canonical":"http:\/\/sc-weisse-dame.de\/v3\/spielbetrieb\/clubblitzschachmeisterschaft-2024\/","og_locale":"de_DE","og_type":"article","og_title":"Clubblitzschachmeisterschaft 2024 - SC Weisse Dame e. V.","og_description":"Zur Club-Blitzmeisterschaft 2024 wurde wieder f\u00fcnf \u00fcber das Jahr verteilte Wertungsturniere ausgetragen. Diese wurden als Rundenturniere im Zeitmodus 3 Minuten + 2 Sekunden pro Zug gespielt. Dabei erhielt bei jedem &hellip; Clubblitzschachmeisterschaft 2024 weiterlesen &rarr;","og_url":"http:\/\/sc-weisse-dame.de\/v3\/spielbetrieb\/clubblitzschachmeisterschaft-2024\/","og_site_name":"SC Weisse Dame e. V.","article_modified_time":"2025-02-23T20:50:07+00:00","twitter_card":"summary_large_image","twitter_misc":{"Gesch\u00e4tzte Lesezeit":"2\u00a0Minuten","Written by":"Christian Greiser"},"schema":{"@context":"https:\/\/schema.org","@graph":[{"@type":"WebPage","@id":"http:\/\/sc-weisse-dame.de\/v3\/spielbetrieb\/clubblitzschachmeisterschaft-2024\/","url":"http:\/\/sc-weisse-dame.de\/v3\/spielbetrieb\/clubblitzschachmeisterschaft-2024\/","name":"Clubblitzschachmeisterschaft 2024 - SC Weisse Dame e. V.","isPartOf":{"@id":"http:\/\/sc-weisse-dame.de\/v3\/#website"},"datePublished":"2024-08-10T13:28:31+00:00","dateModified":"2025-02-23T20:50:07+00:00","breadcrumb":{"@id":"http:\/\/sc-weisse-dame.de\/v3\/spielbetrieb\/clubblitzschachmeisterschaft-2024\/#breadcrumb"},"inLanguage":"de","potentialAction":[{"@type":"ReadAction","target":["http:\/\/sc-weisse-dame.de\/v3\/spielbetrieb\/clubblitzschachmeisterschaft-2024\/"]}]},{"@type":"BreadcrumbList","@id":"http:\/\/sc-weisse-dame.de\/v3\/spielbetrieb\/clubblitzschachmeisterschaft-2024\/#breadcrumb","itemListElement":[{"@type":"ListItem","position":1,"name":"Startseite","item":"http:\/\/sc-weisse-dame.de\/v3\/"},{"@type":"ListItem","position":2,"name":"Spielbetrieb","item":"http:\/\/sc-weisse-dame.de\/v3\/spielbetrieb\/"},{"@type":"ListItem","position":3,"name":"Clubblitzschachmeisterschaft 2024"}]},{"@type":"WebSite","@id":"http:\/\/sc-weisse-dame.de\/v3\/#website","url":"http:\/\/sc-weisse-dame.de\/v3\/","name":"SC Weisse Dame e. V.","description":"Herzlich Willkommen!","potentialAction":[{"@type":"SearchAction","target":{"@type":"EntryPoint","urlTemplate":"http:\/\/sc-weisse-dame.de\/v3\/?s={search_term_string}"},"query-input":{"@type":"PropertyValueSpecification","valueRequired":true,"valueName":"search_term_string"}}],"inLanguage":"de"}]}},"ticketed":false,"_links":{"self":[{"href":"http:\/\/sc-weisse-dame.de\/v3\/wp-json\/wp\/v2\/pages\/29714","targetHints":{"allow":["GET"]}}],"collection":[{"href":"http:\/\/sc-weisse-dame.de\/v3\/wp-json\/wp\/v2\/pages"}],"about":[{"href":"http:\/\/sc-weisse-dame.de\/v3\/wp-json\/wp\/v2\/types\/page"}],"author":[{"embeddable":true,"href":"http:\/\/sc-weisse-dame.de\/v3\/wp-json\/wp\/v2\/users\/5"}],"replies":[{"embeddable":true,"href":"http:\/\/sc-weisse-dame.de\/v3\/wp-json\/wp\/v2\/comments?post=29714"}],"version-history":[{"count":7,"href":"http:\/\/sc-weisse-dame.de\/v3\/wp-json\/wp\/v2\/pages\/29714\/revisions"}],"predecessor-version":[{"id":31603,"href":"http:\/\/sc-weisse-dame.de\/v3\/wp-json\/wp\/v2\/pages\/29714\/revisions\/31603"}],"up":[{"embeddable":true,"href":"http:\/\/sc-weisse-dame.de\/v3\/wp-json\/wp\/v2\/pages\/40"}],"wp:attachment":[{"href":"http:\/\/sc-weisse-dame.de\/v3\/wp-json\/wp\/v2\/media?parent=29714"}],"wp:term":[{"taxonomy":"author","embeddable":true,"href":"http:\/\/sc-weisse-dame.de\/v3\/wp-json\/wp\/v2\/coauthors?post=29714"}],"curies":[{"name":"wp","href":"https:\/\/api.w.org\/{rel}","templated":true}]}}