{"id":29647,"date":"2024-07-17T23:35:45","date_gmt":"2024-07-17T21:35:45","guid":{"rendered":"http:\/\/sc-weisse-dame.de\/v3\/?page_id=29647"},"modified":"2025-04-08T17:18:14","modified_gmt":"2025-04-08T15:18:14","slug":"clubschnellschachmeisterschaft-2024","status":"publish","type":"page","link":"http:\/\/sc-weisse-dame.de\/v3\/spielbetrieb\/clubschnellschachmeisterschaft\/clubschnellschachmeisterschaft-2024\/","title":{"rendered":"Clubschnellschachmeisterschaft 2024"},"content":{"rendered":"<p><strong>Links zu den Berichten: <\/strong><a href=\"http:\/\/sc-weisse-dame.de\/v3\/2024\/01\/fr-12-01-clubschnellschach-1-wertungsturnier\/\">WT 1 (12.01.)<\/a> \u2013 <a href=\"http:\/\/sc-weisse-dame.de\/v3\/2024\/03\/fr-15-03-clubschnellschach-2-wertungsturnier-2\/\">WT 2 (15.03.)<\/a> \u2013 <a href=\"http:\/\/sc-weisse-dame.de\/v3\/2024\/05\/fr-10-05-clubschnellschach-meisterschaft-3-wertungsturnier\/\">WT 3 (10.05.)<\/a> \u2013 <a href=\"http:\/\/sc-weisse-dame.de\/v3\/2024\/09\/fr-13-09-schnellschach-freitag-der-13\/\">WT 4 (13.09.)<\/a> \u2013\u00a0 <a href=\"http:\/\/sc-weisse-dame.de\/v3\/2024\/12\/freitag-der-13-dezember\/\">WT 5 (13.12.)<\/a><\/p>\n<p>Erneut werden \u00fcber das Jahr verteilt f\u00fcnf Wertungsturniere gespielt. Der beste WeDa-Spieler erh\u00e4lt 25 Punkte, der Zweitplatzierte 23 Punkte usw. In die Gesamtwertung gehen die besten drei Turniere ein.<\/p>\n<p>Bei den zwei Wertungsturnieren am 13.09. und 13.12.2024 handelt es sich zugleich um <strong>&#8222;Freitag der 13.&#8220;<\/strong>-Turniere (mit Start- und Preisgeld). <strong>Alle \u00fcbrigen Turniere sind startgeldfrei<\/strong> und offen f\u00fcr jede:n Schachspieler:in. G\u00e4ste erhalten jedoch keine Punkte in der Gesamtwertung.<\/p>\n<p><span style=\"color: #0000ff;\"><strong>Herzlichen Gl\u00fcckwunsch an Anton zum Titelgewinn!<\/strong><\/span><\/p>\n<h6>CSM 2024: Endstand nach R5<\/h6>\n<div style=\"width: 100%; overflow: auto; white-space: nowrap;\">\n<table width=\"651\">\n<tbody>\n<tr>\n<th>RANG<\/th>\n<th>TEILNEHMER<\/th>\n<th>1. TURNIER<\/th>\n<th>2. TURNIER<\/th>\n<th>3. TURNIER<\/th>\n<th>4. TURNIER<\/th>\n<th>5. TURNIER<\/th>\n<th>GESAMT<\/th>\n<\/tr>\n<tr>\n<th>\u00a0<\/th>\n<th>\u00a0<\/th>\n<th>12.01.2024<\/th>\n<th>15.03.2024<\/th>\n<th>10.05.2024<\/th>\n<th>13.09.2024<\/th>\n<th>13.12.2024<\/th>\n<th>\u00a0<\/th>\n<\/tr>\n<tr>\n<td width=\"41\">1<\/td>\n<td width=\"129\">Bashtavy,Anton<\/td>\n<td width=\"81\">\u00a0<\/td>\n<td width=\"80\">25<\/td>\n<td width=\"80\"><span style=\"text-decoration: line-through;\">17<\/span><\/td>\n<td width=\"80\">23<\/td>\n<td width=\"80\">25<\/td>\n<td width=\"80\">73<\/td>\n<\/tr>\n<tr>\n<td>2-3<\/td>\n<td>Abraham,Ingo,Dr.<\/td>\n<td>25<\/td>\n<td>21<\/td>\n<td>21<\/td>\n<td><span style=\"text-decoration: line-through;\">15<\/span><\/td>\n<td>&nbsp;<\/td>\n<td>67<\/td>\n<\/tr>\n<tr>\n<td>2-3<\/td>\n<td>Kather,Yannick<\/td>\n<td><span style=\"text-decoration: line-through;\">11<\/span><\/td>\n<td><span style=\"text-decoration: line-through;\">9<\/span><\/td>\n<td>23<\/td>\n<td>21<\/td>\n<td>23<\/td>\n<td>67<\/td>\n<\/tr>\n<tr>\n<td>4<\/td>\n<td>Gro\u00df,Thorsten<\/td>\n<td><span style=\"text-decoration: line-through;\">5<\/span><\/td>\n<td><span style=\"text-decoration: line-through;\">15<\/span><\/td>\n<td>25<\/td>\n<td>17<\/td>\n<td>21<\/td>\n<td>63<\/td>\n<\/tr>\n<tr>\n<td>5<\/td>\n<td>Uhl,Heinz<\/td>\n<td>21<\/td>\n<td>13<\/td>\n<td>19<\/td>\n<td><span style=\"text-decoration: line-through;\">13<\/span><\/td>\n<td>&nbsp;<\/td>\n<td>53<\/td>\n<\/tr>\n<tr>\n<td>6<\/td>\n<td>Tepe,Mario<\/td>\n<td>23<\/td>\n<td>17<\/td>\n<td>5<\/td>\n<td><span style=\"text-decoration: line-through;\">1<\/span><\/td>\n<td>&nbsp;<\/td>\n<td>45<\/td>\n<\/tr>\n<tr>\n<td>7<\/td>\n<td>Sechting, Martin<\/td>\n<td>17<\/td>\n<td>11<\/td>\n<td>13<\/td>\n<td>&nbsp;<\/td>\n<td>&nbsp;<\/td>\n<td>41<\/td>\n<\/tr>\n<tr>\n<td>8<\/td>\n<td>Gelman,Josef<\/td>\n<td>&nbsp;<\/td>\n<td>&nbsp;<\/td>\n<td>15<\/td>\n<td>19<\/td>\n<td>&nbsp;<\/td>\n<td>34<\/td>\n<\/tr>\n<tr>\n<td>9<\/td>\n<td>Venske,Kai-Gerrit<\/td>\n<td>19<\/td>\n<td>7<\/td>\n<td>&nbsp;<\/td>\n<td>&nbsp;<\/td>\n<td>&nbsp;<\/td>\n<td>26<\/td>\n<\/tr>\n<tr>\n<td>10-11<\/td>\n<td>H\u00f6lscher,Oliver<\/td>\n<td>15<\/td>\n<td>3<\/td>\n<td>&nbsp;<\/td>\n<td>7<\/td>\n<td>&nbsp;<\/td>\n<td>25<\/td>\n<\/tr>\n<tr>\n<td>10-11<\/td>\n<td>Kaiser,Martin<\/td>\n<td>&nbsp;<\/td>\n<td>&nbsp;<\/td>\n<td>&nbsp;<\/td>\n<td>25<\/td>\n<td>&nbsp;<\/td>\n<td>25<\/td>\n<\/tr>\n<tr>\n<td>12<\/td>\n<td>M\u00f6ller,Hendrik<\/td>\n<td>&nbsp;<\/td>\n<td>23<\/td>\n<td>&nbsp;<\/td>\n<td>&nbsp;<\/td>\n<td>&nbsp;<\/td>\n<td>23<\/td>\n<\/tr>\n<tr>\n<td>13<\/td>\n<td>P\u00f6hlmann,Cedric<\/td>\n<td>&nbsp;<\/td>\n<td>&nbsp;<\/td>\n<td>&nbsp;<\/td>\n<td>3<\/td>\n<td>19<\/td>\n<td>22<\/td>\n<\/tr>\n<tr>\n<td>14<\/td>\n<td>Krause,Maximilian<\/td>\n<td>&nbsp;<\/td>\n<td>19<\/td>\n<td>&nbsp;<\/td>\n<td>&nbsp;<\/td>\n<td>&nbsp;<\/td>\n<td>19<\/td>\n<\/tr>\n<tr>\n<td>15<\/td>\n<td>Tschendel,Roland<\/td>\n<td>&nbsp;<\/td>\n<td>1<\/td>\n<td>7<\/td>\n<td>9<\/td>\n<td>&nbsp;<\/td>\n<td>17<\/td>\n<\/tr>\n<tr>\n<td>16<\/td>\n<td>Hoyer,Max<\/td>\n<td>&nbsp;<\/td>\n<td>&nbsp;<\/td>\n<td>&nbsp;<\/td>\n<td>&nbsp;<\/td>\n<td>17<\/td>\n<td>17<\/td>\n<\/tr>\n<tr>\n<td>17<\/td>\n<td>Karagianni,Dalya<\/td>\n<td>&nbsp;<\/td>\n<td>&nbsp;<\/td>\n<td>&nbsp;<\/td>\n<td>&nbsp;<\/td>\n<td>15<\/td>\n<td>15<\/td>\n<\/tr>\n<tr>\n<td>18<\/td>\n<td>Lasko,Kathrin<\/td>\n<td>13<\/td>\n<td>1<\/td>\n<td>&nbsp;<\/td>\n<td>&nbsp;<\/td>\n<td>&nbsp;<\/td>\n<td>14<\/td>\n<\/tr>\n<tr>\n<td>19<\/td>\n<td>Mohrmann,Ralf<\/td>\n<td>1<\/td>\n<td>&nbsp;<\/td>\n<td>11<\/td>\n<td>&nbsp;<\/td>\n<td>&nbsp;<\/td>\n<td>12<\/td>\n<\/tr>\n<tr>\n<td>20<\/td>\n<td>Deubler,Bastian<\/td>\n<td>&nbsp;<\/td>\n<td>&nbsp;<\/td>\n<td>&nbsp;<\/td>\n<td>11<\/td>\n<td>&nbsp;<\/td>\n<td>11<\/td>\n<\/tr>\n<tr>\n<td>21-23<\/td>\n<td>Busse,Wolfgang<\/td>\n<td>9<\/td>\n<td>&nbsp;<\/td>\n<td>&nbsp;<\/td>\n<td>&nbsp;<\/td>\n<td>&nbsp;<\/td>\n<td>9<\/td>\n<\/tr>\n<tr>\n<td>21-23<\/td>\n<td>Borlachenko,Alexa<\/td>\n<td>&nbsp;<\/td>\n<td>&nbsp;<\/td>\n<td>9<\/td>\n<td>&nbsp;<\/td>\n<td>&nbsp;<\/td>\n<td>9<\/td>\n<\/tr>\n<tr>\n<td>21-23<\/td>\n<td>Mertens,Richard<\/td>\n<td>3<\/td>\n<td>1<\/td>\n<td>&nbsp;<\/td>\n<td>5<\/td>\n<td>&nbsp;<\/td>\n<td>9<\/td>\n<\/tr>\n<tr>\n<td>24<\/td>\n<td>Miemietz,Carsten<\/td>\n<td>&nbsp;<\/td>\n<td>5<\/td>\n<td>3<\/td>\n<td>&nbsp;<\/td>\n<td>&nbsp;<\/td>\n<td>8<\/td>\n<\/tr>\n<tr>\n<td>25<\/td>\n<td>St\u00f6ckel,Johannes<\/td>\n<td>7<\/td>\n<td>&nbsp;<\/td>\n<td>&nbsp;<\/td>\n<td>&nbsp;<\/td>\n<td>&nbsp;<\/td>\n<td>7<\/td>\n<\/tr>\n<tr>\n<td>26-30<\/td>\n<td>St\u00e4hrfeldt,Philip<\/td>\n<td>1<\/td>\n<td>1<\/td>\n<td>&nbsp;<\/td>\n<td>&nbsp;<\/td>\n<td>&nbsp;<\/td>\n<td>2<\/td>\n<\/tr>\n<tr>\n<td>26-30<\/td>\n<td>Bauer,Gregor<\/td>\n<td>1<\/td>\n<td>&nbsp;<\/td>\n<td>1<\/td>\n<td>&nbsp;<\/td>\n<td>&nbsp;<\/td>\n<td>2<\/td>\n<\/tr>\n<tr>\n<td>26-30<\/td>\n<td>Linkies,Reiner<\/td>\n<td>1<\/td>\n<td>&nbsp;<\/td>\n<td>1<\/td>\n<td>&nbsp;<\/td>\n<td>&nbsp;<\/td>\n<td>2<\/td>\n<\/tr>\n<tr>\n<td>26-30<\/td>\n<td>Grotjahn,J\u00f6rn<\/td>\n<td>&nbsp;<\/td>\n<td>1<\/td>\n<td>1<\/td>\n<td>&nbsp;<\/td>\n<td>&nbsp;<\/td>\n<td>2<\/td>\n<\/tr>\n<tr>\n<td>26-30<\/td>\n<td>Bertuch,Dennis<\/td>\n<td>&nbsp;<\/td>\n<td>1<\/td>\n<td>&nbsp;<\/td>\n<td>1<\/td>\n<td>&nbsp;<\/td>\n<td>2<\/td>\n<\/tr>\n<tr>\n<td>31-35<\/td>\n<td>Wischh\u00f6fer,Cord<\/td>\n<td>1<\/td>\n<td>&nbsp;<\/td>\n<td>&nbsp;<\/td>\n<td>&nbsp;<\/td>\n<td>&nbsp;<\/td>\n<td>1<\/td>\n<\/tr>\n<tr>\n<td>31-35<\/td>\n<td>Martinez,Miguel<\/td>\n<td>&nbsp;<\/td>\n<td>1<\/td>\n<td>&nbsp;<\/td>\n<td>&nbsp;<\/td>\n<td>&nbsp;<\/td>\n<td>1<\/td>\n<\/tr>\n<tr>\n<td>31-35<\/td>\n<td>Macalister,Scott<\/td>\n<td>&nbsp;<\/td>\n<td>&nbsp;<\/td>\n<td>1<\/td>\n<td>&nbsp;<\/td>\n<td>&nbsp;<\/td>\n<td>1<\/td>\n<\/tr>\n<tr>\n<td>31-35<\/td>\n<td>Notzke,Jesper<\/td>\n<td>&nbsp;<\/td>\n<td>&nbsp;<\/td>\n<td>1<\/td>\n<td>&nbsp;<\/td>\n<td>&nbsp;<\/td>\n<td>1<\/td>\n<\/tr>\n<tr>\n<td>31-35<\/td>\n<td>Ionita,Mateo<\/td>\n<td>&nbsp;<\/td>\n<td>&nbsp;<\/td>\n<td>&nbsp;<\/td>\n<td>1<\/td>\n<td>&nbsp;<\/td>\n<td>1<\/td>\n<\/tr>\n<\/tbody>\n<\/table>\n<\/div>\n","protected":false},"excerpt":{"rendered":"<p>Links zu den Berichten: WT 1 (12.01.) \u2013 WT 2 (15.03.) \u2013 WT 3 (10.05.) \u2013 WT 4 (13.09.) \u2013\u00a0 WT 5 (13.12.) Erneut werden \u00fcber das Jahr verteilt f\u00fcnf &hellip; <a href=\"http:\/\/sc-weisse-dame.de\/v3\/spielbetrieb\/clubschnellschachmeisterschaft\/clubschnellschachmeisterschaft-2024\/\" class=\"more-link\"><span class=\"screen-reader-text\">Clubschnellschachmeisterschaft 2024<\/span> weiterlesen <span class=\"meta-nav\">&rarr;<\/span><\/a><\/p>\n","protected":false},"author":11,"featured_media":0,"parent":1113,"menu_order":0,"comment_status":"closed","ping_status":"closed","template":"","meta":{"_price":"","_stock":"","_tribe_ticket_header":"","_tribe_default_ticket_provider":"","_tribe_ticket_capacity":"0","_ticket_start_date":"","_ticket_end_date":"","_tribe_ticket_show_description":"","_tribe_ticket_show_not_going":false,"_tribe_ticket_use_global_stock":"","_tribe_ticket_global_stock_level":"","_global_stock_mode":"","_global_stock_cap":"","_tribe_rsvp_for_event":"","_tribe_ticket_going_count":"","_tribe_ticket_not_going_count":"","_tribe_tickets_list":"[]","_tribe_ticket_has_attendee_info_fields":false,"footnotes":"","_tec_slr_enabled":"","_tec_slr_layout":""},"coauthors":[51,50,49],"class_list":["post-29647","page","type-page","status-publish","hentry"],"yoast_head":"<!-- This site is optimized with the Yoast SEO plugin v27.3 - https:\/\/yoast.com\/product\/yoast-seo-wordpress\/ -->\n<title>Clubschnellschachmeisterschaft 2024 - SC Weisse Dame e. V.<\/title>\n<meta name=\"robots\" content=\"index, follow, max-snippet:-1, max-image-preview:large, max-video-preview:-1\" \/>\n<link rel=\"canonical\" href=\"http:\/\/sc-weisse-dame.de\/v3\/spielbetrieb\/clubschnellschachmeisterschaft\/clubschnellschachmeisterschaft-2024\/\" \/>\n<meta property=\"og:locale\" content=\"de_DE\" \/>\n<meta property=\"og:type\" content=\"article\" \/>\n<meta property=\"og:title\" content=\"Clubschnellschachmeisterschaft 2024 - SC Weisse Dame e. V.\" \/>\n<meta property=\"og:description\" content=\"Links zu den Berichten: WT 1 (12.01.) \u2013 WT 2 (15.03.) \u2013 WT 3 (10.05.) \u2013 WT 4 (13.09.) \u2013\u00a0 WT 5 (13.12.) Erneut werden \u00fcber das Jahr verteilt f\u00fcnf &hellip; Clubschnellschachmeisterschaft 2024 weiterlesen &rarr;\" \/>\n<meta property=\"og:url\" content=\"http:\/\/sc-weisse-dame.de\/v3\/spielbetrieb\/clubschnellschachmeisterschaft\/clubschnellschachmeisterschaft-2024\/\" \/>\n<meta property=\"og:site_name\" content=\"SC Weisse Dame e. V.\" \/>\n<meta property=\"article:modified_time\" content=\"2025-04-08T15:18:14+00:00\" \/>\n<meta name=\"twitter:card\" content=\"summary_large_image\" \/>\n<meta name=\"twitter:label1\" content=\"Gesch\u00e4tzte Lesezeit\" \/>\n\t<meta name=\"twitter:data1\" content=\"2\u00a0Minuten\" \/>\n\t<meta name=\"twitter:label2\" content=\"Written by\" \/>\n\t<meta name=\"twitter:data2\" content=\"Heinz Uhl, Christian Greiser, Thorsten Gro\u00df\" \/>\n<script type=\"application\/ld+json\" class=\"yoast-schema-graph\">{\"@context\":\"https:\\\/\\\/schema.org\",\"@graph\":[{\"@type\":\"WebPage\",\"@id\":\"http:\\\/\\\/sc-weisse-dame.de\\\/v3\\\/spielbetrieb\\\/clubschnellschachmeisterschaft\\\/clubschnellschachmeisterschaft-2024\\\/\",\"url\":\"http:\\\/\\\/sc-weisse-dame.de\\\/v3\\\/spielbetrieb\\\/clubschnellschachmeisterschaft\\\/clubschnellschachmeisterschaft-2024\\\/\",\"name\":\"Clubschnellschachmeisterschaft 2024 - SC Weisse Dame e. V.\",\"isPartOf\":{\"@id\":\"http:\\\/\\\/sc-weisse-dame.de\\\/v3\\\/#website\"},\"datePublished\":\"2024-07-17T21:35:45+00:00\",\"dateModified\":\"2025-04-08T15:18:14+00:00\",\"breadcrumb\":{\"@id\":\"http:\\\/\\\/sc-weisse-dame.de\\\/v3\\\/spielbetrieb\\\/clubschnellschachmeisterschaft\\\/clubschnellschachmeisterschaft-2024\\\/#breadcrumb\"},\"inLanguage\":\"de\",\"potentialAction\":[{\"@type\":\"ReadAction\",\"target\":[\"http:\\\/\\\/sc-weisse-dame.de\\\/v3\\\/spielbetrieb\\\/clubschnellschachmeisterschaft\\\/clubschnellschachmeisterschaft-2024\\\/\"]}]},{\"@type\":\"BreadcrumbList\",\"@id\":\"http:\\\/\\\/sc-weisse-dame.de\\\/v3\\\/spielbetrieb\\\/clubschnellschachmeisterschaft\\\/clubschnellschachmeisterschaft-2024\\\/#breadcrumb\",\"itemListElement\":[{\"@type\":\"ListItem\",\"position\":1,\"name\":\"Startseite\",\"item\":\"http:\\\/\\\/sc-weisse-dame.de\\\/v3\\\/\"},{\"@type\":\"ListItem\",\"position\":2,\"name\":\"Spielbetrieb\",\"item\":\"http:\\\/\\\/sc-weisse-dame.de\\\/v3\\\/spielbetrieb\\\/\"},{\"@type\":\"ListItem\",\"position\":3,\"name\":\"Clubschnellschachmeisterschaft (CSM)\",\"item\":\"http:\\\/\\\/sc-weisse-dame.de\\\/v3\\\/spielbetrieb\\\/clubschnellschachmeisterschaft\\\/\"},{\"@type\":\"ListItem\",\"position\":4,\"name\":\"Clubschnellschachmeisterschaft 2024\"}]},{\"@type\":\"WebSite\",\"@id\":\"http:\\\/\\\/sc-weisse-dame.de\\\/v3\\\/#website\",\"url\":\"http:\\\/\\\/sc-weisse-dame.de\\\/v3\\\/\",\"name\":\"SC Weisse Dame e. V.\",\"description\":\"Herzlich Willkommen!\",\"potentialAction\":[{\"@type\":\"SearchAction\",\"target\":{\"@type\":\"EntryPoint\",\"urlTemplate\":\"http:\\\/\\\/sc-weisse-dame.de\\\/v3\\\/?s={search_term_string}\"},\"query-input\":{\"@type\":\"PropertyValueSpecification\",\"valueRequired\":true,\"valueName\":\"search_term_string\"}}],\"inLanguage\":\"de\"}]}<\/script>\n<!-- \/ Yoast SEO plugin. -->","yoast_head_json":{"title":"Clubschnellschachmeisterschaft 2024 - SC Weisse Dame e. V.","robots":{"index":"index","follow":"follow","max-snippet":"max-snippet:-1","max-image-preview":"max-image-preview:large","max-video-preview":"max-video-preview:-1"},"canonical":"http:\/\/sc-weisse-dame.de\/v3\/spielbetrieb\/clubschnellschachmeisterschaft\/clubschnellschachmeisterschaft-2024\/","og_locale":"de_DE","og_type":"article","og_title":"Clubschnellschachmeisterschaft 2024 - SC Weisse Dame e. V.","og_description":"Links zu den Berichten: WT 1 (12.01.) \u2013 WT 2 (15.03.) \u2013 WT 3 (10.05.) \u2013 WT 4 (13.09.) \u2013\u00a0 WT 5 (13.12.) Erneut werden \u00fcber das Jahr verteilt f\u00fcnf &hellip; Clubschnellschachmeisterschaft 2024 weiterlesen &rarr;","og_url":"http:\/\/sc-weisse-dame.de\/v3\/spielbetrieb\/clubschnellschachmeisterschaft\/clubschnellschachmeisterschaft-2024\/","og_site_name":"SC Weisse Dame e. V.","article_modified_time":"2025-04-08T15:18:14+00:00","twitter_card":"summary_large_image","twitter_misc":{"Gesch\u00e4tzte Lesezeit":"2\u00a0Minuten","Written by":"Heinz Uhl, Christian Greiser, Thorsten Gro\u00df"},"schema":{"@context":"https:\/\/schema.org","@graph":[{"@type":"WebPage","@id":"http:\/\/sc-weisse-dame.de\/v3\/spielbetrieb\/clubschnellschachmeisterschaft\/clubschnellschachmeisterschaft-2024\/","url":"http:\/\/sc-weisse-dame.de\/v3\/spielbetrieb\/clubschnellschachmeisterschaft\/clubschnellschachmeisterschaft-2024\/","name":"Clubschnellschachmeisterschaft 2024 - SC Weisse Dame e. V.","isPartOf":{"@id":"http:\/\/sc-weisse-dame.de\/v3\/#website"},"datePublished":"2024-07-17T21:35:45+00:00","dateModified":"2025-04-08T15:18:14+00:00","breadcrumb":{"@id":"http:\/\/sc-weisse-dame.de\/v3\/spielbetrieb\/clubschnellschachmeisterschaft\/clubschnellschachmeisterschaft-2024\/#breadcrumb"},"inLanguage":"de","potentialAction":[{"@type":"ReadAction","target":["http:\/\/sc-weisse-dame.de\/v3\/spielbetrieb\/clubschnellschachmeisterschaft\/clubschnellschachmeisterschaft-2024\/"]}]},{"@type":"BreadcrumbList","@id":"http:\/\/sc-weisse-dame.de\/v3\/spielbetrieb\/clubschnellschachmeisterschaft\/clubschnellschachmeisterschaft-2024\/#breadcrumb","itemListElement":[{"@type":"ListItem","position":1,"name":"Startseite","item":"http:\/\/sc-weisse-dame.de\/v3\/"},{"@type":"ListItem","position":2,"name":"Spielbetrieb","item":"http:\/\/sc-weisse-dame.de\/v3\/spielbetrieb\/"},{"@type":"ListItem","position":3,"name":"Clubschnellschachmeisterschaft (CSM)","item":"http:\/\/sc-weisse-dame.de\/v3\/spielbetrieb\/clubschnellschachmeisterschaft\/"},{"@type":"ListItem","position":4,"name":"Clubschnellschachmeisterschaft 2024"}]},{"@type":"WebSite","@id":"http:\/\/sc-weisse-dame.de\/v3\/#website","url":"http:\/\/sc-weisse-dame.de\/v3\/","name":"SC Weisse Dame e. V.","description":"Herzlich Willkommen!","potentialAction":[{"@type":"SearchAction","target":{"@type":"EntryPoint","urlTemplate":"http:\/\/sc-weisse-dame.de\/v3\/?s={search_term_string}"},"query-input":{"@type":"PropertyValueSpecification","valueRequired":true,"valueName":"search_term_string"}}],"inLanguage":"de"}]}},"ticketed":false,"_links":{"self":[{"href":"http:\/\/sc-weisse-dame.de\/v3\/wp-json\/wp\/v2\/pages\/29647","targetHints":{"allow":["GET"]}}],"collection":[{"href":"http:\/\/sc-weisse-dame.de\/v3\/wp-json\/wp\/v2\/pages"}],"about":[{"href":"http:\/\/sc-weisse-dame.de\/v3\/wp-json\/wp\/v2\/types\/page"}],"author":[{"embeddable":true,"href":"http:\/\/sc-weisse-dame.de\/v3\/wp-json\/wp\/v2\/users\/11"}],"replies":[{"embeddable":true,"href":"http:\/\/sc-weisse-dame.de\/v3\/wp-json\/wp\/v2\/comments?post=29647"}],"version-history":[{"count":10,"href":"http:\/\/sc-weisse-dame.de\/v3\/wp-json\/wp\/v2\/pages\/29647\/revisions"}],"predecessor-version":[{"id":31874,"href":"http:\/\/sc-weisse-dame.de\/v3\/wp-json\/wp\/v2\/pages\/29647\/revisions\/31874"}],"up":[{"embeddable":true,"href":"http:\/\/sc-weisse-dame.de\/v3\/wp-json\/wp\/v2\/pages\/1113"}],"wp:attachment":[{"href":"http:\/\/sc-weisse-dame.de\/v3\/wp-json\/wp\/v2\/media?parent=29647"}],"wp:term":[{"taxonomy":"author","embeddable":true,"href":"http:\/\/sc-weisse-dame.de\/v3\/wp-json\/wp\/v2\/coauthors?post=29647"}],"curies":[{"name":"wp","href":"https:\/\/api.w.org\/{rel}","templated":true}]}}