{"id":26035,"date":"2022-12-13T18:06:38","date_gmt":"2022-12-13T17:06:38","guid":{"rendered":"http:\/\/sc-weisse-dame.de\/v3\/?page_id=26035"},"modified":"2024-02-06T23:23:29","modified_gmt":"2024-02-06T22:23:29","slug":"clubschnellschachmeisterschaft-2023","status":"publish","type":"page","link":"http:\/\/sc-weisse-dame.de\/v3\/spielbetrieb\/clubschnellschachmeisterschaft\/clubschnellschachmeisterschaft-2023\/","title":{"rendered":"Clubschnellschachmeisterschaft 2023"},"content":{"rendered":"<p><strong>Links zu den Berichten: <\/strong><a href=\"http:\/\/sc-weisse-dame.de\/v3\/2023\/01\/fr-13-01-schnellschach-freitag-der-13\/\">WT 1 (13.01.)<\/a> \u2013 <a href=\"http:\/\/sc-weisse-dame.de\/v3\/2023\/03\/freitag-12-09-schnellschachturnier\/\">WT 2 (10.03.)<\/a> \u2013 <a href=\"http:\/\/sc-weisse-dame.de\/v3\/2023\/05\/schnellschachturnier-r3\/\">WT 3 (12.05.)<\/a> \u2013 <a href=\"http:\/\/sc-weisse-dame.de\/v3\/2023\/07\/fr-14-07-club-schnellschachmeisterschaft-r4\/\">WT 4 (14.07.)<\/a> \u2013\u00a0 <a href=\"http:\/\/sc-weisse-dame.de\/v3\/2023\/10\/diyap-bueyuekasik-gewinnt-am-freitag-den-13-10\/\">WT 5 (13.10.)<\/a><\/p>\n<p>Bei den zwei Wertungsturnieren am 13.01. und 13.10.2023 handelt es sich zugleich um &#8222;Freitag der 13.&#8220;-Turniere (mit Start- und Preisgeld). Alle \u00fcbrigen Turniere sind startgeldfrei und offen f\u00fcr jede:n Schachspieler:in. G\u00e4ste erhalten jedoch keine Punkte in der Gesamtwertung. In die Gesamtwertung gehen die besten 3 Turniere ein.<\/p>\n<p>&nbsp;<\/p>\n<table width=\"651\">\n<tbody>\n<tr>\n<th width=\"41\">\u00a0<\/th>\n<th width=\"129\">\u00a0<\/th>\n<th width=\"81\">13.01.2023<\/th>\n<th width=\"80\">10.03.2023<\/th>\n<th width=\"80\">12.05.2023<\/th>\n<th width=\"80\">12.07.2023<\/th>\n<th width=\"80\">13.10.2023<\/th>\n<th width=\"80\">\u00a0<\/th>\n<\/tr>\n<tr>\n<th width=\"41\">Rang<\/th>\n<th width=\"129\">Teilnehmer<\/th>\n<th width=\"81\">1. turnier<\/th>\n<th width=\"80\">2. turnier<\/th>\n<th width=\"80\">3. turnier<\/th>\n<th width=\"80\">4. turnier<\/th>\n<th width=\"80\">5. turnier<\/th>\n<th width=\"80\">Gesamt<\/th>\n<\/tr>\n<tr>\n<td>1<\/td>\n<td>Uhl,Heinz<\/td>\n<td><span style=\"text-decoration: line-through;\">1<\/span><\/td>\n<td><span style=\"text-decoration: line-through;\">19<\/span><\/td>\n<td>25<\/td>\n<td>21<\/td>\n<td>23<\/td>\n<td>69<\/td>\n<\/tr>\n<tr>\n<td>2<\/td>\n<td>Abraham,Ingo,Dr.<\/td>\n<td><span style=\"text-decoration: line-through;\">15<\/span><\/td>\n<td>23<\/td>\n<td>23<\/td>\n<td><span style=\"text-decoration: line-through;\">17<\/span><\/td>\n<td>19<\/td>\n<td>65<\/td>\n<\/tr>\n<tr>\n<td>3-4<\/td>\n<td>Kather,Yannick<\/td>\n<td>21<\/td>\n<td>25<\/td>\n<td>17<\/td>\n<td>&nbsp;<\/td>\n<td><span style=\"text-decoration: line-through;\">17<\/span><\/td>\n<td>63<\/td>\n<\/tr>\n<tr>\n<td>3-4<\/td>\n<td>Bashtavy,Anton<\/td>\n<td>25<\/td>\n<td>&nbsp;<\/td>\n<td>&nbsp;<\/td>\n<td>23<\/td>\n<td>15<\/td>\n<td>63<\/td>\n<\/tr>\n<tr>\n<td>5<\/td>\n<td>Venske,Kai-Gerrit<\/td>\n<td>17<\/td>\n<td><span style=\"text-decoration: line-through;\">15<\/span><\/td>\n<td>21<\/td>\n<td><span style=\"text-decoration: line-through;\">13<\/span><\/td>\n<td>21<\/td>\n<td>59<\/td>\n<\/tr>\n<tr>\n<td>6<\/td>\n<td>Sechting,Martin<\/td>\n<td>&nbsp;<\/td>\n<td>13<\/td>\n<td>&nbsp;<\/td>\n<td>25<\/td>\n<td>13<\/td>\n<td>51<\/td>\n<\/tr>\n<tr>\n<td>7-8<\/td>\n<td>Gro\u00df,Thorsten<\/td>\n<td><span style=\"text-decoration: line-through;\">7<\/span><\/td>\n<td>11<\/td>\n<td>15<\/td>\n<td>15<\/td>\n<td>&nbsp;<\/td>\n<td>41<\/td>\n<\/tr>\n<tr>\n<td>7-8<\/td>\n<td>Mohrmann,Ralf<\/td>\n<td>5<\/td>\n<td>17<\/td>\n<td><span style=\"text-decoration: line-through;\">3<\/span><\/td>\n<td>19<\/td>\n<td>&nbsp;<\/td>\n<td>41<\/td>\n<\/tr>\n<tr>\n<td>9<\/td>\n<td>M\u00f6ller, Hendrik<\/td>\n<td>&nbsp;<\/td>\n<td>&nbsp;<\/td>\n<td>19<\/td>\n<td>11<\/td>\n<td>&nbsp;<\/td>\n<td>30<\/td>\n<\/tr>\n<tr>\n<td>10<\/td>\n<td>Mertens,Richard<\/td>\n<td><span style=\"text-decoration: line-through;\">3<\/span><\/td>\n<td>&nbsp;<\/td>\n<td>9<\/td>\n<td>9<\/td>\n<td>9<\/td>\n<td>27<\/td>\n<\/tr>\n<tr>\n<td>11<\/td>\n<td>B\u00fcyukasik,Diyap<\/td>\n<td>&nbsp;<\/td>\n<td>&nbsp;<\/td>\n<td>&nbsp;<\/td>\n<td>&nbsp;<\/td>\n<td>25<\/td>\n<td>25<\/td>\n<\/tr>\n<tr>\n<td>12-13<\/td>\n<td>Zhou,Coco Lepu<\/td>\n<td>23<\/td>\n<td>&nbsp;<\/td>\n<td>&nbsp;<\/td>\n<td>&nbsp;<\/td>\n<td>&nbsp;<\/td>\n<td>23<\/td>\n<\/tr>\n<tr>\n<td>12-13<\/td>\n<td>Miemietz,Carsten<\/td>\n<td><span style=\"text-decoration: line-through;\">1<\/span><\/td>\n<td>9<\/td>\n<td>11<\/td>\n<td><span style=\"text-decoration: line-through;\">1<\/span><\/td>\n<td>3<\/td>\n<td>23<\/td>\n<\/tr>\n<tr>\n<td>14<\/td>\n<td>Wischh\u00f6fer,Cord<\/td>\n<td>&nbsp;<\/td>\n<td>21<\/td>\n<td>&nbsp;<\/td>\n<td>&nbsp;<\/td>\n<td>&nbsp;<\/td>\n<td>21<\/td>\n<\/tr>\n<tr>\n<td>15<\/td>\n<td>Kaiser,Martin<\/td>\n<td>19<\/td>\n<td>&nbsp;<\/td>\n<td>&nbsp;<\/td>\n<td>&nbsp;<\/td>\n<td>&nbsp;<\/td>\n<td>19<\/td>\n<\/tr>\n<tr>\n<td>16<\/td>\n<td>Gelman,Josef<\/td>\n<td>13<\/td>\n<td>&nbsp;<\/td>\n<td>5<\/td>\n<td>&nbsp;<\/td>\n<td>&nbsp;<\/td>\n<td>18<\/td>\n<\/tr>\n<tr>\n<td>17<\/td>\n<td>Bertuch,Dennis<\/td>\n<td>&nbsp;<\/td>\n<td>5<\/td>\n<td><span style=\"text-decoration: line-through;\">1<\/span><\/td>\n<td>3<\/td>\n<td>7<\/td>\n<td>15<\/td>\n<\/tr>\n<tr>\n<td>18<\/td>\n<td>St\u00f6ckel,Johannes<\/td>\n<td>&nbsp;<\/td>\n<td>&nbsp;<\/td>\n<td>13<\/td>\n<td>&nbsp;<\/td>\n<td>&nbsp;<\/td>\n<td>13<\/td>\n<\/tr>\n<tr>\n<td>19<\/td>\n<td>Sklavounos,Grigorios<\/td>\n<td>11<\/td>\n<td>1<\/td>\n<td>&nbsp;<\/td>\n<td>&nbsp;<\/td>\n<td>&nbsp;<\/td>\n<td>12<\/td>\n<\/tr>\n<tr>\n<td>20<\/td>\n<td>St\u00e4hrfeldt,Philipp<\/td>\n<td>&nbsp;<\/td>\n<td>&nbsp;<\/td>\n<td>&nbsp;<\/td>\n<td>&nbsp;<\/td>\n<td>11<\/td>\n<td>11<\/td>\n<\/tr>\n<tr>\n<td>21-22<\/td>\n<td>Deubler, Bastian<\/td>\n<td>9<\/td>\n<td>&nbsp;<\/td>\n<td>&nbsp;<\/td>\n<td>&nbsp;<\/td>\n<td>&nbsp;<\/td>\n<td>9<\/td>\n<\/tr>\n<tr>\n<td>21-22<\/td>\n<td>Alhohamad,Eyad<\/td>\n<td>1<\/td>\n<td>7<\/td>\n<td>1<\/td>\n<td>&nbsp;<\/td>\n<td>&nbsp;<\/td>\n<td>9<\/td>\n<\/tr>\n<tr>\n<td>23<\/td>\n<td>Bender,Sebastian<\/td>\n<td>&nbsp;<\/td>\n<td>3<\/td>\n<td>&nbsp;<\/td>\n<td>5<\/td>\n<td>&nbsp;<\/td>\n<td>8<\/td>\n<\/tr>\n<tr>\n<td>24-25<\/td>\n<td>H\u00f6lscher,Oliver<\/td>\n<td>&nbsp;<\/td>\n<td>&nbsp;<\/td>\n<td>&nbsp;<\/td>\n<td>7<\/td>\n<td>&nbsp;<\/td>\n<td>7<\/td>\n<\/tr>\n<tr>\n<td>24-25<\/td>\n<td>Busse,Wolfgang<\/td>\n<td>&nbsp;<\/td>\n<td>&nbsp;<\/td>\n<td>7<\/td>\n<td>&nbsp;<\/td>\n<td>&nbsp;<\/td>\n<td>7<\/td>\n<\/tr>\n<tr>\n<td>26<\/td>\n<td>Bauer,Gregor<\/td>\n<td>&nbsp;<\/td>\n<td>&nbsp;<\/td>\n<td>&nbsp;<\/td>\n<td>&nbsp;<\/td>\n<td>5<\/td>\n<td>5<\/td>\n<\/tr>\n<tr>\n<td>27-28<\/td>\n<td>Landsgesell, Felix<\/td>\n<td>1<\/td>\n<td>&nbsp;<\/td>\n<td>1<\/td>\n<td>&nbsp;<\/td>\n<td>&nbsp;<\/td>\n<td>2<\/td>\n<\/tr>\n<tr>\n<td>27-28<\/td>\n<td>Linkies, Reiner<\/td>\n<td>&nbsp;<\/td>\n<td>&nbsp;<\/td>\n<td>1<\/td>\n<td>1<\/td>\n<td>&nbsp;<\/td>\n<td>2<\/td>\n<\/tr>\n<tr>\n<td>29-35<\/td>\n<td>Jacobsen,Porat<\/td>\n<td>1<\/td>\n<td>&nbsp;<\/td>\n<td>&nbsp;<\/td>\n<td>&nbsp;<\/td>\n<td>&nbsp;<\/td>\n<td>1<\/td>\n<\/tr>\n<tr>\n<td>29-35<\/td>\n<td>Tepe,Mario<\/td>\n<td>1<\/td>\n<td>&nbsp;<\/td>\n<td>&nbsp;<\/td>\n<td>&nbsp;<\/td>\n<td>&nbsp;<\/td>\n<td>1<\/td>\n<\/tr>\n<tr>\n<td>29-35<\/td>\n<td>Zhou,Qing<\/td>\n<td>1<\/td>\n<td>&nbsp;<\/td>\n<td>&nbsp;<\/td>\n<td>&nbsp;<\/td>\n<td>&nbsp;<\/td>\n<td>1<\/td>\n<\/tr>\n<tr>\n<td>29-35<\/td>\n<td>Uebelh\u00f6de,Klaus<\/td>\n<td>1<\/td>\n<td>&nbsp;<\/td>\n<td>&nbsp;<\/td>\n<td>&nbsp;<\/td>\n<td>&nbsp;<\/td>\n<td>1<\/td>\n<\/tr>\n<tr>\n<td>29-35<\/td>\n<td>Novikov,Dmitry<\/td>\n<td>&nbsp;<\/td>\n<td>&nbsp;<\/td>\n<td>&nbsp;<\/td>\n<td>1<\/td>\n<td>&nbsp;<\/td>\n<td>1<\/td>\n<\/tr>\n<tr>\n<td>29-35<\/td>\n<td>Grotjahn,J\u00f6rn<\/td>\n<td>&nbsp;<\/td>\n<td>&nbsp;<\/td>\n<td>&nbsp;<\/td>\n<td>1<\/td>\n<td>&nbsp;<\/td>\n<td>1<\/td>\n<\/tr>\n<tr>\n<td>29-35<\/td>\n<td>Herbertz, Rolf<\/td>\n<td>&nbsp;<\/td>\n<td>&nbsp;<\/td>\n<td>1<\/td>\n<td>&nbsp;<\/td>\n<td>&nbsp;<\/td>\n<td>1<\/td>\n<\/tr>\n<\/tbody>\n<\/table>\n<p>&nbsp;<\/p>\n<p>&nbsp;<\/p>\n<div id=\"Kopie von CSM 2023 \u00dcbersicht_622\" align=\"center\">\n<p><!-- [if supportMisalignedColumns]--><\/p>\n<p><!--[endif]--><\/p>\n<\/div>\n","protected":false},"excerpt":{"rendered":"<p>Links zu den Berichten: WT 1 (13.01.) \u2013 WT 2 (10.03.) \u2013 WT 3 (12.05.) \u2013 WT 4 (14.07.) \u2013\u00a0 WT 5 (13.10.) Bei den zwei Wertungsturnieren am 13.01. und &hellip; <a href=\"http:\/\/sc-weisse-dame.de\/v3\/spielbetrieb\/clubschnellschachmeisterschaft\/clubschnellschachmeisterschaft-2023\/\" class=\"more-link\"><span class=\"screen-reader-text\">Clubschnellschachmeisterschaft 2023<\/span> weiterlesen <span class=\"meta-nav\">&rarr;<\/span><\/a><\/p>\n","protected":false},"author":11,"featured_media":0,"parent":1113,"menu_order":0,"comment_status":"closed","ping_status":"closed","template":"","meta":{"_price":"","_stock":"","_tribe_ticket_header":"","_tribe_default_ticket_provider":"","_tribe_ticket_capacity":"0","_ticket_start_date":"","_ticket_end_date":"","_tribe_ticket_show_description":"","_tribe_ticket_show_not_going":false,"_tribe_ticket_use_global_stock":"","_tribe_ticket_global_stock_level":"","_global_stock_mode":"","_global_stock_cap":"","_tribe_rsvp_for_event":"","_tribe_ticket_going_count":"","_tribe_ticket_not_going_count":"","_tribe_tickets_list":"[]","_tribe_ticket_has_attendee_info_fields":false,"footnotes":"","_tec_slr_enabled":"","_tec_slr_layout":""},"coauthors":[51],"class_list":["post-26035","page","type-page","status-publish","hentry"],"yoast_head":"<!-- This site is optimized with the Yoast SEO plugin v27.3 - https:\/\/yoast.com\/product\/yoast-seo-wordpress\/ -->\n<title>Clubschnellschachmeisterschaft 2023 - SC Weisse Dame e. V.<\/title>\n<meta name=\"robots\" content=\"index, follow, max-snippet:-1, max-image-preview:large, max-video-preview:-1\" \/>\n<link rel=\"canonical\" href=\"http:\/\/sc-weisse-dame.de\/v3\/spielbetrieb\/clubschnellschachmeisterschaft\/clubschnellschachmeisterschaft-2023\/\" \/>\n<meta property=\"og:locale\" content=\"de_DE\" \/>\n<meta property=\"og:type\" content=\"article\" \/>\n<meta property=\"og:title\" content=\"Clubschnellschachmeisterschaft 2023 - SC Weisse Dame e. V.\" \/>\n<meta property=\"og:description\" content=\"Links zu den Berichten: WT 1 (13.01.) \u2013 WT 2 (10.03.) \u2013 WT 3 (12.05.) \u2013 WT 4 (14.07.) \u2013\u00a0 WT 5 (13.10.) Bei den zwei Wertungsturnieren am 13.01. und &hellip; Clubschnellschachmeisterschaft 2023 weiterlesen &rarr;\" \/>\n<meta property=\"og:url\" content=\"http:\/\/sc-weisse-dame.de\/v3\/spielbetrieb\/clubschnellschachmeisterschaft\/clubschnellschachmeisterschaft-2023\/\" \/>\n<meta property=\"og:site_name\" content=\"SC Weisse Dame e. V.\" \/>\n<meta property=\"article:modified_time\" content=\"2024-02-06T22:23:29+00:00\" \/>\n<meta name=\"twitter:card\" content=\"summary_large_image\" \/>\n<meta name=\"twitter:label1\" content=\"Gesch\u00e4tzte Lesezeit\" \/>\n\t<meta name=\"twitter:data1\" content=\"2\u00a0Minuten\" \/>\n\t<meta name=\"twitter:label2\" content=\"Written by\" \/>\n\t<meta name=\"twitter:data2\" content=\"Heinz Uhl\" \/>\n<script type=\"application\/ld+json\" class=\"yoast-schema-graph\">{\"@context\":\"https:\\\/\\\/schema.org\",\"@graph\":[{\"@type\":\"WebPage\",\"@id\":\"http:\\\/\\\/sc-weisse-dame.de\\\/v3\\\/spielbetrieb\\\/clubschnellschachmeisterschaft\\\/clubschnellschachmeisterschaft-2023\\\/\",\"url\":\"http:\\\/\\\/sc-weisse-dame.de\\\/v3\\\/spielbetrieb\\\/clubschnellschachmeisterschaft\\\/clubschnellschachmeisterschaft-2023\\\/\",\"name\":\"Clubschnellschachmeisterschaft 2023 - SC Weisse Dame e. V.\",\"isPartOf\":{\"@id\":\"http:\\\/\\\/sc-weisse-dame.de\\\/v3\\\/#website\"},\"datePublished\":\"2022-12-13T17:06:38+00:00\",\"dateModified\":\"2024-02-06T22:23:29+00:00\",\"breadcrumb\":{\"@id\":\"http:\\\/\\\/sc-weisse-dame.de\\\/v3\\\/spielbetrieb\\\/clubschnellschachmeisterschaft\\\/clubschnellschachmeisterschaft-2023\\\/#breadcrumb\"},\"inLanguage\":\"de\",\"potentialAction\":[{\"@type\":\"ReadAction\",\"target\":[\"http:\\\/\\\/sc-weisse-dame.de\\\/v3\\\/spielbetrieb\\\/clubschnellschachmeisterschaft\\\/clubschnellschachmeisterschaft-2023\\\/\"]}]},{\"@type\":\"BreadcrumbList\",\"@id\":\"http:\\\/\\\/sc-weisse-dame.de\\\/v3\\\/spielbetrieb\\\/clubschnellschachmeisterschaft\\\/clubschnellschachmeisterschaft-2023\\\/#breadcrumb\",\"itemListElement\":[{\"@type\":\"ListItem\",\"position\":1,\"name\":\"Startseite\",\"item\":\"http:\\\/\\\/sc-weisse-dame.de\\\/v3\\\/\"},{\"@type\":\"ListItem\",\"position\":2,\"name\":\"Spielbetrieb\",\"item\":\"http:\\\/\\\/sc-weisse-dame.de\\\/v3\\\/spielbetrieb\\\/\"},{\"@type\":\"ListItem\",\"position\":3,\"name\":\"Clubschnellschachmeisterschaft (CSM)\",\"item\":\"http:\\\/\\\/sc-weisse-dame.de\\\/v3\\\/spielbetrieb\\\/clubschnellschachmeisterschaft\\\/\"},{\"@type\":\"ListItem\",\"position\":4,\"name\":\"Clubschnellschachmeisterschaft 2023\"}]},{\"@type\":\"WebSite\",\"@id\":\"http:\\\/\\\/sc-weisse-dame.de\\\/v3\\\/#website\",\"url\":\"http:\\\/\\\/sc-weisse-dame.de\\\/v3\\\/\",\"name\":\"SC Weisse Dame e. V.\",\"description\":\"Herzlich Willkommen!\",\"potentialAction\":[{\"@type\":\"SearchAction\",\"target\":{\"@type\":\"EntryPoint\",\"urlTemplate\":\"http:\\\/\\\/sc-weisse-dame.de\\\/v3\\\/?s={search_term_string}\"},\"query-input\":{\"@type\":\"PropertyValueSpecification\",\"valueRequired\":true,\"valueName\":\"search_term_string\"}}],\"inLanguage\":\"de\"}]}<\/script>\n<!-- \/ Yoast SEO plugin. -->","yoast_head_json":{"title":"Clubschnellschachmeisterschaft 2023 - SC Weisse Dame e. V.","robots":{"index":"index","follow":"follow","max-snippet":"max-snippet:-1","max-image-preview":"max-image-preview:large","max-video-preview":"max-video-preview:-1"},"canonical":"http:\/\/sc-weisse-dame.de\/v3\/spielbetrieb\/clubschnellschachmeisterschaft\/clubschnellschachmeisterschaft-2023\/","og_locale":"de_DE","og_type":"article","og_title":"Clubschnellschachmeisterschaft 2023 - SC Weisse Dame e. V.","og_description":"Links zu den Berichten: WT 1 (13.01.) \u2013 WT 2 (10.03.) \u2013 WT 3 (12.05.) \u2013 WT 4 (14.07.) \u2013\u00a0 WT 5 (13.10.) Bei den zwei Wertungsturnieren am 13.01. und &hellip; Clubschnellschachmeisterschaft 2023 weiterlesen &rarr;","og_url":"http:\/\/sc-weisse-dame.de\/v3\/spielbetrieb\/clubschnellschachmeisterschaft\/clubschnellschachmeisterschaft-2023\/","og_site_name":"SC Weisse Dame e. V.","article_modified_time":"2024-02-06T22:23:29+00:00","twitter_card":"summary_large_image","twitter_misc":{"Gesch\u00e4tzte Lesezeit":"2\u00a0Minuten","Written by":"Heinz Uhl"},"schema":{"@context":"https:\/\/schema.org","@graph":[{"@type":"WebPage","@id":"http:\/\/sc-weisse-dame.de\/v3\/spielbetrieb\/clubschnellschachmeisterschaft\/clubschnellschachmeisterschaft-2023\/","url":"http:\/\/sc-weisse-dame.de\/v3\/spielbetrieb\/clubschnellschachmeisterschaft\/clubschnellschachmeisterschaft-2023\/","name":"Clubschnellschachmeisterschaft 2023 - SC Weisse Dame e. V.","isPartOf":{"@id":"http:\/\/sc-weisse-dame.de\/v3\/#website"},"datePublished":"2022-12-13T17:06:38+00:00","dateModified":"2024-02-06T22:23:29+00:00","breadcrumb":{"@id":"http:\/\/sc-weisse-dame.de\/v3\/spielbetrieb\/clubschnellschachmeisterschaft\/clubschnellschachmeisterschaft-2023\/#breadcrumb"},"inLanguage":"de","potentialAction":[{"@type":"ReadAction","target":["http:\/\/sc-weisse-dame.de\/v3\/spielbetrieb\/clubschnellschachmeisterschaft\/clubschnellschachmeisterschaft-2023\/"]}]},{"@type":"BreadcrumbList","@id":"http:\/\/sc-weisse-dame.de\/v3\/spielbetrieb\/clubschnellschachmeisterschaft\/clubschnellschachmeisterschaft-2023\/#breadcrumb","itemListElement":[{"@type":"ListItem","position":1,"name":"Startseite","item":"http:\/\/sc-weisse-dame.de\/v3\/"},{"@type":"ListItem","position":2,"name":"Spielbetrieb","item":"http:\/\/sc-weisse-dame.de\/v3\/spielbetrieb\/"},{"@type":"ListItem","position":3,"name":"Clubschnellschachmeisterschaft (CSM)","item":"http:\/\/sc-weisse-dame.de\/v3\/spielbetrieb\/clubschnellschachmeisterschaft\/"},{"@type":"ListItem","position":4,"name":"Clubschnellschachmeisterschaft 2023"}]},{"@type":"WebSite","@id":"http:\/\/sc-weisse-dame.de\/v3\/#website","url":"http:\/\/sc-weisse-dame.de\/v3\/","name":"SC Weisse Dame e. V.","description":"Herzlich Willkommen!","potentialAction":[{"@type":"SearchAction","target":{"@type":"EntryPoint","urlTemplate":"http:\/\/sc-weisse-dame.de\/v3\/?s={search_term_string}"},"query-input":{"@type":"PropertyValueSpecification","valueRequired":true,"valueName":"search_term_string"}}],"inLanguage":"de"}]}},"ticketed":false,"_links":{"self":[{"href":"http:\/\/sc-weisse-dame.de\/v3\/wp-json\/wp\/v2\/pages\/26035","targetHints":{"allow":["GET"]}}],"collection":[{"href":"http:\/\/sc-weisse-dame.de\/v3\/wp-json\/wp\/v2\/pages"}],"about":[{"href":"http:\/\/sc-weisse-dame.de\/v3\/wp-json\/wp\/v2\/types\/page"}],"author":[{"embeddable":true,"href":"http:\/\/sc-weisse-dame.de\/v3\/wp-json\/wp\/v2\/users\/11"}],"replies":[{"embeddable":true,"href":"http:\/\/sc-weisse-dame.de\/v3\/wp-json\/wp\/v2\/comments?post=26035"}],"version-history":[{"count":10,"href":"http:\/\/sc-weisse-dame.de\/v3\/wp-json\/wp\/v2\/pages\/26035\/revisions"}],"predecessor-version":[{"id":28613,"href":"http:\/\/sc-weisse-dame.de\/v3\/wp-json\/wp\/v2\/pages\/26035\/revisions\/28613"}],"up":[{"embeddable":true,"href":"http:\/\/sc-weisse-dame.de\/v3\/wp-json\/wp\/v2\/pages\/1113"}],"wp:attachment":[{"href":"http:\/\/sc-weisse-dame.de\/v3\/wp-json\/wp\/v2\/media?parent=26035"}],"wp:term":[{"taxonomy":"author","embeddable":true,"href":"http:\/\/sc-weisse-dame.de\/v3\/wp-json\/wp\/v2\/coauthors?post=26035"}],"curies":[{"name":"wp","href":"https:\/\/api.w.org\/{rel}","templated":true}]}}