{"id":25725,"date":"2022-11-15T17:11:40","date_gmt":"2022-11-15T16:11:40","guid":{"rendered":"http:\/\/sc-weisse-dame.de\/v3\/?page_id=25725"},"modified":"2022-12-06T19:48:44","modified_gmt":"2022-12-06T18:48:44","slug":"adventskalender-2022","status":"publish","type":"page","link":"http:\/\/sc-weisse-dame.de\/v3\/dies-und-das\/adventskalender-2022\/","title":{"rendered":"Adventskalender 2022"},"content":{"rendered":"\n\t\n    <div id=\"wp-advent-wrapper\"\n         class=\"year-2022 calendar-schachadventskalender\">\n        <ul id=\"wp-advent-calendar\" style=\"background-image: url(http:\/\/sc-weisse-dame.de\/v3\/wp-content\/uploads\/2022\/11\/Adventskalender_1-scaled.jpg);\">\n\t\t\t\t\t\t\t\t\t\t\t\n\t\t\t\t\t                        <li class=\"day-25948 status-publish\">\n                            <a href=\"http:\/\/sc-weisse-dame.de\/v3\/sheet\/12-12-2022\/\" class=\"calendar-sheet js-calendar-sheet-0\">\n\t\t\t\t\t\t\t\t12                            <\/a>\n                        <\/li>\n\t\t\t\t\t\t\t\t\t\t\t\t\t\t\t\t\t\t\t\t\n\t\t\t\t\t                        <li class=\"day-25973 status-publish\">\n                            <a href=\"http:\/\/sc-weisse-dame.de\/v3\/sheet\/21-12-2022\/\" class=\"calendar-sheet js-calendar-sheet-1\">\n\t\t\t\t\t\t\t\t21                            <\/a>\n                        <\/li>\n\t\t\t\t\t\t\t\t\t\t\t\t\t\t\t\t\t\t\t\t\n\t\t\t\t\t                        <li class=\"day-25967 status-publish\">\n                            <a href=\"http:\/\/sc-weisse-dame.de\/v3\/sheet\/19-12-2022\/\" class=\"calendar-sheet js-calendar-sheet-2\">\n\t\t\t\t\t\t\t\t19                            <\/a>\n                        <\/li>\n\t\t\t\t\t\t\t\t\t\t\t\t\t\t\t\t\t\t\t\t\n\t\t\t\t\t                        <li class=\"day-25727 status-publish\">\n                            <a href=\"http:\/\/sc-weisse-dame.de\/v3\/sheet\/01-12-2022\/\" class=\"calendar-sheet js-calendar-sheet-3\">\n\t\t\t\t\t\t\t\t1                            <\/a>\n                        <\/li>\n\t\t\t\t\t\t\t\t\t\t\t\t\t\t\t\t\t\t\t\t\n\t\t\t\t\t                        <li class=\"day-25863 status-publish\">\n                            <a href=\"http:\/\/sc-weisse-dame.de\/v3\/sheet\/06-12-2022\/\" class=\"calendar-sheet js-calendar-sheet-4\">\n\t\t\t\t\t\t\t\t6                            <\/a>\n                        <\/li>\n\t\t\t\t\t\t\t\t\t\t\t\t\t\t\t\t\t\t\t\t\n\t\t\t\t\t                        <li class=\"day-25980 status-publish\">\n                            <a href=\"http:\/\/sc-weisse-dame.de\/v3\/sheet\/24-12-2022\/\" class=\"calendar-sheet js-calendar-sheet-5\">\n\t\t\t\t\t\t\t\t24                            <\/a>\n                        <\/li>\n\t\t\t\t\t\t\t\t\t\t\t\t\t\t\t\t\t\t\t\t\n\t\t\t\t\t                        <li class=\"day-25978 status-publish\">\n                            <a href=\"http:\/\/sc-weisse-dame.de\/v3\/sheet\/23-12-2022\/\" class=\"calendar-sheet js-calendar-sheet-6\">\n\t\t\t\t\t\t\t\t23                            <\/a>\n                        <\/li>\n\t\t\t\t\t\t\t\t\t\t\t\t\t\t\t\t\t\t\t\t\n\t\t\t\t\t                        <li class=\"day-25945 status-publish\">\n                            <a href=\"http:\/\/sc-weisse-dame.de\/v3\/sheet\/11-12-2022\/\" class=\"calendar-sheet js-calendar-sheet-7\">\n\t\t\t\t\t\t\t\t11                            <\/a>\n                        <\/li>\n\t\t\t\t\t\t\t\t\t\t\t\t\t\t\t\t\t\t\t\t\n\t\t\t\t\t                        <li class=\"day-25855 status-publish\">\n                            <a href=\"http:\/\/sc-weisse-dame.de\/v3\/sheet\/03-12-2022\/\" class=\"calendar-sheet js-calendar-sheet-8\">\n\t\t\t\t\t\t\t\t3                            <\/a>\n                        <\/li>\n\t\t\t\t\t\t\t\t\t\t\t\t\t\t\t\t\t\t\t\t\n\t\t\t\t\t                        <li class=\"day-25970 status-publish\">\n                            <a href=\"http:\/\/sc-weisse-dame.de\/v3\/sheet\/20-12-2022\/\" class=\"calendar-sheet js-calendar-sheet-9\">\n\t\t\t\t\t\t\t\t20                            <\/a>\n                        <\/li>\n\t\t\t\t\t\t\t\t\t\t\t\t\t\t\t\t\t\t\t\t\n\t\t\t\t\t                        <li class=\"day-25939 status-publish\">\n                            <a href=\"http:\/\/sc-weisse-dame.de\/v3\/sheet\/09-12-2022\/\" class=\"calendar-sheet js-calendar-sheet-10\">\n\t\t\t\t\t\t\t\t9                            <\/a>\n                        <\/li>\n\t\t\t\t\t\t\t\t\t\t\t\t\t\t\t\t\t\t\t\t\n\t\t\t\t\t                        <li class=\"day-25975 status-publish\">\n                            <a href=\"http:\/\/sc-weisse-dame.de\/v3\/sheet\/22-12-2022\/\" class=\"calendar-sheet js-calendar-sheet-11\">\n\t\t\t\t\t\t\t\t22                            <\/a>\n                        <\/li>\n\t\t\t\t\t\t\t\t\t\t\t\t\t\t\t\t\t\t\t\t\n\t\t\t\t\t                        <li class=\"day-25951 status-publish\">\n                            <a href=\"http:\/\/sc-weisse-dame.de\/v3\/sheet\/13-12-2022\/\" class=\"calendar-sheet js-calendar-sheet-12\">\n\t\t\t\t\t\t\t\t13                            <\/a>\n                        <\/li>\n\t\t\t\t\t\t\t\t\t\t\t\t\t\t\t\t\t\t\t\t\n\t\t\t\t\t                        <li class=\"day-25942 status-publish\">\n                            <a href=\"http:\/\/sc-weisse-dame.de\/v3\/sheet\/10-12-2022\/\" class=\"calendar-sheet js-calendar-sheet-13\">\n\t\t\t\t\t\t\t\t10                            <\/a>\n                        <\/li>\n\t\t\t\t\t\t\t\t\t\t\t\t\t\t\t\t\t\t\t\t\n\t\t\t\t\t                        <li class=\"day-25958 status-publish\">\n                            <a href=\"http:\/\/sc-weisse-dame.de\/v3\/sheet\/16-12-2022\/\" class=\"calendar-sheet js-calendar-sheet-14\">\n\t\t\t\t\t\t\t\t16                            <\/a>\n                        <\/li>\n\t\t\t\t\t\t\t\t\t\t\t\t\t\t\t\t\t\t\t\t\n\t\t\t\t\t                        <li class=\"day-25852 status-publish\">\n                            <a href=\"http:\/\/sc-weisse-dame.de\/v3\/sheet\/02-12-2022\/\" class=\"calendar-sheet js-calendar-sheet-15\">\n\t\t\t\t\t\t\t\t2                            <\/a>\n                        <\/li>\n\t\t\t\t\t\t\t\t\t\t\t\t\t\t\t\t\t\t\t\t\n\t\t\t\t\t                        <li class=\"day-25865 status-publish\">\n                            <a href=\"http:\/\/sc-weisse-dame.de\/v3\/sheet\/07-12-2022\/\" class=\"calendar-sheet js-calendar-sheet-16\">\n\t\t\t\t\t\t\t\t7                            <\/a>\n                        <\/li>\n\t\t\t\t\t\t\t\t\t\t\t\t\t\t\t\t\t\t\t\t\n\t\t\t\t\t                        <li class=\"day-25934 status-publish\">\n                            <a href=\"http:\/\/sc-weisse-dame.de\/v3\/sheet\/08-12-2022\/\" class=\"calendar-sheet js-calendar-sheet-17\">\n\t\t\t\t\t\t\t\t8                            <\/a>\n                        <\/li>\n\t\t\t\t\t\t\t\t\t\t\t\t\t\t\t\t\t\t\t\t\n\t\t\t\t\t                        <li class=\"day-25954 status-publish\">\n                            <a href=\"http:\/\/sc-weisse-dame.de\/v3\/sheet\/14-12-2022\/\" class=\"calendar-sheet js-calendar-sheet-18\">\n\t\t\t\t\t\t\t\t14                            <\/a>\n                        <\/li>\n\t\t\t\t\t\t\t\t\t\t\t\t\t\t\t\t\t\t\t\t\n\t\t\t\t\t                        <li class=\"day-25858 status-publish\">\n                            <a href=\"http:\/\/sc-weisse-dame.de\/v3\/sheet\/04-12-2022\/\" class=\"calendar-sheet js-calendar-sheet-19\">\n\t\t\t\t\t\t\t\t4                            <\/a>\n                        <\/li>\n\t\t\t\t\t\t\t\t\t\t\t\t\t\t\t\t\t\t\t\t\n\t\t\t\t\t                        <li class=\"day-25956 status-publish\">\n                            <a href=\"http:\/\/sc-weisse-dame.de\/v3\/sheet\/15-12-2022\/\" class=\"calendar-sheet js-calendar-sheet-20\">\n\t\t\t\t\t\t\t\t15                            <\/a>\n                        <\/li>\n\t\t\t\t\t\t\t\t\t\t\t\t\t\t\t\t\t\t\t\t\n\t\t\t\t\t                        <li class=\"day-25961 status-publish\">\n                            <a href=\"http:\/\/sc-weisse-dame.de\/v3\/sheet\/17-12-2022\/\" class=\"calendar-sheet js-calendar-sheet-21\">\n\t\t\t\t\t\t\t\t17                            <\/a>\n                        <\/li>\n\t\t\t\t\t\t\t\t\t\t\t\t\t\t\t\t\t\t\t\t\n\t\t\t\t\t                        <li class=\"day-25861 status-publish\">\n                            <a href=\"http:\/\/sc-weisse-dame.de\/v3\/sheet\/05-12-2022\/\" class=\"calendar-sheet js-calendar-sheet-22\">\n\t\t\t\t\t\t\t\t5                            <\/a>\n                        <\/li>\n\t\t\t\t\t\t\t\t\t\t\t\t\t\t\t\t\t\t\t\t\n\t\t\t\t\t                        <li class=\"day-25964 status-publish\">\n                            <a href=\"http:\/\/sc-weisse-dame.de\/v3\/sheet\/18-12-2022\/\" class=\"calendar-sheet js-calendar-sheet-23\">\n\t\t\t\t\t\t\t\t18                            <\/a>\n                        <\/li>\n\t\t\t\t\t\t\t\t\t\t\t\t        <\/ul>\n    <\/div>\n\n\n\n\n<p>Hallo liebe Schachspieler*innen des SC Weisse Dame,<\/p>\n\n\n\n<p>wir haben in den letzten Wochen f\u00fcr euch einen Schachadventskalender als Vers\u00fc\u00dfung der Adventszeit erstellt. Dabei haben wir Aufgaben teilweise aus unseren Partien, aber auch selbst ausgesuchte Aufgaben von <a href=\"http:\/\/lichess.org\">Lichess<\/a> verwendet. Und auch aus anderen Trainingsgruppen wurden Aufgaben f\u00fcr den Kalender eingesendet. F\u00fcr jeden der 24 Tage habe wir f\u00fcr euch eine Taktikaufgabe vorbereitet.<\/p>\n\n\n\n<p>Wir wollen die Teilnahme an sich, aber auch die richtigen Einsendungen belohnen: Pro eingesendeter L\u00f6sung gibt es einen Punkt; f\u00fcr die (richtige) L\u00f6sung der Aufgabe gibt es bis zu 5 Punkte. Alle Schachspieler*innen des Vereins d\u00fcrfen teilnehmen &#8211; mindestens einen Preis vergeben wir unter allen Teilnehmer*innen unter 16 Jahren.<\/p>\n\n\n\n<p>Bitte schickt eure L\u00f6sungen unter adventskalender@sc-weisse-dame.de ein.<\/p>\n\n\n\n<p>Viel Erfolg und Spa\u00df beim L\u00f6sen w\u00fcnscht euch die Leistungsgruppe u12<br>(Alamea, Charlotte, Felipe, Frida, Helena, Linnea, Lo\u00efc, Matthias, Michael, Yiyi)<\/p>\n\n\n\n<p><strong>Anmerkung: L\u00f6sungen aller Aufgaben werden bis einschlie\u00dflich 25.12.2022 angenommen. Entsprechend findet eine Aufl\u00f6sung erst im Januar 2023 statt.<\/strong><\/p>\n","protected":false},"excerpt":{"rendered":"<p>Hallo liebe Schachspieler*innen des SC Weisse Dame, wir haben in den letzten Wochen f\u00fcr euch einen Schachadventskalender als Vers\u00fc\u00dfung der Adventszeit erstellt. Dabei haben wir Aufgaben teilweise aus unseren Partien, &hellip; <a href=\"http:\/\/sc-weisse-dame.de\/v3\/dies-und-das\/adventskalender-2022\/\" class=\"more-link\"><span class=\"screen-reader-text\">Adventskalender 2022<\/span> weiterlesen <span class=\"meta-nav\">&rarr;<\/span><\/a><\/p>\n","protected":false},"author":10,"featured_media":0,"parent":1078,"menu_order":0,"comment_status":"closed","ping_status":"closed","template":"","meta":{"_price":"","_stock":"","_tribe_ticket_header":"","_tribe_default_ticket_provider":"","_tribe_ticket_capacity":"0","_ticket_start_date":"","_ticket_end_date":"","_tribe_ticket_show_description":"","_tribe_ticket_show_not_going":false,"_tribe_ticket_use_global_stock":"","_tribe_ticket_global_stock_level":"","_global_stock_mode":"","_global_stock_cap":"","_tribe_rsvp_for_event":"","_tribe_ticket_going_count":"","_tribe_ticket_not_going_count":"","_tribe_tickets_list":"[]","_tribe_ticket_has_attendee_info_fields":false,"footnotes":"","_tec_slr_enabled":"","_tec_slr_layout":""},"coauthors":[52],"class_list":["post-25725","page","type-page","status-publish","hentry"],"yoast_head":"<!-- This site is optimized with the Yoast SEO plugin v27.3 - https:\/\/yoast.com\/product\/yoast-seo-wordpress\/ -->\n<title>Adventskalender 2022 - SC Weisse Dame e. V.<\/title>\n<meta name=\"robots\" content=\"index, follow, max-snippet:-1, max-image-preview:large, max-video-preview:-1\" \/>\n<link rel=\"canonical\" href=\"http:\/\/sc-weisse-dame.de\/v3\/dies-und-das\/adventskalender-2022\/\" \/>\n<meta property=\"og:locale\" content=\"de_DE\" \/>\n<meta property=\"og:type\" content=\"article\" \/>\n<meta property=\"og:title\" content=\"Adventskalender 2022 - SC Weisse Dame e. V.\" \/>\n<meta property=\"og:description\" content=\"Hallo liebe Schachspieler*innen des SC Weisse Dame, wir haben in den letzten Wochen f\u00fcr euch einen Schachadventskalender als Vers\u00fc\u00dfung der Adventszeit erstellt. Dabei haben wir Aufgaben teilweise aus unseren Partien, &hellip; Adventskalender 2022 weiterlesen &rarr;\" \/>\n<meta property=\"og:url\" content=\"http:\/\/sc-weisse-dame.de\/v3\/dies-und-das\/adventskalender-2022\/\" \/>\n<meta property=\"og:site_name\" content=\"SC Weisse Dame e. V.\" \/>\n<meta property=\"article:modified_time\" content=\"2022-12-06T18:48:44+00:00\" \/>\n<meta name=\"twitter:card\" content=\"summary_large_image\" \/>\n<meta name=\"twitter:label1\" content=\"Gesch\u00e4tzte Lesezeit\" \/>\n\t<meta name=\"twitter:data1\" content=\"1\u00a0Minute\" \/>\n\t<meta name=\"twitter:label2\" content=\"Written by\" \/>\n\t<meta name=\"twitter:data2\" content=\"Claudia M\u00fcnstermann\" \/>\n<script type=\"application\/ld+json\" class=\"yoast-schema-graph\">{\"@context\":\"https:\\\/\\\/schema.org\",\"@graph\":[{\"@type\":\"WebPage\",\"@id\":\"http:\\\/\\\/sc-weisse-dame.de\\\/v3\\\/dies-und-das\\\/adventskalender-2022\\\/\",\"url\":\"http:\\\/\\\/sc-weisse-dame.de\\\/v3\\\/dies-und-das\\\/adventskalender-2022\\\/\",\"name\":\"Adventskalender 2022 - SC Weisse Dame e. V.\",\"isPartOf\":{\"@id\":\"http:\\\/\\\/sc-weisse-dame.de\\\/v3\\\/#website\"},\"datePublished\":\"2022-11-15T16:11:40+00:00\",\"dateModified\":\"2022-12-06T18:48:44+00:00\",\"breadcrumb\":{\"@id\":\"http:\\\/\\\/sc-weisse-dame.de\\\/v3\\\/dies-und-das\\\/adventskalender-2022\\\/#breadcrumb\"},\"inLanguage\":\"de\",\"potentialAction\":[{\"@type\":\"ReadAction\",\"target\":[\"http:\\\/\\\/sc-weisse-dame.de\\\/v3\\\/dies-und-das\\\/adventskalender-2022\\\/\"]}]},{\"@type\":\"BreadcrumbList\",\"@id\":\"http:\\\/\\\/sc-weisse-dame.de\\\/v3\\\/dies-und-das\\\/adventskalender-2022\\\/#breadcrumb\",\"itemListElement\":[{\"@type\":\"ListItem\",\"position\":1,\"name\":\"Startseite\",\"item\":\"http:\\\/\\\/sc-weisse-dame.de\\\/v3\\\/\"},{\"@type\":\"ListItem\",\"position\":2,\"name\":\"Dies und Das\",\"item\":\"http:\\\/\\\/sc-weisse-dame.de\\\/v3\\\/dies-und-das\\\/\"},{\"@type\":\"ListItem\",\"position\":3,\"name\":\"Adventskalender 2022\"}]},{\"@type\":\"WebSite\",\"@id\":\"http:\\\/\\\/sc-weisse-dame.de\\\/v3\\\/#website\",\"url\":\"http:\\\/\\\/sc-weisse-dame.de\\\/v3\\\/\",\"name\":\"SC Weisse Dame e. V.\",\"description\":\"Herzlich Willkommen!\",\"potentialAction\":[{\"@type\":\"SearchAction\",\"target\":{\"@type\":\"EntryPoint\",\"urlTemplate\":\"http:\\\/\\\/sc-weisse-dame.de\\\/v3\\\/?s={search_term_string}\"},\"query-input\":{\"@type\":\"PropertyValueSpecification\",\"valueRequired\":true,\"valueName\":\"search_term_string\"}}],\"inLanguage\":\"de\"}]}<\/script>\n<!-- \/ Yoast SEO plugin. -->","yoast_head_json":{"title":"Adventskalender 2022 - SC Weisse Dame e. V.","robots":{"index":"index","follow":"follow","max-snippet":"max-snippet:-1","max-image-preview":"max-image-preview:large","max-video-preview":"max-video-preview:-1"},"canonical":"http:\/\/sc-weisse-dame.de\/v3\/dies-und-das\/adventskalender-2022\/","og_locale":"de_DE","og_type":"article","og_title":"Adventskalender 2022 - SC Weisse Dame e. V.","og_description":"Hallo liebe Schachspieler*innen des SC Weisse Dame, wir haben in den letzten Wochen f\u00fcr euch einen Schachadventskalender als Vers\u00fc\u00dfung der Adventszeit erstellt. Dabei haben wir Aufgaben teilweise aus unseren Partien, &hellip; Adventskalender 2022 weiterlesen &rarr;","og_url":"http:\/\/sc-weisse-dame.de\/v3\/dies-und-das\/adventskalender-2022\/","og_site_name":"SC Weisse Dame e. V.","article_modified_time":"2022-12-06T18:48:44+00:00","twitter_card":"summary_large_image","twitter_misc":{"Gesch\u00e4tzte Lesezeit":"1\u00a0Minute","Written by":"Claudia M\u00fcnstermann"},"schema":{"@context":"https:\/\/schema.org","@graph":[{"@type":"WebPage","@id":"http:\/\/sc-weisse-dame.de\/v3\/dies-und-das\/adventskalender-2022\/","url":"http:\/\/sc-weisse-dame.de\/v3\/dies-und-das\/adventskalender-2022\/","name":"Adventskalender 2022 - SC Weisse Dame e. V.","isPartOf":{"@id":"http:\/\/sc-weisse-dame.de\/v3\/#website"},"datePublished":"2022-11-15T16:11:40+00:00","dateModified":"2022-12-06T18:48:44+00:00","breadcrumb":{"@id":"http:\/\/sc-weisse-dame.de\/v3\/dies-und-das\/adventskalender-2022\/#breadcrumb"},"inLanguage":"de","potentialAction":[{"@type":"ReadAction","target":["http:\/\/sc-weisse-dame.de\/v3\/dies-und-das\/adventskalender-2022\/"]}]},{"@type":"BreadcrumbList","@id":"http:\/\/sc-weisse-dame.de\/v3\/dies-und-das\/adventskalender-2022\/#breadcrumb","itemListElement":[{"@type":"ListItem","position":1,"name":"Startseite","item":"http:\/\/sc-weisse-dame.de\/v3\/"},{"@type":"ListItem","position":2,"name":"Dies und Das","item":"http:\/\/sc-weisse-dame.de\/v3\/dies-und-das\/"},{"@type":"ListItem","position":3,"name":"Adventskalender 2022"}]},{"@type":"WebSite","@id":"http:\/\/sc-weisse-dame.de\/v3\/#website","url":"http:\/\/sc-weisse-dame.de\/v3\/","name":"SC Weisse Dame e. V.","description":"Herzlich Willkommen!","potentialAction":[{"@type":"SearchAction","target":{"@type":"EntryPoint","urlTemplate":"http:\/\/sc-weisse-dame.de\/v3\/?s={search_term_string}"},"query-input":{"@type":"PropertyValueSpecification","valueRequired":true,"valueName":"search_term_string"}}],"inLanguage":"de"}]}},"ticketed":false,"_links":{"self":[{"href":"http:\/\/sc-weisse-dame.de\/v3\/wp-json\/wp\/v2\/pages\/25725","targetHints":{"allow":["GET"]}}],"collection":[{"href":"http:\/\/sc-weisse-dame.de\/v3\/wp-json\/wp\/v2\/pages"}],"about":[{"href":"http:\/\/sc-weisse-dame.de\/v3\/wp-json\/wp\/v2\/types\/page"}],"author":[{"embeddable":true,"href":"http:\/\/sc-weisse-dame.de\/v3\/wp-json\/wp\/v2\/users\/10"}],"replies":[{"embeddable":true,"href":"http:\/\/sc-weisse-dame.de\/v3\/wp-json\/wp\/v2\/comments?post=25725"}],"version-history":[{"count":4,"href":"http:\/\/sc-weisse-dame.de\/v3\/wp-json\/wp\/v2\/pages\/25725\/revisions"}],"predecessor-version":[{"id":25937,"href":"http:\/\/sc-weisse-dame.de\/v3\/wp-json\/wp\/v2\/pages\/25725\/revisions\/25937"}],"up":[{"embeddable":true,"href":"http:\/\/sc-weisse-dame.de\/v3\/wp-json\/wp\/v2\/pages\/1078"}],"wp:attachment":[{"href":"http:\/\/sc-weisse-dame.de\/v3\/wp-json\/wp\/v2\/media?parent=25725"}],"wp:term":[{"taxonomy":"author","embeddable":true,"href":"http:\/\/sc-weisse-dame.de\/v3\/wp-json\/wp\/v2\/coauthors?post=25725"}],"curies":[{"name":"wp","href":"https:\/\/api.w.org\/{rel}","templated":true}]}}