{"id":242,"date":"2016-06-15T17:09:45","date_gmt":"2016-06-15T15:09:45","guid":{"rendered":"http:\/\/sc-weisse-dame.de\/v3\/?page_id=242"},"modified":"2024-05-26T15:39:10","modified_gmt":"2024-05-26T13:39:10","slug":"jugend","status":"publish","type":"page","link":"http:\/\/sc-weisse-dame.de\/v3\/jugend\/","title":{"rendered":"Jugend"},"content":{"rendered":"<h2 style=\"text-align: left;\">Willkommen auf der Jugendseite des SC Weisse Dame e.V.<\/h2>\n<hr \/>\n<p style=\"text-align: center;\"><strong>&#8211; <a href=\"http:\/\/sc-weisse-dame.de\/v3\/2017\/03\/vom-talente-zum-leistungsstuetzpunkt\/\">Leistungsst\u00fctzpunkt<\/a> Jugend und Leistungsst\u00fctzpunkt weibliche Jugend des Berliner Schachverbands &#8211;<\/strong><\/p>\n<hr \/>\n<p style=\"text-align: justify;\">Unsere Jugendabteilung bietet Kinder- und Jugendtraining f\u00fcr alle Spielst\u00e4rken an: Vom Anf\u00e4nger bis zum Leistungsspieler findet jeder seine Gruppe. Auf der<strong> <a href=\"http:\/\/sc-weisse-dame.de\/v3\/jugend\/trainingsgruppen\/\">Unterseite &#8222;Trainingsgruppen&#8220;<\/a> <\/strong>informieren wir aktuell \u00fcber unsere Trainingsgruppen und Trainer.<\/p>\n<p>Bei Interesse an unserem Kinder- und Jugendtraining gibt unser <a href=\"mailto: jugendwart@sc-weisse-dame.de\"><strong>Jugendwart<\/strong><\/a><strong> Johannes St\u00f6ckel<\/strong> gerne Auskunft.<\/p>\n<p>Auf der<a href=\"http:\/\/sc-weisse-dame.de\/v3\/jugend\/jugendturniere\/\"> Unterseite &#8222;Jugendturniere&#8220;<\/a> gibt es Informationen zu den von unserem Verein ausgerichteten Jugendturnieren.<\/p>\n<hr \/>\n","protected":false},"excerpt":{"rendered":"<p>Willkommen auf der Jugendseite des SC Weisse Dame e.V. &#8211; Leistungsst\u00fctzpunkt Jugend und Leistungsst\u00fctzpunkt weibliche Jugend des Berliner Schachverbands &#8211; Unsere Jugendabteilung bietet Kinder- und Jugendtraining f\u00fcr alle Spielst\u00e4rken an: &hellip; <a href=\"http:\/\/sc-weisse-dame.de\/v3\/jugend\/\" class=\"more-link\"><span class=\"screen-reader-text\">Jugend<\/span> weiterlesen <span class=\"meta-nav\">&rarr;<\/span><\/a><\/p>\n","protected":false},"author":2,"featured_media":0,"parent":0,"menu_order":0,"comment_status":"closed","ping_status":"closed","template":"jugend-page.php","meta":{"_price":"","_stock":"","_tribe_ticket_header":"","_tribe_default_ticket_provider":"","_tribe_ticket_capacity":"0","_ticket_start_date":"","_ticket_end_date":"","_tribe_ticket_show_description":"","_tribe_ticket_show_not_going":false,"_tribe_ticket_use_global_stock":"","_tribe_ticket_global_stock_level":"","_global_stock_mode":"","_global_stock_cap":"","_tribe_rsvp_for_event":"","_tribe_ticket_going_count":"","_tribe_ticket_not_going_count":"","_tribe_tickets_list":"[]","_tribe_ticket_has_attendee_info_fields":false,"footnotes":"","_tec_slr_enabled":"","_tec_slr_layout":""},"coauthors":[23],"class_list":["post-242","page","type-page","status-publish","hentry"],"yoast_head":"<!-- This site is optimized with the Yoast SEO plugin v27.3 - https:\/\/yoast.com\/product\/yoast-seo-wordpress\/ -->\n<title>Jugend - SC Weisse Dame e. V.<\/title>\n<meta name=\"robots\" content=\"index, follow, max-snippet:-1, max-image-preview:large, max-video-preview:-1\" \/>\n<link rel=\"canonical\" href=\"http:\/\/sc-weisse-dame.de\/v3\/jugend\/\" \/>\n<meta property=\"og:locale\" content=\"de_DE\" \/>\n<meta property=\"og:type\" content=\"article\" \/>\n<meta property=\"og:title\" content=\"Jugend - SC Weisse Dame e. V.\" \/>\n<meta property=\"og:description\" content=\"Willkommen auf der Jugendseite des SC Weisse Dame e.V. &#8211; Leistungsst\u00fctzpunkt Jugend und Leistungsst\u00fctzpunkt weibliche Jugend des Berliner Schachverbands &#8211; Unsere Jugendabteilung bietet Kinder- und Jugendtraining f\u00fcr alle Spielst\u00e4rken an: &hellip; Jugend weiterlesen &rarr;\" \/>\n<meta property=\"og:url\" content=\"http:\/\/sc-weisse-dame.de\/v3\/jugend\/\" \/>\n<meta property=\"og:site_name\" content=\"SC Weisse Dame e. V.\" \/>\n<meta property=\"article:modified_time\" content=\"2024-05-26T13:39:10+00:00\" \/>\n<meta name=\"twitter:card\" content=\"summary_large_image\" \/>\n<meta name=\"twitter:label1\" content=\"Gesch\u00e4tzte Lesezeit\" \/>\n\t<meta name=\"twitter:data1\" content=\"1\u00a0Minute\" \/>\n<script type=\"application\/ld+json\" class=\"yoast-schema-graph\">{\"@context\":\"https:\\\/\\\/schema.org\",\"@graph\":[{\"@type\":\"WebPage\",\"@id\":\"http:\\\/\\\/sc-weisse-dame.de\\\/v3\\\/jugend\\\/\",\"url\":\"http:\\\/\\\/sc-weisse-dame.de\\\/v3\\\/jugend\\\/\",\"name\":\"Jugend - SC Weisse Dame e. V.\",\"isPartOf\":{\"@id\":\"http:\\\/\\\/sc-weisse-dame.de\\\/v3\\\/#website\"},\"datePublished\":\"2016-06-15T15:09:45+00:00\",\"dateModified\":\"2024-05-26T13:39:10+00:00\",\"breadcrumb\":{\"@id\":\"http:\\\/\\\/sc-weisse-dame.de\\\/v3\\\/jugend\\\/#breadcrumb\"},\"inLanguage\":\"de\",\"potentialAction\":[{\"@type\":\"ReadAction\",\"target\":[\"http:\\\/\\\/sc-weisse-dame.de\\\/v3\\\/jugend\\\/\"]}]},{\"@type\":\"BreadcrumbList\",\"@id\":\"http:\\\/\\\/sc-weisse-dame.de\\\/v3\\\/jugend\\\/#breadcrumb\",\"itemListElement\":[{\"@type\":\"ListItem\",\"position\":1,\"name\":\"Startseite\",\"item\":\"http:\\\/\\\/sc-weisse-dame.de\\\/v3\\\/\"},{\"@type\":\"ListItem\",\"position\":2,\"name\":\"Jugend\"}]},{\"@type\":\"WebSite\",\"@id\":\"http:\\\/\\\/sc-weisse-dame.de\\\/v3\\\/#website\",\"url\":\"http:\\\/\\\/sc-weisse-dame.de\\\/v3\\\/\",\"name\":\"SC Weisse Dame e. V.\",\"description\":\"Herzlich Willkommen!\",\"potentialAction\":[{\"@type\":\"SearchAction\",\"target\":{\"@type\":\"EntryPoint\",\"urlTemplate\":\"http:\\\/\\\/sc-weisse-dame.de\\\/v3\\\/?s={search_term_string}\"},\"query-input\":{\"@type\":\"PropertyValueSpecification\",\"valueRequired\":true,\"valueName\":\"search_term_string\"}}],\"inLanguage\":\"de\"}]}<\/script>\n<!-- \/ Yoast SEO plugin. -->","yoast_head_json":{"title":"Jugend - SC Weisse Dame e. V.","robots":{"index":"index","follow":"follow","max-snippet":"max-snippet:-1","max-image-preview":"max-image-preview:large","max-video-preview":"max-video-preview:-1"},"canonical":"http:\/\/sc-weisse-dame.de\/v3\/jugend\/","og_locale":"de_DE","og_type":"article","og_title":"Jugend - SC Weisse Dame e. V.","og_description":"Willkommen auf der Jugendseite des SC Weisse Dame e.V. &#8211; Leistungsst\u00fctzpunkt Jugend und Leistungsst\u00fctzpunkt weibliche Jugend des Berliner Schachverbands &#8211; Unsere Jugendabteilung bietet Kinder- und Jugendtraining f\u00fcr alle Spielst\u00e4rken an: &hellip; Jugend weiterlesen &rarr;","og_url":"http:\/\/sc-weisse-dame.de\/v3\/jugend\/","og_site_name":"SC Weisse Dame e. V.","article_modified_time":"2024-05-26T13:39:10+00:00","twitter_card":"summary_large_image","twitter_misc":{"Gesch\u00e4tzte Lesezeit":"1\u00a0Minute"},"schema":{"@context":"https:\/\/schema.org","@graph":[{"@type":"WebPage","@id":"http:\/\/sc-weisse-dame.de\/v3\/jugend\/","url":"http:\/\/sc-weisse-dame.de\/v3\/jugend\/","name":"Jugend - SC Weisse Dame e. V.","isPartOf":{"@id":"http:\/\/sc-weisse-dame.de\/v3\/#website"},"datePublished":"2016-06-15T15:09:45+00:00","dateModified":"2024-05-26T13:39:10+00:00","breadcrumb":{"@id":"http:\/\/sc-weisse-dame.de\/v3\/jugend\/#breadcrumb"},"inLanguage":"de","potentialAction":[{"@type":"ReadAction","target":["http:\/\/sc-weisse-dame.de\/v3\/jugend\/"]}]},{"@type":"BreadcrumbList","@id":"http:\/\/sc-weisse-dame.de\/v3\/jugend\/#breadcrumb","itemListElement":[{"@type":"ListItem","position":1,"name":"Startseite","item":"http:\/\/sc-weisse-dame.de\/v3\/"},{"@type":"ListItem","position":2,"name":"Jugend"}]},{"@type":"WebSite","@id":"http:\/\/sc-weisse-dame.de\/v3\/#website","url":"http:\/\/sc-weisse-dame.de\/v3\/","name":"SC Weisse Dame e. V.","description":"Herzlich Willkommen!","potentialAction":[{"@type":"SearchAction","target":{"@type":"EntryPoint","urlTemplate":"http:\/\/sc-weisse-dame.de\/v3\/?s={search_term_string}"},"query-input":{"@type":"PropertyValueSpecification","valueRequired":true,"valueName":"search_term_string"}}],"inLanguage":"de"}]}},"ticketed":false,"_links":{"self":[{"href":"http:\/\/sc-weisse-dame.de\/v3\/wp-json\/wp\/v2\/pages\/242","targetHints":{"allow":["GET"]}}],"collection":[{"href":"http:\/\/sc-weisse-dame.de\/v3\/wp-json\/wp\/v2\/pages"}],"about":[{"href":"http:\/\/sc-weisse-dame.de\/v3\/wp-json\/wp\/v2\/types\/page"}],"author":[{"embeddable":true,"href":"http:\/\/sc-weisse-dame.de\/v3\/wp-json\/wp\/v2\/users\/2"}],"replies":[{"embeddable":true,"href":"http:\/\/sc-weisse-dame.de\/v3\/wp-json\/wp\/v2\/comments?post=242"}],"version-history":[{"count":13,"href":"http:\/\/sc-weisse-dame.de\/v3\/wp-json\/wp\/v2\/pages\/242\/revisions"}],"predecessor-version":[{"id":29405,"href":"http:\/\/sc-weisse-dame.de\/v3\/wp-json\/wp\/v2\/pages\/242\/revisions\/29405"}],"wp:attachment":[{"href":"http:\/\/sc-weisse-dame.de\/v3\/wp-json\/wp\/v2\/media?parent=242"}],"wp:term":[{"taxonomy":"author","embeddable":true,"href":"http:\/\/sc-weisse-dame.de\/v3\/wp-json\/wp\/v2\/coauthors?post=242"}],"curies":[{"name":"wp","href":"https:\/\/api.w.org\/{rel}","templated":true}]}}