{"id":223,"date":"2016-06-15T15:30:45","date_gmt":"2016-06-15T13:30:45","guid":{"rendered":"http:\/\/sc-weisse-dame.de\/v3\/?page_id=223"},"modified":"2025-01-26T18:08:42","modified_gmt":"2025-01-26T17:08:42","slug":"trainingsgruppen","status":"publish","type":"page","link":"http:\/\/sc-weisse-dame.de\/v3\/jugend\/trainingsgruppen\/","title":{"rendered":"Trainingsgruppen"},"content":{"rendered":"\r\n\r\n<p>Unsere Jugendabteilung besteht aktuell aus ca. 80 Kindern und Jugendlichen im Alter von 5 bis 20 Jahren. Die Spannweite der Spielst\u00e4rke erstreckt sich dabei vom Anf\u00e4nger bis zum Deutschen Meister und WM-Teilnehmer.<\/p>\r\n\r\n\r\n<p>Unsere Trainer sind gr\u00f6\u00dftenteils lizenziert: Ein A-Trainer und mehrere C-Trainer arbeiten ehrenamtlich mit den Kindern und Jugendlichen. Das Trainerteam wird unterst\u00fctzt durch ausgebildete P\u00e4dagogen und weitere, seit Jahren im Kinder- und Jugendschach engagierte Vereinsmitglieder.<\/p>\r\n\r\n\r\n<p>Fragen zum Training oder zu den Trainingsgruppen beantwortet unser <a href=\"mailto:jugendwart@sc-weisse-dame.de\">Jugendwart<\/a> Johannes St\u00f6ckel gerne.<\/p>\r\n\r\n\r\n<p>Mit <strong>Stand Januar 2025<\/strong> bieten wir folgende<strong> Trainingsgruppen<\/strong> an &#8211; inzwischen wieder \u00fcberwiegend in Pr\u00e4senz, teilweise auch online. F\u00fcr alle Trainingsgruppen gilt, dass das Kinder- und Jugendtraining nicht in den Berliner Schulferien stattfindet.<\/p>\r\n<p><span class=\"tadv-color\">Hier gibt es weitere technische Informationen<a href=\"http:\/\/sc-weisse-dame.de\/v3\/jugend\/online-training\/\"> zum Online-Training \u00fcber Discord.<\/a><\/span><\/p>\r\n\r\n\r\n<figure class=\"wp-block-table is-style-regular\">\r\n<table style=\"width: 100%;\">\r\n<thead>\r\n<tr>\r\n<th style=\"width: 18.1298%;\">Tag, Uhrzeit<\/th>\r\n<th style=\"width: 23.6641%;\">Gruppe<\/th>\r\n<th style=\"width: 27.2901%;\">Trainer\/-IN<\/th>\r\n<th style=\"width: 30.5344%;\">ORT, Bemerkung<\/th>\r\n<\/tr>\r\n<\/thead>\r\n<tbody>\r\n<tr>\r\n<td style=\"width: 18.1298%;\">Dienstag, <br \/>\r\n17:30-19:30 Uhr<\/td>\r\n<td style=\"width: 23.6641%;\">Leistungsgruppe Hybrid (Pr\u00e4senz und Online)<\/td>\r\n<td style=\"width: 27.2901%;\">FM Hendrik M\u00f6ller<\/td>\r\n<td style=\"width: 30.5344%;\">\r\n<p>Schachschule Berlin, Bayrische Str. 32, 10707 Berlin &#8211; Alternativ ist eine Teilnahme online \u00fcber Discord m\u00f6glich.<\/p>\r\n<\/td>\r\n<\/tr>\r\n<tr>\r\n<td style=\"width: 18.1298%;\">Freitag, <br \/>\r\n16:30-17:30 Uhr<\/td>\r\n<td style=\"width: 23.6641%;\">Fortgeschrittene A<br \/>\r\n<br \/>\r\n<\/td>\r\n<td style=\"width: 27.2901%;\">Thorsten Gro\u00df<br \/>\r\n<br \/>\r\n<\/td>\r\n<td style=\"width: 30.5344%;\">Haus am Lietzensee, Herbartstr. 25, 14057 Berlin<\/td>\r\n<\/tr>\r\n<tr>\r\n<td style=\"width: 18.1298%;\">\r\n<p>Freitag, <br \/>\r\n17:45-18:45 Uhr<\/p>\r\n<\/td>\r\n<td style=\"width: 23.6641%;\">Fortgeschrittene B<br \/>\r\n<br \/>\r\n<\/td>\r\n<td style=\"width: 27.2901%;\">Thorsten Gro\u00df<\/td>\r\n<td style=\"width: 30.5344%;\">Haus am Lietzensee, Herbartstr. 25, 14057 Berlin<\/td>\r\n<\/tr>\r\n<tr>\r\n<td style=\"width: 18.1298%;\">Freitag, <br \/>\r\n17:00-18:30 Uhr<\/td>\r\n<td style=\"width: 23.6641%;\">Fortgeschrittene C<br \/>\r\n<br \/>\r\n<\/td>\r\n<td style=\"width: 27.2901%;\">Roland Tschendel<\/td>\r\n<td style=\"width: 30.5344%;\">Haus am Lietzensee, Herbartstr. 25, 14057 Berlin<\/td>\r\n<\/tr>\r\n<tr>\r\n<td style=\"width: 18.1298%;\">Samstag, <br \/>\r\n14:00-16:00 Uhr<\/td>\r\n<td style=\"width: 23.6641%;\">\r\n<p>Anf\u00e4nger<br \/>\r\n<br \/>\r\n<\/p>\r\n<\/td>\r\n<td style=\"width: 27.2901%;\">Johannes St\u00f6ckel \/ Willy Mack<\/td>\r\n<td style=\"width: 30.5344%;\">Eichendorff-Grundschule, Goethestr. 19-24, 10625 Berlin<\/td>\r\n<\/tr>\r\n<tr>\r\n<td style=\"width: 18.1298%;\">\r\n<p>Samstag, <br \/>\r\n14:00-16:00 Uhr<\/p>\r\n<\/td>\r\n<td style=\"width: 23.6641%;\">Fortgeschrittene D<br \/>\r\n<br \/>\r\n<\/td>\r\n<td style=\"width: 27.2901%;\">Katrin Lasko<\/td>\r\n<td style=\"width: 30.5344%;\">Eichendorff-Grundschule, Goethestr. 19-24, 10625 Berlin<\/td>\r\n<\/tr>\r\n<\/tbody>\r\n<\/table>\r\n<p>&nbsp;<\/p>\r\n<\/figure>\r\n\r\n\r\n<h2 class=\"wp-block-heading\">Leistungsgruppen<\/h2>\r\n\r\n\r\n<p>In den Leistungsgruppen trainieren die erfahrensten unserer Kinder und Jugendlichen. Sie spielen alle schon etliche Jahre Schach und der ein oder andere konnte bereits Berliner Meister\/Berliner Meisterin werden. Sogar Deutsche Meister und Deutsche Meisterinnen sind aus dieser Gruppe hervorgegangen. Die aus der Leistungsgruppe gebildeten Mannschaften erzielen regelm\u00e4\u00dfig regional und \u00fcberregional Erfolge.<\/p>\r\n\r\n\r\n\r\n<hr class=\"wp-block-separator\" \/>\r\n\r\n<h2 class=\"wp-block-heading\">Anf\u00e4nger-Gruppen<\/h2>\r\n\r\n\r\n<p>In unseren Anf\u00e4nger-Gruppen lernen die Kinder zuerst die Regeln des Schachspiels; danach erfolgt die Vermittlung erster taktischer Motive. Unsere J\u00fcngsten nehmen auch mit Feuereifer an den von der Berliner Schachjugend angebotenen Anf\u00e4ngerturnieren teil.<\/p>\r\n\r\n\r\n\r\n<hr class=\"wp-block-separator\" \/>\r\n\r\n<h2 class=\"wp-block-heading\">Fortgeschrittenen-Gruppen<\/h2>\r\n\r\n\r\n<p>In den Fortgeschrittenen-Gruppen trainieren Kinder und Jugendliche, die schon eine Weile dabei sind und viele taktische Tricks kennen, um ihre Partien zu gewinnen. Ein wichtiger Bestandteil der Schachausbildung in diesen Gruppen ist die Teilnahme an Turnieren &#8211; sowohl im Einzel- als auch Mannschaftsbereich.<\/p>\r\n\r\n\r\n\r\n<hr class=\"wp-block-separator\" \/>\r\n\r\n<p>&nbsp;<\/p>\r\n","protected":false},"excerpt":{"rendered":"<p>Unsere Jugendabteilung besteht aktuell aus ca. 80 Kindern und Jugendlichen im Alter von 5 bis 20 Jahren. Die Spannweite der Spielst\u00e4rke erstreckt sich dabei vom Anf\u00e4nger bis zum Deutschen Meister &hellip; <a href=\"http:\/\/sc-weisse-dame.de\/v3\/jugend\/trainingsgruppen\/\" class=\"more-link\"><span class=\"screen-reader-text\">Trainingsgruppen<\/span> weiterlesen <span class=\"meta-nav\">&rarr;<\/span><\/a><\/p>\n","protected":false},"author":2,"featured_media":0,"parent":242,"menu_order":0,"comment_status":"closed","ping_status":"closed","template":"","meta":{"_price":"","_stock":"","_tribe_ticket_header":"","_tribe_default_ticket_provider":"","_tribe_ticket_capacity":"0","_ticket_start_date":"","_ticket_end_date":"","_tribe_ticket_show_description":"","_tribe_ticket_show_not_going":false,"_tribe_ticket_use_global_stock":"","_tribe_ticket_global_stock_level":"","_global_stock_mode":"","_global_stock_cap":"","_tribe_rsvp_for_event":"","_tribe_ticket_going_count":"","_tribe_ticket_not_going_count":"","_tribe_tickets_list":"[]","_tribe_ticket_has_attendee_info_fields":false,"footnotes":"","_tec_slr_enabled":"","_tec_slr_layout":""},"coauthors":[23],"class_list":["post-223","page","type-page","status-publish","hentry"],"yoast_head":"<!-- This site is optimized with the Yoast SEO plugin v27.5 - https:\/\/yoast.com\/product\/yoast-seo-wordpress\/ -->\n<title>Trainingsgruppen - SC Weisse Dame e. V.<\/title>\n<meta name=\"robots\" content=\"index, follow, max-snippet:-1, max-image-preview:large, max-video-preview:-1\" \/>\n<link rel=\"canonical\" href=\"http:\/\/sc-weisse-dame.de\/v3\/jugend\/trainingsgruppen\/\" \/>\n<meta property=\"og:locale\" content=\"de_DE\" \/>\n<meta property=\"og:type\" content=\"article\" \/>\n<meta property=\"og:title\" content=\"Trainingsgruppen - SC Weisse Dame e. V.\" \/>\n<meta property=\"og:description\" content=\"Unsere Jugendabteilung besteht aktuell aus ca. 80 Kindern und Jugendlichen im Alter von 5 bis 20 Jahren. Die Spannweite der Spielst\u00e4rke erstreckt sich dabei vom Anf\u00e4nger bis zum Deutschen Meister &hellip; Trainingsgruppen weiterlesen &rarr;\" \/>\n<meta property=\"og:url\" content=\"http:\/\/sc-weisse-dame.de\/v3\/jugend\/trainingsgruppen\/\" \/>\n<meta property=\"og:site_name\" content=\"SC Weisse Dame e. V.\" \/>\n<meta property=\"article:modified_time\" content=\"2025-01-26T17:08:42+00:00\" \/>\n<meta name=\"twitter:card\" content=\"summary_large_image\" \/>\n<meta name=\"twitter:label1\" content=\"Gesch\u00e4tzte Lesezeit\" \/>\n\t<meta name=\"twitter:data1\" content=\"2\u00a0Minuten\" \/>\n<script type=\"application\/ld+json\" class=\"yoast-schema-graph\">{\"@context\":\"https:\\\/\\\/schema.org\",\"@graph\":[{\"@type\":\"WebPage\",\"@id\":\"http:\\\/\\\/sc-weisse-dame.de\\\/v3\\\/jugend\\\/trainingsgruppen\\\/\",\"url\":\"http:\\\/\\\/sc-weisse-dame.de\\\/v3\\\/jugend\\\/trainingsgruppen\\\/\",\"name\":\"Trainingsgruppen - SC Weisse Dame e. V.\",\"isPartOf\":{\"@id\":\"http:\\\/\\\/sc-weisse-dame.de\\\/v3\\\/#website\"},\"datePublished\":\"2016-06-15T13:30:45+00:00\",\"dateModified\":\"2025-01-26T17:08:42+00:00\",\"breadcrumb\":{\"@id\":\"http:\\\/\\\/sc-weisse-dame.de\\\/v3\\\/jugend\\\/trainingsgruppen\\\/#breadcrumb\"},\"inLanguage\":\"de\",\"potentialAction\":[{\"@type\":\"ReadAction\",\"target\":[\"http:\\\/\\\/sc-weisse-dame.de\\\/v3\\\/jugend\\\/trainingsgruppen\\\/\"]}]},{\"@type\":\"BreadcrumbList\",\"@id\":\"http:\\\/\\\/sc-weisse-dame.de\\\/v3\\\/jugend\\\/trainingsgruppen\\\/#breadcrumb\",\"itemListElement\":[{\"@type\":\"ListItem\",\"position\":1,\"name\":\"Startseite\",\"item\":\"http:\\\/\\\/sc-weisse-dame.de\\\/v3\\\/\"},{\"@type\":\"ListItem\",\"position\":2,\"name\":\"Jugend\",\"item\":\"http:\\\/\\\/sc-weisse-dame.de\\\/v3\\\/jugend\\\/\"},{\"@type\":\"ListItem\",\"position\":3,\"name\":\"Trainingsgruppen\"}]},{\"@type\":\"WebSite\",\"@id\":\"http:\\\/\\\/sc-weisse-dame.de\\\/v3\\\/#website\",\"url\":\"http:\\\/\\\/sc-weisse-dame.de\\\/v3\\\/\",\"name\":\"SC Weisse Dame e. V.\",\"description\":\"Herzlich Willkommen!\",\"potentialAction\":[{\"@type\":\"SearchAction\",\"target\":{\"@type\":\"EntryPoint\",\"urlTemplate\":\"http:\\\/\\\/sc-weisse-dame.de\\\/v3\\\/?s={search_term_string}\"},\"query-input\":{\"@type\":\"PropertyValueSpecification\",\"valueRequired\":true,\"valueName\":\"search_term_string\"}}],\"inLanguage\":\"de\"}]}<\/script>\n<!-- \/ Yoast SEO plugin. -->","yoast_head_json":{"title":"Trainingsgruppen - SC Weisse Dame e. V.","robots":{"index":"index","follow":"follow","max-snippet":"max-snippet:-1","max-image-preview":"max-image-preview:large","max-video-preview":"max-video-preview:-1"},"canonical":"http:\/\/sc-weisse-dame.de\/v3\/jugend\/trainingsgruppen\/","og_locale":"de_DE","og_type":"article","og_title":"Trainingsgruppen - SC Weisse Dame e. V.","og_description":"Unsere Jugendabteilung besteht aktuell aus ca. 80 Kindern und Jugendlichen im Alter von 5 bis 20 Jahren. Die Spannweite der Spielst\u00e4rke erstreckt sich dabei vom Anf\u00e4nger bis zum Deutschen Meister &hellip; Trainingsgruppen weiterlesen &rarr;","og_url":"http:\/\/sc-weisse-dame.de\/v3\/jugend\/trainingsgruppen\/","og_site_name":"SC Weisse Dame e. V.","article_modified_time":"2025-01-26T17:08:42+00:00","twitter_card":"summary_large_image","twitter_misc":{"Gesch\u00e4tzte Lesezeit":"2\u00a0Minuten"},"schema":{"@context":"https:\/\/schema.org","@graph":[{"@type":"WebPage","@id":"http:\/\/sc-weisse-dame.de\/v3\/jugend\/trainingsgruppen\/","url":"http:\/\/sc-weisse-dame.de\/v3\/jugend\/trainingsgruppen\/","name":"Trainingsgruppen - SC Weisse Dame e. V.","isPartOf":{"@id":"http:\/\/sc-weisse-dame.de\/v3\/#website"},"datePublished":"2016-06-15T13:30:45+00:00","dateModified":"2025-01-26T17:08:42+00:00","breadcrumb":{"@id":"http:\/\/sc-weisse-dame.de\/v3\/jugend\/trainingsgruppen\/#breadcrumb"},"inLanguage":"de","potentialAction":[{"@type":"ReadAction","target":["http:\/\/sc-weisse-dame.de\/v3\/jugend\/trainingsgruppen\/"]}]},{"@type":"BreadcrumbList","@id":"http:\/\/sc-weisse-dame.de\/v3\/jugend\/trainingsgruppen\/#breadcrumb","itemListElement":[{"@type":"ListItem","position":1,"name":"Startseite","item":"http:\/\/sc-weisse-dame.de\/v3\/"},{"@type":"ListItem","position":2,"name":"Jugend","item":"http:\/\/sc-weisse-dame.de\/v3\/jugend\/"},{"@type":"ListItem","position":3,"name":"Trainingsgruppen"}]},{"@type":"WebSite","@id":"http:\/\/sc-weisse-dame.de\/v3\/#website","url":"http:\/\/sc-weisse-dame.de\/v3\/","name":"SC Weisse Dame e. V.","description":"Herzlich Willkommen!","potentialAction":[{"@type":"SearchAction","target":{"@type":"EntryPoint","urlTemplate":"http:\/\/sc-weisse-dame.de\/v3\/?s={search_term_string}"},"query-input":{"@type":"PropertyValueSpecification","valueRequired":true,"valueName":"search_term_string"}}],"inLanguage":"de"}]}},"ticketed":false,"_links":{"self":[{"href":"http:\/\/sc-weisse-dame.de\/v3\/wp-json\/wp\/v2\/pages\/223","targetHints":{"allow":["GET"]}}],"collection":[{"href":"http:\/\/sc-weisse-dame.de\/v3\/wp-json\/wp\/v2\/pages"}],"about":[{"href":"http:\/\/sc-weisse-dame.de\/v3\/wp-json\/wp\/v2\/types\/page"}],"author":[{"embeddable":true,"href":"http:\/\/sc-weisse-dame.de\/v3\/wp-json\/wp\/v2\/users\/2"}],"replies":[{"embeddable":true,"href":"http:\/\/sc-weisse-dame.de\/v3\/wp-json\/wp\/v2\/comments?post=223"}],"version-history":[{"count":11,"href":"http:\/\/sc-weisse-dame.de\/v3\/wp-json\/wp\/v2\/pages\/223\/revisions"}],"predecessor-version":[{"id":31425,"href":"http:\/\/sc-weisse-dame.de\/v3\/wp-json\/wp\/v2\/pages\/223\/revisions\/31425"}],"up":[{"embeddable":true,"href":"http:\/\/sc-weisse-dame.de\/v3\/wp-json\/wp\/v2\/pages\/242"}],"wp:attachment":[{"href":"http:\/\/sc-weisse-dame.de\/v3\/wp-json\/wp\/v2\/media?parent=223"}],"wp:term":[{"taxonomy":"author","embeddable":true,"href":"http:\/\/sc-weisse-dame.de\/v3\/wp-json\/wp\/v2\/coauthors?post=223"}],"curies":[{"name":"wp","href":"https:\/\/api.w.org\/{rel}","templated":true}]}}