{"id":14918,"date":"2020-03-27T17:18:41","date_gmt":"2020-03-27T16:18:41","guid":{"rendered":"http:\/\/sc-weisse-dame.de\/v3\/?page_id=14918"},"modified":"2021-09-07T22:03:32","modified_gmt":"2021-09-07T20:03:32","slug":"online-training","status":"publish","type":"page","link":"http:\/\/sc-weisse-dame.de\/v3\/jugend\/online-training\/","title":{"rendered":"Online-Training"},"content":{"rendered":"\r\n\r\n\r\n<h4 class=\"wp-block-heading\">Ablauf des Trainings \u00fcber Discord:<\/h4>\r\n\r\n\r\n<ul class=\"wp-block-list\">\r\n\t<li>Das Training wird per Bildschirm\u00fcbertragung \u00fcber Discord erfolgen. Discord ist ein kostenloses Programm zum \u00dcbertragen von Sprach- und Textchats, welches das Einrichten von Trainingsr\u00e4umen zul\u00e4sst.<\/li>\r\n\t<li>Jedes Kind\/jeder Jugendliche\/jeder Teilnehmer ben\u00f6tigt ein <strong><a href=\"https:\/\/discordapp.com\/\">Benutzerkonto bei Discord<\/a><\/strong>. Das Programm muss heruntergeladen und installiert werden. Dies kann auf einem Desktop-PC, Laptop, Tablet oder auch Smartphone erfolgen. Die von Discord angebotene Web-Anwendung ist leider nicht ausreichend.<\/li>\r\n\t<li>Bei Discord haben wir einen Server (Raum) WeDa-Jugendtraining eingerichtet; den Zugangslink erhaltet ihr entweder per E-Mail oder auf Anfrage bei uns.<\/li>\r\n\t<li>Auf dem Server existieren mehrere Sprachkan\u00e4le, die den jeweiligen Trainern zugeordnet sind \u2013 jeder Trainer wird in seinem Sprachkanal das Training abhalten. Bitte findet euch rechtzeitig zu Trainingsbeginn auf dem Sprachkanal ein (wenn ihr auf dem Server seid, m\u00fcsst ihr nur auf den entsprechenden Sprachkanal klicken).<\/li>\r\n<\/ul>\r\n\r\n\r\n<h4 class=\"wp-block-heading\">Turniere f\u00fcr Kinder und Jugendliche auf Lichess:<\/h4>\r\n\r\n\r\n<ul class=\"wp-block-list\">\r\n\t<li><strong>Samstagnachmittags<\/strong> findet auf Lichess ein Turnier <em>nur<\/em> f\u00fcr unsere jungen Vereinsmitglieder statt. Teilnehmen d\u00fcrfen alle Kinder und Jugendlichen des Vereins bzw. mit unserem Verein verbundene Kinder und Jugendliche. Gespielt wird meist ab 15:15 Uhr ein Schnellschachturnier mit verschiedenen Bedenkzeiten.<\/li>\r\n\t<li>Jedes Kind\/jeder Jugendliche\/jeder Teilnehmer ben\u00f6tigt f\u00fcr dieses Turnier ein <strong><a href=\"https:\/\/lichess.org\/\">Benutzerkonto bei Lichess<\/a><\/strong> und muss sich beim <a href=\"https:\/\/lichess.org\/team\/sc-weisse-dame-kids\">Team SC Weisse Dame \u2013 Kids<\/a> anmelden. Ein Admin schaltet die Benutzerkonten frei \u2013 so ist sicher gestellt, dass nur Kinder und Jugendliche der Weissen Dame an dem Turnier teilnehmen und die Kinder untereinander spielen.<\/li>\r\n\t<li>Die st\u00e4rkeren Kinder und Jugendlichen k\u00f6nnen gerne ebenfalls am Online-Angebot f\u00fcr den Gesamtverein im <a href=\"https:\/\/lichess.org\/team\/sc-weisse-dame-ev\">Team SC Weisse Dame e.V.<\/a> teilnehmen, was auch schon erfreulich rege genutzt wird.<\/li>\r\n\t<li>Anmerkung: Unter Einstellungen kann das Lichess-Benutzerkonto in den <a href=\"https:\/\/lichess.org\/account\/kid\">Kindermodus<\/a> gestellt werden \u2013 insbesondere die Kommunikation mit anderen Spielern ist dann nicht mehr m\u00f6glich.<\/li>\r\n<\/ul>\r\n\r\n\r\n<h4 class=\"wp-block-heading\">Fragen und Hilfen:<\/h4>\r\n\r\n\r\n<p>Alle Trainer auf dem Server stehen euch bei technischen Problemen als Ansprechpartner zur Verf\u00fcgung. Bei weiteren Fragen k\u00f6nnt ihr euch auch an folgende Mail-Adresse: <a href=\"mailto:onlineturnier@sc-weisse-dame.de\">onlineturnier@sc-weisse-dame.de<\/a> wenden.<\/p>\r\n\r\n","protected":false},"excerpt":{"rendered":"<p>Ablauf des Trainings \u00fcber Discord: Das Training wird per Bildschirm\u00fcbertragung \u00fcber Discord erfolgen. Discord ist ein kostenloses Programm zum \u00dcbertragen von Sprach- und Textchats, welches das Einrichten von Trainingsr\u00e4umen zul\u00e4sst. &hellip; <a href=\"http:\/\/sc-weisse-dame.de\/v3\/jugend\/online-training\/\" class=\"more-link\"><span class=\"screen-reader-text\">Online-Training<\/span> weiterlesen <span class=\"meta-nav\">&rarr;<\/span><\/a><\/p>\n","protected":false},"author":10,"featured_media":0,"parent":242,"menu_order":0,"comment_status":"closed","ping_status":"closed","template":"","meta":{"_price":"","_stock":"","_tribe_ticket_header":"","_tribe_default_ticket_provider":"","_tribe_ticket_capacity":"0","_ticket_start_date":"","_ticket_end_date":"","_tribe_ticket_show_description":"","_tribe_ticket_show_not_going":false,"_tribe_ticket_use_global_stock":"","_tribe_ticket_global_stock_level":"","_global_stock_mode":"","_global_stock_cap":"","_tribe_rsvp_for_event":"","_tribe_ticket_going_count":"","_tribe_ticket_not_going_count":"","_tribe_tickets_list":"[]","_tribe_ticket_has_attendee_info_fields":false,"footnotes":"","_tec_slr_enabled":"","_tec_slr_layout":""},"coauthors":[52],"class_list":["post-14918","page","type-page","status-publish","hentry"],"yoast_head":"<!-- This site is optimized with the Yoast SEO plugin v27.4 - https:\/\/yoast.com\/product\/yoast-seo-wordpress\/ -->\n<title>Online-Training - SC Weisse Dame e. V.<\/title>\n<meta name=\"robots\" content=\"index, follow, max-snippet:-1, max-image-preview:large, max-video-preview:-1\" \/>\n<link rel=\"canonical\" href=\"http:\/\/sc-weisse-dame.de\/v3\/jugend\/online-training\/\" \/>\n<meta property=\"og:locale\" content=\"de_DE\" \/>\n<meta property=\"og:type\" content=\"article\" \/>\n<meta property=\"og:title\" content=\"Online-Training - SC Weisse Dame e. V.\" \/>\n<meta property=\"og:description\" content=\"Ablauf des Trainings \u00fcber Discord: Das Training wird per Bildschirm\u00fcbertragung \u00fcber Discord erfolgen. Discord ist ein kostenloses Programm zum \u00dcbertragen von Sprach- und Textchats, welches das Einrichten von Trainingsr\u00e4umen zul\u00e4sst. &hellip; Online-Training weiterlesen &rarr;\" \/>\n<meta property=\"og:url\" content=\"http:\/\/sc-weisse-dame.de\/v3\/jugend\/online-training\/\" \/>\n<meta property=\"og:site_name\" content=\"SC Weisse Dame e. V.\" \/>\n<meta property=\"article:modified_time\" content=\"2021-09-07T20:03:32+00:00\" \/>\n<meta name=\"twitter:card\" content=\"summary_large_image\" \/>\n<meta name=\"twitter:label1\" content=\"Gesch\u00e4tzte Lesezeit\" \/>\n\t<meta name=\"twitter:data1\" content=\"2\u00a0Minuten\" \/>\n\t<meta name=\"twitter:label2\" content=\"Written by\" \/>\n\t<meta name=\"twitter:data2\" content=\"Claudia M\u00fcnstermann\" \/>\n<script type=\"application\/ld+json\" class=\"yoast-schema-graph\">{\"@context\":\"https:\\\/\\\/schema.org\",\"@graph\":[{\"@type\":\"WebPage\",\"@id\":\"http:\\\/\\\/sc-weisse-dame.de\\\/v3\\\/jugend\\\/online-training\\\/\",\"url\":\"http:\\\/\\\/sc-weisse-dame.de\\\/v3\\\/jugend\\\/online-training\\\/\",\"name\":\"Online-Training - SC Weisse Dame e. V.\",\"isPartOf\":{\"@id\":\"http:\\\/\\\/sc-weisse-dame.de\\\/v3\\\/#website\"},\"datePublished\":\"2020-03-27T16:18:41+00:00\",\"dateModified\":\"2021-09-07T20:03:32+00:00\",\"breadcrumb\":{\"@id\":\"http:\\\/\\\/sc-weisse-dame.de\\\/v3\\\/jugend\\\/online-training\\\/#breadcrumb\"},\"inLanguage\":\"de\",\"potentialAction\":[{\"@type\":\"ReadAction\",\"target\":[\"http:\\\/\\\/sc-weisse-dame.de\\\/v3\\\/jugend\\\/online-training\\\/\"]}]},{\"@type\":\"BreadcrumbList\",\"@id\":\"http:\\\/\\\/sc-weisse-dame.de\\\/v3\\\/jugend\\\/online-training\\\/#breadcrumb\",\"itemListElement\":[{\"@type\":\"ListItem\",\"position\":1,\"name\":\"Startseite\",\"item\":\"http:\\\/\\\/sc-weisse-dame.de\\\/v3\\\/\"},{\"@type\":\"ListItem\",\"position\":2,\"name\":\"Jugend\",\"item\":\"http:\\\/\\\/sc-weisse-dame.de\\\/v3\\\/jugend\\\/\"},{\"@type\":\"ListItem\",\"position\":3,\"name\":\"Online-Training\"}]},{\"@type\":\"WebSite\",\"@id\":\"http:\\\/\\\/sc-weisse-dame.de\\\/v3\\\/#website\",\"url\":\"http:\\\/\\\/sc-weisse-dame.de\\\/v3\\\/\",\"name\":\"SC Weisse Dame e. V.\",\"description\":\"Herzlich Willkommen!\",\"potentialAction\":[{\"@type\":\"SearchAction\",\"target\":{\"@type\":\"EntryPoint\",\"urlTemplate\":\"http:\\\/\\\/sc-weisse-dame.de\\\/v3\\\/?s={search_term_string}\"},\"query-input\":{\"@type\":\"PropertyValueSpecification\",\"valueRequired\":true,\"valueName\":\"search_term_string\"}}],\"inLanguage\":\"de\"}]}<\/script>\n<!-- \/ Yoast SEO plugin. -->","yoast_head_json":{"title":"Online-Training - SC Weisse Dame e. V.","robots":{"index":"index","follow":"follow","max-snippet":"max-snippet:-1","max-image-preview":"max-image-preview:large","max-video-preview":"max-video-preview:-1"},"canonical":"http:\/\/sc-weisse-dame.de\/v3\/jugend\/online-training\/","og_locale":"de_DE","og_type":"article","og_title":"Online-Training - SC Weisse Dame e. V.","og_description":"Ablauf des Trainings \u00fcber Discord: Das Training wird per Bildschirm\u00fcbertragung \u00fcber Discord erfolgen. Discord ist ein kostenloses Programm zum \u00dcbertragen von Sprach- und Textchats, welches das Einrichten von Trainingsr\u00e4umen zul\u00e4sst. &hellip; Online-Training weiterlesen &rarr;","og_url":"http:\/\/sc-weisse-dame.de\/v3\/jugend\/online-training\/","og_site_name":"SC Weisse Dame e. V.","article_modified_time":"2021-09-07T20:03:32+00:00","twitter_card":"summary_large_image","twitter_misc":{"Gesch\u00e4tzte Lesezeit":"2\u00a0Minuten","Written by":"Claudia M\u00fcnstermann"},"schema":{"@context":"https:\/\/schema.org","@graph":[{"@type":"WebPage","@id":"http:\/\/sc-weisse-dame.de\/v3\/jugend\/online-training\/","url":"http:\/\/sc-weisse-dame.de\/v3\/jugend\/online-training\/","name":"Online-Training - SC Weisse Dame e. V.","isPartOf":{"@id":"http:\/\/sc-weisse-dame.de\/v3\/#website"},"datePublished":"2020-03-27T16:18:41+00:00","dateModified":"2021-09-07T20:03:32+00:00","breadcrumb":{"@id":"http:\/\/sc-weisse-dame.de\/v3\/jugend\/online-training\/#breadcrumb"},"inLanguage":"de","potentialAction":[{"@type":"ReadAction","target":["http:\/\/sc-weisse-dame.de\/v3\/jugend\/online-training\/"]}]},{"@type":"BreadcrumbList","@id":"http:\/\/sc-weisse-dame.de\/v3\/jugend\/online-training\/#breadcrumb","itemListElement":[{"@type":"ListItem","position":1,"name":"Startseite","item":"http:\/\/sc-weisse-dame.de\/v3\/"},{"@type":"ListItem","position":2,"name":"Jugend","item":"http:\/\/sc-weisse-dame.de\/v3\/jugend\/"},{"@type":"ListItem","position":3,"name":"Online-Training"}]},{"@type":"WebSite","@id":"http:\/\/sc-weisse-dame.de\/v3\/#website","url":"http:\/\/sc-weisse-dame.de\/v3\/","name":"SC Weisse Dame e. V.","description":"Herzlich Willkommen!","potentialAction":[{"@type":"SearchAction","target":{"@type":"EntryPoint","urlTemplate":"http:\/\/sc-weisse-dame.de\/v3\/?s={search_term_string}"},"query-input":{"@type":"PropertyValueSpecification","valueRequired":true,"valueName":"search_term_string"}}],"inLanguage":"de"}]}},"ticketed":false,"_links":{"self":[{"href":"http:\/\/sc-weisse-dame.de\/v3\/wp-json\/wp\/v2\/pages\/14918","targetHints":{"allow":["GET"]}}],"collection":[{"href":"http:\/\/sc-weisse-dame.de\/v3\/wp-json\/wp\/v2\/pages"}],"about":[{"href":"http:\/\/sc-weisse-dame.de\/v3\/wp-json\/wp\/v2\/types\/page"}],"author":[{"embeddable":true,"href":"http:\/\/sc-weisse-dame.de\/v3\/wp-json\/wp\/v2\/users\/10"}],"replies":[{"embeddable":true,"href":"http:\/\/sc-weisse-dame.de\/v3\/wp-json\/wp\/v2\/comments?post=14918"}],"version-history":[{"count":10,"href":"http:\/\/sc-weisse-dame.de\/v3\/wp-json\/wp\/v2\/pages\/14918\/revisions"}],"predecessor-version":[{"id":20974,"href":"http:\/\/sc-weisse-dame.de\/v3\/wp-json\/wp\/v2\/pages\/14918\/revisions\/20974"}],"up":[{"embeddable":true,"href":"http:\/\/sc-weisse-dame.de\/v3\/wp-json\/wp\/v2\/pages\/242"}],"wp:attachment":[{"href":"http:\/\/sc-weisse-dame.de\/v3\/wp-json\/wp\/v2\/media?parent=14918"}],"wp:term":[{"taxonomy":"author","embeddable":true,"href":"http:\/\/sc-weisse-dame.de\/v3\/wp-json\/wp\/v2\/coauthors?post=14918"}],"curies":[{"name":"wp","href":"https:\/\/api.w.org\/{rel}","templated":true}]}}