{"id":14119,"date":"2020-01-16T08:04:12","date_gmt":"2020-01-16T07:04:12","guid":{"rendered":"http:\/\/sc-weisse-dame.de\/v3\/?page_id=14119"},"modified":"2022-09-16T08:09:34","modified_gmt":"2022-09-16T06:09:34","slug":"clubpokal-2020","status":"publish","type":"page","link":"http:\/\/sc-weisse-dame.de\/v3\/spielbetrieb\/clubpokal\/clubpokal-2020\/","title":{"rendered":"Otto-Christ-Pokal 2020"},"content":{"rendered":"<p><span style=\"color: #ff0000;\"><strong>Der Otto-Christ-Pokal 2020 wurde aufgrund der Corona-Pandemie abgebrochen.<\/strong><\/span><\/p>\n<table style=\"border-collapse: collapse; width: 100%;\">\n<thead>\n<tr>\n<th style=\"width: 100%; text-align: center;\"><strong>Viertelfinale am ???<\/strong><\/th>\n<\/tr>\n<\/thead>\n<\/table>\n<table style=\"width: 100%;\">\n<tbody>\n<tr>\n<td style=\"width: 37.4172%;\">Carsten Miemietz<\/td>\n<td style=\"width: 3.47682%;\">\u00a0<\/td>\n<td style=\"width: 4.80132%;\">&#8211;<\/td>\n<td style=\"width: 37.9139%;\">Philipp St\u00e4hrfeldt<\/td>\n<td style=\"width: 3.47682%;\">\u00a0<\/td>\n<td style=\"width: 9.27152%;\">\u00a0<\/td>\n<td style=\"width: 3.47682%;\">\u00a0<\/td>\n<\/tr>\n<tr>\n<td style=\"width: 37.4172%;\">Heinz Uhl<\/td>\n<td style=\"width: 3.47682%;\">\u00a0<\/td>\n<td style=\"width: 4.80132%;\">&#8211;<\/td>\n<td style=\"width: 37.9139%;\">Ingo Abraham<\/td>\n<td style=\"width: 3.47682%;\">\u00a0<\/td>\n<td style=\"width: 9.27152%;\">\u00a0<\/td>\n<td style=\"width: 3.47682%;\">\u00a0<\/td>\n<\/tr>\n<tr>\n<td style=\"width: 37.4172%;\">Manfred Lenhardt<\/td>\n<td style=\"width: 3.47682%;\">\u00a0<\/td>\n<td style=\"width: 4.80132%;\">&#8211;<\/td>\n<td style=\"width: 37.9139%;\">Cord Wischh\u00f6fer<\/td>\n<td style=\"width: 3.47682%;\">\u00a0<\/td>\n<td style=\"width: 9.27152%;\">\u00a0<\/td>\n<td style=\"width: 3.47682%;\">\u00a0<\/td>\n<\/tr>\n<tr>\n<td style=\"width: 37.4172%;\">Thaer Abdu Kazm<\/td>\n<td style=\"width: 3.47682%;\">\u00a0<\/td>\n<td style=\"width: 4.80132%;\">&#8211;<\/td>\n<td style=\"width: 37.9139%;\">Thomas K\u00f6gler<\/td>\n<td style=\"width: 3.47682%;\">\u00a0<\/td>\n<td style=\"width: 9.27152%;\">\u00a0<\/td>\n<td style=\"width: 3.47682%;\">\u00a0<\/td>\n<\/tr>\n<\/tbody>\n<\/table>\n<table style=\"width: 100%;\">\n<thead>\n<tr>\n<th style=\"width: 100%; text-align: center;\"><strong>Ausgleichsrund am 21.02. und 28.02.<br \/>\n<\/strong><\/th>\n<\/tr>\n<\/thead>\n<\/table>\n<table style=\"width: 100%; height: 224px;\">\n<tbody>\n<tr style=\"height: 28px;\">\n<td style=\"height: 28px;\"><strong>Manfred Lenhardt<\/strong><\/td>\n<td style=\"height: 28px;\">\u00a0<\/td>\n<td style=\"height: 28px;\">&#8211;<\/td>\n<td style=\"height: 28px;\">Ralf Mohrmann<strong><br \/>\n<\/strong><\/td>\n<td style=\"height: 28px;\">\u00a0<\/td>\n<td style=\"height: 28px;\">1-0<\/td>\n<td style=\"height: 28px;\">\u00a0<\/td>\n<\/tr>\n<tr style=\"height: 28px;\">\n<td style=\"height: 28px;\"><strong>Thaer Abdu Kazm<\/strong><\/td>\n<td style=\"height: 28px;\">\u00a0<\/td>\n<td style=\"height: 28px;\">&#8211;<\/td>\n<td style=\"height: 28px;\">Heinz Wirth<\/td>\n<td style=\"height: 28px;\">\u00a0<\/td>\n<td style=\"height: 28px;\">1-0<\/td>\n<td style=\"height: 28px;\">\u00a0<\/td>\n<\/tr>\n<tr style=\"height: 28px;\">\n<td style=\"height: 28px;\">Freilose<\/td>\n<td style=\"height: 28px;\">\u00a0<\/td>\n<td style=\"height: 28px;\">\u00a0<\/td>\n<td style=\"height: 28px;\"><strong>Heinz Uhl<\/strong><\/td>\n<td style=\"height: 28px;\">\u00a0<\/td>\n<td style=\"height: 28px;\">\u00a0<\/td>\n<td style=\"height: 28px;\">\u00a0<\/td>\n<\/tr>\n<tr style=\"height: 28px;\">\n<td style=\"height: 28px;\">\u00a0<\/td>\n<td style=\"height: 28px;\">\u00a0<\/td>\n<td style=\"height: 28px;\">\u00a0<\/td>\n<td style=\"height: 28px;\"><strong>Philipp St\u00e4hrfeldt<\/strong><\/td>\n<td style=\"height: 28px;\">\u00a0<\/td>\n<td style=\"height: 28px;\">\u00a0<\/td>\n<td style=\"height: 28px;\">\u00a0<\/td>\n<\/tr>\n<tr style=\"height: 28px;\">\n<td style=\"height: 28px;\">\u00a0<\/td>\n<td style=\"height: 28px;\">\u00a0<\/td>\n<td style=\"height: 28px;\">\u00a0<\/td>\n<td style=\"height: 28px;\"><strong>Ingo Abraham<\/strong><\/td>\n<td style=\"height: 28px;\">\u00a0<\/td>\n<td style=\"height: 28px;\">\u00a0<\/td>\n<td style=\"height: 28px;\">\u00a0<\/td>\n<\/tr>\n<tr style=\"height: 28px;\">\n<td style=\"height: 28px;\">\u00a0<\/td>\n<td style=\"height: 28px;\">\u00a0<\/td>\n<td style=\"height: 28px;\">\u00a0<\/td>\n<td style=\"height: 28px;\"><strong>Thomas K\u00f6gler<\/strong><\/td>\n<td style=\"height: 28px;\">\u00a0<\/td>\n<td style=\"height: 28px;\">\u00a0<\/td>\n<td style=\"height: 28px;\">\u00a0<\/td>\n<\/tr>\n<tr style=\"height: 28px;\">\n<td style=\"height: 28px;\">\u00a0<\/td>\n<td style=\"height: 28px;\">\u00a0<\/td>\n<td style=\"height: 28px;\">\u00a0<\/td>\n<td style=\"height: 28px;\"><strong>Cord Wischh\u00f6fer<\/strong><\/td>\n<td style=\"height: 28px;\">\u00a0<\/td>\n<td style=\"height: 28px;\">\u00a0<\/td>\n<td style=\"height: 28px;\">\u00a0<\/td>\n<\/tr>\n<tr style=\"height: 28px;\">\n<td style=\"height: 28px;\">\u00a0<\/td>\n<td style=\"height: 28px;\">\u00a0<\/td>\n<td style=\"height: 28px;\">\u00a0<\/td>\n<td style=\"height: 28px;\"><strong>Carsten Miemietz<\/strong><\/td>\n<td style=\"height: 28px;\">\u00a0<\/td>\n<td style=\"height: 28px;\">\u00a0<\/td>\n<td style=\"height: 28px;\">\u00a0<\/td>\n<\/tr>\n<\/tbody>\n<\/table>\n<p>&nbsp;<\/p>\n<table style=\"border-collapse: collapse; width: 100%;\">\n<thead>\n<tr>\n<th style=\"width: 100%; text-align: center;\"><strong>1. Runde am 24.01. und 31.01.2020<\/strong><\/th>\n<\/tr>\n<\/thead>\n<\/table>\n<table style=\"border-collapse: collapse; width: 100%;\">\n<tbody>\n<tr>\n<td style=\"width: 25.7095%;\">Mario Tepe<\/td>\n<td style=\"width: 1.65563%;\">\u00a0<\/td>\n<td style=\"width: 16.2725%; text-align: center;\">&#8211;<\/td>\n<td style=\"width: 27.1995%;\"><strong>Cord Wischh\u00f6fer<\/strong><\/td>\n<td style=\"width: 3.1457%;\">\u00a0<\/td>\n<td style=\"width: 9.31885%;\"><strong>\u00bd<\/strong>:<strong>\u00bd<\/strong><\/td>\n<td style=\"width: 29.0209%;\">(0-1)<\/td>\n<\/tr>\n<tr>\n<td style=\"width: 25.7095%;\"><strong>Heinz Wirth<\/strong><\/td>\n<td style=\"width: 1.65563%;\">\u00a0<\/td>\n<td style=\"width: 16.2725%; text-align: center;\">&#8211;<\/td>\n<td style=\"width: 27.1995%;\">Martin Sechting<\/td>\n<td style=\"width: 3.1457%;\">\u00a0<\/td>\n<td style=\"width: 9.31885%;\">1-0<\/td>\n<td style=\"width: 29.0209%;\">\u00a0<\/td>\n<\/tr>\n<tr>\n<td style=\"width: 25.7095%;\">Klaus \u00dcbelh\u00f6de<\/td>\n<td style=\"width: 1.65563%;\">\u00a0<\/td>\n<td style=\"width: 16.2725%; text-align: center;\">&#8211;<\/td>\n<td style=\"width: 27.1995%;\"><strong>Heinz Uhl<\/strong><\/td>\n<td style=\"width: 3.1457%;\">\u00a0<\/td>\n<td style=\"width: 9.31885%;\">0-1<\/td>\n<td style=\"width: 29.0209%;\">\u00a0<\/td>\n<\/tr>\n<tr>\n<td style=\"width: 25.7095%;\"><strong>Philipp St\u00e4hrfeldt<\/strong><\/td>\n<td style=\"width: 1.65563%;\">\u00a0<\/td>\n<td style=\"width: 16.2725%; text-align: center;\">&#8211;<\/td>\n<td style=\"width: 27.1995%;\">Johannes St\u00f6ckel<\/td>\n<td style=\"width: 3.1457%;\">\u00a0<\/td>\n<td style=\"width: 9.31885%;\">1-0<\/td>\n<td style=\"width: 29.0209%;\">\u00a0<\/td>\n<\/tr>\n<tr>\n<td style=\"width: 25.7095%;\">Thorsten Gro\u00df<\/td>\n<td style=\"width: 1.65563%;\">\u00a0<\/td>\n<td style=\"width: 16.2725%; text-align: center;\">&#8211;<\/td>\n<td style=\"width: 27.1995%;\"><strong>Ingo Abraham<\/strong><\/td>\n<td style=\"width: 3.1457%;\">\u00a0<\/td>\n<td style=\"width: 9.31885%;\"><strong>\u00bd<\/strong>:<strong>\u00bd<\/strong><\/td>\n<td style=\"width: 29.0209%;\">(0-1)<\/td>\n<\/tr>\n<tr>\n<td style=\"width: 25.7095%;\">Konrad Wozniak<\/td>\n<td style=\"width: 1.65563%;\">\u00a0<\/td>\n<td style=\"width: 16.2725%; text-align: center;\">&#8211;<\/td>\n<td style=\"width: 27.1995%;\"><strong>Thomas K\u00f6gler<\/strong><\/td>\n<td style=\"width: 3.1457%;\">\u00a0<\/td>\n<td style=\"width: 9.31885%;\">0-1<\/td>\n<td style=\"width: 29.0209%;\">\u00a0<\/td>\n<\/tr>\n<tr>\n<td style=\"width: 25.7095%;\">Josef Gelman<\/td>\n<td style=\"width: 1.65563%;\">\u00a0<\/td>\n<td style=\"width: 16.2725%; text-align: center;\">&#8211;<\/td>\n<td style=\"width: 27.1995%;\"><strong>Thaer Abdu Kazm<\/strong><\/td>\n<td style=\"width: 3.1457%;\">\u00a0<\/td>\n<td style=\"width: 9.31885%;\">0-1<\/td>\n<td style=\"width: 29.0209%;\">\u00a0<\/td>\n<\/tr>\n<tr>\n<td style=\"width: 25.7095%;\">Hans-Joachim Kaufhold<\/td>\n<td style=\"width: 1.65563%;\">\u00a0<\/td>\n<td style=\"width: 16.2725%; text-align: center;\">&#8211;<\/td>\n<td style=\"width: 27.1995%;\"><strong>Manfred Lenhardt<\/strong><\/td>\n<td style=\"width: 3.1457%;\">\u00a0<\/td>\n<td style=\"width: 9.31885%;\">0-1<\/td>\n<td style=\"width: 29.0209%;\">\u00a0<\/td>\n<\/tr>\n<tr>\n<td style=\"width: 25.7095%;\"><strong>Ralf Mohrmann<\/strong><\/td>\n<td style=\"width: 1.65563%;\">\u00a0<\/td>\n<td style=\"width: 16.2725%; text-align: center;\">&#8211;<\/td>\n<td style=\"width: 27.1995%;\">Manfred Sieg<\/td>\n<td style=\"width: 3.1457%;\">\u00a0<\/td>\n<td style=\"width: 9.31885%;\">1-0<\/td>\n<td style=\"width: 29.0209%;\">\u00a0<\/td>\n<\/tr>\n<tr>\n<td style=\"width: 25.7095%;\"><strong>Carsten Miemietz<\/strong><\/td>\n<td style=\"width: 1.65563%;\">\u00a0<\/td>\n<td style=\"width: 16.2725%; text-align: center;\">&#8211;<\/td>\n<td style=\"width: 27.1995%;\">Sebastian B\u00f6hne<\/td>\n<td style=\"width: 3.1457%;\">\u00a0<\/td>\n<td style=\"width: 9.31885%;\"><strong>\u00bd<\/strong>:<strong>\u00bd<\/strong><\/td>\n<td style=\"width: 29.0209%;\">(<strong>\u00bd<\/strong>:<strong>\u00bd<\/strong>) (2-0)<\/td>\n<\/tr>\n<\/tbody>\n<\/table>\n<p>&nbsp;<\/p>\n<p><strong>Ausschreibung Otto-Christ-Pokal 2020<\/strong><\/p>\n<p><strong>Beginn:<\/strong> <strong>2020-01-24<\/strong><strong>\u00a0 <\/strong>\u00a0 (Alternativtermin am 2020-01-31)<\/p>\n<p><strong>Ende:<\/strong> voraussichtlich Juli 2020 (Finale)<\/p>\n<p><strong>Turnierleitung (TL):<\/strong> Sebastian B\u00f6hne<\/p>\n<p><strong>Meldeschluss:<\/strong> am ersten Spieltermin um 19:00 Uhr am Vereinsabend.<br \/>\nVoranmeldungen pers\u00f6nlich bei der TL, am Aushang am Schwarzen Brett oder per E-Mail sind erw\u00fcnscht.<\/p>\n<p><strong>Spieltermine:<\/strong> jeweils freitags (\u00c4nderungen vorbehalten!)<\/p>\n<p>1. Runde am 2020-01-24 (Alternativtermin: 2020-01-31)<\/p>\n<p>Ausgleichsrunde 2020-02-21 (Alternativtermin: 2020-02-28)<\/p>\n<p>Viertelfinale 2020-05-15<\/p>\n<p>Halbfinale 2020-06-26<\/p>\n<p>Termin Finale wird gesondert bekanntgegeben<\/p>\n<p><strong>Spielbeginn:<\/strong>\u00a019:00 Uhr \u2013 Nach vorheriger Absprache mit dem Gegner und Ank\u00fcndigung gegen\u00fcber der TL ist auch ein sp\u00e4terer Beginn um 19:30 Uhr m\u00f6glich.<\/p>\n<p><strong>Austragungsmodus:<\/strong>\u00a0K.O.-System \u2013 Bei Remis wird unmittelbar im Anschluss an die Partie eine Schnellpartie mit einer Bedenkzeit von\u00a0zehn Minuten\u00a0je Spieler f\u00fcr die gesamte Partie zuz\u00fcglich f\u00fcnf Sekunden pro Zug\u00a0 mit gegen\u00fcber der Wettkampfpartie vertauschten Farben ausgetragen. Endet diese Partie Remis, werden bei weiterhin wechselnden Farben zwei Blitzschachpartien mit drei\u00a0Minuten je Spieler f\u00fcr die gesamte Partie zuz\u00fcglich zwei Sekunden pro Zug\u00a0 ausgetragen. F\u00fchren auch diese Partien zu keiner Entscheidung, finden solange Blitzschachpartien statt, bis eine Partie entschieden ist.<\/p>\n<p>Clubpokalsieger 2019 wird der Gewinner der Finalpartie.<\/p>\n<p><strong>Bedenkzeit:<\/strong>\u00a090 Min. zzgl. 30 Sek. \/ Zug je Spieler je Partie.<br \/>\nAchtung: aufgrund des Bonus je ausgef\u00fchrtem Zug besteht w\u00e4hrend der gesamten Partie ungeachtet m\u00f6glicher Zeitnot Mitschreibpflicht! Gespielt wird mit elektronischen Uhren.<\/p>\n<p><strong>Teilnahmeberechtigung:<\/strong>\u00a0alle (aktiven und passiven) Mitglieder des SC WEISSE DAME e.V.<\/p>\n<p><strong>Verlegungen:<\/strong>\u00a0Partien d\u00fcrfen nur nach rechtzeitiger Vereinbarung eines neuen Termins mit dem Gegner und Abstimmung mit der TL verlegt werden. Insbesondere soll das vergebliche Erscheinen des Gegners in jedem Falle vermieden werden. Prinzipiell gilt, dass nach Spielbeginn eine Verlegung nicht mehr m\u00f6glich ist und die Partie f\u00fcr den bzw. die Nichterscheinenden kampflos verloren gewertet wird.<br \/>\n<strong><br \/>\nQualifikation f\u00fcr die A-Klasse der Clubmeisterschaft 2020:<\/strong> Der Clubpokalsieger 2019 erh\u00e4lt eine Berechtigung zur Teilnahme an der A-Klasse der Clubmeisterschaft 2020.<\/p>\n<p><strong>Sonstiges:<\/strong>\u00a0Der Otto-Christ-Pokal wird zur DWZ-Auswertung eingereicht.<\/p>\n","protected":false},"excerpt":{"rendered":"<p>Der Otto-Christ-Pokal 2020 wurde aufgrund der Corona-Pandemie abgebrochen. Viertelfinale am ??? Carsten Miemietz \u00a0 &#8211; Philipp St\u00e4hrfeldt \u00a0 \u00a0 \u00a0 Heinz Uhl \u00a0 &#8211; Ingo Abraham \u00a0 \u00a0 \u00a0 Manfred &hellip; <a href=\"http:\/\/sc-weisse-dame.de\/v3\/spielbetrieb\/clubpokal\/clubpokal-2020\/\" class=\"more-link\"><span class=\"screen-reader-text\">Otto-Christ-Pokal 2020<\/span> weiterlesen <span class=\"meta-nav\">&rarr;<\/span><\/a><\/p>\n","protected":false},"author":8,"featured_media":0,"parent":1087,"menu_order":0,"comment_status":"closed","ping_status":"closed","template":"","meta":{"_price":"","_stock":"","_tribe_ticket_header":"","_tribe_default_ticket_provider":"","_tribe_ticket_capacity":"0","_ticket_start_date":"","_ticket_end_date":"","_tribe_ticket_show_description":"","_tribe_ticket_show_not_going":false,"_tribe_ticket_use_global_stock":"","_tribe_ticket_global_stock_level":"","_global_stock_mode":"","_global_stock_cap":"","_tribe_rsvp_for_event":"","_tribe_ticket_going_count":"","_tribe_ticket_not_going_count":"","_tribe_tickets_list":"[]","_tribe_ticket_has_attendee_info_fields":false,"footnotes":"","_tec_slr_enabled":"","_tec_slr_layout":""},"coauthors":[44],"class_list":["post-14119","page","type-page","status-publish","hentry"],"yoast_head":"<!-- This site is optimized with the Yoast SEO plugin v27.3 - https:\/\/yoast.com\/product\/yoast-seo-wordpress\/ -->\n<title>Otto-Christ-Pokal 2020 - SC Weisse Dame e. V.<\/title>\n<meta name=\"robots\" content=\"index, follow, max-snippet:-1, max-image-preview:large, max-video-preview:-1\" \/>\n<link rel=\"canonical\" href=\"http:\/\/sc-weisse-dame.de\/v3\/spielbetrieb\/clubpokal\/clubpokal-2020\/\" \/>\n<meta property=\"og:locale\" content=\"de_DE\" \/>\n<meta property=\"og:type\" content=\"article\" \/>\n<meta property=\"og:title\" content=\"Otto-Christ-Pokal 2020 - SC Weisse Dame e. V.\" \/>\n<meta property=\"og:description\" content=\"Der Otto-Christ-Pokal 2020 wurde aufgrund der Corona-Pandemie abgebrochen. Viertelfinale am ??? Carsten Miemietz \u00a0 &#8211; Philipp St\u00e4hrfeldt \u00a0 \u00a0 \u00a0 Heinz Uhl \u00a0 &#8211; Ingo Abraham \u00a0 \u00a0 \u00a0 Manfred &hellip; Otto-Christ-Pokal 2020 weiterlesen &rarr;\" \/>\n<meta property=\"og:url\" content=\"http:\/\/sc-weisse-dame.de\/v3\/spielbetrieb\/clubpokal\/clubpokal-2020\/\" \/>\n<meta property=\"og:site_name\" content=\"SC Weisse Dame e. V.\" \/>\n<meta property=\"article:modified_time\" content=\"2022-09-16T06:09:34+00:00\" \/>\n<meta name=\"twitter:card\" content=\"summary_large_image\" \/>\n<meta name=\"twitter:label1\" content=\"Gesch\u00e4tzte Lesezeit\" \/>\n\t<meta name=\"twitter:data1\" content=\"3\u00a0Minuten\" \/>\n\t<meta name=\"twitter:label2\" content=\"Written by\" \/>\n\t<meta name=\"twitter:data2\" content=\"Sebastian B\u00f6hne\" \/>\n<script type=\"application\/ld+json\" class=\"yoast-schema-graph\">{\"@context\":\"https:\\\/\\\/schema.org\",\"@graph\":[{\"@type\":\"WebPage\",\"@id\":\"http:\\\/\\\/sc-weisse-dame.de\\\/v3\\\/spielbetrieb\\\/clubpokal\\\/clubpokal-2020\\\/\",\"url\":\"http:\\\/\\\/sc-weisse-dame.de\\\/v3\\\/spielbetrieb\\\/clubpokal\\\/clubpokal-2020\\\/\",\"name\":\"Otto-Christ-Pokal 2020 - SC Weisse Dame e. V.\",\"isPartOf\":{\"@id\":\"http:\\\/\\\/sc-weisse-dame.de\\\/v3\\\/#website\"},\"datePublished\":\"2020-01-16T07:04:12+00:00\",\"dateModified\":\"2022-09-16T06:09:34+00:00\",\"breadcrumb\":{\"@id\":\"http:\\\/\\\/sc-weisse-dame.de\\\/v3\\\/spielbetrieb\\\/clubpokal\\\/clubpokal-2020\\\/#breadcrumb\"},\"inLanguage\":\"de\",\"potentialAction\":[{\"@type\":\"ReadAction\",\"target\":[\"http:\\\/\\\/sc-weisse-dame.de\\\/v3\\\/spielbetrieb\\\/clubpokal\\\/clubpokal-2020\\\/\"]}]},{\"@type\":\"BreadcrumbList\",\"@id\":\"http:\\\/\\\/sc-weisse-dame.de\\\/v3\\\/spielbetrieb\\\/clubpokal\\\/clubpokal-2020\\\/#breadcrumb\",\"itemListElement\":[{\"@type\":\"ListItem\",\"position\":1,\"name\":\"Startseite\",\"item\":\"http:\\\/\\\/sc-weisse-dame.de\\\/v3\\\/\"},{\"@type\":\"ListItem\",\"position\":2,\"name\":\"Spielbetrieb\",\"item\":\"http:\\\/\\\/sc-weisse-dame.de\\\/v3\\\/spielbetrieb\\\/\"},{\"@type\":\"ListItem\",\"position\":3,\"name\":\"&#8222;Otto-Christ-Pokal&#8220; (OCP)\",\"item\":\"http:\\\/\\\/sc-weisse-dame.de\\\/v3\\\/spielbetrieb\\\/clubpokal\\\/\"},{\"@type\":\"ListItem\",\"position\":4,\"name\":\"Otto-Christ-Pokal 2020\"}]},{\"@type\":\"WebSite\",\"@id\":\"http:\\\/\\\/sc-weisse-dame.de\\\/v3\\\/#website\",\"url\":\"http:\\\/\\\/sc-weisse-dame.de\\\/v3\\\/\",\"name\":\"SC Weisse Dame e. V.\",\"description\":\"Herzlich Willkommen!\",\"potentialAction\":[{\"@type\":\"SearchAction\",\"target\":{\"@type\":\"EntryPoint\",\"urlTemplate\":\"http:\\\/\\\/sc-weisse-dame.de\\\/v3\\\/?s={search_term_string}\"},\"query-input\":{\"@type\":\"PropertyValueSpecification\",\"valueRequired\":true,\"valueName\":\"search_term_string\"}}],\"inLanguage\":\"de\"}]}<\/script>\n<!-- \/ Yoast SEO plugin. -->","yoast_head_json":{"title":"Otto-Christ-Pokal 2020 - SC Weisse Dame e. V.","robots":{"index":"index","follow":"follow","max-snippet":"max-snippet:-1","max-image-preview":"max-image-preview:large","max-video-preview":"max-video-preview:-1"},"canonical":"http:\/\/sc-weisse-dame.de\/v3\/spielbetrieb\/clubpokal\/clubpokal-2020\/","og_locale":"de_DE","og_type":"article","og_title":"Otto-Christ-Pokal 2020 - SC Weisse Dame e. V.","og_description":"Der Otto-Christ-Pokal 2020 wurde aufgrund der Corona-Pandemie abgebrochen. Viertelfinale am ??? Carsten Miemietz \u00a0 &#8211; Philipp St\u00e4hrfeldt \u00a0 \u00a0 \u00a0 Heinz Uhl \u00a0 &#8211; Ingo Abraham \u00a0 \u00a0 \u00a0 Manfred &hellip; Otto-Christ-Pokal 2020 weiterlesen &rarr;","og_url":"http:\/\/sc-weisse-dame.de\/v3\/spielbetrieb\/clubpokal\/clubpokal-2020\/","og_site_name":"SC Weisse Dame e. V.","article_modified_time":"2022-09-16T06:09:34+00:00","twitter_card":"summary_large_image","twitter_misc":{"Gesch\u00e4tzte Lesezeit":"3\u00a0Minuten","Written by":"Sebastian B\u00f6hne"},"schema":{"@context":"https:\/\/schema.org","@graph":[{"@type":"WebPage","@id":"http:\/\/sc-weisse-dame.de\/v3\/spielbetrieb\/clubpokal\/clubpokal-2020\/","url":"http:\/\/sc-weisse-dame.de\/v3\/spielbetrieb\/clubpokal\/clubpokal-2020\/","name":"Otto-Christ-Pokal 2020 - SC Weisse Dame e. V.","isPartOf":{"@id":"http:\/\/sc-weisse-dame.de\/v3\/#website"},"datePublished":"2020-01-16T07:04:12+00:00","dateModified":"2022-09-16T06:09:34+00:00","breadcrumb":{"@id":"http:\/\/sc-weisse-dame.de\/v3\/spielbetrieb\/clubpokal\/clubpokal-2020\/#breadcrumb"},"inLanguage":"de","potentialAction":[{"@type":"ReadAction","target":["http:\/\/sc-weisse-dame.de\/v3\/spielbetrieb\/clubpokal\/clubpokal-2020\/"]}]},{"@type":"BreadcrumbList","@id":"http:\/\/sc-weisse-dame.de\/v3\/spielbetrieb\/clubpokal\/clubpokal-2020\/#breadcrumb","itemListElement":[{"@type":"ListItem","position":1,"name":"Startseite","item":"http:\/\/sc-weisse-dame.de\/v3\/"},{"@type":"ListItem","position":2,"name":"Spielbetrieb","item":"http:\/\/sc-weisse-dame.de\/v3\/spielbetrieb\/"},{"@type":"ListItem","position":3,"name":"&#8222;Otto-Christ-Pokal&#8220; (OCP)","item":"http:\/\/sc-weisse-dame.de\/v3\/spielbetrieb\/clubpokal\/"},{"@type":"ListItem","position":4,"name":"Otto-Christ-Pokal 2020"}]},{"@type":"WebSite","@id":"http:\/\/sc-weisse-dame.de\/v3\/#website","url":"http:\/\/sc-weisse-dame.de\/v3\/","name":"SC Weisse Dame e. V.","description":"Herzlich Willkommen!","potentialAction":[{"@type":"SearchAction","target":{"@type":"EntryPoint","urlTemplate":"http:\/\/sc-weisse-dame.de\/v3\/?s={search_term_string}"},"query-input":{"@type":"PropertyValueSpecification","valueRequired":true,"valueName":"search_term_string"}}],"inLanguage":"de"}]}},"ticketed":false,"_links":{"self":[{"href":"http:\/\/sc-weisse-dame.de\/v3\/wp-json\/wp\/v2\/pages\/14119","targetHints":{"allow":["GET"]}}],"collection":[{"href":"http:\/\/sc-weisse-dame.de\/v3\/wp-json\/wp\/v2\/pages"}],"about":[{"href":"http:\/\/sc-weisse-dame.de\/v3\/wp-json\/wp\/v2\/types\/page"}],"author":[{"embeddable":true,"href":"http:\/\/sc-weisse-dame.de\/v3\/wp-json\/wp\/v2\/users\/8"}],"replies":[{"embeddable":true,"href":"http:\/\/sc-weisse-dame.de\/v3\/wp-json\/wp\/v2\/comments?post=14119"}],"version-history":[{"count":10,"href":"http:\/\/sc-weisse-dame.de\/v3\/wp-json\/wp\/v2\/pages\/14119\/revisions"}],"predecessor-version":[{"id":26281,"href":"http:\/\/sc-weisse-dame.de\/v3\/wp-json\/wp\/v2\/pages\/14119\/revisions\/26281"}],"up":[{"embeddable":true,"href":"http:\/\/sc-weisse-dame.de\/v3\/wp-json\/wp\/v2\/pages\/1087"}],"wp:attachment":[{"href":"http:\/\/sc-weisse-dame.de\/v3\/wp-json\/wp\/v2\/media?parent=14119"}],"wp:term":[{"taxonomy":"author","embeddable":true,"href":"http:\/\/sc-weisse-dame.de\/v3\/wp-json\/wp\/v2\/coauthors?post=14119"}],"curies":[{"name":"wp","href":"https:\/\/api.w.org\/{rel}","templated":true}]}}