{"id":13225,"date":"2019-10-17T18:00:35","date_gmt":"2019-10-17T16:00:35","guid":{"rendered":"http:\/\/sc-weisse-dame.de\/v3\/?page_id=13225"},"modified":"2019-11-16T17:08:18","modified_gmt":"2019-11-16T16:08:18","slug":"qualifikationskriterien-cm-2021","status":"publish","type":"page","link":"http:\/\/sc-weisse-dame.de\/v3\/spielbetrieb\/clubmeisterschaft\/clubmeisterschaft-2020\/qualifikationskriterien-cm-2021\/","title":{"rendered":"Qualifikationskriterien CM 2021"},"content":{"rendered":"\n<p><strong>A-Klasse<br \/><\/strong>Qualifiziert f\u00fcr die A-Klasse der CM 2021 sind:<\/p>\n<ul>\n<li>Spieler auf den Pl\u00e4tzen 1-6 der A-Klasse der CM 2020<\/li>\n<li>Spieler auf den Pl\u00e4tzen 1-2 der B-Klasse der CM 2020 <\/li>\n<li>Sieger des Otto-Christ-Pokals 2020<\/li>\n<\/ul>\n<p><strong>B-Klasse<br \/><\/strong>Qualifiziert f\u00fcr die B-Klasse der CM 2021 sind:<\/p>\n<ul>\n<li>Alle Spieler der A-Klasse der CM 2020<\/li>\n<li>Alle Spieler der B-Klasse der CM 2020 au\u00dfer dem letzten und vorletzten<\/li>\n<li>Spieler auf den Pl\u00e4tzen 1-2 der C-Klasse der CM 2020<\/li>\n<\/ul>\n<p><strong>C-Klasse<br \/><\/strong>Qualifiziert f\u00fcr die C-Klasse der CM 2021 sind:<\/p>\n<ul>\n<li>Alle Spieler der A- und B-Klasse der CM 2020<\/li>\n<li>Alle Spieler der C-Klasse der CM 2020 au\u00dfer dem letzten und vorletzten<\/li>\n<li>Spieler auf den Pl\u00e4tzen 1-2 der D-Klasse der CM 2020<\/li>\n<\/ul>\n<p><strong>D-Klasse<br \/><\/strong>Qualifiziert f\u00fcr die D-Klasse der CM 2021 sind:<\/p>\n<ul>\n<li>alle Vereinsmitglieder<\/li>\n<\/ul>\n<p><strong>Achtung:<\/strong> Die Turnierleitung ist bei jeder Clubmeisterschaft berechtigt, weitere Spieler (insbesondere Neumitglieder und aussetzende Mitglieder, Nachwuchsspieler mit entsprechender Spielst\u00e4rke, ggf. aber auch bislang Nichtqualifizierte) in die A-, B- und C-Klasse nachr\u00fccken zu lassen.<\/p>\n<p>Sebastian B\u00f6hne<br \/>Interner Spielleiter<\/p>\n","protected":false},"excerpt":{"rendered":"<p>A-KlasseQualifiziert f\u00fcr die A-Klasse der CM 2021 sind: Spieler auf den Pl\u00e4tzen 1-6 der A-Klasse der CM 2020 Spieler auf den Pl\u00e4tzen 1-2 der B-Klasse der CM 2020 Sieger des &hellip; <a href=\"http:\/\/sc-weisse-dame.de\/v3\/spielbetrieb\/clubmeisterschaft\/clubmeisterschaft-2020\/qualifikationskriterien-cm-2021\/\" class=\"more-link\"><span class=\"screen-reader-text\">Qualifikationskriterien CM 2021<\/span> weiterlesen <span class=\"meta-nav\">&rarr;<\/span><\/a><\/p>\n","protected":false},"author":8,"featured_media":0,"parent":13222,"menu_order":0,"comment_status":"closed","ping_status":"closed","template":"","meta":{"_price":"","_stock":"","_tribe_ticket_header":"","_tribe_default_ticket_provider":"","_tribe_ticket_capacity":"0","_ticket_start_date":"","_ticket_end_date":"","_tribe_ticket_show_description":"","_tribe_ticket_show_not_going":false,"_tribe_ticket_use_global_stock":"","_tribe_ticket_global_stock_level":"","_global_stock_mode":"","_global_stock_cap":"","_tribe_rsvp_for_event":"","_tribe_ticket_going_count":"","_tribe_ticket_not_going_count":"","_tribe_tickets_list":"[]","_tribe_ticket_has_attendee_info_fields":false,"footnotes":"","_tec_slr_enabled":"","_tec_slr_layout":""},"coauthors":[44],"class_list":["post-13225","page","type-page","status-publish","hentry"],"yoast_head":"<!-- This site is optimized with the Yoast SEO plugin v27.3 - https:\/\/yoast.com\/product\/yoast-seo-wordpress\/ -->\n<title>Qualifikationskriterien CM 2021 - SC Weisse Dame e. V.<\/title>\n<meta name=\"robots\" content=\"index, follow, max-snippet:-1, max-image-preview:large, max-video-preview:-1\" \/>\n<link rel=\"canonical\" href=\"http:\/\/sc-weisse-dame.de\/v3\/spielbetrieb\/clubmeisterschaft\/clubmeisterschaft-2020\/qualifikationskriterien-cm-2021\/\" \/>\n<meta property=\"og:locale\" content=\"de_DE\" \/>\n<meta property=\"og:type\" content=\"article\" \/>\n<meta property=\"og:title\" content=\"Qualifikationskriterien CM 2021 - SC Weisse Dame e. V.\" \/>\n<meta property=\"og:description\" content=\"A-KlasseQualifiziert f\u00fcr die A-Klasse der CM 2021 sind: Spieler auf den Pl\u00e4tzen 1-6 der A-Klasse der CM 2020 Spieler auf den Pl\u00e4tzen 1-2 der B-Klasse der CM 2020 Sieger des &hellip; Qualifikationskriterien CM 2021 weiterlesen &rarr;\" \/>\n<meta property=\"og:url\" content=\"http:\/\/sc-weisse-dame.de\/v3\/spielbetrieb\/clubmeisterschaft\/clubmeisterschaft-2020\/qualifikationskriterien-cm-2021\/\" \/>\n<meta property=\"og:site_name\" content=\"SC Weisse Dame e. V.\" \/>\n<meta property=\"article:modified_time\" content=\"2019-11-16T16:08:18+00:00\" \/>\n<meta name=\"twitter:card\" content=\"summary_large_image\" \/>\n<meta name=\"twitter:label1\" content=\"Gesch\u00e4tzte Lesezeit\" \/>\n\t<meta name=\"twitter:data1\" content=\"1\u00a0Minute\" \/>\n\t<meta name=\"twitter:label2\" content=\"Written by\" \/>\n\t<meta name=\"twitter:data2\" content=\"Sebastian B\u00f6hne\" \/>\n<script type=\"application\/ld+json\" class=\"yoast-schema-graph\">{\"@context\":\"https:\\\/\\\/schema.org\",\"@graph\":[{\"@type\":\"WebPage\",\"@id\":\"http:\\\/\\\/sc-weisse-dame.de\\\/v3\\\/spielbetrieb\\\/clubmeisterschaft\\\/clubmeisterschaft-2020\\\/qualifikationskriterien-cm-2021\\\/\",\"url\":\"http:\\\/\\\/sc-weisse-dame.de\\\/v3\\\/spielbetrieb\\\/clubmeisterschaft\\\/clubmeisterschaft-2020\\\/qualifikationskriterien-cm-2021\\\/\",\"name\":\"Qualifikationskriterien CM 2021 - SC Weisse Dame e. V.\",\"isPartOf\":{\"@id\":\"http:\\\/\\\/sc-weisse-dame.de\\\/v3\\\/#website\"},\"datePublished\":\"2019-10-17T16:00:35+00:00\",\"dateModified\":\"2019-11-16T16:08:18+00:00\",\"breadcrumb\":{\"@id\":\"http:\\\/\\\/sc-weisse-dame.de\\\/v3\\\/spielbetrieb\\\/clubmeisterschaft\\\/clubmeisterschaft-2020\\\/qualifikationskriterien-cm-2021\\\/#breadcrumb\"},\"inLanguage\":\"de\",\"potentialAction\":[{\"@type\":\"ReadAction\",\"target\":[\"http:\\\/\\\/sc-weisse-dame.de\\\/v3\\\/spielbetrieb\\\/clubmeisterschaft\\\/clubmeisterschaft-2020\\\/qualifikationskriterien-cm-2021\\\/\"]}]},{\"@type\":\"BreadcrumbList\",\"@id\":\"http:\\\/\\\/sc-weisse-dame.de\\\/v3\\\/spielbetrieb\\\/clubmeisterschaft\\\/clubmeisterschaft-2020\\\/qualifikationskriterien-cm-2021\\\/#breadcrumb\",\"itemListElement\":[{\"@type\":\"ListItem\",\"position\":1,\"name\":\"Startseite\",\"item\":\"http:\\\/\\\/sc-weisse-dame.de\\\/v3\\\/\"},{\"@type\":\"ListItem\",\"position\":2,\"name\":\"Spielbetrieb\",\"item\":\"http:\\\/\\\/sc-weisse-dame.de\\\/v3\\\/spielbetrieb\\\/\"},{\"@type\":\"ListItem\",\"position\":3,\"name\":\"Clubmeisterschaft (CM)\",\"item\":\"http:\\\/\\\/sc-weisse-dame.de\\\/v3\\\/spielbetrieb\\\/clubmeisterschaft\\\/\"},{\"@type\":\"ListItem\",\"position\":4,\"name\":\"Clubmeisterschaft 2020\",\"item\":\"http:\\\/\\\/sc-weisse-dame.de\\\/v3\\\/spielbetrieb\\\/clubmeisterschaft\\\/clubmeisterschaft-2020\\\/\"},{\"@type\":\"ListItem\",\"position\":5,\"name\":\"Qualifikationskriterien CM 2021\"}]},{\"@type\":\"WebSite\",\"@id\":\"http:\\\/\\\/sc-weisse-dame.de\\\/v3\\\/#website\",\"url\":\"http:\\\/\\\/sc-weisse-dame.de\\\/v3\\\/\",\"name\":\"SC Weisse Dame e. V.\",\"description\":\"Herzlich Willkommen!\",\"potentialAction\":[{\"@type\":\"SearchAction\",\"target\":{\"@type\":\"EntryPoint\",\"urlTemplate\":\"http:\\\/\\\/sc-weisse-dame.de\\\/v3\\\/?s={search_term_string}\"},\"query-input\":{\"@type\":\"PropertyValueSpecification\",\"valueRequired\":true,\"valueName\":\"search_term_string\"}}],\"inLanguage\":\"de\"}]}<\/script>\n<!-- \/ Yoast SEO plugin. -->","yoast_head_json":{"title":"Qualifikationskriterien CM 2021 - SC Weisse Dame e. V.","robots":{"index":"index","follow":"follow","max-snippet":"max-snippet:-1","max-image-preview":"max-image-preview:large","max-video-preview":"max-video-preview:-1"},"canonical":"http:\/\/sc-weisse-dame.de\/v3\/spielbetrieb\/clubmeisterschaft\/clubmeisterschaft-2020\/qualifikationskriterien-cm-2021\/","og_locale":"de_DE","og_type":"article","og_title":"Qualifikationskriterien CM 2021 - SC Weisse Dame e. V.","og_description":"A-KlasseQualifiziert f\u00fcr die A-Klasse der CM 2021 sind: Spieler auf den Pl\u00e4tzen 1-6 der A-Klasse der CM 2020 Spieler auf den Pl\u00e4tzen 1-2 der B-Klasse der CM 2020 Sieger des &hellip; Qualifikationskriterien CM 2021 weiterlesen &rarr;","og_url":"http:\/\/sc-weisse-dame.de\/v3\/spielbetrieb\/clubmeisterschaft\/clubmeisterschaft-2020\/qualifikationskriterien-cm-2021\/","og_site_name":"SC Weisse Dame e. V.","article_modified_time":"2019-11-16T16:08:18+00:00","twitter_card":"summary_large_image","twitter_misc":{"Gesch\u00e4tzte Lesezeit":"1\u00a0Minute","Written by":"Sebastian B\u00f6hne"},"schema":{"@context":"https:\/\/schema.org","@graph":[{"@type":"WebPage","@id":"http:\/\/sc-weisse-dame.de\/v3\/spielbetrieb\/clubmeisterschaft\/clubmeisterschaft-2020\/qualifikationskriterien-cm-2021\/","url":"http:\/\/sc-weisse-dame.de\/v3\/spielbetrieb\/clubmeisterschaft\/clubmeisterschaft-2020\/qualifikationskriterien-cm-2021\/","name":"Qualifikationskriterien CM 2021 - SC Weisse Dame e. V.","isPartOf":{"@id":"http:\/\/sc-weisse-dame.de\/v3\/#website"},"datePublished":"2019-10-17T16:00:35+00:00","dateModified":"2019-11-16T16:08:18+00:00","breadcrumb":{"@id":"http:\/\/sc-weisse-dame.de\/v3\/spielbetrieb\/clubmeisterschaft\/clubmeisterschaft-2020\/qualifikationskriterien-cm-2021\/#breadcrumb"},"inLanguage":"de","potentialAction":[{"@type":"ReadAction","target":["http:\/\/sc-weisse-dame.de\/v3\/spielbetrieb\/clubmeisterschaft\/clubmeisterschaft-2020\/qualifikationskriterien-cm-2021\/"]}]},{"@type":"BreadcrumbList","@id":"http:\/\/sc-weisse-dame.de\/v3\/spielbetrieb\/clubmeisterschaft\/clubmeisterschaft-2020\/qualifikationskriterien-cm-2021\/#breadcrumb","itemListElement":[{"@type":"ListItem","position":1,"name":"Startseite","item":"http:\/\/sc-weisse-dame.de\/v3\/"},{"@type":"ListItem","position":2,"name":"Spielbetrieb","item":"http:\/\/sc-weisse-dame.de\/v3\/spielbetrieb\/"},{"@type":"ListItem","position":3,"name":"Clubmeisterschaft (CM)","item":"http:\/\/sc-weisse-dame.de\/v3\/spielbetrieb\/clubmeisterschaft\/"},{"@type":"ListItem","position":4,"name":"Clubmeisterschaft 2020","item":"http:\/\/sc-weisse-dame.de\/v3\/spielbetrieb\/clubmeisterschaft\/clubmeisterschaft-2020\/"},{"@type":"ListItem","position":5,"name":"Qualifikationskriterien CM 2021"}]},{"@type":"WebSite","@id":"http:\/\/sc-weisse-dame.de\/v3\/#website","url":"http:\/\/sc-weisse-dame.de\/v3\/","name":"SC Weisse Dame e. V.","description":"Herzlich Willkommen!","potentialAction":[{"@type":"SearchAction","target":{"@type":"EntryPoint","urlTemplate":"http:\/\/sc-weisse-dame.de\/v3\/?s={search_term_string}"},"query-input":{"@type":"PropertyValueSpecification","valueRequired":true,"valueName":"search_term_string"}}],"inLanguage":"de"}]}},"ticketed":false,"_links":{"self":[{"href":"http:\/\/sc-weisse-dame.de\/v3\/wp-json\/wp\/v2\/pages\/13225","targetHints":{"allow":["GET"]}}],"collection":[{"href":"http:\/\/sc-weisse-dame.de\/v3\/wp-json\/wp\/v2\/pages"}],"about":[{"href":"http:\/\/sc-weisse-dame.de\/v3\/wp-json\/wp\/v2\/types\/page"}],"author":[{"embeddable":true,"href":"http:\/\/sc-weisse-dame.de\/v3\/wp-json\/wp\/v2\/users\/8"}],"replies":[{"embeddable":true,"href":"http:\/\/sc-weisse-dame.de\/v3\/wp-json\/wp\/v2\/comments?post=13225"}],"version-history":[{"count":2,"href":"http:\/\/sc-weisse-dame.de\/v3\/wp-json\/wp\/v2\/pages\/13225\/revisions"}],"predecessor-version":[{"id":13475,"href":"http:\/\/sc-weisse-dame.de\/v3\/wp-json\/wp\/v2\/pages\/13225\/revisions\/13475"}],"up":[{"embeddable":true,"href":"http:\/\/sc-weisse-dame.de\/v3\/wp-json\/wp\/v2\/pages\/13222"}],"wp:attachment":[{"href":"http:\/\/sc-weisse-dame.de\/v3\/wp-json\/wp\/v2\/media?parent=13225"}],"wp:term":[{"taxonomy":"author","embeddable":true,"href":"http:\/\/sc-weisse-dame.de\/v3\/wp-json\/wp\/v2\/coauthors?post=13225"}],"curies":[{"name":"wp","href":"https:\/\/api.w.org\/{rel}","templated":true}]}}