{"id":13218,"date":"2019-10-17T17:23:04","date_gmt":"2019-10-17T15:23:04","guid":{"rendered":"http:\/\/sc-weisse-dame.de\/v3\/?page_id=13218"},"modified":"2022-09-16T06:34:10","modified_gmt":"2022-09-16T04:34:10","slug":"ausschreibung-cm-2020","status":"publish","type":"page","link":"http:\/\/sc-weisse-dame.de\/v3\/spielbetrieb\/clubmeisterschaft\/clubmeisterschaft-2020\/ausschreibung-cm-2020\/","title":{"rendered":"Ausschreibung CM 2020"},"content":{"rendered":"\r\n<p><strong>Modus<\/strong>: Gespielt wird in verschiedenen Klassen (zuletzt A, B, C und D). In jeder Klasse wird im Meisterschaftsmodus, d.h. jeder gegen jeden, gespielt. Es gibt keine R\u00fcckrunde.<\/p>\r\n<p><strong>Termine: <\/strong><\/p>\r\n<ol>\r\n\t<li>2019-11-15<\/li>\r\n\t<li>2019-11-22<\/li>\r\n\t<li>2019-11-29<\/li>\r\n\t<li>Restliche Termine bis voraussichtlich Ende April 2020 (werden rechtzeitig bekanntgegeben)<\/li>\r\n<\/ol>\r\n<p><strong>Turnierleitung (TL):<\/strong><\/p>\r\n<p>Sebastian B\u00f6hne<br \/>\r\n(E-Mail:\u00a0<a href=\"mailto:clubspielleiter@sc-weisse-dame.de\">clubspielleiter@sc-weisse-dame.de<\/a>)<\/p>\r\n<p><strong>Anmeldung:\u00a0<\/strong>per\u00a0<strong>Mail\u00a0<\/strong>an den Turnierleiter,\u00a0<strong>pers\u00f6nlich\u00a0<\/strong>bei Selbigem (z.B. w\u00e4hrend des Spielabends), oder durch Eintragung in die im Clublokal demn\u00e4chst aush\u00e4ngende <strong>Anmeldeliste<\/strong><\/p>\r\n<p><strong>Meldeschluss: <\/strong>2019-11-01<\/p>\r\n<p><strong>Teilnehmer je Gruppe:<\/strong> Die Turnierleitung strebt in jeder Klasse eine St\u00e4rke von 8 oder 10 Spielern an.<\/p>\r\n<p><strong>Spielbeginn:<\/strong>\u00a019:00 Uhr\u00a0<br \/>\r\nNach vorheriger Absprache mit dem Gegner und(!) Ank\u00fcndigung gegen\u00fcber der Turnierleitung ist auch ein sp\u00e4terer Beginn um 19:30 Uhr m\u00f6glich.<\/p>\r\n<p><strong>Bedenkzeit:<\/strong>\u00a090 Min. \/ 40 Z\u00fcge + 30 Min. \/ restliche Partie + 30 Sek. pro Zug<\/p>\r\n<p><strong>Titel:<\/strong> Clubmeister 2020 wird der Gewinner der A-Klasse.<\/p>\r\n<p><strong>Sonstiges:<\/strong>\u00a0Die CM wird zur DWZ-Auswertung eingereicht.<\/p>\r\n<p>Auf eine hohe Teilnehmerzahl und ein spannendes Turnier freut sich<\/p>\r\n<p>Sebastian B\u00f6hne (Interner Spielleiter)<\/p>\r\n<hr \/>\r\n<p><strong>Aktuelle Spielberechtigungen f\u00fcr die einzelnen Klassen:\u00a0\u00a0<\/strong>Relevant hierf\u00fcr sind die Qualifikationen, die bei der CM 2018 bzw. durch den Gewinn des Otto-Christ-Pokals 2018 erworben wurden.\u00a0<strong>Achtung:<\/strong>\u00a0Die Turnierleitung ist berechtigt, weitere Spieler (insbesondere Neumitglieder und aussetzende Mitglieder, Nachwuchsspieler mit entsprechender Spielst\u00e4rke, ggf. aber auch bislang Nichtqualifizierte) in die A-, B- und C-Klasse nachr\u00fccken zu lassen<\/p>\r\n<p><strong>\u00a0<\/strong><strong>A-Klasse<br \/>\r\n<\/strong>&#8230;<\/p>\r\n<p><strong>B-Klasse<br \/>\r\n<\/strong>&#8230;<\/p>\r\n<p><strong>C-Klasse<br \/>\r\n<\/strong>&#8230;<\/p>\r\n<p><strong>D-Klasse<br \/>\r\n<\/strong>Alle \u00fcbrigen Spieler<\/p>\r\n","protected":false},"excerpt":{"rendered":"<p>Modus: Gespielt wird in verschiedenen Klassen (zuletzt A, B, C und D). In jeder Klasse wird im Meisterschaftsmodus, d.h. jeder gegen jeden, gespielt. Es gibt keine R\u00fcckrunde. Termine: 2019-11-15 2019-11-22 &hellip; <a href=\"http:\/\/sc-weisse-dame.de\/v3\/spielbetrieb\/clubmeisterschaft\/clubmeisterschaft-2020\/ausschreibung-cm-2020\/\" class=\"more-link\"><span class=\"screen-reader-text\">Ausschreibung CM 2020<\/span> weiterlesen <span class=\"meta-nav\">&rarr;<\/span><\/a><\/p>\n","protected":false},"author":8,"featured_media":0,"parent":13222,"menu_order":0,"comment_status":"closed","ping_status":"closed","template":"","meta":{"_price":"","_stock":"","_tribe_ticket_header":"","_tribe_default_ticket_provider":"","_tribe_ticket_capacity":"0","_ticket_start_date":"","_ticket_end_date":"","_tribe_ticket_show_description":"","_tribe_ticket_show_not_going":false,"_tribe_ticket_use_global_stock":"","_tribe_ticket_global_stock_level":"","_global_stock_mode":"","_global_stock_cap":"","_tribe_rsvp_for_event":"","_tribe_ticket_going_count":"","_tribe_ticket_not_going_count":"","_tribe_tickets_list":"[]","_tribe_ticket_has_attendee_info_fields":false,"footnotes":"","_tec_slr_enabled":"","_tec_slr_layout":""},"coauthors":[44],"class_list":["post-13218","page","type-page","status-publish","hentry"],"yoast_head":"<!-- This site is optimized with the Yoast SEO plugin v27.3 - https:\/\/yoast.com\/product\/yoast-seo-wordpress\/ -->\n<title>Ausschreibung CM 2020 - SC Weisse Dame e. V.<\/title>\n<meta name=\"robots\" content=\"index, follow, max-snippet:-1, max-image-preview:large, max-video-preview:-1\" \/>\n<link rel=\"canonical\" href=\"http:\/\/sc-weisse-dame.de\/v3\/spielbetrieb\/clubmeisterschaft\/clubmeisterschaft-2020\/ausschreibung-cm-2020\/\" \/>\n<meta property=\"og:locale\" content=\"de_DE\" \/>\n<meta property=\"og:type\" content=\"article\" \/>\n<meta property=\"og:title\" content=\"Ausschreibung CM 2020 - SC Weisse Dame e. V.\" \/>\n<meta property=\"og:description\" content=\"Modus: Gespielt wird in verschiedenen Klassen (zuletzt A, B, C und D). In jeder Klasse wird im Meisterschaftsmodus, d.h. jeder gegen jeden, gespielt. Es gibt keine R\u00fcckrunde. Termine: 2019-11-15 2019-11-22 &hellip; Ausschreibung CM 2020 weiterlesen &rarr;\" \/>\n<meta property=\"og:url\" content=\"http:\/\/sc-weisse-dame.de\/v3\/spielbetrieb\/clubmeisterschaft\/clubmeisterschaft-2020\/ausschreibung-cm-2020\/\" \/>\n<meta property=\"og:site_name\" content=\"SC Weisse Dame e. V.\" \/>\n<meta property=\"article:modified_time\" content=\"2022-09-16T04:34:10+00:00\" \/>\n<meta name=\"twitter:card\" content=\"summary_large_image\" \/>\n<meta name=\"twitter:label1\" content=\"Gesch\u00e4tzte Lesezeit\" \/>\n\t<meta name=\"twitter:data1\" content=\"2\u00a0Minuten\" \/>\n\t<meta name=\"twitter:label2\" content=\"Written by\" \/>\n\t<meta name=\"twitter:data2\" content=\"Sebastian B\u00f6hne\" \/>\n<script type=\"application\/ld+json\" class=\"yoast-schema-graph\">{\"@context\":\"https:\\\/\\\/schema.org\",\"@graph\":[{\"@type\":\"WebPage\",\"@id\":\"http:\\\/\\\/sc-weisse-dame.de\\\/v3\\\/spielbetrieb\\\/clubmeisterschaft\\\/clubmeisterschaft-2020\\\/ausschreibung-cm-2020\\\/\",\"url\":\"http:\\\/\\\/sc-weisse-dame.de\\\/v3\\\/spielbetrieb\\\/clubmeisterschaft\\\/clubmeisterschaft-2020\\\/ausschreibung-cm-2020\\\/\",\"name\":\"Ausschreibung CM 2020 - SC Weisse Dame e. V.\",\"isPartOf\":{\"@id\":\"http:\\\/\\\/sc-weisse-dame.de\\\/v3\\\/#website\"},\"datePublished\":\"2019-10-17T15:23:04+00:00\",\"dateModified\":\"2022-09-16T04:34:10+00:00\",\"breadcrumb\":{\"@id\":\"http:\\\/\\\/sc-weisse-dame.de\\\/v3\\\/spielbetrieb\\\/clubmeisterschaft\\\/clubmeisterschaft-2020\\\/ausschreibung-cm-2020\\\/#breadcrumb\"},\"inLanguage\":\"de\",\"potentialAction\":[{\"@type\":\"ReadAction\",\"target\":[\"http:\\\/\\\/sc-weisse-dame.de\\\/v3\\\/spielbetrieb\\\/clubmeisterschaft\\\/clubmeisterschaft-2020\\\/ausschreibung-cm-2020\\\/\"]}]},{\"@type\":\"BreadcrumbList\",\"@id\":\"http:\\\/\\\/sc-weisse-dame.de\\\/v3\\\/spielbetrieb\\\/clubmeisterschaft\\\/clubmeisterschaft-2020\\\/ausschreibung-cm-2020\\\/#breadcrumb\",\"itemListElement\":[{\"@type\":\"ListItem\",\"position\":1,\"name\":\"Startseite\",\"item\":\"http:\\\/\\\/sc-weisse-dame.de\\\/v3\\\/\"},{\"@type\":\"ListItem\",\"position\":2,\"name\":\"Spielbetrieb\",\"item\":\"http:\\\/\\\/sc-weisse-dame.de\\\/v3\\\/spielbetrieb\\\/\"},{\"@type\":\"ListItem\",\"position\":3,\"name\":\"Clubmeisterschaft (CM)\",\"item\":\"http:\\\/\\\/sc-weisse-dame.de\\\/v3\\\/spielbetrieb\\\/clubmeisterschaft\\\/\"},{\"@type\":\"ListItem\",\"position\":4,\"name\":\"Clubmeisterschaft 2020\",\"item\":\"http:\\\/\\\/sc-weisse-dame.de\\\/v3\\\/spielbetrieb\\\/clubmeisterschaft\\\/clubmeisterschaft-2020\\\/\"},{\"@type\":\"ListItem\",\"position\":5,\"name\":\"Ausschreibung CM 2020\"}]},{\"@type\":\"WebSite\",\"@id\":\"http:\\\/\\\/sc-weisse-dame.de\\\/v3\\\/#website\",\"url\":\"http:\\\/\\\/sc-weisse-dame.de\\\/v3\\\/\",\"name\":\"SC Weisse Dame e. V.\",\"description\":\"Herzlich Willkommen!\",\"potentialAction\":[{\"@type\":\"SearchAction\",\"target\":{\"@type\":\"EntryPoint\",\"urlTemplate\":\"http:\\\/\\\/sc-weisse-dame.de\\\/v3\\\/?s={search_term_string}\"},\"query-input\":{\"@type\":\"PropertyValueSpecification\",\"valueRequired\":true,\"valueName\":\"search_term_string\"}}],\"inLanguage\":\"de\"}]}<\/script>\n<!-- \/ Yoast SEO plugin. -->","yoast_head_json":{"title":"Ausschreibung CM 2020 - SC Weisse Dame e. V.","robots":{"index":"index","follow":"follow","max-snippet":"max-snippet:-1","max-image-preview":"max-image-preview:large","max-video-preview":"max-video-preview:-1"},"canonical":"http:\/\/sc-weisse-dame.de\/v3\/spielbetrieb\/clubmeisterschaft\/clubmeisterschaft-2020\/ausschreibung-cm-2020\/","og_locale":"de_DE","og_type":"article","og_title":"Ausschreibung CM 2020 - SC Weisse Dame e. V.","og_description":"Modus: Gespielt wird in verschiedenen Klassen (zuletzt A, B, C und D). In jeder Klasse wird im Meisterschaftsmodus, d.h. jeder gegen jeden, gespielt. Es gibt keine R\u00fcckrunde. Termine: 2019-11-15 2019-11-22 &hellip; Ausschreibung CM 2020 weiterlesen &rarr;","og_url":"http:\/\/sc-weisse-dame.de\/v3\/spielbetrieb\/clubmeisterschaft\/clubmeisterschaft-2020\/ausschreibung-cm-2020\/","og_site_name":"SC Weisse Dame e. V.","article_modified_time":"2022-09-16T04:34:10+00:00","twitter_card":"summary_large_image","twitter_misc":{"Gesch\u00e4tzte Lesezeit":"2\u00a0Minuten","Written by":"Sebastian B\u00f6hne"},"schema":{"@context":"https:\/\/schema.org","@graph":[{"@type":"WebPage","@id":"http:\/\/sc-weisse-dame.de\/v3\/spielbetrieb\/clubmeisterschaft\/clubmeisterschaft-2020\/ausschreibung-cm-2020\/","url":"http:\/\/sc-weisse-dame.de\/v3\/spielbetrieb\/clubmeisterschaft\/clubmeisterschaft-2020\/ausschreibung-cm-2020\/","name":"Ausschreibung CM 2020 - SC Weisse Dame e. V.","isPartOf":{"@id":"http:\/\/sc-weisse-dame.de\/v3\/#website"},"datePublished":"2019-10-17T15:23:04+00:00","dateModified":"2022-09-16T04:34:10+00:00","breadcrumb":{"@id":"http:\/\/sc-weisse-dame.de\/v3\/spielbetrieb\/clubmeisterschaft\/clubmeisterschaft-2020\/ausschreibung-cm-2020\/#breadcrumb"},"inLanguage":"de","potentialAction":[{"@type":"ReadAction","target":["http:\/\/sc-weisse-dame.de\/v3\/spielbetrieb\/clubmeisterschaft\/clubmeisterschaft-2020\/ausschreibung-cm-2020\/"]}]},{"@type":"BreadcrumbList","@id":"http:\/\/sc-weisse-dame.de\/v3\/spielbetrieb\/clubmeisterschaft\/clubmeisterschaft-2020\/ausschreibung-cm-2020\/#breadcrumb","itemListElement":[{"@type":"ListItem","position":1,"name":"Startseite","item":"http:\/\/sc-weisse-dame.de\/v3\/"},{"@type":"ListItem","position":2,"name":"Spielbetrieb","item":"http:\/\/sc-weisse-dame.de\/v3\/spielbetrieb\/"},{"@type":"ListItem","position":3,"name":"Clubmeisterschaft (CM)","item":"http:\/\/sc-weisse-dame.de\/v3\/spielbetrieb\/clubmeisterschaft\/"},{"@type":"ListItem","position":4,"name":"Clubmeisterschaft 2020","item":"http:\/\/sc-weisse-dame.de\/v3\/spielbetrieb\/clubmeisterschaft\/clubmeisterschaft-2020\/"},{"@type":"ListItem","position":5,"name":"Ausschreibung CM 2020"}]},{"@type":"WebSite","@id":"http:\/\/sc-weisse-dame.de\/v3\/#website","url":"http:\/\/sc-weisse-dame.de\/v3\/","name":"SC Weisse Dame e. V.","description":"Herzlich Willkommen!","potentialAction":[{"@type":"SearchAction","target":{"@type":"EntryPoint","urlTemplate":"http:\/\/sc-weisse-dame.de\/v3\/?s={search_term_string}"},"query-input":{"@type":"PropertyValueSpecification","valueRequired":true,"valueName":"search_term_string"}}],"inLanguage":"de"}]}},"ticketed":false,"_links":{"self":[{"href":"http:\/\/sc-weisse-dame.de\/v3\/wp-json\/wp\/v2\/pages\/13218","targetHints":{"allow":["GET"]}}],"collection":[{"href":"http:\/\/sc-weisse-dame.de\/v3\/wp-json\/wp\/v2\/pages"}],"about":[{"href":"http:\/\/sc-weisse-dame.de\/v3\/wp-json\/wp\/v2\/types\/page"}],"author":[{"embeddable":true,"href":"http:\/\/sc-weisse-dame.de\/v3\/wp-json\/wp\/v2\/users\/8"}],"replies":[{"embeddable":true,"href":"http:\/\/sc-weisse-dame.de\/v3\/wp-json\/wp\/v2\/comments?post=13218"}],"version-history":[{"count":5,"href":"http:\/\/sc-weisse-dame.de\/v3\/wp-json\/wp\/v2\/pages\/13218\/revisions"}],"predecessor-version":[{"id":24998,"href":"http:\/\/sc-weisse-dame.de\/v3\/wp-json\/wp\/v2\/pages\/13218\/revisions\/24998"}],"up":[{"embeddable":true,"href":"http:\/\/sc-weisse-dame.de\/v3\/wp-json\/wp\/v2\/pages\/13222"}],"wp:attachment":[{"href":"http:\/\/sc-weisse-dame.de\/v3\/wp-json\/wp\/v2\/media?parent=13218"}],"wp:term":[{"taxonomy":"author","embeddable":true,"href":"http:\/\/sc-weisse-dame.de\/v3\/wp-json\/wp\/v2\/coauthors?post=13218"}],"curies":[{"name":"wp","href":"https:\/\/api.w.org\/{rel}","templated":true}]}}