{"id":1133,"date":"2016-08-06T17:01:10","date_gmt":"2016-08-06T15:01:10","guid":{"rendered":"http:\/\/sc-weisse-dame.de\/v3\/?page_id=1133"},"modified":"2026-04-02T14:27:07","modified_gmt":"2026-04-02T12:27:07","slug":"downloads","status":"publish","type":"page","link":"http:\/\/sc-weisse-dame.de\/v3\/unser-verein\/downloads\/","title":{"rendered":"Downloads"},"content":{"rendered":"<p>&nbsp;<\/p>\n<p style=\"text-align: center;\">Satzung (pdf-Datei &#8211; Stand: 23.03.2021)\u00a0\u00a0 &#8211;\u00a0 \u00a0<strong><a href=\"http:\/\/sc-weisse-dame.de\/v3\/wp-content\/uploads\/Dokumente\/2021-03-23_Satzung_SC_Weisse_Dame_eV\">Download<\/a><\/strong><\/p>\n<p style=\"text-align: center;\">Aufnahmeantrag (pdf-Datei &#8211; Stand: 12.05.2023)\u00a0 \u00a0&#8211;\u00a0 \u00a0<a href=\"http:\/\/sc-weisse-dame.de\/v3\/wp-content\/uploads\/2023\/05\/Aufnahmeantrag-1.pdf\"><strong>Download<\/strong><\/a><\/p>\n<p style=\"text-align: center;\">Turnierordnung (pdf-Datei &#8211; Stand: 30.03.2026)\u00a0 \u00a0&#8211;\u00a0 \u00a0<a href=\"http:\/\/sc-weisse-dame.de\/v3\/wp-content\/uploads\/2026\/04\/Turnierordnung-2026-03-30.pdf\"><strong>Download<\/strong><\/a><\/p>\n<hr \/>\n<h3 style=\"text-align: left;\">Bankverbindung:<\/h3>\n<table>\n<tbody>\n<tr>\n<td>Kontoinhaber:<\/td>\n<td>Schachclub Weisse Dame e.V.<\/td>\n<\/tr>\n<tr>\n<td>IBAN:<\/td>\n<td>DE70 120300001009811165<\/td>\n<\/tr>\n<tr>\n<td>BIC:<\/td>\n<td>BYLADEM1001 (Deutsche Kreditbank AG)<\/td>\n<\/tr>\n<\/tbody>\n<\/table>\n<hr \/>\n<h3>\u00a0<\/h3>\n<h3 style=\"text-align: left;\">Beitragsstaffelung SC Weisse Dame e. V.<\/h3>\n<p style=\"text-align: left;\">(g\u00fcltig ab 01.01.2020)<\/p>\n<table>\n<thead>\n<tr>\n<th>Beitragsh\u00f6he<\/th>\n<th>Vollbeitrag<\/th>\n<th>erm\u00e4\u00dfigter Beitrag<\/th>\n<th>Kinder- \/ Jugendbeitrag<\/th>\n<th>F\u00f6rderbeitrag<\/th>\n<\/tr>\n<\/thead>\n<tbody>\n<tr>\n<td>\n<p>mit Rabatt *) bei<\/p>\n<ul>\n<li>Zahlung bis 31.01. des Jahres<\/li>\n<\/ul>\n<p>oder bei<\/p>\n<ul>\n<li>erteilter Einzugserm\u00e4chtigung<\/li>\n<\/ul>\n<p>oder bei<\/p>\n<ul>\n<li>erteiltem Dauerauftrag<\/li>\n<\/ul>\n<\/td>\n<td style=\"text-align: center;\">120 \u20ac<\/td>\n<td style=\"text-align: center;\">60 \u20ac<\/td>\n<td style=\"text-align: center;\">120 \u20ac<\/td>\n<td style=\"text-align: center;\">40 \u20ac<\/td>\n<\/tr>\n<tr>\n<td>ohne Rabatt bei Zahlung<br \/>\nnach dem 31.01. des Jahres<\/td>\n<td style=\"text-align: center;\">144 \u20ac<\/td>\n<td style=\"text-align: center;\">72 \u20ac<\/td>\n<td style=\"text-align: center;\">144\u20ac<\/td>\n<td style=\"text-align: center;\">48 \u20ac<\/td>\n<\/tr>\n<\/tbody>\n<\/table>\n<p>&nbsp;<\/p>\n<p style=\"text-align: justify;\">Auf Antrag ist eine Erm\u00e4\u00dfigung des Beitrags aus sozialen Gr\u00fcnden m\u00f6glich. Wendet euch dazu bitte an die beiden Vorsitzenden oder den Jugendwart.<\/p>\n<p style=\"text-align: justify;\">*) Auf den Mitgliedsbeitrag wird ein Rabatt gew\u00e4hrt bei Zahlung mittels SEPA-Lastschriftverfahren, Dauerauftrag oder bis zum 31.01. des Jahres. Der Rabatt entf\u00e4llt, sofern die SEPA-Lastschrift nicht eingel\u00f6st wird. Das Mitglied ist in diesem Fall zur \u00dcbernahme der dem Verein entstehenden zus\u00e4tzlichen Kosten (R\u00fccklastschriftgeb\u00fchr) verpflichtet. Bei Eintritt des Mitglieds nach dem 31.01. des Jahres gew\u00e4hrt der Verein nur bei Nutzung des SEPA-Lastschriftverfahrens f\u00fcr das laufende Jahr Rabatt.<\/p>\n","protected":false},"excerpt":{"rendered":"<p>&nbsp; Satzung (pdf-Datei &#8211; Stand: 23.03.2021)\u00a0\u00a0 &#8211;\u00a0 \u00a0Download Aufnahmeantrag (pdf-Datei &#8211; Stand: 12.05.2023)\u00a0 \u00a0&#8211;\u00a0 \u00a0Download Turnierordnung (pdf-Datei &#8211; Stand: 30.03.2026)\u00a0 \u00a0&#8211;\u00a0 \u00a0Download Bankverbindung: Kontoinhaber: Schachclub Weisse Dame e.V. IBAN: DE70 &hellip; <a href=\"http:\/\/sc-weisse-dame.de\/v3\/unser-verein\/downloads\/\" class=\"more-link\"><span class=\"screen-reader-text\">Downloads<\/span> weiterlesen <span class=\"meta-nav\">&rarr;<\/span><\/a><\/p>\n","protected":false},"author":2,"featured_media":0,"parent":38,"menu_order":0,"comment_status":"closed","ping_status":"closed","template":"","meta":{"_price":"","_stock":"","_tribe_ticket_header":"","_tribe_default_ticket_provider":"","_tribe_ticket_capacity":"0","_ticket_start_date":"","_ticket_end_date":"","_tribe_ticket_show_description":"","_tribe_ticket_show_not_going":false,"_tribe_ticket_use_global_stock":"","_tribe_ticket_global_stock_level":"","_global_stock_mode":"","_global_stock_cap":"","_tribe_rsvp_for_event":"","_tribe_ticket_going_count":"","_tribe_ticket_not_going_count":"","_tribe_tickets_list":"[]","_tribe_ticket_has_attendee_info_fields":false,"footnotes":"","_tec_slr_enabled":"","_tec_slr_layout":""},"coauthors":[23],"class_list":["post-1133","page","type-page","status-publish","hentry"],"yoast_head":"<!-- This site is optimized with the Yoast SEO plugin v27.4 - https:\/\/yoast.com\/product\/yoast-seo-wordpress\/ -->\n<title>Downloads - SC Weisse Dame e. V.<\/title>\n<meta name=\"robots\" content=\"index, follow, max-snippet:-1, max-image-preview:large, max-video-preview:-1\" \/>\n<link rel=\"canonical\" href=\"http:\/\/sc-weisse-dame.de\/v3\/unser-verein\/downloads\/\" \/>\n<meta property=\"og:locale\" content=\"de_DE\" \/>\n<meta property=\"og:type\" content=\"article\" \/>\n<meta property=\"og:title\" content=\"Downloads - SC Weisse Dame e. V.\" \/>\n<meta property=\"og:description\" content=\"&nbsp; Satzung (pdf-Datei &#8211; Stand: 23.03.2021)\u00a0\u00a0 &#8211;\u00a0 \u00a0Download Aufnahmeantrag (pdf-Datei &#8211; Stand: 12.05.2023)\u00a0 \u00a0&#8211;\u00a0 \u00a0Download Turnierordnung (pdf-Datei &#8211; Stand: 30.03.2026)\u00a0 \u00a0&#8211;\u00a0 \u00a0Download Bankverbindung: Kontoinhaber: Schachclub Weisse Dame e.V. IBAN: DE70 &hellip; Downloads weiterlesen &rarr;\" \/>\n<meta property=\"og:url\" content=\"http:\/\/sc-weisse-dame.de\/v3\/unser-verein\/downloads\/\" \/>\n<meta property=\"og:site_name\" content=\"SC Weisse Dame e. V.\" \/>\n<meta property=\"article:modified_time\" content=\"2026-04-02T12:27:07+00:00\" \/>\n<meta name=\"twitter:card\" content=\"summary_large_image\" \/>\n<meta name=\"twitter:label1\" content=\"Gesch\u00e4tzte Lesezeit\" \/>\n\t<meta name=\"twitter:data1\" content=\"1\u00a0Minute\" \/>\n<script type=\"application\/ld+json\" class=\"yoast-schema-graph\">{\"@context\":\"https:\\\/\\\/schema.org\",\"@graph\":[{\"@type\":\"WebPage\",\"@id\":\"http:\\\/\\\/sc-weisse-dame.de\\\/v3\\\/unser-verein\\\/downloads\\\/\",\"url\":\"http:\\\/\\\/sc-weisse-dame.de\\\/v3\\\/unser-verein\\\/downloads\\\/\",\"name\":\"Downloads - SC Weisse Dame e. V.\",\"isPartOf\":{\"@id\":\"http:\\\/\\\/sc-weisse-dame.de\\\/v3\\\/#website\"},\"datePublished\":\"2016-08-06T15:01:10+00:00\",\"dateModified\":\"2026-04-02T12:27:07+00:00\",\"breadcrumb\":{\"@id\":\"http:\\\/\\\/sc-weisse-dame.de\\\/v3\\\/unser-verein\\\/downloads\\\/#breadcrumb\"},\"inLanguage\":\"de\",\"potentialAction\":[{\"@type\":\"ReadAction\",\"target\":[\"http:\\\/\\\/sc-weisse-dame.de\\\/v3\\\/unser-verein\\\/downloads\\\/\"]}]},{\"@type\":\"BreadcrumbList\",\"@id\":\"http:\\\/\\\/sc-weisse-dame.de\\\/v3\\\/unser-verein\\\/downloads\\\/#breadcrumb\",\"itemListElement\":[{\"@type\":\"ListItem\",\"position\":1,\"name\":\"Startseite\",\"item\":\"http:\\\/\\\/sc-weisse-dame.de\\\/v3\\\/\"},{\"@type\":\"ListItem\",\"position\":2,\"name\":\"Unser Verein\",\"item\":\"http:\\\/\\\/sc-weisse-dame.de\\\/v3\\\/unser-verein\\\/\"},{\"@type\":\"ListItem\",\"position\":3,\"name\":\"Downloads\"}]},{\"@type\":\"WebSite\",\"@id\":\"http:\\\/\\\/sc-weisse-dame.de\\\/v3\\\/#website\",\"url\":\"http:\\\/\\\/sc-weisse-dame.de\\\/v3\\\/\",\"name\":\"SC Weisse Dame e. V.\",\"description\":\"Herzlich Willkommen!\",\"potentialAction\":[{\"@type\":\"SearchAction\",\"target\":{\"@type\":\"EntryPoint\",\"urlTemplate\":\"http:\\\/\\\/sc-weisse-dame.de\\\/v3\\\/?s={search_term_string}\"},\"query-input\":{\"@type\":\"PropertyValueSpecification\",\"valueRequired\":true,\"valueName\":\"search_term_string\"}}],\"inLanguage\":\"de\"}]}<\/script>\n<!-- \/ Yoast SEO plugin. -->","yoast_head_json":{"title":"Downloads - SC Weisse Dame e. V.","robots":{"index":"index","follow":"follow","max-snippet":"max-snippet:-1","max-image-preview":"max-image-preview:large","max-video-preview":"max-video-preview:-1"},"canonical":"http:\/\/sc-weisse-dame.de\/v3\/unser-verein\/downloads\/","og_locale":"de_DE","og_type":"article","og_title":"Downloads - SC Weisse Dame e. V.","og_description":"&nbsp; Satzung (pdf-Datei &#8211; Stand: 23.03.2021)\u00a0\u00a0 &#8211;\u00a0 \u00a0Download Aufnahmeantrag (pdf-Datei &#8211; Stand: 12.05.2023)\u00a0 \u00a0&#8211;\u00a0 \u00a0Download Turnierordnung (pdf-Datei &#8211; Stand: 30.03.2026)\u00a0 \u00a0&#8211;\u00a0 \u00a0Download Bankverbindung: Kontoinhaber: Schachclub Weisse Dame e.V. IBAN: DE70 &hellip; Downloads weiterlesen &rarr;","og_url":"http:\/\/sc-weisse-dame.de\/v3\/unser-verein\/downloads\/","og_site_name":"SC Weisse Dame e. V.","article_modified_time":"2026-04-02T12:27:07+00:00","twitter_card":"summary_large_image","twitter_misc":{"Gesch\u00e4tzte Lesezeit":"1\u00a0Minute"},"schema":{"@context":"https:\/\/schema.org","@graph":[{"@type":"WebPage","@id":"http:\/\/sc-weisse-dame.de\/v3\/unser-verein\/downloads\/","url":"http:\/\/sc-weisse-dame.de\/v3\/unser-verein\/downloads\/","name":"Downloads - SC Weisse Dame e. V.","isPartOf":{"@id":"http:\/\/sc-weisse-dame.de\/v3\/#website"},"datePublished":"2016-08-06T15:01:10+00:00","dateModified":"2026-04-02T12:27:07+00:00","breadcrumb":{"@id":"http:\/\/sc-weisse-dame.de\/v3\/unser-verein\/downloads\/#breadcrumb"},"inLanguage":"de","potentialAction":[{"@type":"ReadAction","target":["http:\/\/sc-weisse-dame.de\/v3\/unser-verein\/downloads\/"]}]},{"@type":"BreadcrumbList","@id":"http:\/\/sc-weisse-dame.de\/v3\/unser-verein\/downloads\/#breadcrumb","itemListElement":[{"@type":"ListItem","position":1,"name":"Startseite","item":"http:\/\/sc-weisse-dame.de\/v3\/"},{"@type":"ListItem","position":2,"name":"Unser Verein","item":"http:\/\/sc-weisse-dame.de\/v3\/unser-verein\/"},{"@type":"ListItem","position":3,"name":"Downloads"}]},{"@type":"WebSite","@id":"http:\/\/sc-weisse-dame.de\/v3\/#website","url":"http:\/\/sc-weisse-dame.de\/v3\/","name":"SC Weisse Dame e. V.","description":"Herzlich Willkommen!","potentialAction":[{"@type":"SearchAction","target":{"@type":"EntryPoint","urlTemplate":"http:\/\/sc-weisse-dame.de\/v3\/?s={search_term_string}"},"query-input":{"@type":"PropertyValueSpecification","valueRequired":true,"valueName":"search_term_string"}}],"inLanguage":"de"}]}},"ticketed":false,"_links":{"self":[{"href":"http:\/\/sc-weisse-dame.de\/v3\/wp-json\/wp\/v2\/pages\/1133","targetHints":{"allow":["GET"]}}],"collection":[{"href":"http:\/\/sc-weisse-dame.de\/v3\/wp-json\/wp\/v2\/pages"}],"about":[{"href":"http:\/\/sc-weisse-dame.de\/v3\/wp-json\/wp\/v2\/types\/page"}],"author":[{"embeddable":true,"href":"http:\/\/sc-weisse-dame.de\/v3\/wp-json\/wp\/v2\/users\/2"}],"replies":[{"embeddable":true,"href":"http:\/\/sc-weisse-dame.de\/v3\/wp-json\/wp\/v2\/comments?post=1133"}],"version-history":[{"count":14,"href":"http:\/\/sc-weisse-dame.de\/v3\/wp-json\/wp\/v2\/pages\/1133\/revisions"}],"predecessor-version":[{"id":34676,"href":"http:\/\/sc-weisse-dame.de\/v3\/wp-json\/wp\/v2\/pages\/1133\/revisions\/34676"}],"up":[{"embeddable":true,"href":"http:\/\/sc-weisse-dame.de\/v3\/wp-json\/wp\/v2\/pages\/38"}],"wp:attachment":[{"href":"http:\/\/sc-weisse-dame.de\/v3\/wp-json\/wp\/v2\/media?parent=1133"}],"wp:term":[{"taxonomy":"author","embeddable":true,"href":"http:\/\/sc-weisse-dame.de\/v3\/wp-json\/wp\/v2\/coauthors?post=1133"}],"curies":[{"name":"wp","href":"https:\/\/api.w.org\/{rel}","templated":true}]}}