{"id":1113,"date":"2016-08-06T16:33:12","date_gmt":"2016-08-06T14:33:12","guid":{"rendered":"http:\/\/sc-weisse-dame.de\/v3\/?page_id=1113"},"modified":"2026-02-01T16:46:35","modified_gmt":"2026-02-01T15:46:35","slug":"clubschnellschachmeisterschaft","status":"publish","type":"page","link":"http:\/\/sc-weisse-dame.de\/v3\/spielbetrieb\/clubschnellschachmeisterschaft\/","title":{"rendered":"Clubschnellschachmeisterschaft (CSM)"},"content":{"rendered":"<p>Die <a href=\"http:\/\/sc-weisse-dame.de\/v3\/spielbetrieb\/clubschnellschachmeisterschaft\/clubschnellschachmeisterschaft-2026\/\">CSM 2026<\/a> beginnt mit dem Schnellschachturnier &#8222;Freitag der 13.&#8220; am <b>13. 2. 2026<\/b>. Es werden \u00fcber das Jahr verteilt wieder f\u00fcnf Wertungsturniere gespielt.<\/p>\n<p>Hier geht es zu fr\u00fcheren Clubschnellschachmeisterschaften:<\/p>\n<ul>\n<li><a href=\"http:\/\/sc-weisse-dame.de\/v3\/spielbetrieb\/clubschnellschachmeisterschaft\/clubschnellschachmeisterschaft-2025\/\">CSM 2025<\/a> \u2013 Clubschnellschachmeister: <strong>Bastian Deubler<\/strong><\/li>\n<li><a href=\"http:\/\/sc-weisse-dame.de\/v3\/spielbetrieb\/clubschnellschachmeisterschaft\/clubschnellschachmeisterschaft-2024\/\">CSM 2024<\/a> \u2013 Clubschnellschachmeister: <strong>Anton Bashtavy<\/strong><\/li>\n<li><a href=\"http:\/\/sc-weisse-dame.de\/v3\/spielbetrieb\/clubschnellschachmeisterschaft\/clubschnellschachmeisterschaft-2023\/\">CSM 2023<\/a> \u2013 Clubschnellschachmeister: <strong>Heinz Uhl<\/strong><\/li>\n<li><a href=\"http:\/\/sc-weisse-dame.de\/v3\/2022\/11\/csm-2022\/\">CSM 2022<\/a> \u2013 Clubschnellschachmeister: <strong>Kai-Gerrit Venske<\/strong><\/li>\n<li>CSM 2021 &#8211; Turnier aufgrund der Corona-Pandemie nicht ausgetragen<\/li>\n<li><a href=\"http:\/\/sc-weisse-dame.de\/v3\/2020\/02\/csm-2020-1\">CSM 2020<\/a> &#8211; Turnier aufgrund der Corona-Pandemie nach dem 1. WT abgebrochen<\/li>\n<li><a href=\"http:\/\/sc-weisse-dame.de\/v3\/spielbetrieb\/clubschnellschachmeisterschaft\/clubschnellschachmeisterschaft-2019\/\">CSM 2019<\/a> \u2013 Clubschnellschachmeister: <strong>Kai-Gerrit Venske<\/strong><\/li>\n<li><a href=\"http:\/\/sc-weisse-dame.de\/v3\/spielbetrieb\/clubschnellschachmeisterschaft\/clubschnellschachmeisterschaft-2018\/\">CSM 2018<\/a>\u00a0\u2013 Clubschnellschachmeister: <strong>Heinz Uhl<\/strong><\/li>\n<li><a href=\"http:\/\/sc-weisse-dame.de\/v3\/spielbetrieb\/clubschnellschachmeisterschaft\/clubschnellschachmeisterschaft-2017\/\">CSM 2017<\/a> \u2013 Clubschnellschachmeister: <strong>Ingo Abraham<\/strong><\/li>\n<li><a href=\"http:\/\/sc-weisse-dame.de\/v3\/spielbetrieb\/clubschnellschachmeisterschaft\/clubschnellschachmeisterschaft-2016\/\">CSM 2016<\/a>\u00a0\u2013 Clubschnellschachmeister: <strong>Kai-Gerrit Venske<\/strong><\/li>\n<\/ul>\n","protected":false},"excerpt":{"rendered":"<p>Die CSM 2026 beginnt mit dem Schnellschachturnier &#8222;Freitag der 13.&#8220; am 13. 2. 2026. Es werden \u00fcber das Jahr verteilt wieder f\u00fcnf Wertungsturniere gespielt. Hier geht es zu fr\u00fcheren Clubschnellschachmeisterschaften: &hellip; <a href=\"http:\/\/sc-weisse-dame.de\/v3\/spielbetrieb\/clubschnellschachmeisterschaft\/\" class=\"more-link\"><span class=\"screen-reader-text\">Clubschnellschachmeisterschaft (CSM)<\/span> weiterlesen <span class=\"meta-nav\">&rarr;<\/span><\/a><\/p>\n","protected":false},"author":2,"featured_media":0,"parent":40,"menu_order":0,"comment_status":"closed","ping_status":"closed","template":"","meta":{"_price":"","_stock":"","_tribe_ticket_header":"","_tribe_default_ticket_provider":"","_tribe_ticket_capacity":"0","_ticket_start_date":"","_ticket_end_date":"","_tribe_ticket_show_description":"","_tribe_ticket_show_not_going":false,"_tribe_ticket_use_global_stock":"","_tribe_ticket_global_stock_level":"","_global_stock_mode":"","_global_stock_cap":"","_tribe_rsvp_for_event":"","_tribe_ticket_going_count":"","_tribe_ticket_not_going_count":"","_tribe_tickets_list":"[]","_tribe_ticket_has_attendee_info_fields":false,"footnotes":"","_tec_slr_enabled":"","_tec_slr_layout":""},"coauthors":[23],"class_list":["post-1113","page","type-page","status-publish","hentry"],"yoast_head":"<!-- This site is optimized with the Yoast SEO plugin v27.4 - https:\/\/yoast.com\/product\/yoast-seo-wordpress\/ -->\n<title>Clubschnellschachmeisterschaft (CSM) - SC Weisse Dame e. V.<\/title>\n<meta name=\"robots\" content=\"index, follow, max-snippet:-1, max-image-preview:large, max-video-preview:-1\" \/>\n<link rel=\"canonical\" href=\"http:\/\/sc-weisse-dame.de\/v3\/spielbetrieb\/clubschnellschachmeisterschaft\/\" \/>\n<meta property=\"og:locale\" content=\"de_DE\" \/>\n<meta property=\"og:type\" content=\"article\" \/>\n<meta property=\"og:title\" content=\"Clubschnellschachmeisterschaft (CSM) - SC Weisse Dame e. V.\" \/>\n<meta property=\"og:description\" content=\"Die CSM 2026 beginnt mit dem Schnellschachturnier &#8222;Freitag der 13.&#8220; am 13. 2. 2026. Es werden \u00fcber das Jahr verteilt wieder f\u00fcnf Wertungsturniere gespielt. Hier geht es zu fr\u00fcheren Clubschnellschachmeisterschaften: &hellip; Clubschnellschachmeisterschaft (CSM) weiterlesen &rarr;\" \/>\n<meta property=\"og:url\" content=\"http:\/\/sc-weisse-dame.de\/v3\/spielbetrieb\/clubschnellschachmeisterschaft\/\" \/>\n<meta property=\"og:site_name\" content=\"SC Weisse Dame e. V.\" \/>\n<meta property=\"article:modified_time\" content=\"2026-02-01T15:46:35+00:00\" \/>\n<meta name=\"twitter:card\" content=\"summary_large_image\" \/>\n<meta name=\"twitter:label1\" content=\"Gesch\u00e4tzte Lesezeit\" \/>\n\t<meta name=\"twitter:data1\" content=\"1\u00a0Minute\" \/>\n<script type=\"application\/ld+json\" class=\"yoast-schema-graph\">{\"@context\":\"https:\\\/\\\/schema.org\",\"@graph\":[{\"@type\":\"WebPage\",\"@id\":\"http:\\\/\\\/sc-weisse-dame.de\\\/v3\\\/spielbetrieb\\\/clubschnellschachmeisterschaft\\\/\",\"url\":\"http:\\\/\\\/sc-weisse-dame.de\\\/v3\\\/spielbetrieb\\\/clubschnellschachmeisterschaft\\\/\",\"name\":\"Clubschnellschachmeisterschaft (CSM) - SC Weisse Dame e. V.\",\"isPartOf\":{\"@id\":\"http:\\\/\\\/sc-weisse-dame.de\\\/v3\\\/#website\"},\"datePublished\":\"2016-08-06T14:33:12+00:00\",\"dateModified\":\"2026-02-01T15:46:35+00:00\",\"breadcrumb\":{\"@id\":\"http:\\\/\\\/sc-weisse-dame.de\\\/v3\\\/spielbetrieb\\\/clubschnellschachmeisterschaft\\\/#breadcrumb\"},\"inLanguage\":\"de\",\"potentialAction\":[{\"@type\":\"ReadAction\",\"target\":[\"http:\\\/\\\/sc-weisse-dame.de\\\/v3\\\/spielbetrieb\\\/clubschnellschachmeisterschaft\\\/\"]}]},{\"@type\":\"BreadcrumbList\",\"@id\":\"http:\\\/\\\/sc-weisse-dame.de\\\/v3\\\/spielbetrieb\\\/clubschnellschachmeisterschaft\\\/#breadcrumb\",\"itemListElement\":[{\"@type\":\"ListItem\",\"position\":1,\"name\":\"Startseite\",\"item\":\"http:\\\/\\\/sc-weisse-dame.de\\\/v3\\\/\"},{\"@type\":\"ListItem\",\"position\":2,\"name\":\"Spielbetrieb\",\"item\":\"http:\\\/\\\/sc-weisse-dame.de\\\/v3\\\/spielbetrieb\\\/\"},{\"@type\":\"ListItem\",\"position\":3,\"name\":\"Clubschnellschachmeisterschaft (CSM)\"}]},{\"@type\":\"WebSite\",\"@id\":\"http:\\\/\\\/sc-weisse-dame.de\\\/v3\\\/#website\",\"url\":\"http:\\\/\\\/sc-weisse-dame.de\\\/v3\\\/\",\"name\":\"SC Weisse Dame e. V.\",\"description\":\"Herzlich Willkommen!\",\"potentialAction\":[{\"@type\":\"SearchAction\",\"target\":{\"@type\":\"EntryPoint\",\"urlTemplate\":\"http:\\\/\\\/sc-weisse-dame.de\\\/v3\\\/?s={search_term_string}\"},\"query-input\":{\"@type\":\"PropertyValueSpecification\",\"valueRequired\":true,\"valueName\":\"search_term_string\"}}],\"inLanguage\":\"de\"}]}<\/script>\n<!-- \/ Yoast SEO plugin. -->","yoast_head_json":{"title":"Clubschnellschachmeisterschaft (CSM) - SC Weisse Dame e. V.","robots":{"index":"index","follow":"follow","max-snippet":"max-snippet:-1","max-image-preview":"max-image-preview:large","max-video-preview":"max-video-preview:-1"},"canonical":"http:\/\/sc-weisse-dame.de\/v3\/spielbetrieb\/clubschnellschachmeisterschaft\/","og_locale":"de_DE","og_type":"article","og_title":"Clubschnellschachmeisterschaft (CSM) - SC Weisse Dame e. V.","og_description":"Die CSM 2026 beginnt mit dem Schnellschachturnier &#8222;Freitag der 13.&#8220; am 13. 2. 2026. Es werden \u00fcber das Jahr verteilt wieder f\u00fcnf Wertungsturniere gespielt. Hier geht es zu fr\u00fcheren Clubschnellschachmeisterschaften: &hellip; Clubschnellschachmeisterschaft (CSM) weiterlesen &rarr;","og_url":"http:\/\/sc-weisse-dame.de\/v3\/spielbetrieb\/clubschnellschachmeisterschaft\/","og_site_name":"SC Weisse Dame e. V.","article_modified_time":"2026-02-01T15:46:35+00:00","twitter_card":"summary_large_image","twitter_misc":{"Gesch\u00e4tzte Lesezeit":"1\u00a0Minute"},"schema":{"@context":"https:\/\/schema.org","@graph":[{"@type":"WebPage","@id":"http:\/\/sc-weisse-dame.de\/v3\/spielbetrieb\/clubschnellschachmeisterschaft\/","url":"http:\/\/sc-weisse-dame.de\/v3\/spielbetrieb\/clubschnellschachmeisterschaft\/","name":"Clubschnellschachmeisterschaft (CSM) - SC Weisse Dame e. V.","isPartOf":{"@id":"http:\/\/sc-weisse-dame.de\/v3\/#website"},"datePublished":"2016-08-06T14:33:12+00:00","dateModified":"2026-02-01T15:46:35+00:00","breadcrumb":{"@id":"http:\/\/sc-weisse-dame.de\/v3\/spielbetrieb\/clubschnellschachmeisterschaft\/#breadcrumb"},"inLanguage":"de","potentialAction":[{"@type":"ReadAction","target":["http:\/\/sc-weisse-dame.de\/v3\/spielbetrieb\/clubschnellschachmeisterschaft\/"]}]},{"@type":"BreadcrumbList","@id":"http:\/\/sc-weisse-dame.de\/v3\/spielbetrieb\/clubschnellschachmeisterschaft\/#breadcrumb","itemListElement":[{"@type":"ListItem","position":1,"name":"Startseite","item":"http:\/\/sc-weisse-dame.de\/v3\/"},{"@type":"ListItem","position":2,"name":"Spielbetrieb","item":"http:\/\/sc-weisse-dame.de\/v3\/spielbetrieb\/"},{"@type":"ListItem","position":3,"name":"Clubschnellschachmeisterschaft (CSM)"}]},{"@type":"WebSite","@id":"http:\/\/sc-weisse-dame.de\/v3\/#website","url":"http:\/\/sc-weisse-dame.de\/v3\/","name":"SC Weisse Dame e. V.","description":"Herzlich Willkommen!","potentialAction":[{"@type":"SearchAction","target":{"@type":"EntryPoint","urlTemplate":"http:\/\/sc-weisse-dame.de\/v3\/?s={search_term_string}"},"query-input":{"@type":"PropertyValueSpecification","valueRequired":true,"valueName":"search_term_string"}}],"inLanguage":"de"}]}},"ticketed":false,"_links":{"self":[{"href":"http:\/\/sc-weisse-dame.de\/v3\/wp-json\/wp\/v2\/pages\/1113","targetHints":{"allow":["GET"]}}],"collection":[{"href":"http:\/\/sc-weisse-dame.de\/v3\/wp-json\/wp\/v2\/pages"}],"about":[{"href":"http:\/\/sc-weisse-dame.de\/v3\/wp-json\/wp\/v2\/types\/page"}],"author":[{"embeddable":true,"href":"http:\/\/sc-weisse-dame.de\/v3\/wp-json\/wp\/v2\/users\/2"}],"replies":[{"embeddable":true,"href":"http:\/\/sc-weisse-dame.de\/v3\/wp-json\/wp\/v2\/comments?post=1113"}],"version-history":[{"count":12,"href":"http:\/\/sc-weisse-dame.de\/v3\/wp-json\/wp\/v2\/pages\/1113\/revisions"}],"predecessor-version":[{"id":34324,"href":"http:\/\/sc-weisse-dame.de\/v3\/wp-json\/wp\/v2\/pages\/1113\/revisions\/34324"}],"up":[{"embeddable":true,"href":"http:\/\/sc-weisse-dame.de\/v3\/wp-json\/wp\/v2\/pages\/40"}],"wp:attachment":[{"href":"http:\/\/sc-weisse-dame.de\/v3\/wp-json\/wp\/v2\/media?parent=1113"}],"wp:term":[{"taxonomy":"author","embeddable":true,"href":"http:\/\/sc-weisse-dame.de\/v3\/wp-json\/wp\/v2\/coauthors?post=1113"}],"curies":[{"name":"wp","href":"https:\/\/api.w.org\/{rel}","templated":true}]}}