{"id":10,"date":"2016-06-03T22:59:29","date_gmt":"2016-06-03T20:59:29","guid":{"rendered":"http:\/\/sc-weisse-dame.de\/v3\/?page_id=10"},"modified":"2026-01-07T23:12:14","modified_gmt":"2026-01-07T22:12:14","slug":"impressum","status":"publish","type":"page","link":"http:\/\/sc-weisse-dame.de\/v3\/dies-und-das\/impressum\/","title":{"rendered":"Impressum"},"content":{"rendered":"<p style=\"text-align: justify;\"><strong>des Schachclubs WEISSE DAME e.V.<\/strong><strong><br \/>\n<\/strong><br \/>\n<span style=\"text-decoration: underline;\">nach \u00a7 26 BGB v<\/span><u>ertretungsberechtigter Vorstand:<\/u><br \/>\nErster Vorsitzender Bastian Deubler (alleinvertretungsberechtigt)<br \/>\nZweiter Vorsitzender Uwe Lazik (alleinvertretungsberechtigt)<br \/>\nKontaktdaten zu den Vorsitzenden auf der <a href=\"http:\/\/sc-weisse-dame.de\/v3\/unser-verein\/kontakt\/\">Kontaktseite<\/a><\/p>\n<p style=\"text-align: justify;\"><u>Angaben zum Vereinsregister:<\/u><br \/>\nRegistergericht: Amtsgericht Charlottenburg, Registernummer: VR Nr. 12926 Nz<\/p>\n<p style=\"text-align: justify;\"><u>Haftungshinweise:<\/u><br \/>\nTrotz sorgf\u00e4ltiger inhaltlicher Kontrolle \u00fcbernehmen wir keine Haftung f\u00fcr die Inhalte externer Links. F\u00fcr die Inhalte der verlinkten Seiten sind ausschlie\u00dflich deren Betreiber verantwortlich.<\/p>\n<p style=\"text-align: justify;\">F\u00fcr die Inhalte der auf der Webseite als pdf-Dokumente zum Download angebotenen Ausgaben der Clubzeitschrift &#8222;GARDEZ!&#8220; verantwortlich ist jeweils die im Impressum der betreffenden Ausgabe genannte Person (V. i. S. d. P.).<\/p>\n<p style=\"text-align: justify;\"><strong>Bankverbindung<\/strong><br \/>\nKontoinhaber: <strong>Schachclub Weisse Dame e. V<\/strong>.<br \/>\nIBAN: <strong>DE70 12030000 1009811165<\/strong><br \/>\nBIC: <strong>BYLADEM1001<\/strong> (Deutsche Kreditbank AG)<\/p>\n","protected":false},"excerpt":{"rendered":"<p>des Schachclubs WEISSE DAME e.V. nach \u00a7 26 BGB vertretungsberechtigter Vorstand: Erster Vorsitzender Bastian Deubler (alleinvertretungsberechtigt) Zweiter Vorsitzender Uwe Lazik (alleinvertretungsberechtigt) Kontaktdaten zu den Vorsitzenden auf der Kontaktseite Angaben zum &hellip; <a href=\"http:\/\/sc-weisse-dame.de\/v3\/dies-und-das\/impressum\/\" class=\"more-link\"><span class=\"screen-reader-text\">Impressum<\/span> weiterlesen <span class=\"meta-nav\">&rarr;<\/span><\/a><\/p>\n","protected":false},"author":2,"featured_media":0,"parent":1078,"menu_order":0,"comment_status":"closed","ping_status":"closed","template":"","meta":{"_price":"","_stock":"","_tribe_ticket_header":"","_tribe_default_ticket_provider":"","_tribe_ticket_capacity":"0","_ticket_start_date":"","_ticket_end_date":"","_tribe_ticket_show_description":"","_tribe_ticket_show_not_going":false,"_tribe_ticket_use_global_stock":"","_tribe_ticket_global_stock_level":"","_global_stock_mode":"","_global_stock_cap":"","_tribe_rsvp_for_event":"","_tribe_ticket_going_count":"","_tribe_ticket_not_going_count":"","_tribe_tickets_list":"[]","_tribe_ticket_has_attendee_info_fields":false,"footnotes":"","_tec_slr_enabled":"","_tec_slr_layout":""},"coauthors":[23],"class_list":["post-10","page","type-page","status-publish","hentry"],"yoast_head":"<!-- This site is optimized with the Yoast SEO plugin v27.3 - https:\/\/yoast.com\/product\/yoast-seo-wordpress\/ -->\n<title>Impressum - SC Weisse Dame e. V.<\/title>\n<meta name=\"robots\" content=\"index, follow, max-snippet:-1, max-image-preview:large, max-video-preview:-1\" \/>\n<link rel=\"canonical\" href=\"http:\/\/sc-weisse-dame.de\/v3\/dies-und-das\/impressum\/\" \/>\n<meta property=\"og:locale\" content=\"de_DE\" \/>\n<meta property=\"og:type\" content=\"article\" \/>\n<meta property=\"og:title\" content=\"Impressum - SC Weisse Dame e. V.\" \/>\n<meta property=\"og:description\" content=\"des Schachclubs WEISSE DAME e.V. nach \u00a7 26 BGB vertretungsberechtigter Vorstand: Erster Vorsitzender Bastian Deubler (alleinvertretungsberechtigt) Zweiter Vorsitzender Uwe Lazik (alleinvertretungsberechtigt) Kontaktdaten zu den Vorsitzenden auf der Kontaktseite Angaben zum &hellip; Impressum weiterlesen &rarr;\" \/>\n<meta property=\"og:url\" content=\"http:\/\/sc-weisse-dame.de\/v3\/dies-und-das\/impressum\/\" \/>\n<meta property=\"og:site_name\" content=\"SC Weisse Dame e. V.\" \/>\n<meta property=\"article:modified_time\" content=\"2026-01-07T22:12:14+00:00\" \/>\n<meta name=\"twitter:card\" content=\"summary_large_image\" \/>\n<meta name=\"twitter:label1\" content=\"Gesch\u00e4tzte Lesezeit\" \/>\n\t<meta name=\"twitter:data1\" content=\"1\u00a0Minute\" \/>\n<script type=\"application\/ld+json\" class=\"yoast-schema-graph\">{\"@context\":\"https:\\\/\\\/schema.org\",\"@graph\":[{\"@type\":\"WebPage\",\"@id\":\"http:\\\/\\\/sc-weisse-dame.de\\\/v3\\\/dies-und-das\\\/impressum\\\/\",\"url\":\"http:\\\/\\\/sc-weisse-dame.de\\\/v3\\\/dies-und-das\\\/impressum\\\/\",\"name\":\"Impressum - SC Weisse Dame e. V.\",\"isPartOf\":{\"@id\":\"http:\\\/\\\/sc-weisse-dame.de\\\/v3\\\/#website\"},\"datePublished\":\"2016-06-03T20:59:29+00:00\",\"dateModified\":\"2026-01-07T22:12:14+00:00\",\"breadcrumb\":{\"@id\":\"http:\\\/\\\/sc-weisse-dame.de\\\/v3\\\/dies-und-das\\\/impressum\\\/#breadcrumb\"},\"inLanguage\":\"de\",\"potentialAction\":[{\"@type\":\"ReadAction\",\"target\":[\"http:\\\/\\\/sc-weisse-dame.de\\\/v3\\\/dies-und-das\\\/impressum\\\/\"]}]},{\"@type\":\"BreadcrumbList\",\"@id\":\"http:\\\/\\\/sc-weisse-dame.de\\\/v3\\\/dies-und-das\\\/impressum\\\/#breadcrumb\",\"itemListElement\":[{\"@type\":\"ListItem\",\"position\":1,\"name\":\"Startseite\",\"item\":\"http:\\\/\\\/sc-weisse-dame.de\\\/v3\\\/\"},{\"@type\":\"ListItem\",\"position\":2,\"name\":\"Dies und Das\",\"item\":\"http:\\\/\\\/sc-weisse-dame.de\\\/v3\\\/dies-und-das\\\/\"},{\"@type\":\"ListItem\",\"position\":3,\"name\":\"Impressum\"}]},{\"@type\":\"WebSite\",\"@id\":\"http:\\\/\\\/sc-weisse-dame.de\\\/v3\\\/#website\",\"url\":\"http:\\\/\\\/sc-weisse-dame.de\\\/v3\\\/\",\"name\":\"SC Weisse Dame e. V.\",\"description\":\"Herzlich Willkommen!\",\"potentialAction\":[{\"@type\":\"SearchAction\",\"target\":{\"@type\":\"EntryPoint\",\"urlTemplate\":\"http:\\\/\\\/sc-weisse-dame.de\\\/v3\\\/?s={search_term_string}\"},\"query-input\":{\"@type\":\"PropertyValueSpecification\",\"valueRequired\":true,\"valueName\":\"search_term_string\"}}],\"inLanguage\":\"de\"}]}<\/script>\n<!-- \/ Yoast SEO plugin. -->","yoast_head_json":{"title":"Impressum - SC Weisse Dame e. V.","robots":{"index":"index","follow":"follow","max-snippet":"max-snippet:-1","max-image-preview":"max-image-preview:large","max-video-preview":"max-video-preview:-1"},"canonical":"http:\/\/sc-weisse-dame.de\/v3\/dies-und-das\/impressum\/","og_locale":"de_DE","og_type":"article","og_title":"Impressum - SC Weisse Dame e. V.","og_description":"des Schachclubs WEISSE DAME e.V. nach \u00a7 26 BGB vertretungsberechtigter Vorstand: Erster Vorsitzender Bastian Deubler (alleinvertretungsberechtigt) Zweiter Vorsitzender Uwe Lazik (alleinvertretungsberechtigt) Kontaktdaten zu den Vorsitzenden auf der Kontaktseite Angaben zum &hellip; Impressum weiterlesen &rarr;","og_url":"http:\/\/sc-weisse-dame.de\/v3\/dies-und-das\/impressum\/","og_site_name":"SC Weisse Dame e. V.","article_modified_time":"2026-01-07T22:12:14+00:00","twitter_card":"summary_large_image","twitter_misc":{"Gesch\u00e4tzte Lesezeit":"1\u00a0Minute"},"schema":{"@context":"https:\/\/schema.org","@graph":[{"@type":"WebPage","@id":"http:\/\/sc-weisse-dame.de\/v3\/dies-und-das\/impressum\/","url":"http:\/\/sc-weisse-dame.de\/v3\/dies-und-das\/impressum\/","name":"Impressum - SC Weisse Dame e. V.","isPartOf":{"@id":"http:\/\/sc-weisse-dame.de\/v3\/#website"},"datePublished":"2016-06-03T20:59:29+00:00","dateModified":"2026-01-07T22:12:14+00:00","breadcrumb":{"@id":"http:\/\/sc-weisse-dame.de\/v3\/dies-und-das\/impressum\/#breadcrumb"},"inLanguage":"de","potentialAction":[{"@type":"ReadAction","target":["http:\/\/sc-weisse-dame.de\/v3\/dies-und-das\/impressum\/"]}]},{"@type":"BreadcrumbList","@id":"http:\/\/sc-weisse-dame.de\/v3\/dies-und-das\/impressum\/#breadcrumb","itemListElement":[{"@type":"ListItem","position":1,"name":"Startseite","item":"http:\/\/sc-weisse-dame.de\/v3\/"},{"@type":"ListItem","position":2,"name":"Dies und Das","item":"http:\/\/sc-weisse-dame.de\/v3\/dies-und-das\/"},{"@type":"ListItem","position":3,"name":"Impressum"}]},{"@type":"WebSite","@id":"http:\/\/sc-weisse-dame.de\/v3\/#website","url":"http:\/\/sc-weisse-dame.de\/v3\/","name":"SC Weisse Dame e. V.","description":"Herzlich Willkommen!","potentialAction":[{"@type":"SearchAction","target":{"@type":"EntryPoint","urlTemplate":"http:\/\/sc-weisse-dame.de\/v3\/?s={search_term_string}"},"query-input":{"@type":"PropertyValueSpecification","valueRequired":true,"valueName":"search_term_string"}}],"inLanguage":"de"}]}},"ticketed":false,"_links":{"self":[{"href":"http:\/\/sc-weisse-dame.de\/v3\/wp-json\/wp\/v2\/pages\/10","targetHints":{"allow":["GET"]}}],"collection":[{"href":"http:\/\/sc-weisse-dame.de\/v3\/wp-json\/wp\/v2\/pages"}],"about":[{"href":"http:\/\/sc-weisse-dame.de\/v3\/wp-json\/wp\/v2\/types\/page"}],"author":[{"embeddable":true,"href":"http:\/\/sc-weisse-dame.de\/v3\/wp-json\/wp\/v2\/users\/2"}],"replies":[{"embeddable":true,"href":"http:\/\/sc-weisse-dame.de\/v3\/wp-json\/wp\/v2\/comments?post=10"}],"version-history":[{"count":10,"href":"http:\/\/sc-weisse-dame.de\/v3\/wp-json\/wp\/v2\/pages\/10\/revisions"}],"predecessor-version":[{"id":34110,"href":"http:\/\/sc-weisse-dame.de\/v3\/wp-json\/wp\/v2\/pages\/10\/revisions\/34110"}],"up":[{"embeddable":true,"href":"http:\/\/sc-weisse-dame.de\/v3\/wp-json\/wp\/v2\/pages\/1078"}],"wp:attachment":[{"href":"http:\/\/sc-weisse-dame.de\/v3\/wp-json\/wp\/v2\/media?parent=10"}],"wp:term":[{"taxonomy":"author","embeddable":true,"href":"http:\/\/sc-weisse-dame.de\/v3\/wp-json\/wp\/v2\/coauthors?post=10"}],"curies":[{"name":"wp","href":"https:\/\/api.w.org\/{rel}","templated":true}]}}